{"id":400074,"date":"2024-10-21T17:43:12","date_gmt":"2025-04-22T15:43:33","guid":{"rendered":"https:\/\/www.moskito.cz\/produkt\/microtech-combat-troodon-gen-iii-1144-1t-klappmesser\/"},"modified":"2025-05-07T11:29:23","modified_gmt":"2025-05-07T10:29:23","slug":"microtech-combat-troodon-gen-iii-1144-1t-klappmesser","status":"publish","type":"product","link":"https:\/\/www.moskito.cz\/de\/produkt\/microtech-combat-troodon-gen-iii-1144-1t-klappmesser\/","title":{"rendered":"Microtech Combat Troodon Gen III 1144-1T Klappmesser"},"content":{"rendered":"<h2 data-pm-slice=\"1 1 []\">\u2694 <strong>Microtech Combat Troodon Gen III 1144-1T Wurfmesser<\/strong><\/h2>\n<p><strong>Das Microtech Combat Troodon Generation III<\/strong> ist <strong>ein Hochleistungs-OTF-Messer (Out The Front)<\/strong> , das f\u00fcr Profis und anspruchsvolle Benutzer entwickelt wurde <strong>, die maximale Haltbarkeit, Geschwindigkeit und pr\u00e4zise Verarbeitung<\/strong> suchen. Dank <strong>Automatikmechanismus<\/strong> ist er in Sekundenbruchteilen einsatzbereit. <\/p>\n<div>\n<hr>\n<\/div>\n<h3>\ud83d\udd39 <strong>Hauptfunktionen<\/strong><\/h3>\n<p>\ud83d\udd2a <strong>Klinge:<\/strong> <strong>B\u00f6hler M390<\/strong> \u2013 hochwertiger Stahl mit hervorragender Verschlei\u00dffestigkeit.<br \/>\n\ud83d\udccf <strong>Klingenl\u00e4nge:<\/strong> <strong>9,5 cm<\/strong> \u2013 ideal f\u00fcr taktische und allt\u00e4gliche Aktivit\u00e4ten.<br \/>\n\ud83d\udccf <strong>Gesamtl\u00e4nge:<\/strong> <strong>23,5 cm<\/strong> \u2013 robuste und solide Konstruktion.<br \/>\n\ud83d\udcaa <strong>Klingenst\u00e4rke:<\/strong> <strong>4 mm<\/strong> \u2013 extreme St\u00e4rke und Haltbarkeit.<br \/>\n\ud83c\udfa8 <strong>Klingenoberfl\u00e4che:<\/strong> <strong>Taktisch (schwarze DLC-Schicht)<\/strong> \u2013 matte Oberfl\u00e4che minimiert Reflexionen.<br \/>\n\ud83c\udfa8 <strong>Griff:<\/strong> <strong>Leichte Aluminiumlegierung mit strukturiertem Griff<\/strong> \u2013 tolle Ergonomie und fester Griff.<br \/>\n\u2696\ufe0f <strong>Gewicht:<\/strong> <strong>164 g<\/strong> \u2013 ideale Balance zwischen Robustheit und Tragekomfort.<br \/>\n\u2699\ufe0f <strong>\u00d6ffnungsmechanismus:<\/strong> <strong>OTF (Out The Front) Automatik<\/strong> \u2013 extrem schnelles Ausfahren und Einf\u00fchren der Klinge mit einer Hand.<br \/>\n\ud83d\udccc <strong>Clip:<\/strong> <strong>Doppelseitiger Taschenclip<\/strong> \u2013 f\u00fcr Rechts- und Linksh\u00e4nder geeignet.<\/p>\n<div>\n<hr>\n<\/div>\n<h3>\ud83c\udfaf <strong>Verwenden<\/strong><\/h3>\n<p>\u2705 <strong>Taktischer Einsatz<\/strong> \u2013 zuverl\u00e4ssig unter anspruchsvollsten Bedingungen.<br \/>\n\u2705 <strong>Selbstverteidigung<\/strong> \u2013 sofort einsatzbereit.<br \/>\n\u2705 <strong>Professioneller Einsatz<\/strong> \u2013 geeignet f\u00fcr Milit\u00e4r, Polizei und Rettungsdienste.<br \/>\n\u2705 <strong>Everyday Carry (EDC)<\/strong> \u2013 langlebig und praktisch f\u00fcr den t\u00e4glichen Gebrauch.<\/p>\n<div>\n<hr>\n<\/div>\n<h3>\ud83d\udee0 <strong>Wartung und Schleifen<\/strong><\/h3>\n<p>\ud83e\uddfc <strong>Wartung:<\/strong><br \/>\n \u2714\ufe0f Reinigen Sie den internen Mechanismus regelm\u00e4\u00dfig, um einen st\u00f6rungsfreien Betrieb zu gew\u00e4hrleisten.<br \/>\n\u2714\ufe0f Wischen Sie Klinge und Griff nach dem Gebrauch ab, um ihr urspr\u00fcngliches Aussehen zu erhalten.<br \/>\n\u2714\ufe0f An einem trockenen Ort lagern, um Korrosion zu vermeiden.<\/p>\n<p>\ud83d\udd2a <strong>Schleifen:<\/strong><br \/>\n \u2714\ufe0f Empfohlener Schleifwinkel: <strong>20\u00b0 \u2013 25\u00b0<\/strong> .<br \/>\n \u2714\ufe0f Verwenden Sie f\u00fcr beste Ergebnisse Diamant- oder Keramiksch\u00e4rfer.<br \/>\n \u2714\ufe0f Harter M390-Stahl erfordert f\u00fcr eine lange Lebensdauer der Klinge ein professionelles Sch\u00e4rfen.<\/p>\n<div>\n<hr>\n<\/div>\n<h3>\ud83d\udc4d <strong>Vor- und Nachteile<\/strong><\/h3>\n<p>\u2705 <strong>Hochwertiger M390-Stahl<\/strong> \u2013 hervorragende Sch\u00e4rfe und extreme Haltbarkeit.<br \/>\n\u2705 <strong>Blitzschneller OTF-Mechanismus<\/strong> \u2013 sofortige Aktion mit einer Bewegung.<br \/>\n\u2705 <strong>Taktische DLC-Oberfl\u00e4che<\/strong> \u2013 hohe Widerstandsf\u00e4higkeit gegen Kratzer und Blendung.<br \/>\n\u2705 <strong>Ergonomischer Griff<\/strong> \u2013 fester Griff und bequemer Halt.<br \/>\n\u2705 <strong>Wendbarer Clip<\/strong> \u2013 angenehm zu tragen f\u00fcr Rechts- und Linksh\u00e4nder.<br \/>\n\u2705 <strong>Lebenslange Garantie<\/strong> \u2013 Microtech garantiert h\u00f6chste Qualit\u00e4t.<br \/>\n\u2705 <strong>Kostenloser Versand<\/strong> \u2013 schnelle und sichere Lieferung.<\/p>\n<p>\u274c <strong>H\u00f6herer Preis<\/strong> \u2013 entspricht hochwertigen Materialien und hochwertiger Verarbeitung.<br \/>\n \u274c <strong>Erfordert regelm\u00e4\u00dfige Wartung<\/strong> \u2013 f\u00fcr einen reibungslosen Betrieb ist die Reinigung und Schmierung des Mechanismus erforderlich.<\/p>\n<div>\n<hr>\n<\/div>\n<h3>\ud83d\udd12 <strong>Microtech-Qualit\u00e4tsgarantie<\/strong><\/h3>\n<p>\ud83d\udee1\ufe0f <strong>Microtech gew\u00e4hrt auf dieses Modell eine lebenslange Garantie<\/strong> , was ein Beweis f\u00fcr <strong>die erstklassige Verarbeitung und extreme Langlebigkeit<\/strong> ist.<\/p>\n<p>\ud83d\ude9a <strong>Au\u00dferdem erhalten Sie kostenlosen Versand!<\/strong><\/p>\n<div>\n<hr>\n<\/div>\n<h3>\ud83d\udd1a <strong>Fazit<\/strong><\/h3>\n<p><strong>Das Microtech Combat Troodon Gen III 1144-1T<\/strong> ist <strong>ein taktisches OTF-Messer mit hervorragenden Materialien, pr\u00e4ziser Verarbeitung und sofortiger Reaktion<\/strong> . Wenn Sie nach <strong>einem zuverl\u00e4ssigen und langlebigen Messer<\/strong> suchen, das Sie nie im Stich l\u00e4sst, ist dieses Modell eine gro\u00dfartige Wahl. <\/p>\n<p>\ud83d\uded2 <strong>Bestellen Sie noch heute dieses erstklassige Messer mit lebenslanger Garantie und kostenlosem Versand!<\/strong><\/p>\n<p><iframe title=\"Microtech Combat Troodon Torture Test\" width=\"800\" height=\"450\" src=\"https:\/\/www.youtube.com\/embed\/xE9TeOFYEjg?feature=oembed\" frameborder=\"0\" allow=\"accelerometer; autoplay; clipboard-write; encrypted-media; gyroscope; picture-in-picture; web-share\" referrerpolicy=\"strict-origin-when-cross-origin\" allowfullscreen><\/iframe><\/p>\n<p>&nbsp;<\/p>\n","protected":false},"excerpt":{"rendered":"<p><strong>Das Microtech Combat Troodon Gen III 1144-1T ist ein taktisches OTF-Messer mit hervorragenden Materialien, pr\u00e4ziser Verarbeitung und sofortiger Reaktion. Wenn Sie nach einem zuverl\u00e4ssigen und langlebigen Messer suchen, das Sie nie im Stich l\u00e4sst, ist dieses Modell eine gro\u00dfartige Wahl. <\/strong><\/p>\n<p><strong>\ud83d\udce6 Jetzt bestellen und versandkostenfrei erhalten \ud83d\ude9a<\/strong><\/p>\n","protected":false},"featured_media":364682,"comment_status":"open","ping_status":"closed","template":"","meta":[],"pwb-brand":[3278],"product_brand":[],"product_cat":[3285,3343],"product_tag":[],"class_list":{"0":"post-400074","1":"product","2":"type-product","3":"status-publish","4":"has-post-thumbnail","6":"pwb-brand-microtech-de","7":"product_cat-messer","8":"product_cat-schiesmesser","10":"first","11":"outofstock","12":"taxable","13":"shipping-taxable","14":"purchasable","15":"product-type-simple"},"brands":[{"id":3278,"name":"Microtech","slug":"microtech-de"}],"_links":{"self":[{"href":"https:\/\/www.moskito.cz\/de\/wp-json\/wp\/v2\/product\/400074","targetHints":{"allow":["GET"]}}],"collection":[{"href":"https:\/\/www.moskito.cz\/de\/wp-json\/wp\/v2\/product"}],"about":[{"href":"https:\/\/www.moskito.cz\/de\/wp-json\/wp\/v2\/types\/product"}],"replies":[{"embeddable":true,"href":"https:\/\/www.moskito.cz\/de\/wp-json\/wp\/v2\/comments?post=400074"}],"wp:featuredmedia":[{"embeddable":true,"href":"https:\/\/www.moskito.cz\/de\/wp-json\/wp\/v2\/media\/364682"}],"wp:attachment":[{"href":"https:\/\/www.moskito.cz\/de\/wp-json\/wp\/v2\/media?parent=400074"}],"wp:term":[{"taxonomy":"pwb-brand","embeddable":true,"href":"https:\/\/www.moskito.cz\/de\/wp-json\/wp\/v2\/pwb-brand?post=400074"},{"taxonomy":"product_brand","embeddable":true,"href":"https:\/\/www.moskito.cz\/de\/wp-json\/wp\/v2\/product_brand?post=400074"},{"taxonomy":"product_cat","embeddable":true,"href":"https:\/\/www.moskito.cz\/de\/wp-json\/wp\/v2\/product_cat?post=400074"},{"taxonomy":"product_tag","embeddable":true,"href":"https:\/\/www.moskito.cz\/de\/wp-json\/wp\/v2\/product_tag?post=400074"}],"curies":[{"name":"wp","href":"https:\/\/api.w.org\/{rel}","templated":true}]}}