{"id":400191,"date":"2024-11-14T22:04:34","date_gmt":"2024-11-14T21:04:34","guid":{"rendered":"https:\/\/www.moskito.cz\/produkt\/benchmade-stryker-9101sbk-klappmesser\/"},"modified":"2025-05-07T11:29:27","modified_gmt":"2025-05-07T10:29:27","slug":"benchmade-stryker-9101sbk-klappmesser","status":"publish","type":"product","link":"https:\/\/www.moskito.cz\/de\/produkt\/benchmade-stryker-9101sbk-klappmesser\/","title":{"rendered":"Benchmade Stryker 9101SBK Klappmesser"},"content":{"rendered":"<p><strong>Benchmade<\/strong> Stryker 9101SBK Klappmesser.<\/p>\n<p>Der Auto-Stryker 9101 der n\u00e4chsten Generation ist ein verbessertes Modell der beliebten Auto-Stryker-Serie und bietet mehrere wichtige Verbesserungen f\u00fcr bessere Leistung und Komfort. Dieses Messer ist mit einem automatischen Mechanismus mit Druckknopf ausgestattet, der ein schnelles und bequemes \u00d6ffnen der Klinge erm\u00f6glicht, mit einer integrierten Sicherheitsverriegelung f\u00fcr eine sichere Verwendung.<br \/>\nHaupteigenschaften:<\/p>\n<p>Druckknopf-Automatik mit integrierter Sicherheitsverriegelung f\u00fcr sicheres und schnelles \u00d6ffnen der Klinge.<br \/>\n 154CM Tanto-Klinge aus rostfreiem Stahl (H\u00e4rte 58\u201361 HRC), bekannt f\u00fcr ihre Haltbarkeit und F\u00e4higkeit, die Sch\u00e4rfe zu behalten.<br \/>\n Bearbeiteter 6061-T6-Aluminiumgriff mit schwarzer Eloxierung f\u00fcr hohe Festigkeit und Korrosionsbest\u00e4ndigkeit.<br \/>\n Umkehrbarer, hochklappbarer Taschenclip f\u00fcr bequemes Tragen f\u00fcr Rechts- und Linksh\u00e4nder.<br \/>\n Offenes Backspacer-Design f\u00fcr einfache Wartung und Reinigung des Messers.<\/p>\n<p>Spezifikationen:<\/p>\n<p>Klingenl\u00e4nge: 9,10 cm<br \/>\n Klingenst\u00e4rke: 3,15 mm<br \/>\n Gesamtl\u00e4nge des ge\u00f6ffneten Messers: 21,08 cm<br \/>\n Geschlossene Messerl\u00e4nge: 11,94 cm<br \/>\n Gewicht: 110,56 g<br \/>\n Griffst\u00e4rke: 12,70 mm<br \/>\n Klasse: Schwarz<br \/>\n Hergestellt in den USA<\/p>\n<p>Dieses Modell ist ideal f\u00fcr Benutzer, die ein hochwertiges, robustes und langlebiges Automatikmesser mit hervorragendem Design und einfacher Wartung suchen.<\/p>\n<p>&nbsp;<\/p>\n","protected":false},"excerpt":{"rendered":"<p><strong>Der Auto-Stryker 9101 der n\u00e4chsten Generation ist ein verbessertes Modell der beliebten Auto-Stryker-Serie und bietet mehrere wichtige Verbesserungen f\u00fcr bessere Leistung und Komfort. Dieses Messer ist mit einem automatischen Mechanismus mit Druckknopf ausgestattet, der ein schnelles und bequemes \u00d6ffnen der Klinge erm\u00f6glicht, mit einer integrierten Sicherheitsverriegelung f\u00fcr eine sichere Verwendung. <\/strong><\/p>\n<p><strong>Kostenloser Versand.<\/strong><\/p>\n","protected":false},"featured_media":372440,"comment_status":"open","ping_status":"closed","template":"","meta":[],"pwb-brand":[3977],"product_brand":[],"product_cat":[3343,3285],"product_tag":[],"class_list":{"0":"post-400191","1":"product","2":"type-product","3":"status-publish","4":"has-post-thumbnail","6":"pwb-brand-benchmade-de","7":"product_cat-schiesmesser","8":"product_cat-messer","10":"first","11":"instock","12":"taxable","13":"shipping-taxable","14":"purchasable","15":"product-type-simple"},"brands":[{"id":3977,"name":"Benchmade","slug":"benchmade-de"}],"_links":{"self":[{"href":"https:\/\/www.moskito.cz\/de\/wp-json\/wp\/v2\/product\/400191","targetHints":{"allow":["GET"]}}],"collection":[{"href":"https:\/\/www.moskito.cz\/de\/wp-json\/wp\/v2\/product"}],"about":[{"href":"https:\/\/www.moskito.cz\/de\/wp-json\/wp\/v2\/types\/product"}],"replies":[{"embeddable":true,"href":"https:\/\/www.moskito.cz\/de\/wp-json\/wp\/v2\/comments?post=400191"}],"wp:featuredmedia":[{"embeddable":true,"href":"https:\/\/www.moskito.cz\/de\/wp-json\/wp\/v2\/media\/372440"}],"wp:attachment":[{"href":"https:\/\/www.moskito.cz\/de\/wp-json\/wp\/v2\/media?parent=400191"}],"wp:term":[{"taxonomy":"pwb-brand","embeddable":true,"href":"https:\/\/www.moskito.cz\/de\/wp-json\/wp\/v2\/pwb-brand?post=400191"},{"taxonomy":"product_brand","embeddable":true,"href":"https:\/\/www.moskito.cz\/de\/wp-json\/wp\/v2\/product_brand?post=400191"},{"taxonomy":"product_cat","embeddable":true,"href":"https:\/\/www.moskito.cz\/de\/wp-json\/wp\/v2\/product_cat?post=400191"},{"taxonomy":"product_tag","embeddable":true,"href":"https:\/\/www.moskito.cz\/de\/wp-json\/wp\/v2\/product_tag?post=400191"}],"curies":[{"name":"wp","href":"https:\/\/api.w.org\/{rel}","templated":true}]}}