{"id":400396,"date":"2025-04-02T12:27:19","date_gmt":"2025-04-23T12:52:43","guid":{"rendered":"https:\/\/www.moskito.cz\/produkt\/medford-nosferatu-flipper-klappmesser\/"},"modified":"2025-05-07T11:29:31","modified_gmt":"2025-05-07T10:29:31","slug":"medford-nosferatu-flipper-klappmesser","status":"publish","type":"product","link":"https:\/\/www.moskito.cz\/de\/produkt\/medford-nosferatu-flipper-klappmesser\/","title":{"rendered":"Medford Nosferatu Flipper-Klappmesser"},"content":{"rendered":"<h3 data-pm-slice=\"1 1 []\"><strong>Medford Nosferatu Flipper Klappmesser \u2013 Luxus, Funktionalit\u00e4t und maximale Haltbarkeit<\/strong><\/h3>\n<h4><strong>Gesamtbeschreibung:<\/strong><\/h4>\n<p>Das Medford Nosferatu Flipper ist <strong>ein exklusives Klappmesser<\/strong> , das <strong>elegantes Design, h\u00f6chste Funktionalit\u00e4t und kompromisslose Haltbarkeit<\/strong> vereint. Inspiriert von der dunklen Mystik des legend\u00e4ren Vampirs Nosferatu bietet dieses Modell <strong>eine einzigartige Kombination aus einem Pr\u00e4zisions-Flippermechanismus, einem Titangriff und hochwertigem CPM S35VN-Stahl<\/strong> . Handgefertigt in den USA \ud83c\uddfa\ud83c\uddf8 und aufgrund der robusten Konstruktion ist dieses Messer <strong>die ideale Wahl f\u00fcr den t\u00e4glichen Gebrauch (EDC), Sammler und anspruchsvolle Benutzer, die au\u00dfergew\u00f6hnliche Qualit\u00e4t suchen<\/strong> .  <\/p>\n<p>\u2705 <strong>Titangriff<\/strong> \u2013 extreme St\u00e4rke und luxuri\u00f6se Verarbeitung<br \/>\n \u2705 <strong>Flipper-Mechanismus<\/strong> \u2013 sanftes und intuitives \u00d6ffnen mit einer Hand<br \/>\n \u2705 <strong>Klinge aus CPM S35VN-Stahl<\/strong> \u2013 hervorragende Sch\u00e4rfe und Verschlei\u00dffestigkeit<br \/>\n \u2705 <strong>Robustes Rahmenschloss (Frame Lock)<\/strong> \u2013 maximale Sicherheit und Festigkeit<br \/>\n \u2705 <strong>Hergestellt in den USA \ud83c\uddfa\ud83c\uddf8 \u2013 handgefertigt mit Liebe zum Detail<\/strong><\/p>\n<div>\n<hr>\n<\/div>\n<h3><strong>\ud83d\udd0e Spezifikationen:<\/strong><\/h3>\n<ul data-spread=\"false\">\n<li><strong>Gesamtl\u00e4nge:<\/strong> 20,3 cm<\/li>\n<li><strong>Klingenl\u00e4nge:<\/strong> 8,9 cm<\/li>\n<li><strong>Klingenst\u00e4rke:<\/strong> 0,48 cm<\/li>\n<li><strong>Klingenstahl:<\/strong> <strong>CPM S35VN<\/strong> \u2013 hochwertiger Edelstahl mit hoher Widerstandsf\u00e4higkeit<\/li>\n<li><strong>Klingenform:<\/strong> <strong>Wharncliffe<\/strong> \u2013 ideal f\u00fcr pr\u00e4zise Schnitte und maximale Kontrolle<\/li>\n<li><strong>Oberfl\u00e4chenbehandlung der Klinge:<\/strong> <strong>Stonewashed<\/strong> \u2013 erh\u00f6ht die Kratzfestigkeit<\/li>\n<li><strong>Griff:<\/strong> <strong>Titan<\/strong> \u2013 langlebig und leicht<\/li>\n<li><strong>Mechanismus:<\/strong> <strong>Flipper<\/strong> &#8211; extrem sanftes \u00d6ffnen<\/li>\n<li><strong>Sicherheit:<\/strong> <strong>Rahmenschloss<\/strong> \u2013 sicher und zuverl\u00e4ssig<\/li>\n<li><strong>Gewicht:<\/strong> 200 g \u2013 optimale Balance zwischen St\u00e4rke und Komfort<\/li>\n<\/ul>\n<div>\n<hr>\n<\/div>\n<h3><strong>\ud83d\udd25 Warum sollten Sie sich f\u00fcr Medford Nosferatu Flipper entscheiden?<\/strong><\/h3>\n<p>\u2714  <strong>Exklusives Design, inspiriert von der dunklen Eleganz von Nosferatu<\/strong><br \/>\n \u2714 <strong>Maximale Haltbarkeit dank Titankonstruktion und hochwertigem Stahl<\/strong><br \/>\n \u2714 <strong>Perfektes \u00d6ffnen dank pr\u00e4zisem Flipper-Mechanismus<\/strong><br \/>\n \u2714 <strong>Top-Sch\u00e4rfe und lange Klingenlebensdauer<\/strong><br \/>\n \u2714 <strong>Handgefertigt in den USA \ud83c\uddfa\ud83c\uddf8 \u2013 Garantie f\u00fcr pr\u00e4zise Verarbeitung<\/strong><br \/>\n \u2714      <strong>Sehr schwer erh\u00e4ltliches Modell &#8211; ein exklusives Sammlerst\u00fcck<\/strong><\/p>\n<div>\n<hr>\n<\/div>\n<h3><strong>\ud83d\udd2a Wharncliffe-Klingenform \u2013 Pr\u00e4zise Schnitte und maximale Kontrolle<\/strong><\/h3>\n<p>\u2714  <strong>Ideal f\u00fcr den t\u00e4glichen Gebrauch (EDC), Pr\u00e4zisionsschneiden und taktische Verteidigung<\/strong><br \/>\n \u2714 <strong>Gerade Klinge bietet maximale Kontrolle und Pr\u00e4zision beim Schneiden<\/strong><br \/>\n \u2714   <strong>Robuste Konstruktion bedeutet hervorragende Haltbarkeit bei starker Beanspruchung<\/strong><\/p>\n<div>\n<hr>\n<\/div>\n<h3><strong>\u2694 Vergleich mit Wettbewerbern:<\/strong><\/h3>\n<table>\n<tbody>\n<tr>\n<th>Modell<\/th>\n<th>Klingenstahl<\/th>\n<th>Mechanismus<\/th>\n<th>Oberfl\u00e4chenbehandlung<\/th>\n<th>Vorteile<\/th>\n<\/tr>\n<tr>\n<td><strong>Medford Nosferatu Flipper<\/strong><\/td>\n<td>CPM S35VN<\/td>\n<td>Flipper<\/td>\n<td>Steingewaschen<\/td>\n<td>Titangriff, pr\u00e4ziser Flippermechanismus, luxuri\u00f6ses Design<\/td>\n<\/tr>\n<tr>\n<td><strong>Chris Reeve Inkosi<\/strong><\/td>\n<td>CPM S45VN<\/td>\n<td>Daumenknopf<\/td>\n<td>Steingewaschen<\/td>\n<td>Kleinere Gr\u00f6\u00dfe, klassischer Look<\/td>\n<\/tr>\n<tr>\n<td><strong>Hinderer XM-18<\/strong><\/td>\n<td>20CV<\/td>\n<td>Flipper<\/td>\n<td>DLC-Beschichtung<\/td>\n<td>Aggressiveres Design, weniger Exklusivit\u00e4t als Medford<\/td>\n<\/tr>\n<\/tbody>\n<\/table>\n<div>\n<hr>\n<\/div>\n<h3>\u2705 <strong>Vor- und Nachteile<\/strong><\/h3>\n<p>\u2714  <strong>Titangriff \u2013 Robustheit und exklusive Optik<\/strong><br \/>\n \u2714 <strong>Flipper-Mechanismus \u2013 sanftes und intuitives \u00d6ffnen mit einer Hand<\/strong><br \/>\n \u2714 <strong>CPM S35VN Stahl \u2013 extrem lange Klingenlebensdauer<\/strong><br \/>\n \u2714 <strong>Hergestellt in den USA \ud83c\uddfa\ud83c\uddf8 \u2013 pr\u00e4zise Handarbeit<\/strong><br \/>\n \u2714 <strong>Exklusives Modell \u2013 sehr schwer zu bekommen<\/strong><br \/>\n \u274c <strong>H\u00f6herer Preis \u2013 entspricht Luxusqualit\u00e4t<\/strong><br \/>\n \u274c       <strong>Ein bestimmtes Design passt m\u00f6glicherweise nicht zu jedem<\/strong><\/p>\n<div>\n<hr>\n<\/div>\n<h3>\ud83c\udf81 <strong>Gr\u00fcnde, jetzt zu kaufen<\/strong><\/h3>\n<p>\u2705 <strong>Kostenloser Versand<\/strong> \u2013 keine versteckten Geb\u00fchren!<br \/>\n\u2705 <strong>Garantierte Originalit\u00e4t<\/strong> \u2013 100 % authentisches Medford-Messer aus offiziellem Vertrieb.<br \/>\n\u2705 <strong>Schneller Versand<\/strong> \u2013 Bestellungen, die vor 14:00 Uhr eingehen, werden noch heute versendet!<br \/>\n\u2705 <strong>Geschenk zur Bestellung<\/strong> \u2013 eine exklusive \u00dcberraschung zu jedem Messer.<\/p>\n<div>\n<hr>\n<\/div>\n<h3>\ud83d\udea8 <strong>Exklusive Verf\u00fcgbarkeit \u2013 Holen Sie sich Ihren Medford Nosferatu Flipper, solange der Vorrat reicht!<\/strong><\/h3>\n<p>Das Medford Nosferatu Flipper ist nicht nur ein gew\u00f6hnliches Klappmesser \u2013 <strong>es ist ein Meisterwerk, das Luxus, Funktionalit\u00e4t und kompromisslose Haltbarkeit vereint<\/strong> . Dieses Modell ist <strong>ein begehrtes Sammlerst\u00fcck und sehr schwer zu bekommen<\/strong> , was es <strong>zu einer gro\u00dfartigen Investition und zum perfekten Werkzeug f\u00fcr den Alltag<\/strong> macht. <\/p>\n<p>\ud83d\udd2a <strong>Bestellen Sie noch heute Ihren Medford Nosferatu Flipper und erhalten Sie ein exklusives, in den USA handgefertigtes St\u00fcck!<\/strong><\/p>\n","protected":false},"excerpt":{"rendered":"<p><strong>Das Medford Nosferatu Flipper ist nicht nur ein gew\u00f6hnliches Klappmesser \u2013 es ist ein Meisterwerk, das Luxus, Funktionalit\u00e4t und kompromisslose Haltbarkeit vereint. Dieses Modell ist ein begehrtes Sammlerst\u00fcck und sehr schwer zu bekommen, was es zu einer gro\u00dfartigen Investition und zum perfekten Werkzeug f\u00fcr den Alltag macht. <\/strong><\/p>\n<p><strong>\ud83d\udd2a Bestellen Sie noch heute Ihren Medford Nosferatu Flipper und erhalten Sie ein exklusives, in den USA handgefertigtes St\u00fcck!<\/strong><\/p>\n<p><strong>\ud83d\udce6 Jetzt bestellen und versandkostenfrei erhalten \ud83d\ude9a<\/strong><\/p>\n","protected":false},"featured_media":398625,"comment_status":"open","ping_status":"closed","template":"","meta":[],"pwb-brand":[4018],"product_brand":[],"product_cat":[3285,3303],"product_tag":[],"class_list":{"0":"post-400396","1":"product","2":"type-product","3":"status-publish","4":"has-post-thumbnail","6":"pwb-brand-medford-de","7":"product_cat-messer","8":"product_cat-schliesmesser","10":"first","11":"instock","12":"taxable","13":"shipping-taxable","14":"purchasable","15":"product-type-simple"},"brands":[{"id":4018,"name":"Medford","slug":"medford-de"}],"_links":{"self":[{"href":"https:\/\/www.moskito.cz\/de\/wp-json\/wp\/v2\/product\/400396","targetHints":{"allow":["GET"]}}],"collection":[{"href":"https:\/\/www.moskito.cz\/de\/wp-json\/wp\/v2\/product"}],"about":[{"href":"https:\/\/www.moskito.cz\/de\/wp-json\/wp\/v2\/types\/product"}],"replies":[{"embeddable":true,"href":"https:\/\/www.moskito.cz\/de\/wp-json\/wp\/v2\/comments?post=400396"}],"wp:featuredmedia":[{"embeddable":true,"href":"https:\/\/www.moskito.cz\/de\/wp-json\/wp\/v2\/media\/398625"}],"wp:attachment":[{"href":"https:\/\/www.moskito.cz\/de\/wp-json\/wp\/v2\/media?parent=400396"}],"wp:term":[{"taxonomy":"pwb-brand","embeddable":true,"href":"https:\/\/www.moskito.cz\/de\/wp-json\/wp\/v2\/pwb-brand?post=400396"},{"taxonomy":"product_brand","embeddable":true,"href":"https:\/\/www.moskito.cz\/de\/wp-json\/wp\/v2\/product_brand?post=400396"},{"taxonomy":"product_cat","embeddable":true,"href":"https:\/\/www.moskito.cz\/de\/wp-json\/wp\/v2\/product_cat?post=400396"},{"taxonomy":"product_tag","embeddable":true,"href":"https:\/\/www.moskito.cz\/de\/wp-json\/wp\/v2\/product_tag?post=400396"}],"curies":[{"name":"wp","href":"https:\/\/api.w.org\/{rel}","templated":true}]}}