{"id":400493,"date":"2024-12-06T10:24:01","date_gmt":"2025-04-23T12:54:41","guid":{"rendered":"https:\/\/www.moskito.cz\/produkt\/feststehendes-messer-muela-4410-m\/"},"modified":"2025-05-07T11:29:41","modified_gmt":"2025-05-07T10:29:41","slug":"feststehendes-messer-muela-4410-m","status":"publish","type":"product","link":"https:\/\/www.moskito.cz\/de\/produkt\/feststehendes-messer-muela-4410-m\/","title":{"rendered":"Feststehendes Messer Muela 4410-M"},"content":{"rendered":"<p>Feststehendes Messer Muela 4410-M.<\/p>\n<p>Das Muela 4410-M Brown Jute Micarta-Messer ist ein hochwertiges, kompaktes Messer, ideal f\u00fcr Outdoor-Aktivit\u00e4ten, Jagd und \u00dcberleben. Hochwertige Materialien, pr\u00e4zise Verarbeitung und praktisches Design zeichnen dieses Modell aus. <\/p>\n<p>Dieses Messer ist die perfekte Kombination aus Funktionalit\u00e4t und \u00c4sthetik und somit ideal f\u00fcr anspruchsvolle Benutzer, die ein zuverl\u00e4ssiges und praktisches Werkzeug suchen.<\/p>\n<p>Material: Edelstahl X50CrMoV15 (1.4116).<br \/>\n Zusammensetzung: 15 % Chrom, 0,8 % Molybd\u00e4n, 0,2 % Vanadium.<br \/>\n Merkmale:<br \/>\n Hohe Korrosions- und Verschlei\u00dfbest\u00e4ndigkeit.<br \/>\n H\u00e4rte: 57\u201358 HRC, sorgt f\u00fcr hervorragende Schnitthaltigkeit.<br \/>\n Es wird in chirurgischen Instrumenten und hochwertigen K\u00fcchenutensilien verwendet.<br \/>\n Form: Drop Point mit ausgepr\u00e4gtem Bauch f\u00fcr den universellen Einsatz.<br \/>\n Schliff: Vollfl\u00e4chiger Schliff (Flat Grind) f\u00fcr eine Kombination aus Schneidleistung und Festigkeit.<br \/>\n Oberfl\u00e4chenbeschaffenheit: Satin, verleiht der Klinge ein sauberes und elegantes Aussehen.<\/p>\n<p>Handhaben<\/p>\n<p>Material: Wasserdichtes Jute-Micarta.<br \/>\n Design: Ergonomisch geformt f\u00fcr sicheren und bequemen Halt.<br \/>\n Merkmale:<br \/>\n Polierte Oberfl\u00e4che f\u00fcr Haltbarkeit und \u00c4sthetik.<br \/>\n Messingnieten mit hohem Nickelgehalt f\u00fcr zus\u00e4tzliche Festigkeit.<br \/>\n Loch f\u00fcr eine Fangschnur zum einfachen Befestigen des Messers.<\/p>\n<p>Verwenden<\/p>\n<p>Jagd und Wildverarbeitung.<br \/>\n Bushcraft und Outdoor-Aufgaben.<br \/>\n Allgemeines \u00dcberleben und universeller Einsatz.<\/p>\n<p>Dieses Messer \u00fcberzeugt durch hochwertige Materialien und ein praktisches Design und ist somit ein zuverl\u00e4ssiger Begleiter f\u00fcr Abenteurer und Outdoor-Fans.<\/p>\n<p>Geh\u00e4use<\/p>\n<p>Beschreibung: Verl\u00e4ngerte Lederscheide, die die Klinge und einen Teil des Griffs sch\u00fctzt.<br \/>\n Material: Naturbelassenes Rindsleder in der Farbe Braun, hochwertig gegerbt.<br \/>\n Merkmale:<br \/>\n Auf der Oberfl\u00e4che ist das Herstellerlogo eingepr\u00e4gt.<br \/>\n Die Kanten sind dekorativ gesteppt.<br \/>\n Erm\u00f6glicht die Befestigung am G\u00fcrtel oder an der Ausr\u00fcstung in vertikaler Position.<\/p>\n<p>Technische Daten<\/p>\n<p>Produktnummer: 4410-M<br \/>\n Produktname: Muela 4410-M Braunes Jutemicarta, Satin<\/p>\n<p>Ma\u00dfe<\/p>\n<p>Gesamtl\u00e4nge: 205,0 mm<br \/>\n Klingenl\u00e4nge: 100,0 mm<br \/>\n Klingenst\u00e4rke: k.A.<br \/>\n Griffl\u00e4nge: 105,0 mm<br \/>\n Griffdicke: n.a.<br \/>\n Gewicht: 131,0 g<\/p>\n<p>Klinge<\/p>\n<p>Material: X50CrMoV15 Edelstahl<br \/>\n H\u00e4rte: n.a.<br \/>\n Schliff: Vollfl\u00e4chiger Schliff (Flat Grind)<br \/>\n Finish: Satin<\/p>\n<p>Designer: Muela<br \/>\n Marke: Muela<br \/>\n Hersteller: Manufacturas Muela, SA<br \/>\n Herkunftsland: Spanien<\/p>\n<p>&nbsp;<\/p>\n","protected":false},"excerpt":{"rendered":"<p><strong>Das Muela 4410-M Brown Jute Micarta-Messer ist ein hochwertiges, kompaktes Messer, ideal f\u00fcr Outdoor-Aktivit\u00e4ten, Jagd und \u00dcberleben. Hochwertige Materialien, pr\u00e4zise Verarbeitung und praktisches Design zeichnen dieses Modell aus. <\/strong><\/p>\n","protected":false},"featured_media":380484,"comment_status":"open","ping_status":"closed","template":"","meta":[],"pwb-brand":[3914],"product_brand":[],"product_cat":[3285,3287],"product_tag":[],"class_list":{"0":"post-400493","1":"product","2":"type-product","3":"status-publish","4":"has-post-thumbnail","6":"pwb-brand-sie-musste","7":"product_cat-messer","8":"product_cat-solide-messer","10":"first","11":"instock","12":"taxable","13":"shipping-taxable","14":"purchasable","15":"product-type-simple"},"brands":[{"id":3914,"name":"Sie musste","slug":"sie-musste"}],"_links":{"self":[{"href":"https:\/\/www.moskito.cz\/de\/wp-json\/wp\/v2\/product\/400493","targetHints":{"allow":["GET"]}}],"collection":[{"href":"https:\/\/www.moskito.cz\/de\/wp-json\/wp\/v2\/product"}],"about":[{"href":"https:\/\/www.moskito.cz\/de\/wp-json\/wp\/v2\/types\/product"}],"replies":[{"embeddable":true,"href":"https:\/\/www.moskito.cz\/de\/wp-json\/wp\/v2\/comments?post=400493"}],"wp:featuredmedia":[{"embeddable":true,"href":"https:\/\/www.moskito.cz\/de\/wp-json\/wp\/v2\/media\/380484"}],"wp:attachment":[{"href":"https:\/\/www.moskito.cz\/de\/wp-json\/wp\/v2\/media?parent=400493"}],"wp:term":[{"taxonomy":"pwb-brand","embeddable":true,"href":"https:\/\/www.moskito.cz\/de\/wp-json\/wp\/v2\/pwb-brand?post=400493"},{"taxonomy":"product_brand","embeddable":true,"href":"https:\/\/www.moskito.cz\/de\/wp-json\/wp\/v2\/product_brand?post=400493"},{"taxonomy":"product_cat","embeddable":true,"href":"https:\/\/www.moskito.cz\/de\/wp-json\/wp\/v2\/product_cat?post=400493"},{"taxonomy":"product_tag","embeddable":true,"href":"https:\/\/www.moskito.cz\/de\/wp-json\/wp\/v2\/product_tag?post=400493"}],"curies":[{"name":"wp","href":"https:\/\/api.w.org\/{rel}","templated":true}]}}