{"id":400615,"date":"2025-04-23T14:26:38","date_gmt":"2025-04-23T13:47:50","guid":{"rendered":"https:\/\/www.moskito.cz\/produkt\/crkt-bamboozled-brown-5720b-klappmesser\/"},"modified":"2025-05-07T11:29:43","modified_gmt":"2025-05-07T10:29:43","slug":"crkt-bamboozled-brown-5720b-klappmesser","status":"publish","type":"product","link":"https:\/\/www.moskito.cz\/de\/produkt\/crkt-bamboozled-brown-5720b-klappmesser\/","title":{"rendered":"CRKT Bamboozled Brown 5720B Klappmesser"},"content":{"rendered":"<p data-pm-slice=\"1 1 []\">\ud83d\udd2a <strong>CRKT Bamboozled\u2122 Braunes CR-5720B Klappmesser<\/strong><\/p>\n<p>\u2728  <strong>Gesamtbeschreibung:<\/strong>  Schlank, modern und doch klassisch \u2013 das CRKT Bamboozled\u2122 von Designer Ken Onion ist die perfekte Wahl f\u00fcr den Alltag. Sein brauner G10-Griff und sein schlankes Profil sehen sehr stilvoll aus, w\u00e4hrend der zuverl\u00e4ssige Liner-Lock und das sanfte \u00d6ffnen mit einem unterst\u00fctzten Flipper die Funktionalit\u00e4t gew\u00e4hrleisten, die Sie von einem Messer erwarten. <\/p>\n<p>\ud83d\udcd0 <strong>Spezifikationen:<\/strong><\/p>\n<ul data-spread=\"false\">\n<li>Gesamtl\u00e4nge: 203 mm<\/li>\n<li>Klingenl\u00e4nge: 89 mm<\/li>\n<li>Klingenst\u00e4rke: 3 mm<\/li>\n<li>Klingenmaterial: 8Cr13MoV<\/li>\n<li>H\u00e4rte: ca. 58-59 HRC<\/li>\n<li>Oberfl\u00e4chenfinish: Stonewashed<\/li>\n<li>Klingenform: Drop Point<\/li>\n<li>Griffmaterial: G10 (Braun)<\/li>\n<li>Sicherungstyp: Liner Lock<\/li>\n<li>\u00d6ffnung: Flipper mit Unterst\u00fctzung<\/li>\n<li>Clip: Neu positionierbar (Tip-Up)<\/li>\n<li>Gewicht: 102 g<\/li>\n<\/ul>\n<p>\ud83e\uddf0 <strong>Sch\u00e4rfen und Pflege:<\/strong> Die Klinge aus 8Cr13MoV-Stahl l\u00e4sst sich problemlos mit herk\u00f6mmlichen Sch\u00e4rfern oder Diamantsch\u00e4rfern sch\u00e4rfen. F\u00fcr einen reibungslosen Betrieb und eine l\u00e4ngere Lebensdauer wird empfohlen, die Klinge regelm\u00e4\u00dfig zu reinigen und den Drehpunkt mit Messer\u00f6l zu schmieren. <\/p>\n<p>\ud83e\udded <strong>Verwendung und Zweck:<\/strong> Toller Freizeitverschluss f\u00fcr den t\u00e4glichen Gebrauch (EDC). Dank seiner stylischen Optik eignet es sich auch als Accessoire f\u00fcr die Stadt, entt\u00e4uscht aber auch nicht bei leichten Outdoor-Aktivit\u00e4ten. <\/p>\n<p>\u2694\ufe0f <strong>Vorteile:<\/strong><\/p>\n<ul data-spread=\"false\">\n<li>Stilvolles und einzigartiges Design von Ken Onion<\/li>\n<li>Einfaches und schnelles \u00d6ffnen dank Flipper<\/li>\n<li>Zuverl\u00e4ssiger Linerlock<\/li>\n<li>Leichte, alltagstaugliche Konstruktion<\/li>\n<\/ul>\n<p>\u2696\ufe0f <strong>Nachteile:<\/strong><\/p>\n<ul data-spread=\"false\">\n<li>8Cr13MoV-Stahl erfordert h\u00e4ufigeres Schleifen<\/li>\n<li>Nicht abnehmbarer Clip auf der anderen Seite (nur rechtsseitig tragbar)<\/li>\n<\/ul>\n<p><strong>Fazit:<\/strong> Das CRKT Bamboozled\u2122 Messer ist nicht nur ein praktisches Werkzeug \u2013 es ist ein Ausdruck der Pers\u00f6nlichkeit. Seine klaren Linien, der braune G10-Griff und die schnelle \u00d6ffnung vermitteln Ihnen gleichzeitig ein Gef\u00fchl von Selbstvertrauen und Eleganz. Wenn Sie nach einem EDC-Messer suchen, das Stil, Qualit\u00e4t und Funktionalit\u00e4t vereint, haben Sie es gerade gefunden. Das CRKT Bamboozled\u2122 ist ein Messer, das Sie nie im Stich l\u00e4sst \u2013 und es sieht auch noch gut aus.   <\/p>\n<p>&nbsp;<\/p>\n","protected":false},"excerpt":{"rendered":"<p><strong>Das CRKT Bamboozled\u2122-Messer ist nicht nur ein praktisches Werkzeug \u2013 es ist ein Ausdruck der Pers\u00f6nlichkeit. Seine klaren Linien, der braune G10-Griff und die schnelle \u00d6ffnung vermitteln Ihnen gleichzeitig ein Gef\u00fchl von Selbstvertrauen und Eleganz. Wenn Sie nach einem EDC-Messer suchen, das Stil, Qualit\u00e4t und Funktionalit\u00e4t vereint, haben Sie es gerade gefunden. Das CRKT Bamboozled\u2122 ist ein Messer, das Sie nie im Stich l\u00e4sst \u2013 und es sieht auch noch gut aus.   <\/strong><\/p>\n<p>&nbsp;<\/p>\n","protected":false},"featured_media":400510,"comment_status":"open","ping_status":"closed","template":"","meta":[],"pwb-brand":[3457],"product_brand":[],"product_cat":[3285,3303],"product_tag":[4009],"class_list":{"0":"post-400615","1":"product","2":"type-product","3":"status-publish","4":"has-post-thumbnail","6":"pwb-brand-crkt-de","7":"product_cat-messer","8":"product_cat-schliesmesser","9":"product_tag-neu","11":"first","12":"instock","13":"sale","14":"taxable","15":"shipping-taxable","16":"purchasable","17":"product-type-simple"},"brands":[{"id":3457,"name":"CRKT","slug":"crkt-de"}],"_links":{"self":[{"href":"https:\/\/www.moskito.cz\/de\/wp-json\/wp\/v2\/product\/400615","targetHints":{"allow":["GET"]}}],"collection":[{"href":"https:\/\/www.moskito.cz\/de\/wp-json\/wp\/v2\/product"}],"about":[{"href":"https:\/\/www.moskito.cz\/de\/wp-json\/wp\/v2\/types\/product"}],"replies":[{"embeddable":true,"href":"https:\/\/www.moskito.cz\/de\/wp-json\/wp\/v2\/comments?post=400615"}],"wp:featuredmedia":[{"embeddable":true,"href":"https:\/\/www.moskito.cz\/de\/wp-json\/wp\/v2\/media\/400510"}],"wp:attachment":[{"href":"https:\/\/www.moskito.cz\/de\/wp-json\/wp\/v2\/media?parent=400615"}],"wp:term":[{"taxonomy":"pwb-brand","embeddable":true,"href":"https:\/\/www.moskito.cz\/de\/wp-json\/wp\/v2\/pwb-brand?post=400615"},{"taxonomy":"product_brand","embeddable":true,"href":"https:\/\/www.moskito.cz\/de\/wp-json\/wp\/v2\/product_brand?post=400615"},{"taxonomy":"product_cat","embeddable":true,"href":"https:\/\/www.moskito.cz\/de\/wp-json\/wp\/v2\/product_cat?post=400615"},{"taxonomy":"product_tag","embeddable":true,"href":"https:\/\/www.moskito.cz\/de\/wp-json\/wp\/v2\/product_tag?post=400615"}],"curies":[{"name":"wp","href":"https:\/\/api.w.org\/{rel}","templated":true}]}}