{"id":400833,"date":"2024-09-26T12:59:56","date_gmt":"2025-04-23T15:30:39","guid":{"rendered":"https:\/\/www.moskito.cz\/produkt\/fliege-boeker-plus-faction-06ex115\/"},"modified":"2025-05-07T11:29:49","modified_gmt":"2025-05-07T10:29:49","slug":"fliege-boeker-plus-faction-06ex115","status":"publish","type":"product","link":"https:\/\/www.moskito.cz\/de\/produkt\/fliege-boeker-plus-faction-06ex115\/","title":{"rendered":"Fliege B\u00f6ker Plus Faction 06EX115"},"content":{"rendered":"<p>Fliege <strong>B\u00f6ker Plus<\/strong> Faction 06EX115.<\/p>\n<p>Unter den Balisong-Messern nimmt das B\u00f6ker Plus Faction von Jakub Wieczorkiewicz eine Sonderstellung ein. Im ge\u00f6ffneten Zustand pr\u00e4sentiert es sich als elegantes Herrenmesser, da auf die bei dieser Messerart \u00fcblichen Aussparungen im Griff verzichtet wurde. Stattdessen setzten die Messerdesigner von Poltergeist Works beim Modell B\u00f6ker Plus Faction auf Solidit\u00e4t und Klasse. Der elegante Titangriff mit Bead Blast-Finish f\u00fchlt sich im Gebrauch ausgewogen und schwungvoll an und sieht in jeder Handposition gut aus. Die Klinge aus CPM-S-35VN-Stahl bew\u00e4ltigt problemlos auch anspruchsvolle Schneidaufgaben und ist mit einer dekorativen Ricas auf dem Klingenr\u00fccken ausgestattet. Ein tiefer Trageclip (Tip-Up\/r) und eine hochwertige Filzscheide runden die Alltagstauglichkeit des Butterflymessers ab.     <\/p>\n<p>Marke: B\u00f6ker Plus<br \/>\n Klingenl\u00e4nge: 10,20 cm<br \/>\n Klingenst\u00e4rke: 3,50 mm<br \/>\n Gewicht: 133,00 g<br \/>\n Designer: Poltergeist Works<br \/>\n Klingenmaterial: S35VN<br \/>\n Griffmaterial: Titan<br \/>\n \u00d6ffnung: Manuell<br \/>\n Schlie\u00dfung: Balisong<br \/>\n Farbe: Silber<br \/>\n Artikelnummer: 06EX115<\/p>\n<p>&nbsp;<\/p>\n","protected":false},"excerpt":{"rendered":"<p><strong>Unter den Balisong-Messern nimmt das B\u00f6ker Plus Faction von Jakub Wieczorkiewicz eine Sonderstellung ein. Im ge\u00f6ffneten Zustand pr\u00e4sentiert es sich als elegantes Herrenmesser, da auf die bei dieser Messerart \u00fcblichen Aussparungen im Griff verzichtet wurde.   <\/strong><\/p>\n<p><strong>Kostenloser Versand.<\/strong><\/p>\n","protected":false},"featured_media":370722,"comment_status":"closed","ping_status":"closed","template":"","meta":[],"pwb-brand":[3422],"product_brand":[],"product_cat":[3545,3285,3303],"product_tag":[],"class_list":{"0":"post-400833","1":"product","2":"type-product","3":"status-publish","4":"has-post-thumbnail","6":"pwb-brand-boker-de","7":"product_cat-fliegen-de","8":"product_cat-messer","9":"product_cat-schliesmesser","11":"first","12":"outofstock","13":"taxable","14":"shipping-taxable","15":"purchasable","16":"product-type-simple"},"brands":[{"id":3422,"name":"B\u00f6ker","slug":"boker-de"}],"_links":{"self":[{"href":"https:\/\/www.moskito.cz\/de\/wp-json\/wp\/v2\/product\/400833","targetHints":{"allow":["GET"]}}],"collection":[{"href":"https:\/\/www.moskito.cz\/de\/wp-json\/wp\/v2\/product"}],"about":[{"href":"https:\/\/www.moskito.cz\/de\/wp-json\/wp\/v2\/types\/product"}],"replies":[{"embeddable":true,"href":"https:\/\/www.moskito.cz\/de\/wp-json\/wp\/v2\/comments?post=400833"}],"wp:featuredmedia":[{"embeddable":true,"href":"https:\/\/www.moskito.cz\/de\/wp-json\/wp\/v2\/media\/370722"}],"wp:attachment":[{"href":"https:\/\/www.moskito.cz\/de\/wp-json\/wp\/v2\/media?parent=400833"}],"wp:term":[{"taxonomy":"pwb-brand","embeddable":true,"href":"https:\/\/www.moskito.cz\/de\/wp-json\/wp\/v2\/pwb-brand?post=400833"},{"taxonomy":"product_brand","embeddable":true,"href":"https:\/\/www.moskito.cz\/de\/wp-json\/wp\/v2\/product_brand?post=400833"},{"taxonomy":"product_cat","embeddable":true,"href":"https:\/\/www.moskito.cz\/de\/wp-json\/wp\/v2\/product_cat?post=400833"},{"taxonomy":"product_tag","embeddable":true,"href":"https:\/\/www.moskito.cz\/de\/wp-json\/wp\/v2\/product_tag?post=400833"}],"curies":[{"name":"wp","href":"https:\/\/api.w.org\/{rel}","templated":true}]}}