{"id":400864,"date":"2024-11-22T09:21:03","date_gmt":"2025-04-24T05:58:52","guid":{"rendered":"https:\/\/www.moskito.cz\/produkt\/crkt-nucleus-5702-klappmesser\/"},"modified":"2025-05-07T11:29:51","modified_gmt":"2025-05-07T10:29:51","slug":"crkt-nucleus-5702-klappmesser","status":"publish","type":"product","link":"https:\/\/www.moskito.cz\/de\/produkt\/crkt-nucleus-5702-klappmesser\/","title":{"rendered":"CRKT Nucleus 5702 Klappmesser"},"content":{"rendered":"<div class=\"flex-1 overflow-hidden @container\/thread\">\n<div class=\"h-full\">\n<div class=\"react-scroll-to-bottom--css-quzxw-79elbk h-full\">\n<div class=\"react-scroll-to-bottom--css-quzxw-1n7m0yu\">\n<div class=\"flex flex-col text-sm md:pb-9\">\n<article class=\"w-full scroll-mb-[var(--thread-trailing-height,150px)] text-token-text-primary focus-visible:outline-2 focus-visible:outline-offset-[-4px]\" dir=\"auto\" data-testid=\"conversation-turn-83\" data-scroll-anchor=\"true\">\n<div class=\"m-auto text-base py-[18px] px-3 md:px-4 w-full md:px-5 lg:px-4 xl:px-5\">\n<div class=\"mx-auto flex flex-1 gap-4 text-base md:gap-5 lg:gap-6 md:max-w-3xl\">\n<div class=\"group\/conversation-turn relative flex w-full min-w-0 flex-col agent-turn\">\n<div class=\"flex-col gap-1 md:gap-3\">\n<div class=\"flex max-w-full flex-col flex-grow\">\n<div class=\"min-h-8 text-message flex w-full flex-col items-end gap-2 whitespace-normal break-words text-start [.text-message+&amp;]:mt-5\" dir=\"auto\" data-message-author-role=\"assistant\" data-message-id=\"423f1961-ae63-4eb9-98ac-2adfd23f6c2c\" data-message-model-slug=\"gpt-4o-mini\">\n<div class=\"flex w-full flex-col gap-1 empty:hidden first:pt-[3px]\">\n<div class=\"markdown prose w-full break-words dark:prose-invert light\">\n<p><strong>Das CRKT Nucleus 5702 Klappmesser<\/strong> ist ein modernes und hochfunktionelles Messer, das sich ideal f\u00fcr den t\u00e4glichen Gebrauch (EDC) und kleinere Outdoor-Aktivit\u00e4ten eignet. Dieses Modell wurde vom renommierten Designer Ken Onion entworfen und besticht durch <strong>sein modernes Erscheinungsbild<\/strong> , <strong>hochwertige Materialien<\/strong> und <strong>zuverl\u00e4ssige mechanische Eigenschaften<\/strong> . Es nutzt das innovative <strong>IKBS-Lagersystem<\/strong> f\u00fcr sanftes \u00d6ffnen und verf\u00fcgt \u00fcber eine hervorragende <strong>Ergonomie<\/strong> , was es zu einem sehr angenehmen Begleiter f\u00fcr allt\u00e4gliche Aufgaben macht.  <\/p>\n<h3><strong>Hauptmerkmale des CRKT Nucleus 5702:<\/strong><\/h3>\n<h4><strong>Klinge:<\/strong><\/h4>\n<ul>\n<li><strong>Material:<\/strong> Die Klinge besteht aus <strong>rostfreiem Stahl 14C28N<\/strong> , einem sehr langlebigen Stahl mit ausgezeichneter <strong>Korrosionsbest\u00e4ndigkeit<\/strong> und <strong>guter Schnitthaltigkeit<\/strong> . Dieses Material wird wegen <strong>seiner ausgewogenen H\u00e4rte<\/strong> und <strong>Z\u00e4higkeit<\/strong> sehr gesch\u00e4tzt, was eine lange Lebensdauer und einfache Wartung gew\u00e4hrleistet. <\/li>\n<li><strong>Klingenform:<\/strong> <strong>Die Drop-Point<\/strong> -Klingenform ist vielseitig und eignet sich sowohl f\u00fcr <strong>allgemeine Schneidarbeiten<\/strong> als auch f\u00fcr anspruchsvollere Aufgaben. Diese Form bietet eine starke Spitze f\u00fcr pr\u00e4zises Schneiden und ist ideal f\u00fcr eine Vielzahl von Anwendungen. <\/li>\n<li><strong>Oberfl\u00e4chenbehandlung:<\/strong> Die Klinge wird mit <strong>einem Perlstrahl-Finish<\/strong> behandelt, das ihre Kratzfestigkeit verbessert und ihr gleichzeitig ein mattes, elegantes Aussehen verleiht.<\/li>\n<\/ul>\n<h4><strong>Handhaben:<\/strong><\/h4>\n<ul>\n<li><strong>Material:<\/strong> Der Griff besteht aus <strong>rostfreiem Edelstahl<\/strong> mit <strong>einer G10-Schicht<\/strong> , die f\u00fcr <strong>einen festen und rutschfesten Halt<\/strong> sorgt. Die Kombination dieser Materialien sorgt nicht nur f\u00fcr Haltbarkeit, sondern auch f\u00fcr \u00c4sthetik. <\/li>\n<li><strong>Design:<\/strong> Das Messer hat ein minimalistisches Design mit klaren Linien, was es zu einem modernen und stilvollen Werkzeug macht. Der Griff ist so gestaltet, dass er auch bei l\u00e4ngerem Gebrauch des Messers <strong>bequem in der Hand liegt<\/strong> . <\/li>\n<\/ul>\n<h4><strong>\u00d6ffnungsmechanismus:<\/strong><\/h4>\n<ul>\n<li><strong>IKBS-Lagersystem:<\/strong> Dieses innovative Lagersystem erm\u00f6glicht ein sehr <strong>sanftes und schnelles \u00d6ffnen der Klinge<\/strong> mit einer Hand. Dies ist einer der Hauptvorteile dieses Messers, der f\u00fcr ein hervorragendes Benutzererlebnis sorgt. <\/li>\n<\/ul>\n<h4><strong>Sperren:<\/strong><\/h4>\n<ul>\n<li><strong>Framelock:<\/strong> Dieses System sorgt daf\u00fcr, dass <strong>die Klinge in ge\u00f6ffneter Position fest verriegelt ist<\/strong> . Der Framelock ist f\u00fcr seine Zuverl\u00e4ssigkeit und Sicherheit bekannt, was Vertrauen beim Umgang mit dem Messer vermittelt. <\/li>\n<\/ul>\n<h4><strong>Gr\u00f6\u00dfe und Gewicht:<\/strong><\/h4>\n<ul>\n<li><strong>Klingenl\u00e4nge:<\/strong> 80,98 mm (3,19 Zoll)<\/li>\n<li><strong>Klingenst\u00e4rke:<\/strong> 3,20 mm (0,13 Zoll)<\/li>\n<li><strong>Gesamtl\u00e4nge:<\/strong> 187,33 mm (7,38 Zoll)<\/li>\n<li><strong>Gefaltete L\u00e4nge:<\/strong> 106,35 mm (4,19 Zoll)<\/li>\n<li><strong>Gewicht:<\/strong> 87,88 g (3,10 oz), wodurch das Messer <strong>leicht tragbar<\/strong> und <strong>bequem f\u00fcr den t\u00e4glichen Gebrauch ist<\/strong> .<\/li>\n<\/ul>\n<h4><strong>Trageclip:<\/strong><\/h4>\n<ul>\n<li><strong>G\u00fcrtelclip:<\/strong> Das Messer ist mit <strong>einem nach oben klappbaren Trageclip<\/strong> ausgestattet, der ein bequemes Tragen in der Tasche oder am G\u00fcrtel erm\u00f6glicht, sodass es immer griffbereit ist.<\/li>\n<\/ul>\n<h3><strong>Design und Verwendung:<\/strong><\/h3>\n<p><strong>Das CRKT Nucleus 5702<\/strong> ist als <strong>gro\u00dfartiges Werkzeug f\u00fcr den t\u00e4glichen Gebrauch (EDC)<\/strong> konzipiert. Es eignet sich f\u00fcr zahlreiche T\u00e4tigkeiten wie <strong>Schneiden, Hobeln<\/strong> oder <strong>Materialhandhabung<\/strong> . Dank seines Designs und der hochwertigen Verarbeitung eignet es sich ideal f\u00fcr <strong>leichte Outdoor-Aktivit\u00e4ten<\/strong> und <strong>allt\u00e4gliche Aufgaben<\/strong> , bei denen Sie die einfache Handhabung und <strong>Zuverl\u00e4ssigkeit<\/strong> zu sch\u00e4tzen wissen.  <\/p>\n<p>Das Messer eignet sich auch zum <strong>Campen<\/strong> , <strong>Wandern<\/strong> oder <strong>Jagen<\/strong> , wo es nicht nur als Werkzeug zur Materialbearbeitung dienen kann, sondern auch als zuverl\u00e4ssiger Helfer bei verschiedenen Outdoor-Aktivit\u00e4ten.<\/p>\n<h3><strong>Spezifikationen:<\/strong><\/h3>\n<ul>\n<li><strong>Klingenmaterial:<\/strong> 14C28N Edelstahl<\/li>\n<li><strong>Klingenform:<\/strong> Drop Point<\/li>\n<li><strong>Klingenoberfl\u00e4che:<\/strong> Bead Blast<\/li>\n<li><strong>Klingenl\u00e4nge:<\/strong> 80,98 mm (3,19 Zoll)<\/li>\n<li><strong>Klingenst\u00e4rke:<\/strong> 3,20 mm (0,13 Zoll)<\/li>\n<li><strong>Gesamtl\u00e4nge:<\/strong> 187,33 mm (7,38 Zoll)<\/li>\n<li><strong>Gefaltete L\u00e4nge:<\/strong> 106,35 mm (4,19 Zoll)<\/li>\n<li><strong>Gewicht:<\/strong> 87,88 g (3,10 oz)<\/li>\n<li><strong>Griffmaterial:<\/strong> Edelstahl mit G10-Schicht<\/li>\n<li><strong>Stil:<\/strong> Klappmesser mit <strong>Framelock<\/strong> -Mechanismus<\/li>\n<li><strong>Trageclip:<\/strong> Ja, zum Tragen <strong>mit der Spitze nach oben<\/strong><\/li>\n<\/ul>\n<h3><strong>Abschluss:<\/strong><\/h3>\n<p><strong>Das CRKT Nucleus 5702<\/strong> ist ein hochwertiges <strong>Klappmesser<\/strong> , das <strong>eine Kombination aus modernem Design<\/strong> , <strong>zuverl\u00e4ssigen Materialien<\/strong> und <strong>innovativen Mechanismen<\/strong> bietet. Mit seinem <strong>IKBS-Lagersystem<\/strong> , <strong>dem Framelock-Mechanismus<\/strong> und dem hochwertigen <strong>14C28N-Stahl<\/strong> ist dieses Messer eine hervorragende Wahl f\u00fcr den t\u00e4glichen Gebrauch und eine Vielzahl von Aufgaben. Wenn Sie nach einem Messer suchen, das <strong>ergonomisch<\/strong> , <strong>funktional<\/strong> und <strong>stilvoll<\/strong> ist, ist das CRKT Nucleus 5702 eine ausgezeichnete Wahl.  <\/p>\n<\/div>\n<\/div>\n<\/div>\n<\/div>\n<div class=\"mb-2 flex gap-3 empty:hidden -ml-2\">\n<div class=\"items-center justify-start rounded-xl p-1 flex\">\n<div class=\"flex items-center\"><\/div>\n<\/div>\n<\/div>\n<div class=\"pr-2 lg:pr-0\"><\/div>\n<div class=\"mt-3 w-full empty:hidden\">\n<div class=\"text-center\"><\/div>\n<\/div>\n<\/div>\n<div class=\"absolute\">\n<div class=\"flex items-center justify-center\"><\/div>\n<\/div>\n<\/div>\n<\/div>\n<\/div>\n<\/article>\n<\/div>\n<\/div>\n<\/div>\n<\/div>\n<\/div>\n<div class=\"md:pt-0 dark:border-white\/20 md:border-transparent md:dark:border-transparent w-full\">\n<div>\n<div class=\"m-auto text-base px-3 md:px-4 w-full md:px-5 lg:px-4 xl:px-5\">\n<div class=\"mx-auto flex flex-1 gap-4 text-base md:gap-5 lg:gap-6 md:max-w-3xl\">\n<div class=\"flex justify-center\"><\/div>\n<\/div>\n<\/div>\n<\/div>\n<\/div>\n<p><iframe title=\"CRKT Nucleus | Princeton Wong Design\" width=\"800\" height=\"450\" src=\"https:\/\/www.youtube.com\/embed\/cBbYdfLNimQ?feature=oembed\" frameborder=\"0\" allow=\"accelerometer; autoplay; clipboard-write; encrypted-media; gyroscope; picture-in-picture; web-share\" referrerpolicy=\"strict-origin-when-cross-origin\" allowfullscreen><\/iframe><\/p>\n<p>&nbsp;<\/p>\n<p>&nbsp;<\/p>\n","protected":false},"excerpt":{"rendered":"<p><strong>Das CRKT Nucleus 5702 ist ein hochwertiges Klappmesser, das eine Kombination aus modernem Design, zuverl\u00e4ssigen Materialien und innovativen Mechanismen bietet. Mit seinem IKBS-Lagersystem, dem Framelock-Mechanismus und dem hochwertigen 14C28N-Stahl ist dieses Messer eine hervorragende Wahl f\u00fcr den t\u00e4glichen Gebrauch und eine Vielzahl von Aufgaben. Wenn Sie ein Messer suchen, das ergonomisch, funktional und stilvoll ist, ist das CRKT Nucleus 5702 eine ausgezeichnete Wahl.  <\/strong><\/p>\n","protected":false},"featured_media":376290,"comment_status":"open","ping_status":"closed","template":"","meta":[],"pwb-brand":[3457],"product_brand":[],"product_cat":[3303,3285],"product_tag":[],"class_list":{"0":"post-400864","1":"product","2":"type-product","3":"status-publish","4":"has-post-thumbnail","6":"pwb-brand-crkt-de","7":"product_cat-schliesmesser","8":"product_cat-messer","10":"first","11":"instock","12":"sale","13":"taxable","14":"shipping-taxable","15":"purchasable","16":"product-type-simple"},"brands":[{"id":3457,"name":"CRKT","slug":"crkt-de"}],"_links":{"self":[{"href":"https:\/\/www.moskito.cz\/de\/wp-json\/wp\/v2\/product\/400864","targetHints":{"allow":["GET"]}}],"collection":[{"href":"https:\/\/www.moskito.cz\/de\/wp-json\/wp\/v2\/product"}],"about":[{"href":"https:\/\/www.moskito.cz\/de\/wp-json\/wp\/v2\/types\/product"}],"replies":[{"embeddable":true,"href":"https:\/\/www.moskito.cz\/de\/wp-json\/wp\/v2\/comments?post=400864"}],"wp:featuredmedia":[{"embeddable":true,"href":"https:\/\/www.moskito.cz\/de\/wp-json\/wp\/v2\/media\/376290"}],"wp:attachment":[{"href":"https:\/\/www.moskito.cz\/de\/wp-json\/wp\/v2\/media?parent=400864"}],"wp:term":[{"taxonomy":"pwb-brand","embeddable":true,"href":"https:\/\/www.moskito.cz\/de\/wp-json\/wp\/v2\/pwb-brand?post=400864"},{"taxonomy":"product_brand","embeddable":true,"href":"https:\/\/www.moskito.cz\/de\/wp-json\/wp\/v2\/product_brand?post=400864"},{"taxonomy":"product_cat","embeddable":true,"href":"https:\/\/www.moskito.cz\/de\/wp-json\/wp\/v2\/product_cat?post=400864"},{"taxonomy":"product_tag","embeddable":true,"href":"https:\/\/www.moskito.cz\/de\/wp-json\/wp\/v2\/product_tag?post=400864"}],"curies":[{"name":"wp","href":"https:\/\/api.w.org\/{rel}","templated":true}]}}