{"id":405189,"date":"2025-05-29T15:18:05","date_gmt":"2025-05-29T14:18:05","guid":{"rendered":"https:\/\/www.moskito.cz\/?post_type=product&#038;p=405189"},"modified":"2025-05-29T15:18:06","modified_gmt":"2025-05-29T14:18:06","slug":"estwing-leather-black-eagle-tomahawk","status":"publish","type":"product","link":"https:\/\/www.moskito.cz\/de\/produkt\/estwing-leather-black-eagle-tomahawk\/","title":{"rendered":"ESTWING Leather BLACK EAGLE Tomahawk"},"content":{"rendered":"<p data-start=\"40\" data-end=\"152\"><span class=\"relative -mx-px my-[-0.2rem] rounded px-px py-[0.2rem] transition-colors duration-100 ease-in-out\"><strong data-start=\"10\" data-end=\"61\">Estwing Black Eagle Tomahawk s ko\u017eenou rukojet\u00ed<\/strong> (model ETA) je vysoce kvalitn\u00ed americk\u00fd tomahawk, navr\u017een\u00fd pro profesion\u00e1ln\u00ed pou\u017eit\u00ed v arm\u00e1d\u011b, z\u00e1chrann\u00fdch slo\u017ek\u00e1ch a pro outdoorov\u00e9 nad\u0161ence.<\/span> <span class=\"relative -mx-px my-[-0.2rem] rounded px-px py-[0.2rem] transition-colors duration-100 ease-in-out\">Je zn\u00e1m\u00fd svou odolnost\u00ed, vyv\u00e1\u017een\u00fdm designem a elegantn\u00edm vzhledem.<\/span><\/p>\n<hr data-start=\"154\" data-end=\"157\" \/>\n<h3 data-start=\"159\" data-end=\"177\">\ud83d\udd27 Specifikace<\/h3>\n<ul data-start=\"179\" data-end=\"660\">\n<li data-start=\"179\" data-end=\"237\">\n<p data-start=\"181\" data-end=\"237\"><strong data-start=\"181\" data-end=\"199\">Celkov\u00e1 d\u00e9lka:<\/strong> <span class=\"relative -mx-px my-[-0.2rem] rounded px-px py-[0.2rem] transition-colors duration-100 ease-in-out\">16,25 palce (397mm)<\/span><\/p>\n<\/li>\n<li data-start=\"238\" data-end=\"297\">\n<p data-start=\"240\" data-end=\"297\"><strong data-start=\"240\" data-end=\"257\">D\u00e9lka \u010depele:<\/strong> <span class=\"relative -mx-px my-[-0.2rem] rounded px-px py-[0.2rem] transition-colors duration-100 ease-in-out\">2,5 palce (63,5 mm)<\/span><\/p>\n<\/li>\n<li data-start=\"298\" data-end=\"359\">\n<p data-start=\"300\" data-end=\"359\"><strong data-start=\"300\" data-end=\"319\">D\u00e9lka rukojeti:<\/strong> <span class=\"relative -mx-px my-[-0.2rem] rounded px-px py-[0.2rem] transition-colors duration-100 ease-in-out\">7,5 palce (190 mm)<\/span><\/p>\n<\/li>\n<li data-start=\"360\" data-end=\"415\">\n<p data-start=\"362\" data-end=\"415\"><strong data-start=\"362\" data-end=\"375\">Hmotnost:<\/strong> <span class=\"relative -mx-px my-[-0.2rem] rounded px-px py-[0.2rem] transition-colors duration-100 ease-in-out\">28 oz (794 g)<\/span><\/p>\n<\/li>\n<li data-start=\"416\" data-end=\"478\">\n<p data-start=\"418\" data-end=\"478\"><strong data-start=\"418\" data-end=\"438\">Materi\u00e1l \u010depele:<\/strong> <span class=\"relative -mx-px my-[-0.2rem] rounded px-px py-[0.2rem] transition-colors duration-100 ease-in-out\">jednod\u00edln\u00e1 kovan\u00e1 ocel<\/span><\/p>\n<\/li>\n<li data-start=\"479\" data-end=\"543\">\n<p data-start=\"481\" data-end=\"543\"><strong data-start=\"481\" data-end=\"503\">Materi\u00e1l rukojeti:<\/strong> <span class=\"relative -mx-px my-[-0.2rem] rounded px-px py-[0.2rem] transition-colors duration-100 ease-in-out\">prav\u00e1 ko\u017een\u00e1 rukoje\u0165 s lakovan\u00fdm povrchem<\/span><\/p>\n<\/li>\n<li data-start=\"544\" data-end=\"598\">\n<p data-start=\"546\" data-end=\"598\"><strong data-start=\"546\" data-end=\"558\">Pouzdro:<\/strong> <span class=\"relative -mx-px my-[-0.2rem] rounded px-px py-[0.2rem] transition-colors duration-100 ease-in-out\">\u010dern\u00e9 nylonov\u00e9 pouzdro<\/span><\/p>\n<\/li>\n<li data-start=\"599\" data-end=\"660\">\n<p data-start=\"601\" data-end=\"660\"><strong data-start=\"601\" data-end=\"617\">Zem\u011b v\u00fdroby:<\/strong> USA<span class=\"\" data-state=\"closed\"><span class=\"ms-1 inline-flex max-w-full items-center relative top-[-0.094rem] animate-[show_150ms_ease-in]\"><a class=\"flex h-4.5 overflow-hidden rounded-xl px-2 text-[0.5625em] font-medium text-token-text-secondary! bg-[#F4F4F4]! dark:bg-[#303030]! transition-colors duration-150 ease-in-out\" href=\"https:\/\/www.estwing.com\/product\/black-eagle-tomahawk-axe-leather\/?utm_source=chatgpt.com\" target=\"_blank\" rel=\"noopener\"><span class=\"relative start-0 bottom-0 flex h-full w-full items-center\"><span class=\"flex h-4 w-full items-center justify-between\"><span class=\"max-w-full grow truncate overflow-hidden text-center\">Estwing<\/span><span class=\"-me-1 flex h-full items-center rounded-full px-1 text-[#8F8F8F]\">+1<\/span><\/span><span class=\"flex h-4 w-full items-center justify-between absolute\"><span class=\"max-w-full grow truncate overflow-hidden text-center\">ASC Scientific<\/span><span class=\"-me-1 flex h-full items-center rounded-full px-1 text-[#8F8F8F]\">+1<\/span><\/span><\/span><\/a><\/span><\/span><\/p>\n<\/li>\n<\/ul>\n<hr data-start=\"662\" data-end=\"665\" \/>\n<h3 data-start=\"667\" data-end=\"679\">\u2705 V\u00fdhody<\/h3>\n<ul data-start=\"681\" data-end=\"983\">\n<li data-start=\"681\" data-end=\"747\">\n<p data-start=\"683\" data-end=\"747\"><strong data-start=\"683\" data-end=\"707\">Robustn\u00ed konstrukce:<\/strong> <span class=\"relative -mx-px my-[-0.2rem] rounded px-px py-[0.2rem] transition-colors duration-100 ease-in-out\">Jednod\u00edln\u00e1 kovan\u00e1 ocel zaji\u0161\u0165uje maxim\u00e1ln\u00ed pevnost a odolnost.<\/span><\/p>\n<\/li>\n<li data-start=\"748\" data-end=\"813\">\n<p data-start=\"750\" data-end=\"813\"><strong data-start=\"750\" data-end=\"773\">Ergonomick\u00fd design:<\/strong> <span class=\"relative -mx-px my-[-0.2rem] rounded px-px py-[0.2rem] transition-colors duration-100 ease-in-out\">Ko\u017een\u00e1 rukoje\u0165 poskytuje pohodln\u00fd a bezpe\u010dn\u00fd \u00fachop.<\/span><\/p>\n<\/li>\n<li data-start=\"814\" data-end=\"880\">\n<p data-start=\"816\" data-end=\"880\"><strong data-start=\"816\" data-end=\"840\">Univerz\u00e1ln\u00ed pou\u017eit\u00ed:<\/strong> <span class=\"relative -mx-px my-[-0.2rem] rounded px-px py-[0.2rem] transition-colors duration-100 ease-in-out\">Ide\u00e1ln\u00ed pro \u0159ez\u00e1n\u00ed, \u0161t\u00edp\u00e1n\u00ed, vykop\u00e1v\u00e1n\u00ed a z\u00e1chrann\u00e9 operace.<\/span><\/p>\n<\/li>\n<li data-start=\"881\" data-end=\"983\">\n<p data-start=\"883\" data-end=\"983\"><strong data-start=\"883\" data-end=\"904\">Estetick\u00fd vzhled:<\/strong> <span class=\"relative -mx-px my-[-0.2rem] rounded px-px py-[0.2rem] transition-colors duration-100 ease-in-out\">Elegantn\u00ed ko\u017een\u00e1 rukoje\u0165 s lakovan\u00fdm povrchem p\u0159id\u00e1v\u00e1 na vizu\u00e1ln\u00ed atraktivit\u011b.<\/span><\/p>\n<\/li>\n<\/ul>\n<hr data-start=\"985\" data-end=\"988\" \/>\n<h3 data-start=\"990\" data-end=\"1004\">\u274c Nev\u00fdhody<\/h3>\n<ul data-start=\"1006\" data-end=\"1154\">\n<li data-start=\"1006\" data-end=\"1057\">\n<p data-start=\"1008\" data-end=\"1057\"><strong data-start=\"1008\" data-end=\"1017\">Cena:<\/strong> <span class=\"relative -mx-px my-[-0.2rem] rounded px-px py-[0.2rem] transition-colors duration-100 ease-in-out\">Vy\u0161\u0161\u00ed cena m\u016f\u017ee b\u00fdt pro n\u011bkter\u00e9 u\u017eivatele p\u0159ek\u00e1\u017ekou.<\/span><\/p>\n<\/li>\n<li data-start=\"1058\" data-end=\"1154\">\n<p data-start=\"1060\" data-end=\"1154\"><strong data-start=\"1060\" data-end=\"1075\">Dostupnost:<\/strong> <span class=\"relative -mx-px my-[-0.2rem] rounded px-px py-[0.2rem] transition-colors duration-100 ease-in-out\">Model m\u016f\u017ee b\u00fdt obt\u00ed\u017en\u011b dostupn\u00fd na n\u011bkter\u00fdch trz\u00edch.<\/span><\/p>\n<\/li>\n<\/ul>\n<hr data-start=\"1156\" data-end=\"1159\" \/>\n<h3 data-start=\"1161\" data-end=\"1174\">\ud83e\uddfc \u00dadr\u017eba<\/h3>\n<ul data-start=\"1176\" data-end=\"1381\">\n<li data-start=\"1176\" data-end=\"1230\">\n<p data-start=\"1178\" data-end=\"1230\"><strong data-start=\"1178\" data-end=\"1190\">\u010cist\u011bn\u00ed:<\/strong> <span class=\"relative -mx-px my-[-0.2rem] rounded px-px py-[0.2rem] transition-colors duration-100 ease-in-out\">Po pou\u017eit\u00ed d\u016fkladn\u011b opl\u00e1chn\u011bte pod tekouc\u00ed vodou a osu\u0161te.<\/span><\/p>\n<\/li>\n<li data-start=\"1231\" data-end=\"1284\">\n<p data-start=\"1233\" data-end=\"1284\"><strong data-start=\"1233\" data-end=\"1244\">Maz\u00e1n\u00ed:<\/strong> <span class=\"relative -mx-px my-[-0.2rem] rounded px-px py-[0.2rem] transition-colors duration-100 ease-in-out\">Pravideln\u011b promaz\u00e1vejte pohybliv\u00e9 \u010d\u00e1sti pro zaji\u0161t\u011bn\u00ed hladk\u00e9ho chodu.<\/span><\/p>\n<\/li>\n<li data-start=\"1285\" data-end=\"1381\">\n<p data-start=\"1287\" data-end=\"1381\"><strong data-start=\"1287\" data-end=\"1302\">Skladov\u00e1n\u00ed:<\/strong> <span class=\"relative -mx-px my-[-0.2rem] rounded px-px py-[0.2rem] transition-colors duration-100 ease-in-out\">Uchov\u00e1vejte na such\u00e9m m\u00edst\u011b mimo dosah vlhkosti.<\/span><\/p>\n<\/li>\n<\/ul>\n<hr data-start=\"1383\" data-end=\"1386\" \/>\n<h3 data-start=\"1388\" data-end=\"1402\">\ud83d\udccc Shrnut\u00ed<\/h3>\n<p data-start=\"1404\" data-end=\"1562\"><span class=\"relative -mx-px my-[-0.2rem] rounded px-px py-[0.2rem] transition-colors duration-100 ease-in-out\">Estwing Black Eagle Tomahawk s ko\u017eenou rukojet\u00ed je vynikaj\u00edc\u00ed volbou pro profesion\u00e1ly i nad\u0161ence, kte\u0159\u00ed hledaj\u00ed spolehliv\u00fd a esteticky p\u0159\u00edjemn\u00fd n\u00e1stroj.<\/span> <span class=\"relative -mx-px my-[-0.2rem] rounded px-px py-[0.2rem] transition-colors duration-100 ease-in-out\">D\u00edky sv\u00e9 robustn\u00ed konstrukci a univerz\u00e1ln\u00edmu designu je ide\u00e1ln\u00ed pro \u0161irokou \u0161k\u00e1lu \u010dinnost\u00ed.<\/span> <span class=\"relative -mx-px my-[-0.2rem] rounded px-px py-[0.2rem] transition-colors duration-100 ease-in-out\">Pokud hled\u00e1te kvalitn\u00ed tomahawk s elegantn\u00edm vzhledem, tento model je skv\u011blou volbou.<\/span><\/p>\n<hr data-start=\"1564\" data-end=\"1567\" \/>\n","protected":false},"excerpt":{"rendered":"<p><strong><span class=\"relative -mx-px my-[-0.2rem] rounded px-px py-[0.2rem] transition-colors duration-100 ease-in-out\">Estwing Black Eagle Tomahawk s ko\u017eenou rukojet\u00ed je vynikaj\u00edc\u00ed volbou pro profesion\u00e1ly i nad\u0161ence, kte\u0159\u00ed hledaj\u00ed spolehliv\u00fd a esteticky p\u0159\u00edjemn\u00fd n\u00e1stroj.<\/span> <span class=\"relative -mx-px my-[-0.2rem] rounded px-px py-[0.2rem] transition-colors duration-100 ease-in-out\">D\u00edky sv\u00e9 robustn\u00ed konstrukci a univerz\u00e1ln\u00edmu designu je ide\u00e1ln\u00ed pro \u0161irokou \u0161k\u00e1lu \u010dinnost\u00ed.<\/span> <span class=\"relative -mx-px my-[-0.2rem] rounded px-px py-[0.2rem] transition-colors duration-100 ease-in-out\">Pokud hled\u00e1te kvalitn\u00ed tomahawk s elegantn\u00edm vzhledem, tento model je skv\u011blou volbou.<\/span><\/strong><\/p>\n","protected":false},"featured_media":405190,"comment_status":"open","ping_status":"closed","template":"","meta":[],"pwb-brand":[260],"product_brand":[],"product_cat":[32],"product_tag":[],"class_list":{"0":"post-405189","1":"product","2":"type-product","3":"status-publish","4":"has-post-thumbnail","6":"pwb-brand-estwing","7":"product_cat-sekery","9":"first","10":"instock","11":"taxable","12":"shipping-taxable","13":"purchasable","14":"product-type-simple"},"brands":[{"id":260,"name":"Estwing","slug":"estwing"}],"_links":{"self":[{"href":"https:\/\/www.moskito.cz\/de\/wp-json\/wp\/v2\/product\/405189","targetHints":{"allow":["GET"]}}],"collection":[{"href":"https:\/\/www.moskito.cz\/de\/wp-json\/wp\/v2\/product"}],"about":[{"href":"https:\/\/www.moskito.cz\/de\/wp-json\/wp\/v2\/types\/product"}],"replies":[{"embeddable":true,"href":"https:\/\/www.moskito.cz\/de\/wp-json\/wp\/v2\/comments?post=405189"}],"wp:featuredmedia":[{"embeddable":true,"href":"https:\/\/www.moskito.cz\/de\/wp-json\/wp\/v2\/media\/405190"}],"wp:attachment":[{"href":"https:\/\/www.moskito.cz\/de\/wp-json\/wp\/v2\/media?parent=405189"}],"wp:term":[{"taxonomy":"pwb-brand","embeddable":true,"href":"https:\/\/www.moskito.cz\/de\/wp-json\/wp\/v2\/pwb-brand?post=405189"},{"taxonomy":"product_brand","embeddable":true,"href":"https:\/\/www.moskito.cz\/de\/wp-json\/wp\/v2\/product_brand?post=405189"},{"taxonomy":"product_cat","embeddable":true,"href":"https:\/\/www.moskito.cz\/de\/wp-json\/wp\/v2\/product_cat?post=405189"},{"taxonomy":"product_tag","embeddable":true,"href":"https:\/\/www.moskito.cz\/de\/wp-json\/wp\/v2\/product_tag?post=405189"}],"curies":[{"name":"wp","href":"https:\/\/api.w.org\/{rel}","templated":true}]}}