{"id":405753,"date":"2025-06-10T18:32:57","date_gmt":"2025-06-10T17:32:57","guid":{"rendered":"https:\/\/www.moskito.cz\/?post_type=product&#038;p=405753"},"modified":"2026-01-24T10:22:13","modified_gmt":"2026-01-24T09:22:13","slug":"zaviraci-nuz-spyderco-paramilitary-2-maxamet-c81gpdgy2","status":"publish","type":"product","link":"https:\/\/www.moskito.cz\/de\/produkt\/zaviraci-nuz-spyderco-paramilitary-2-maxamet-c81gpdgy2\/","title":{"rendered":"Zav\u00edrac\u00ed N\u016f\u017e Spyderco Paramilitary 2 Maxamet C81GPDGY2"},"content":{"rendered":"<div class=\"flex flex-col text-sm pb-25\">\n<article class=\"text-token-text-primary w-full focus:outline-none [--shadow-height:45px] has-data-writing-block:pointer-events-none has-data-writing-block:-mt-(--shadow-height) has-data-writing-block:pt-(--shadow-height) [&amp;:has([data-writing-block])&gt;*]:pointer-events-auto scroll-mt-[calc(var(--header-height)+min(200px,max(70px,20svh)))]\" dir=\"auto\" tabindex=\"-1\" data-turn-id=\"request-WEB:5a31c067-40a2-49cd-ae2f-6812e8325e34-33\" data-testid=\"conversation-turn-68\" data-scroll-anchor=\"true\" data-turn=\"assistant\">\n<div class=\"text-base my-auto mx-auto pb-10 [--thread-content-margin:--spacing(4)] @w-sm\/main:[--thread-content-margin:--spacing(6)] @w-lg\/main:[--thread-content-margin:--spacing(16)] px-(--thread-content-margin)\">\n<div class=\"[--thread-content-max-width:40rem] @w-lg\/main:[--thread-content-max-width:48rem] mx-auto max-w-(--thread-content-max-width) flex-1 group\/turn-messages focus-visible:outline-hidden relative flex w-full min-w-0 flex-col agent-turn\" tabindex=\"-1\">\n<div class=\"flex max-w-full flex-col grow\">\n<div class=\"min-h-8 text-message relative flex w-full flex-col items-end gap-2 text-start break-words whitespace-normal [.text-message+&amp;]:mt-1\" dir=\"auto\" data-message-author-role=\"assistant\" data-message-id=\"974d1f2d-9ddc-4af3-84c0-405024b236b0\" data-message-model-slug=\"gpt-5-2\">\n<div class=\"flex w-full flex-col gap-1 empty:hidden first:pt-[1px]\">\n<div class=\"markdown prose dark:prose-invert w-full break-words light markdown-new-styling\">\n<p data-start=\"197\" data-end=\"655\">Jakmile \u010depel otev\u0159e\u0161 typick\u00fdm <strong data-start=\"228\" data-end=\"256\">kulat\u00fdm otvorem Spyderco<\/strong> a zajist\u00ed\u0161 ji robustn\u00edm <strong data-start=\"281\" data-end=\"303\">Compression Lockem<\/strong>, okam\u017eit\u011b poc\u00edt\u00ed\u0161 <strong data-start=\"322\" data-end=\"361\">precizn\u00ed kontrolu a hladk\u00fd tah \u0159ezu<\/strong>, kter\u00fd nab\u00edz\u00ed <strong data-start=\"376\" data-end=\"423\">Spyderco Paramilitary 2 Maxamet (C81GPDGY2)<\/strong>. Tento zav\u00edrac\u00ed n\u016f\u017e kombinuje legend\u00e1rn\u00ed ergonomii modelu Paramilitary 2 s <strong data-start=\"499\" data-end=\"534\">extr\u00e9mn\u011b v\u00fdkonnou ocel\u00ed Maxamet<\/strong>, tak\u017ee je p\u0159ipraven na <strong data-start=\"558\" data-end=\"604\">n\u00e1ro\u010dn\u00e9 ka\u017edodenn\u00ed \u00fakoly i intenzivn\u00ed \u0159ezy<\/strong>, kde se o\u010dek\u00e1v\u00e1 vysok\u00e1 v\u00fddr\u017e ost\u0159\u00ed bez kompromis\u016f.<\/p>\n<p data-start=\"657\" data-end=\"853\">Tento model je ur\u010den pro u\u017eivatele, kte\u0159\u00ed cht\u011bj\u00ed <strong data-start=\"706\" data-end=\"726\">\u0161pi\u010dkov\u00fd EDC n\u016f\u017e<\/strong> s d\u016frazem na <strong data-start=\"740\" data-end=\"796\">v\u00fddr\u017e ost\u0159\u00ed, precizn\u00ed \u0159ez a dlouhodobou spolehlivost<\/strong>, a to i p\u0159i opakovan\u00e9m pou\u017e\u00edv\u00e1n\u00ed ve vypjat\u00fdch situac\u00edch.<\/p>\n<hr data-start=\"855\" data-end=\"858\" \/>\n<h2 data-start=\"860\" data-end=\"886\">Charakter a filozofie<\/h2>\n<p data-start=\"887\" data-end=\"1193\"><strong data-start=\"887\" data-end=\"922\">Spyderco Paramilitary 2 Maxamet<\/strong> p\u0159edstavuje filozofii n\u00e1stroje, kter\u00fd je navr\u017een pro <strong data-start=\"976\" data-end=\"1009\">extr\u00e9mn\u00ed v\u00fdkon bez kompromis\u016f<\/strong>. Vych\u00e1z\u00ed z ov\u011b\u0159en\u00e9ho a popul\u00e1rn\u00edho designu Paramilitary 2 \u2014 kompaktn\u00ed, ale p\u0159itom pevn\u00e9 a vyv\u00e1\u017een\u00e9 konstrukce, kter\u00e1 exceluje jak v b\u011b\u017en\u00fdch EDC \u00faloh\u00e1ch, tak i p\u0159i intenzivn\u00edm pou\u017eit\u00ed.<\/p>\n<p data-start=\"1195\" data-end=\"1541\">\u010cepel z <strong data-start=\"1203\" data-end=\"1220\">Maxamet oceli<\/strong> je jednou z nejtvrd\u0161\u00edch a nejv\u00fdkonn\u011bj\u0161\u00edch ocel\u00ed pou\u017e\u00edvan\u00fdch ve v\u00fdrob\u011b no\u017e\u016f. Nab\u00edz\u00ed <strong data-start=\"1304\" data-end=\"1332\">v\u00fdjime\u010dnou retenci ost\u0159\u00ed<\/strong> \u2014 dr\u017e\u00ed ost\u0159\u00ed velmi dlouho i p\u0159i tvrd\u00e9m pou\u017eit\u00ed \u2014 a vysokou odolnost v\u016f\u010di opot\u0159eben\u00ed. To z tohoto proveden\u00ed d\u011bl\u00e1 ide\u00e1ln\u00ed volbu pro u\u017eivatele, kte\u0159\u00ed cht\u011bj\u00ed <strong data-start=\"1487\" data-end=\"1540\">ostrost, kter\u00e1 vydr\u017e\u00ed dlouho bez \u010dast\u00e9ho brou\u0161en\u00ed<\/strong>.<\/p>\n<p data-start=\"1543\" data-end=\"1767\">Black Oxide povrchov\u00e1 \u00faprava \u010depele sni\u017euje odlesky a poskytuje <strong data-start=\"1607\" data-end=\"1662\">nen\u00e1padn\u00fd taktick\u00fd vzhled a solidn\u00ed ochranu povrchu<\/strong>. Ergonomick\u00e1 rukoje\u0165 je navr\u017eena tak, aby padla do ruky a poskytovala <strong data-start=\"1733\" data-end=\"1766\">jist\u00fd \u00fachop i p\u0159i del\u0161\u00ed pr\u00e1ci<\/strong>.<\/p>\n<p data-start=\"1769\" data-end=\"1884\">Compression Lock zaji\u0161\u0165uje pevn\u00e9 a bezpe\u010dn\u00e9 uzam\u010den\u00ed \u010depele a z\u00e1rove\u0148 umo\u017e\u0148uje pohodln\u00e9 <strong data-start=\"1857\" data-end=\"1883\">otev\u00edr\u00e1n\u00ed jednou rukou<\/strong>.<\/p>\n<hr data-start=\"1886\" data-end=\"1889\" \/>\n<h2 data-start=\"1891\" data-end=\"1908\">\ud83c\udfed O v\u00fdrobci<\/h2>\n<p data-start=\"1909\" data-end=\"2215\"><strong data-start=\"1909\" data-end=\"1921\">Spyderco<\/strong> je americk\u00e1 zna\u010dka pat\u0159\u00edc\u00ed mezi sv\u011btovou \u0161pi\u010dku ve v\u00fdrob\u011b kapesn\u00edch no\u017e\u016f. Je zn\u00e1m\u00e1 sv\u00fdm d\u016frazem na <strong data-start=\"2021\" data-end=\"2070\">ergonomii, re\u00e1ln\u00e9 pou\u017eit\u00ed a technick\u00e9 inovace<\/strong>. \u0158ada Paramilitary je jednou z nejuzn\u00e1van\u011bj\u0161\u00edch mezi profesion\u00e1ly i n\u00e1ro\u010dn\u00fdmi u\u017eivateli, a varianta s Maxamet ocel\u00ed tuto reputaci je\u0161t\u011b posouv\u00e1.<\/p>\n<hr data-start=\"2217\" data-end=\"2220\" \/>\n<h2 data-start=\"2222\" data-end=\"2249\">\u2699\ufe0f Technick\u00e9 specifikace<\/h2>\n<div class=\"TyagGW_tableContainer\">\n<div class=\"group TyagGW_tableWrapper flex flex-col-reverse w-fit\" tabindex=\"-1\">\n<table class=\"w-fit min-w-(--thread-content-width)\" data-start=\"2251\" data-end=\"2871\">\n<thead data-start=\"2251\" data-end=\"2273\">\n<tr data-start=\"2251\" data-end=\"2273\">\n<th data-start=\"2251\" data-end=\"2262\" data-col-size=\"sm\">Parametr<\/th>\n<th data-start=\"2262\" data-end=\"2273\" data-col-size=\"md\">Hodnota<\/th>\n<\/tr>\n<\/thead>\n<tbody data-start=\"2294\" data-end=\"2871\">\n<tr data-start=\"2294\" data-end=\"2347\">\n<td data-start=\"2294\" data-end=\"2302\" data-col-size=\"sm\">Model<\/td>\n<td data-start=\"2302\" data-end=\"2347\" data-col-size=\"md\">Spyderco Paramilitary 2 Maxamet C81GPDGY2<\/td>\n<\/tr>\n<tr data-start=\"2348\" data-end=\"2370\">\n<td data-start=\"2348\" data-end=\"2354\" data-col-size=\"sm\">Typ<\/td>\n<td data-start=\"2354\" data-end=\"2370\" data-col-size=\"md\">Zav\u00edrac\u00ed n\u016f\u017e<\/td>\n<\/tr>\n<tr data-start=\"2371\" data-end=\"2405\">\n<td data-start=\"2371\" data-end=\"2387\" data-col-size=\"sm\">Celkov\u00e1 d\u00e9lka<\/td>\n<td data-start=\"2387\" data-end=\"2405\" data-col-size=\"md\">cca 21,5\u201322 cm<\/td>\n<\/tr>\n<tr data-start=\"2406\" data-end=\"2439\">\n<td data-start=\"2406\" data-end=\"2421\" data-col-size=\"sm\">D\u00e9lka \u010depele<\/td>\n<td data-start=\"2421\" data-end=\"2439\" data-col-size=\"md\">cca 8,7\u20139,0 cm<\/td>\n<\/tr>\n<tr data-start=\"2440\" data-end=\"2476\">\n<td data-start=\"2440\" data-end=\"2458\" data-col-size=\"sm\">Tlou\u0161\u0165ka \u010depele<\/td>\n<td data-start=\"2458\" data-end=\"2476\" data-col-size=\"md\">cca 3,5\u20134,0 mm<\/td>\n<\/tr>\n<tr data-start=\"2477\" data-end=\"2520\">\n<td data-start=\"2477\" data-end=\"2495\" data-col-size=\"sm\">Materi\u00e1l \u010depele<\/td>\n<td data-start=\"2495\" data-end=\"2520\" data-col-size=\"md\">Maxamet high-end ocel<\/td>\n<\/tr>\n<tr data-start=\"2521\" data-end=\"2578\">\n<td data-start=\"2521\" data-end=\"2537\" data-col-size=\"sm\">Tvrdost oceli<\/td>\n<td data-start=\"2537\" data-end=\"2578\" data-col-size=\"md\">velmi vysok\u00e1 \u2013 extr\u00e9mn\u00ed retence ost\u0159\u00ed<\/td>\n<\/tr>\n<tr data-start=\"2579\" data-end=\"2607\">\n<td data-start=\"2579\" data-end=\"2593\" data-col-size=\"sm\">Tvar \u010depele<\/td>\n<td data-start=\"2593\" data-end=\"2607\" data-col-size=\"md\">Drop Point<\/td>\n<\/tr>\n<tr data-start=\"2608\" data-end=\"2636\">\n<td data-start=\"2608\" data-end=\"2617\" data-col-size=\"sm\">V\u00fdbrus<\/td>\n<td data-start=\"2617\" data-end=\"2636\" data-col-size=\"md\">Full Flat Grind<\/td>\n<\/tr>\n<tr data-start=\"2637\" data-end=\"2678\">\n<td data-start=\"2637\" data-end=\"2653\" data-col-size=\"sm\">Povrch \u010depele<\/td>\n<td data-start=\"2653\" data-end=\"2678\" data-col-size=\"md\">\u010dern\u00e1 ochrann\u00e1 \u00faprava<\/td>\n<\/tr>\n<tr data-start=\"2679\" data-end=\"2715\">\n<td data-start=\"2679\" data-end=\"2689\" data-col-size=\"sm\">Rukoje\u0165<\/td>\n<td data-start=\"2689\" data-end=\"2715\" data-col-size=\"md\">ergonomick\u00e1 konstrukce<\/td>\n<\/tr>\n<tr data-start=\"2716\" data-end=\"2744\">\n<td data-start=\"2716\" data-end=\"2724\" data-col-size=\"sm\">Z\u00e1mek<\/td>\n<td data-start=\"2724\" data-end=\"2744\" data-col-size=\"md\">Compression Lock<\/td>\n<\/tr>\n<tr data-start=\"2745\" data-end=\"2782\">\n<td data-start=\"2745\" data-end=\"2757\" data-col-size=\"sm\">Otev\u00edr\u00e1n\u00ed<\/td>\n<td data-start=\"2757\" data-end=\"2782\" data-col-size=\"md\">kulat\u00fd otvor Spyderco<\/td>\n<\/tr>\n<tr data-start=\"2783\" data-end=\"2815\">\n<td data-start=\"2783\" data-end=\"2790\" data-col-size=\"sm\">Klip<\/td>\n<td data-start=\"2790\" data-end=\"2815\" data-col-size=\"md\">reverzibiln\u00ed \u2013 tip-up<\/td>\n<\/tr>\n<tr data-start=\"2816\" data-end=\"2838\">\n<td data-start=\"2816\" data-end=\"2827\" data-col-size=\"sm\">Hmotnost<\/td>\n<td data-start=\"2827\" data-end=\"2838\" data-col-size=\"md\">st\u0159edn\u00ed<\/td>\n<\/tr>\n<tr data-start=\"2839\" data-end=\"2871\">\n<td data-start=\"2839\" data-end=\"2848\" data-col-size=\"sm\">V\u00fdroba<\/td>\n<td data-start=\"2848\" data-end=\"2871\" data-col-size=\"md\">precizn\u00ed zpracov\u00e1n\u00ed<\/td>\n<\/tr>\n<\/tbody>\n<\/table>\n<\/div>\n<\/div>\n<hr data-start=\"2873\" data-end=\"2876\" \/>\n<h2 data-start=\"2878\" data-end=\"2896\">\u2705 Hlavn\u00ed v\u00fdhody<\/h2>\n<ul data-start=\"2897\" data-end=\"3214\">\n<li data-start=\"2897\" data-end=\"2969\">\n<p data-start=\"2899\" data-end=\"2969\"><strong data-start=\"2899\" data-end=\"2915\">Ocel Maxamet<\/strong> \u2013 extr\u00e9mn\u00ed retence ost\u0159\u00ed a odolnost v\u016f\u010di opot\u0159eben\u00ed<\/p>\n<\/li>\n<li data-start=\"2970\" data-end=\"3039\">\n<p data-start=\"2972\" data-end=\"3039\">V\u00fdkonn\u00fd a zn\u00e1m\u00fd design Paramilitary 2 \u2013 pohodln\u00fd a vyv\u00e1\u017een\u00fd \u00fachop<\/p>\n<\/li>\n<li data-start=\"3040\" data-end=\"3095\">\n<p data-start=\"3042\" data-end=\"3095\"><strong data-start=\"3042\" data-end=\"3062\">Compression Lock<\/strong> \u2013 velmi bezpe\u010dn\u00fd a hladk\u00fd chod<\/p>\n<\/li>\n<li data-start=\"3096\" data-end=\"3156\">\n<p data-start=\"3098\" data-end=\"3156\">\u010cern\u00e1 \u00faprava \u010depele \u2013 nen\u00e1padn\u00fd vzhled a ochrana povrchu<\/p>\n<\/li>\n<li data-start=\"3157\" data-end=\"3214\">\n<p data-start=\"3159\" data-end=\"3214\">Skv\u011bl\u00e1 kontrola \u0159ezu ve spojen\u00ed s dlouhodob\u00fdm v\u00fdkonem<\/p>\n<\/li>\n<\/ul>\n<hr data-start=\"3216\" data-end=\"3219\" \/>\n<h2 data-start=\"3221\" data-end=\"3240\">\u26a0\ufe0f Mo\u017en\u00e1 omezen\u00ed<\/h2>\n<ul data-start=\"3241\" data-end=\"3437\">\n<li data-start=\"3241\" data-end=\"3317\">\n<p data-start=\"3243\" data-end=\"3317\"><strong data-start=\"3243\" data-end=\"3274\">Maxamet je velmi tvrd\u00e1 ocel<\/strong> \u2013 n\u00e1ro\u010dn\u011bj\u0161\u00ed na brou\u0161en\u00ed ne\u017e m\u011bk\u010d\u00ed oceli<\/p>\n<\/li>\n<li data-start=\"3318\" data-end=\"3371\">\n<p data-start=\"3320\" data-end=\"3371\">Vy\u0161\u0161\u00ed cena odpov\u00edd\u00e1 pou\u017eit\u00fdm pr\u00e9miov\u00fdm materi\u00e1l\u016fm<\/p>\n<\/li>\n<li data-start=\"3372\" data-end=\"3437\">\n<p data-start=\"3374\" data-end=\"3437\">N\u016f\u017e je v\u00edce orientovan\u00fd na v\u00fdkon ne\u017e na minimalistick\u00e9 no\u0161en\u00ed<\/p>\n<\/li>\n<\/ul>\n<hr data-start=\"3439\" data-end=\"3442\" \/>\n<h2 data-start=\"3444\" data-end=\"3464\">\ud83d\udee0\ufe0f \u00dadr\u017eba a p\u00e9\u010de<\/h2>\n<p data-start=\"3465\" data-end=\"3788\">Po pou\u017eit\u00ed \u010depel osu\u0161\u00ed a o\u010disti \u2014 zvl\u00e1\u0161t\u011b pokud byla v kontaktu s vlhkost\u00ed.<br data-start=\"3540\" data-end=\"3543\" \/>Maxamet toleruje vlhk\u00e9 prost\u0159ed\u00ed, ale i tak je vhodn\u00e9 n\u016f\u017e ob\u010das o\u0161et\u0159it a osu\u0161\u00ed.<br data-start=\"3623\" data-end=\"3626\" \/>Pravideln\u011b kontroluj chod z\u00e1mku a hladkost mechanismu.<br data-start=\"3680\" data-end=\"3683\" \/>Ost\u0159\u00ed udr\u017euj brou\u0161en\u00edm podle pot\u0159eby \u2014 i kdy\u017e Maxamet velmi dlouho dr\u017e\u00ed ost\u0159\u00ed, spr\u00e1vn\u00e1 \u00fadr\u017eba je kl\u00ed\u010dov\u00e1.<\/p>\n<hr data-start=\"3790\" data-end=\"3793\" \/>\n<h2 data-start=\"3795\" data-end=\"3833\">\ud83d\udd2a Pro udr\u017een\u00ed ost\u0159\u00ed doporu\u010dujeme<\/h2>\n<p data-start=\"3834\" data-end=\"4229\">Pou\u017e\u00edvat kvalitn\u00ed brusn\u00e9 syst\u00e9my s p\u0159esn\u00fdm veden\u00edm \u00fahlu, <strong data-start=\"3891\" data-end=\"3988\">kter\u00e9 zajist\u00ed spr\u00e1vnou geometrii ost\u0159\u00ed a dlouhodobou ostrost bez zbyte\u010dn\u00e9ho ub\u00edr\u00e1n\u00ed materi\u00e1lu<\/strong>. Pro tento \u00fa\u010del <strong data-start=\"4005\" data-end=\"4092\">doporu\u010dujeme brousek Spyderco Tri-Angle Sharpmaker Complete Sharpening System 204MF<\/strong>, kter\u00fd umo\u017e\u0148uje bezpe\u010dn\u00e9 a velmi p\u0159esn\u00e9 brou\u0161en\u00ed i modern\u00edch pr\u00e9miov\u00fdch ocel\u00ed, jako je <strong data-start=\"4180\" data-end=\"4191\">Maxamet<\/strong>.<br data-start=\"4192\" data-end=\"4195\" \/><strong data-start=\"4195\" data-end=\"4229\">Zakoup\u00edte na na\u0161ich str\u00e1nk\u00e1ch.<\/strong><\/p>\n<hr data-start=\"4231\" data-end=\"4234\" \/>\n<h2 data-start=\"4236\" data-end=\"4256\">\ud83c\udfaf Doporu\u010deno pro<\/h2>\n<ul data-start=\"4257\" data-end=\"4436\">\n<li data-start=\"4257\" data-end=\"4279\">\n<p data-start=\"4259\" data-end=\"4279\">n\u00e1ro\u010dn\u00e9 EDC no\u0161en\u00ed<\/p>\n<\/li>\n<li data-start=\"4280\" data-end=\"4308\">\n<p data-start=\"4282\" data-end=\"4308\">outdoor a taktick\u00e9 \u00fakoly<\/p>\n<\/li>\n<li data-start=\"4309\" data-end=\"4364\">\n<p data-start=\"4311\" data-end=\"4364\">u\u017eivatele hledaj\u00edc\u00ed <strong data-start=\"4331\" data-end=\"4362\">ostr\u00fd, extr\u00e9mn\u011b v\u00fdkonn\u00fd n\u016f\u017e<\/strong><\/p>\n<\/li>\n<li data-start=\"4365\" data-end=\"4436\">\n<p data-start=\"4367\" data-end=\"4436\">profesion\u00e1ly a zku\u0161en\u00e9 u\u017eivatele, kte\u0159\u00ed ocen\u00ed vysokou retenci ost\u0159\u00ed<\/p>\n<\/li>\n<\/ul>\n<hr data-start=\"4438\" data-end=\"4441\" \/>\n<h2 data-start=\"4443\" data-end=\"4469\">\u2b50 Z\u00e1v\u011bre\u010dn\u00e9 hodnocen\u00ed<\/h2>\n<p data-start=\"4470\" data-end=\"4741\"><strong data-start=\"4470\" data-end=\"4515\">Spyderco Paramilitary 2 Maxamet C81GPDGY2<\/strong> je <strong data-start=\"4519\" data-end=\"4544\">\u0161pi\u010dkov\u00fd zav\u00edrac\u00ed n\u016f\u017e<\/strong>, kter\u00fd posouv\u00e1 v\u00fdkon b\u011b\u017en\u00e9ho EDC n\u00e1stroje v\u00fdrazn\u011b v\u00fd\u0161. D\u00edky kombinaci legend\u00e1rn\u00edho designu, ergonomie a extr\u00e9mn\u011b v\u00fdkonn\u00e9 oceli je to n\u016f\u017e, kter\u00fd ti bude spolehliv\u011b slou\u017eit i tam, kde ostatn\u00ed kon\u010d\u00ed.<\/p>\n<p data-start=\"4743\" data-end=\"4821\"><strong data-start=\"4743\" data-end=\"4821\">Paramilitary 2 Maxamet \u2013 v\u00fdkon, retence ost\u0159\u00ed a preciznost bez kompromis\u016f.<\/strong><\/p>\n<\/div>\n<\/div>\n<\/div>\n<\/div>\n<div class=\"z-0 flex min-h-[46px] justify-start\"><\/div>\n<\/div>\n<\/div>\n<\/article>\n<\/div>\n<div class=\"pointer-events-none h-px w-px absolute bottom-0\" aria-hidden=\"true\" data-edge=\"true\"><\/div>\n","protected":false},"excerpt":{"rendered":"<div class=\"flex max-w-full flex-col grow\">\n<div class=\"min-h-8 text-message relative flex w-full flex-col items-end gap-2 text-start break-words whitespace-normal [.text-message+&amp;]:mt-1\" dir=\"auto\" data-message-author-role=\"assistant\" data-message-id=\"974d1f2d-9ddc-4af3-84c0-405024b236b0\" data-message-model-slug=\"gpt-5-2\">\n<div class=\"flex w-full flex-col gap-1 empty:hidden first:pt-[1px]\">\n<div class=\"markdown prose dark:prose-invert w-full break-words light markdown-new-styling\">\n<p data-start=\"4470\" data-end=\"4741\"><strong>Spyderco Paramilitary 2 Maxamet C81GPDGY2 je \u0161pi\u010dkov\u00fd zav\u00edrac\u00ed n\u016f\u017e, kter\u00fd posouv\u00e1 v\u00fdkon b\u011b\u017en\u00e9ho EDC n\u00e1stroje v\u00fdrazn\u011b v\u00fd\u0161. D\u00edky kombinaci legend\u00e1rn\u00edho designu, ergonomie a extr\u00e9mn\u011b v\u00fdkonn\u00e9 oceli je to n\u016f\u017e, kter\u00fd ti bude spolehliv\u011b slou\u017eit i tam, kde ostatn\u00ed kon\u010d\u00ed.<\/strong><\/p>\n<p data-start=\"4743\" data-end=\"4821\"><strong>Paramilitary 2 Maxamet \u2013 v\u00fdkon, retence ost\u0159\u00ed a preciznost bez kompromis\u016f.<\/strong><\/p>\n<\/div>\n<\/div>\n<\/div>\n<\/div>\n<p><strong>Doprava zdarma.<\/strong><\/p>\n","protected":false},"featured_media":405754,"comment_status":"open","ping_status":"closed","template":"","meta":[],"pwb-brand":[567],"product_brand":[],"product_cat":[17,22],"product_tag":[],"class_list":{"0":"post-405753","1":"product","2":"type-product","3":"status-publish","4":"has-post-thumbnail","6":"pwb-brand-spyderco","7":"product_cat-noze","8":"product_cat-zaviraci-noze","10":"first","11":"instock","12":"taxable","13":"shipping-taxable","14":"purchasable","15":"product-type-simple"},"brands":[{"id":567,"name":"Spyderco","slug":"spyderco"}],"_links":{"self":[{"href":"https:\/\/www.moskito.cz\/de\/wp-json\/wp\/v2\/product\/405753","targetHints":{"allow":["GET"]}}],"collection":[{"href":"https:\/\/www.moskito.cz\/de\/wp-json\/wp\/v2\/product"}],"about":[{"href":"https:\/\/www.moskito.cz\/de\/wp-json\/wp\/v2\/types\/product"}],"replies":[{"embeddable":true,"href":"https:\/\/www.moskito.cz\/de\/wp-json\/wp\/v2\/comments?post=405753"}],"wp:featuredmedia":[{"embeddable":true,"href":"https:\/\/www.moskito.cz\/de\/wp-json\/wp\/v2\/media\/405754"}],"wp:attachment":[{"href":"https:\/\/www.moskito.cz\/de\/wp-json\/wp\/v2\/media?parent=405753"}],"wp:term":[{"taxonomy":"pwb-brand","embeddable":true,"href":"https:\/\/www.moskito.cz\/de\/wp-json\/wp\/v2\/pwb-brand?post=405753"},{"taxonomy":"product_brand","embeddable":true,"href":"https:\/\/www.moskito.cz\/de\/wp-json\/wp\/v2\/product_brand?post=405753"},{"taxonomy":"product_cat","embeddable":true,"href":"https:\/\/www.moskito.cz\/de\/wp-json\/wp\/v2\/product_cat?post=405753"},{"taxonomy":"product_tag","embeddable":true,"href":"https:\/\/www.moskito.cz\/de\/wp-json\/wp\/v2\/product_tag?post=405753"}],"curies":[{"name":"wp","href":"https:\/\/api.w.org\/{rel}","templated":true}]}}