{"id":411259,"date":"2025-03-17T13:43:27","date_gmt":"2025-03-17T12:43:27","guid":{"rendered":"https:\/\/www.moskito.cz\/produkt\/beltrame-bueffelhornmesser-28cm\/"},"modified":"2025-06-27T10:46:08","modified_gmt":"2025-06-27T09:46:08","slug":"beltrame-bueffelhornmesser-28cm","status":"publish","type":"product","link":"https:\/\/www.moskito.cz\/de\/produkt\/beltrame-bueffelhornmesser-28cm\/","title":{"rendered":"Beltrame B\u00fcffelhornmesser 28cm"},"content":{"rendered":"<p data-start=\"67\" data-end=\"120\">\ud83d\udd25 <strong data-start=\"70\" data-end=\"118\">Beltrame B\u00fcffelhornmesser 28 cm<\/strong><\/p>\n<p data-start=\"122\" data-end=\"459\">\ud83d\udd2a <strong data-start=\"125\" data-end=\"156\">Beltrame Buffalo Horn 28 cm<\/strong> ist ein ikonisches <strong data-start=\"169\" data-end=\"208\">italienisches Stilettmesser<\/strong> , das <strong data-start=\"226\" data-end=\"299\">traditionelle Handwerkskunst, elegantes Design und pr\u00e4zise Mechanik<\/strong> vereint. Dieses Modell ist mit <strong data-start=\"324\" data-end=\"401\">einer handpolierten Klinge aus rostfreiem Stahl und einem Griff aus echtem B\u00fcffelhorn<\/strong> ausgestattet, was ihm ein exklusives Aussehen und einen einzigartigen Charakter verleiht. <\/p>\n<hr data-start=\"461\" data-end=\"464\">\n<h2 data-start=\"466\" data-end=\"485\">\ud83d\udcd0 Spezifikationen<\/h2>\n<ul data-start=\"486\" data-end=\"835\">\n<li data-start=\"486\" data-end=\"514\"><strong data-start=\"488\" data-end=\"506\">Gesamtl\u00e4nge:<\/strong> 28 cm<\/li>\n<li data-start=\"515\" data-end=\"544\"><strong data-start=\"517\" data-end=\"534\">Klingenl\u00e4nge:<\/strong> 11,5 cm<\/li>\n<li data-start=\"545\" data-end=\"574\"><strong data-start=\"547\" data-end=\"567\">Klingenst\u00e4rke:<\/strong> 3 mm<\/li>\n<li data-start=\"575\" data-end=\"618\"><strong data-start=\"577\" data-end=\"597\">Klingenmaterial:<\/strong> AISI 420 MA5M<\/li>\n<li data-start=\"619\" data-end=\"653\"><strong data-start=\"621\" data-end=\"631\">Kante:<\/strong> Glatte Kante (glatt)<\/li>\n<li data-start=\"654\" data-end=\"683\"><strong data-start=\"656\" data-end=\"672\">Klingenform:<\/strong> Stiletto<\/li>\n<li data-start=\"684\" data-end=\"723\"><strong data-start=\"686\" data-end=\"707\">Oberfl\u00e4chenbeschaffenheit:<\/strong> Polierte Klinge<\/li>\n<li data-start=\"724\" data-end=\"767\"><strong data-start=\"726\" data-end=\"748\">Griffmaterial:<\/strong> Echtes B\u00fcffelhorn<\/li>\n<li data-start=\"768\" data-end=\"811\"><strong data-start=\"770\" data-end=\"780\">Verriegelung:<\/strong> Lockback (herk\u00f6mmliche Sicherung)<\/li>\n<li data-start=\"812\" data-end=\"835\"><strong data-start=\"814\" data-end=\"827\">Gewicht:<\/strong> 150g<\/li>\n<\/ul>\n<hr data-start=\"837\" data-end=\"840\">\n<h2 data-start=\"842\" data-end=\"868\">\ud83c\udfaf Hauptfunktionen<\/h2>\n<p data-start=\"870\" data-end=\"1368\">\u2705 <strong data-start=\"872\" data-end=\"900\">Traditionelle italienische Handwerkskunst<\/strong> \u2013 handgefertigt in Italien von Messermachermeistern.<br data-start=\"941\" data-end=\"944\"> \u2705 <strong data-start=\"946\" data-end=\"981\">Griff aus echtem B\u00fcffelhorn<\/strong> \u2013 jedes St\u00fcck ein Unikat mit einzigartiger Musterung des Materials.<br data-start=\"1037\" data-end=\"1040\"> \u2705 <strong data-start=\"1042\" data-end=\"1081\">Polierte Klinge aus rostfreiem AISI 420 MA5M-Stahl<\/strong> \u2013 ausgezeichnete Korrosionsbest\u00e4ndigkeit und einfaches Sch\u00e4rfen.<br data-start=\"1131\" data-end=\"1134\"> \u2705 <strong data-start=\"1136\" data-end=\"1171\">Schnellverschlussmechanismus<\/strong> \u2013 sofortiges \u00d6ffnen mit einem Druck.<br data-start=\"1210\" data-end=\"1213\"> \u2705 <strong data-start=\"1215\" data-end=\"1239\">Stiletto-Klingenform<\/strong> \u2013 geeignet f\u00fcr pr\u00e4zise Schnitte und eine elegante Optik.<br data-start=\"1286\" data-end=\"1289\"> \u2705 <strong data-start=\"1291\" data-end=\"1318\">Klassische Lockback-Verriegelung<\/strong> \u2013 sicheres und zuverl\u00e4ssiges Klingenverriegelungssystem.<\/p>\n<hr data-start=\"1370\" data-end=\"1373\">\n<h2 data-start=\"1375\" data-end=\"1413\">\ud83d\udcdc Frank Beltrame Markengeschichte<\/h2>\n<p data-start=\"1415\" data-end=\"1674\">Frank Beltrame ist <strong data-start=\"1433\" data-end=\"1468\">ein legend\u00e4rer italienischer Messermacher<\/strong> , der seit den 1950er Jahren f\u00fcr seine Pr\u00e4zisionsarbeit an <strong data-start=\"1499\" data-end=\"1524\">traditionellen Stilettos<\/strong> bekannt ist. Jahre 20 Jahrhundert. Dank <strong data-start=\"1603\" data-end=\"1671\">ihres eleganten Designs, der hochwertigen Verarbeitung und der schnellen Mechanik<\/strong> erfreuen sich diese Messer weltweiter Beliebtheit.<\/p>\n<hr data-start=\"1676\" data-end=\"1679\">\n<h2 data-start=\"1681\" data-end=\"1713\">\u2696\ufe0f Vergleich mit anderen Modellen<\/h2>\n<p data-start=\"1715\" data-end=\"1881\">\ud83d\udd39 <strong data-start=\"1718\" data-end=\"1766\">Beltrame Buffalo Horn vs. Beltrame Stag Horn<\/strong> \u2013 <strong data-start=\"1775\" data-end=\"1788\">Das Stag Horn<\/strong> -Modell hat einen Griff aus Hirschgeweih, w\u00e4hrend <strong data-start=\"1827\" data-end=\"1843\">das Buffalo Horn<\/strong> ein dunkleres, eleganteres Aussehen bietet.<\/p>\n<p data-start=\"1883\" data-end=\"2047\">\ud83d\udd39 <strong data-start=\"1886\" data-end=\"1929\">Beltrame Buffalo Horn vs. AKC Swinguard<\/strong> \u2013 AKC Swinguard hat eine breitere Klinge und eine andere Sicherung, Beltrame ist eine traditionellere Wahl f\u00fcr Liebhaber <strong data-start=\"2022\" data-end=\"2044\">klassischer Stilettos<\/strong> .<\/p>\n<p data-start=\"2049\" data-end=\"2207\">\ud83d\udd39 <strong data-start=\"2052\" data-end=\"2099\">Beltrame Buffalo Horn vs. Benchmade Infidel<\/strong> \u2013 Das Benchmade Infidel ist ein modernes <strong data-start=\"2131\" data-end=\"2142\">OTF-Messer<\/strong> , w\u00e4hrend das Beltrame <strong data-start=\"2169\" data-end=\"2204\">ein Klassiker mit historischem Design<\/strong> bleibt.<\/p>\n<hr data-start=\"2209\" data-end=\"2212\">\n<h2 data-start=\"2214\" data-end=\"2238\">\ud83d\udcdc Verwendung und Zweck<\/h2>\n<p data-start=\"2240\" data-end=\"2489\">\ud83d\udd38 <strong data-start=\"2243\" data-end=\"2265\">Ein Sammlerst\u00fcck<\/strong> \u2013 dank des einzigartigen Materials und der Verarbeitung.<br data-start=\"2319\" data-end=\"2322\"> \ud83d\udd38 <strong data-start=\"2325\" data-end=\"2344\">Stilvolles Accessoire<\/strong> \u2013 das ikonische Messerdesign ist f\u00fcr jeden Enthusiasten geeignet.<br data-start=\"2399\" data-end=\"2402\"> \ud83d\udd38 <strong data-start=\"2405\" data-end=\"2432\">Everyday Carry (EDC)<\/strong> \u2013 ein leichtes und einfach zu tragendes Messer mit eleganter \u00d6ffnung.<\/p>\n<hr data-start=\"2491\" data-end=\"2494\">\n<h2 data-start=\"2496\" data-end=\"2532\">\ud83c\udf92 Zubeh\u00f6r und Packungsinhalt<\/h2>\n<p data-start=\"2534\" data-end=\"2654\">\ud83d\udccc <strong data-start=\"2537\" data-end=\"2560\">Das Paket beinhaltet:<\/strong><br data-start=\"2560\" data-end=\"2563\"> \u2714 <strong data-start=\"2582\" data-end=\"2613\">Beltrame Buffalo Horn 28 cm<\/strong> Wurfmesser<br data-start=\"2613\" data-end=\"2616\"> \u2714 Schutzh\u00fclle<\/p>\n<p data-start=\"2656\" data-end=\"2788\">\ud83d\udccc <strong data-start=\"2659\" data-end=\"2682\">Empfohlenes Zubeh\u00f6r:<\/strong><br data-start=\"2682\" data-end=\"2685\"> \ud83d\udd39 Luxuri\u00f6se Echtledertasche<br data-start=\"2716\" data-end=\"2719\"> \ud83d\udd39 Spezialtuch zum Polieren des Griffs<br data-start=\"2758\" data-end=\"2761\"> \ud83d\udd39 Schutz\u00f6l f\u00fcr die Klinge<\/p>\n<hr data-start=\"2790\" data-end=\"2793\">\n<h2 data-start=\"2795\" data-end=\"2821\">\ud83d\udd27 Wartung und Lebensdauer<\/h2>\n<p data-start=\"2823\" data-end=\"3059\">\ud83d\udd39 <strong data-start=\"2826\" data-end=\"2838\">Reinigung:<\/strong> Wischen Sie die Klinge nach jedem Gebrauch mit einem trockenen Tuch ab und tragen Sie ein Schutz\u00f6l auf.<br data-start=\"2912\" data-end=\"2915\"> \ud83d\udd39 <strong data-start=\"2918\" data-end=\"2931\">Sch\u00e4rfen:<\/strong> Wir empfehlen feine Schleifsteine \u200b\u200boder Keramiksch\u00e4rfer.<br data-start=\"2988\" data-end=\"2991\"> \ud83d\udd39 <strong data-start=\"2994\" data-end=\"3009\">Lagerung:<\/strong> Trocken aufbewahren, idealerweise in einem Koffer.<\/p>\n<hr data-start=\"3061\" data-end=\"3064\">\n<h2 data-start=\"3066\" data-end=\"3096\">\ud83d\udd25 Warum jetzt kaufen?<\/h2>\n<p data-start=\"3098\" data-end=\"3302\">\u2b50 <strong data-start=\"3100\" data-end=\"3138\">Handgefertigt und aus exklusivem Material<\/strong> \u2013 jedes St\u00fcck ist ein Original.<br data-start=\"3163\" data-end=\"3166\"> \ud83c\udf96 <strong data-start=\"3239\" data-end=\"3267\">Traditionelle italienische Qualit\u00e4t<\/strong> \u2013 eine Investition in ein zeitloses Messer.<\/p>\n<hr data-start=\"3304\" data-end=\"3307\">\n<h2 data-start=\"3309\" data-end=\"3322\">\ud83d\udccc Fazit<\/h2>\n<p data-start=\"3324\" data-end=\"3559\"><strong data-start=\"3324\" data-end=\"3355\">Das Beltrame Buffalo Horn 28 cm<\/strong> ist <strong data-start=\"3359\" data-end=\"3412\">ein elegantes, sammelw\u00fcrdiges und stilvolles Klappmesser<\/strong> mit <strong data-start=\"3415\" data-end=\"3460\">einem einzigartigen Griff aus echtem B\u00fcffelhorn<\/strong> . Wenn Sie <strong data-start=\"3476\" data-end=\"3521\">ein klassisches italienisches Messer mit prestigetr\u00e4chtiger Herkunft<\/strong> suchen, ist dieses Modell <strong data-start=\"3538\" data-end=\"3556\">eine hervorragende Wahl<\/strong> ! <\/p>\n<hr data-start=\"3561\" data-end=\"3564\">\n<p data-start=\"3566\" data-end=\"3636\">\ud83d\udd17 <strong data-start=\"3569\" data-end=\"3631\">Bestellen Sie noch heute Ihr Beltrame B\u00fcffelhorn 28 cm!<\/strong> \ud83d\udd25<\/p>\n","protected":false},"excerpt":{"rendered":"<p><strong>Das Beltrame Buffalo Horn 28 cm ist ein elegantes, sammelw\u00fcrdiges und stilvolles Klappmesser mit einem einzigartigen Griff aus echtem B\u00fcffelhorn. Wenn Sie ein klassisches italienisches Messer mit prestigetr\u00e4chtiger Herkunft suchen, ist dieses Modell eine hervorragende Wahl! <\/strong><\/p>\n<p>&nbsp;<\/p>\n","protected":false},"featured_media":397745,"comment_status":"open","ping_status":"closed","template":"","meta":[],"pwb-brand":[3533],"product_brand":[],"product_cat":[3285,3343],"product_tag":[4009],"class_list":{"0":"post-411259","1":"product","2":"type-product","3":"status-publish","4":"has-post-thumbnail","6":"pwb-brand-beltrame-de","7":"product_cat-messer","8":"product_cat-schiesmesser","9":"product_tag-neu","11":"first","12":"instock","13":"taxable","14":"shipping-taxable","15":"purchasable","16":"product-type-simple"},"brands":[{"id":3533,"name":"Beltrame","slug":"beltrame-de"}],"_links":{"self":[{"href":"https:\/\/www.moskito.cz\/de\/wp-json\/wp\/v2\/product\/411259","targetHints":{"allow":["GET"]}}],"collection":[{"href":"https:\/\/www.moskito.cz\/de\/wp-json\/wp\/v2\/product"}],"about":[{"href":"https:\/\/www.moskito.cz\/de\/wp-json\/wp\/v2\/types\/product"}],"replies":[{"embeddable":true,"href":"https:\/\/www.moskito.cz\/de\/wp-json\/wp\/v2\/comments?post=411259"}],"wp:featuredmedia":[{"embeddable":true,"href":"https:\/\/www.moskito.cz\/de\/wp-json\/wp\/v2\/media\/397745"}],"wp:attachment":[{"href":"https:\/\/www.moskito.cz\/de\/wp-json\/wp\/v2\/media?parent=411259"}],"wp:term":[{"taxonomy":"pwb-brand","embeddable":true,"href":"https:\/\/www.moskito.cz\/de\/wp-json\/wp\/v2\/pwb-brand?post=411259"},{"taxonomy":"product_brand","embeddable":true,"href":"https:\/\/www.moskito.cz\/de\/wp-json\/wp\/v2\/product_brand?post=411259"},{"taxonomy":"product_cat","embeddable":true,"href":"https:\/\/www.moskito.cz\/de\/wp-json\/wp\/v2\/product_cat?post=411259"},{"taxonomy":"product_tag","embeddable":true,"href":"https:\/\/www.moskito.cz\/de\/wp-json\/wp\/v2\/product_tag?post=411259"}],"curies":[{"name":"wp","href":"https:\/\/api.w.org\/{rel}","templated":true}]}}