{"id":412033,"date":"2025-06-28T07:35:46","date_gmt":"2025-06-28T06:35:46","guid":{"rendered":"https:\/\/www.moskito.cz\/produkt\/chris-reeve-kleines-sebenza-31-makassar-ebenholz-klappmesser-s31-1116\/"},"modified":"2025-12-09T13:50:47","modified_gmt":"2025-12-09T12:50:47","slug":"chris-reeve-kleines-sebenza-31-makassar-ebenholz-klappmesser-s31-1116","status":"publish","type":"product","link":"https:\/\/www.moskito.cz\/de\/produkt\/chris-reeve-kleines-sebenza-31-makassar-ebenholz-klappmesser-s31-1116\/","title":{"rendered":"Chris Reeve Kleines Sebenza 31 Makassar-Ebenholz-Klappmesser S31-1116"},"content":{"rendered":"<h2 data-pm-slice=\"1 1 []\">\ud83d\uddc2\ufe0f Chris Reeve Small Sebenza 31 \u2013 Makassar-Ebenholz-Inlay | Taschenperfektion mit Holzseele<\/h2>\n<p><strong>Sebenza<\/strong> bedeutet \u201eArbeit\u201c \u2013 und auch im kleineren Format bleibt <strong>das Small Sebenza 31 S31-1116<\/strong> seinem Ruf als kompromissloses Klappmesser treu. Diese elegante und zugleich \u00e4u\u00dferst funktionale Version mit <strong>Makassar-Ebenholz<\/strong> -Einlagen bietet au\u00dfergew\u00f6hnliche Leistung, ikonisches Design und hochwertige Materialien in einem kompakteren Format \u2013 ideal f\u00fcr den Alltag. <\/p>\n<p>Die Klinge besteht aus hochwertigem <strong>CPM MagnaCut<\/strong> -Stahl mit Satin-Finish und vereint hervorragende Verschlei\u00dffestigkeit, Korrosionsbest\u00e4ndigkeit und langanhaltende Sch\u00e4rfe. Der Griff <g id=\"gid_1\">aus 6Al4V-Titan<\/g> mit Holzeinlagen verleiht dem Messer nicht nur \u00e4sthetische Tiefe, sondern auch besseren Halt und eine bessere Ergonomie. Erg\u00e4nzt wird er durch <strong>den Reeve Integral Lock<\/strong> mit Keramikkontakt \u2013 ein bew\u00e4hrtes Schloss, das eine sichere und feste Verriegelung der Klinge gew\u00e4hrleistet.  <\/p>\n<div>\n<hr>\n<\/div>\n<h3>\ud83d\udcd0 Technische Daten:<\/h3>\n<ul data-spread=\"false\">\n<li><strong>Klingenl\u00e4nge:<\/strong> 76 mm (2,99\u2033)<\/li>\n<li><strong>Gesamtl\u00e4nge:<\/strong> 176 mm (6,94\u2033)<\/li>\n<li><strong>L\u00e4nge der geschlossenen Klinge:<\/strong> 100 mm (3,95\u2033)<\/li>\n<li><strong>Klingenst\u00e4rke:<\/strong> 2,9 mm<\/li>\n<li><strong>Klingenmaterial:<\/strong> CPM MagnaCut \u2013 Edelstahl der neuesten Generation<\/li>\n<li><strong>Klingenh\u00e4rte:<\/strong> 63\u201364 HRC<\/li>\n<li><strong>Klingenform:<\/strong> Drop Point<\/li>\n<li><strong>Schliff:<\/strong> Hohlschliff<\/li>\n<li><strong>Klingenoberfl\u00e4che:<\/strong> Satin (handpoliertes Finish)<\/li>\n<li><strong>Griffmaterial:<\/strong> Titan 6Al4V mit Einlagen aus Makassar-Ebenholz<\/li>\n<li><strong>Schloss:<\/strong> Reeve Integral Lock (Rahmenschloss) mit Keramikkontakt<\/li>\n<li><strong>Taschenclip:<\/strong> Titan, rechtsh\u00e4ndig, Tip-Up, versetztes Design<\/li>\n<li><strong>Drehpunkt:<\/strong> Phosphorbronze-Unterlegscheiben<\/li>\n<li><strong>Gewicht:<\/strong> ca. 85\u201390 g<\/li>\n<li><strong>Designer:<\/strong> Chris Reeve<\/li>\n<li><strong>Hergestellt in den USA<\/strong><\/li>\n<\/ul>\n<div>\n<hr>\n<\/div>\n<h3>\ud83d\udfe2 Hauptvorteile:<\/h3>\n<p>\u2705  <strong>Premium MagnaCut-Stahl<\/strong> \u2013 extreme Schnitthaltigkeit, hohe Z\u00e4higkeit, Korrosionsbest\u00e4ndigkeit<br \/>\n\u2705  <strong>Einlage aus Makassar-Ebenholz<\/strong> \u2013 ein wundersch\u00f6nes exotisches Holz, das auch die Griffigkeit verbessert<br \/>\n\u2705  <strong>Klein, aber leistungsstark<\/strong> \u2013 die perfekte Gr\u00f6\u00dfe f\u00fcr EDC ohne Einbu\u00dfen bei der Funktionalit\u00e4t<br \/>\n\u2705  <strong>Reeve Integral Lock<\/strong> \u2013 eines der zuverl\u00e4ssigsten Schl\u00f6sser auf dem Markt, mit einer Keramikschnittstelle<br \/>\n\u2705  <strong>Titankonstruktion<\/strong> \u2013 leicht, robust und korrosions- und verschlei\u00dffest<\/p>\n<div>\n<hr>\n<\/div>\n<h3>\ud83d\udd34 M\u00f6gliche Nachteile:<\/h3>\n<p>\u26a0\ufe0f H\u00f6herer Preis \u2013 entspricht der Qualit\u00e4t der Materialien und der handgefertigten Verarbeitung<br \/>\n\u26a0\ufe0f F\u00fcr Rechtsh\u00e4nder geeignet \u2013 Clip kann f\u00fcr Linksh\u00e4nder nicht umgedreht werden<br \/>\n\u26a0\ufe0f Holzeinlagen \u2013 erfordern eine schonendere Behandlung, nicht f\u00fcr extreme Bedingungen geeignet<\/p>\n<div>\n<hr>\n<\/div>\n<h3>\ud83d\udee0\ufe0f Wartung und Pflege:<\/h3>\n<ul data-spread=\"false\">\n<li><strong>MagnaCut<\/strong> bleibt lange scharf, regelm\u00e4\u00dfiges, sanftes Sch\u00e4rfen gen\u00fcgt.<\/li>\n<li>Makassar-Ebenholz ist ge\u00f6lt \u2013 leicht mit einem feuchten Tuch zu reinigen<\/li>\n<li>Titan- und Satinoberfl\u00e4chen sind pflegeleicht und halten normaler Abnutzung stand<\/li>\n<li>Es wird empfohlen, den Stift gelegentlich zu schmieren und den festen Sitz der Schrauben zu \u00fcberpr\u00fcfen<\/li>\n<\/ul>\n<div>\n<hr>\n<\/div>\n<h3>\u2764\ufe0f Warum magst du ihn?<\/h3>\n<p><strong>Das kleine Sebenza 31 S31-1116<\/strong> ist die perfekte Wahl f\u00fcr alle, die ein kompaktes und dennoch \u00e4u\u00dferst leistungsf\u00e4higes Messer mit luxuri\u00f6ser Verarbeitung suchen. Makassar-Ebenholz verleiht ihm einen unverwechselbaren Look und verbessert die Griffigkeit, w\u00e4hrend die bew\u00e4hrte Titan- und MagnaCut-Konstruktion Sie im Alltag zuverl\u00e4ssig unterst\u00fctzt. Es ist Werkzeug und Schmuckst\u00fcck zugleich \u2013 dezent, sch\u00f6n und \u00e4u\u00dferst funktional.  <\/p>\n<div>\n<hr>\n<\/div>\n<h3>\u2705 Endg\u00fcltige Bewertung<\/h3>\n<p><strong>Das Chris Reeve Small Sebenza 31 \u2013 Macassar Ebony<\/strong> ist ein hochwertiges EDC-Messer f\u00fcr anspruchsvolle Anwender, die Wert auf Leistung und Stil legen. Kleinere Abmessungen bedeuten keine Kompromisse \u2013 es ist eine schlankere, taschenfreundlichere Version eines der weltweit angesehensten Messer. <\/p>\n<div>\n<hr>\n<\/div>\n<p>&nbsp;<\/p>\n","protected":false},"excerpt":{"rendered":"<p><strong>Das kleine Sebenza 31 S31-1116 ist die perfekte Wahl f\u00fcr alle, die ein kompaktes und dennoch \u00e4u\u00dferst leistungsf\u00e4higes Messer mit luxuri\u00f6ser Verarbeitung suchen. Makassar-Ebenholz verleiht ihm einen unverwechselbaren Look und verbessert die Griffigkeit, w\u00e4hrend die bew\u00e4hrte Titan- und MagnaCut-Konstruktion Sie im Alltag zuverl\u00e4ssig unterst\u00fctzt. Es ist Werkzeug und Schmuckst\u00fcck zugleich \u2013 dezent, sch\u00f6n und \u00e4u\u00dferst funktional.  <\/strong><\/p>\n<p><strong>Kostenloser Versand.<\/strong><\/p>\n","protected":false},"featured_media":411999,"comment_status":"open","ping_status":"closed","template":"","meta":[],"pwb-brand":[4050],"product_brand":[],"product_cat":[3285,3303],"product_tag":[],"class_list":{"0":"post-412033","1":"product","2":"type-product","3":"status-publish","4":"has-post-thumbnail","6":"pwb-brand-chris-reeve-messer","7":"product_cat-messer","8":"product_cat-schliesmesser","10":"first","11":"outofstock","12":"taxable","13":"shipping-taxable","14":"purchasable","15":"product-type-simple"},"brands":[{"id":4050,"name":"Chris Reeve Messer","slug":"chris-reeve-messer"}],"_links":{"self":[{"href":"https:\/\/www.moskito.cz\/de\/wp-json\/wp\/v2\/product\/412033","targetHints":{"allow":["GET"]}}],"collection":[{"href":"https:\/\/www.moskito.cz\/de\/wp-json\/wp\/v2\/product"}],"about":[{"href":"https:\/\/www.moskito.cz\/de\/wp-json\/wp\/v2\/types\/product"}],"replies":[{"embeddable":true,"href":"https:\/\/www.moskito.cz\/de\/wp-json\/wp\/v2\/comments?post=412033"}],"wp:featuredmedia":[{"embeddable":true,"href":"https:\/\/www.moskito.cz\/de\/wp-json\/wp\/v2\/media\/411999"}],"wp:attachment":[{"href":"https:\/\/www.moskito.cz\/de\/wp-json\/wp\/v2\/media?parent=412033"}],"wp:term":[{"taxonomy":"pwb-brand","embeddable":true,"href":"https:\/\/www.moskito.cz\/de\/wp-json\/wp\/v2\/pwb-brand?post=412033"},{"taxonomy":"product_brand","embeddable":true,"href":"https:\/\/www.moskito.cz\/de\/wp-json\/wp\/v2\/product_brand?post=412033"},{"taxonomy":"product_cat","embeddable":true,"href":"https:\/\/www.moskito.cz\/de\/wp-json\/wp\/v2\/product_cat?post=412033"},{"taxonomy":"product_tag","embeddable":true,"href":"https:\/\/www.moskito.cz\/de\/wp-json\/wp\/v2\/product_tag?post=412033"}],"curies":[{"name":"wp","href":"https:\/\/api.w.org\/{rel}","templated":true}]}}