{"id":412211,"date":"2025-06-28T08:53:01","date_gmt":"2025-06-28T16:09:10","guid":{"rendered":"https:\/\/www.moskito.cz\/produkt\/chris-reeve-kleines-inkosi-inlay-klappmesser-sin-1126\/"},"modified":"2025-06-28T17:09:10","modified_gmt":"2025-06-28T16:09:10","slug":"chris-reeve-kleines-inkosi-inlay-klappmesser-sin-1126","status":"publish","type":"product","link":"https:\/\/www.moskito.cz\/de\/produkt\/chris-reeve-kleines-inkosi-inlay-klappmesser-sin-1126\/","title":{"rendered":"Chris Reeve Kleines Inkosi Inlay-Klappmesser SIN-1126"},"content":{"rendered":"<h2 data-pm-slice=\"1 1 []\">\ud83d\uddc2\ufe0f Chris Reeve Small Inkosi Insingo \u2013 SIN-1126 | Kompakte Power mit Micarta und Pr\u00e4zisionsklinge<\/h2>\n<p><strong>Das Small Inkosi SIN-1126<\/strong> von <strong>Chris Reeve Knives<\/strong> ist ein kompaktes und dennoch kompromissloses Klappmesser f\u00fcr den Alltag und anspruchsvollere Aufgaben. Sein Name \u2013 <em>Inkosi<\/em> , was \u201eH\u00e4uptling\u201c bedeutet \u2013 ist kein Zufall. Dieses Modell baut auf dem Erfolg des legend\u00e4ren Sebenza auf, bietet aber zus\u00e4tzlich eine robustere Konstruktion, einen verbesserten Verriegelungsmechanismus und optimierte Abmessungen f\u00fcr maximale Man\u00f6vrierf\u00e4higkeit.  <\/p>\n<p>Diese Variante mit <strong>Insingo<\/strong> -Klinge (gebogenes Profil f\u00fcr einen glatten Schnitt), <strong>nat\u00fcrlichen Canvas-Micarta-Einlagen<\/strong> , <strong>doppelten Silberstiften<\/strong> und sandgestrahltem Titangriff bietet eine ausgewogene Kombination <strong>aus Komfort, Haltbarkeit und au\u00dfergew\u00f6hnlicher Ergonomie<\/strong> . Die hochwertige <strong>CPM MagnaCut-<\/strong> Stahlklinge sorgt f\u00fcr \u00fcberragende Schnitthaltigkeit, Korrosionsbest\u00e4ndigkeit und einfache Wartung. <\/p>\n<div>\n<hr>\n<\/div>\n<h3>\ud83d\udcd0 Technische Daten:<\/h3>\n<ul data-spread=\"false\">\n<li><strong>Klingenl\u00e4nge:<\/strong> 71,1 mm (2,8\u2033)<\/li>\n<li><strong>Gesamtl\u00e4nge:<\/strong> 165 mm (6,5 Zoll)<\/li>\n<li><strong>Geschlossene Messerl\u00e4nge:<\/strong> ca. 94 mm<\/li>\n<li><strong>Klingenst\u00e4rke:<\/strong> 3,17 mm<\/li>\n<li><strong>Klingenmaterial:<\/strong> CPM MagnaCut \u2013 Edelstahl h\u00f6chster Qualit\u00e4t<\/li>\n<li><strong>Klingenh\u00e4rte:<\/strong> 63\u201364 HRC<\/li>\n<li><strong>Klingenform:<\/strong> Insingo \u2013 gebogene Schneide f\u00fcr effizientes Schneiden<\/li>\n<li><strong>Schliff:<\/strong> Vollfl\u00e4chiger Schliff<\/li>\n<li><strong>Oberfl\u00e4chenbehandlung der Klinge:<\/strong> Stonewash<\/li>\n<li><strong>Griffmaterial:<\/strong> Titan 6Al4V \u2013 sandgestrahlt, mit nat\u00fcrlichen Canvas Micarta-Einlagen<\/li>\n<li><strong>Griffst\u00e4rke:<\/strong> ca. 9,7 mm ohne Clip<\/li>\n<li><strong>Schloss:<\/strong> Reeve Integral Lock (Rahmen) mit Keramikkontakt<\/li>\n<li><strong>\u00d6ffnung:<\/strong> Doppelte Silberstifte \u2013 f\u00fcr beidseitigen Zugriff<\/li>\n<li><strong>Taschenclip:<\/strong> Titan, rechtsh\u00e4ndig, Tip-Up, versetztes Design<\/li>\n<li><strong>Drehpunkt:<\/strong> Phosphorbronze-Unterlegscheiben mit Schmiernuten<\/li>\n<li><strong>Gewicht:<\/strong> ca. 85 g<\/li>\n<li><strong>Designer:<\/strong> Chris Reeve<\/li>\n<li><strong>Hergestellt in den USA<\/strong><\/li>\n<\/ul>\n<div>\n<hr>\n<\/div>\n<h3>\ud83d\udfe2 Hauptvorteile:<\/h3>\n<p>\u2705  <strong>Insingo-Klinge<\/strong> \u2013 au\u00dfergew\u00f6hnlich praktisch zum Schneiden von Karton, Lebensmitteln und Detailarbeiten<br \/>\n\u2705  <strong>Micarta-Einlagen<\/strong> \u2013 sorgen f\u00fcr besseren Halt, Haltbarkeit und erhalten eine Patina<br \/>\n\u2705  <strong>Kompakte Abmessungen<\/strong> \u2013 ideal f\u00fcr den t\u00e4glichen Gebrauch (EDC)<br \/>\n\u2705  <strong>MagnaCut-Stahl<\/strong> \u2013 hervorragende Kantenlebensdauer, Korrosionsbest\u00e4ndigkeit und Z\u00e4higkeit<br \/>\n\u2705  <strong>Reeve Integral Lock mit Keramikspitze<\/strong> \u2013 reibungsloser Betrieb und lange Lebensdauer<\/p>\n<div>\n<hr>\n<\/div>\n<h3>\ud83d\udd34 M\u00f6gliche Nachteile:<\/h3>\n<p>\u26a0\ufe0f <strong>Kleine Gr\u00f6\u00dfe<\/strong> \u2013 kann f\u00fcr sehr gro\u00dfe H\u00e4nde weniger bequem sein<br \/>\n\u26a0\ufe0f <strong>Clip nur f\u00fcr Rechtsh\u00e4nder<\/strong> \u2013 kann nicht auf die andere Seite gedreht werden<br \/>\n\u26a0\ufe0f <strong>H\u00f6herer Preis<\/strong> \u2013 entspricht der handgefertigten Verarbeitung und den verwendeten Materialien <\/p>\n<div>\n<hr>\n<\/div>\n<h3>\ud83d\udee0\ufe0f Wartung und Pflege:<\/h3>\n<ul data-spread=\"false\">\n<li><strong>CPM MagnaCut<\/strong> : nahezu wartungsfreie Klinge, gute Schnitthaltigkeit, leicht zu erneuern<\/li>\n<li><strong>Micarta<\/strong> : wasser- und verschlei\u00dffest, kann mit Seifenwasser gereinigt werden<\/li>\n<li><strong>Titangriff<\/strong> : pflegeleicht, korrosions- und abriebfest<\/li>\n<li>Es wird empfohlen, den Stift regelm\u00e4\u00dfig zu schmieren und die Schrauben gelegentlich nachzuziehen (Werkzeug im Lieferumfang enthalten).<\/li>\n<\/ul>\n<div>\n<hr>\n<\/div>\n<h3>\u2764\ufe0f Warum magst du ihn?<\/h3>\n<p><strong>Das Small Inkosi SIN-1126<\/strong> ist das ideale Messer f\u00fcr alle, die <strong>ein kleines, aber leistungsstarkes Taschenmesser<\/strong> mit maximaler Zuverl\u00e4ssigkeit suchen. Es ist ein Werkzeug, das allt\u00e4gliche Aufgaben mit Eleganz und Leichtigkeit bew\u00e4ltigt. Dank seiner nat\u00fcrlichen Ergonomie, Micarta-Eins\u00e4tzen und pr\u00e4ziser Mechanik liegt es immer angenehm in der Hand.  <\/p>\n<div>\n<hr>\n<\/div>\n<h3>\u2705 Endg\u00fcltige Bewertung<\/h3>\n<p><strong>Das Chris Reeve Small Inkosi Insingo SIN-1126<\/strong> ist ein erstklassiges EDC-Messer, das <strong>traditionelle Werte, moderne Materialien und erstklassige Handwerkskunst<\/strong> vereint. Kompakt und dennoch au\u00dfergew\u00f6hnlich leistungsstark \u2013 ideal f\u00fcr den t\u00e4glichen Gebrauch und alle, die kompromisslose Qualit\u00e4t verlangen. <\/p>\n<div>\n<hr>\n<\/div>\n<p>&nbsp;<\/p>\n","protected":false},"excerpt":{"rendered":"<p><strong>Das Small Inkosi SIN-1126 ist das ideale Messer f\u00fcr alle, die ein kleines, aber leistungsstarkes Taschenmesser mit maximaler Zuverl\u00e4ssigkeit suchen. Es ist ein Werkzeug, das allt\u00e4gliche Aufgaben mit Eleganz und Leichtigkeit bew\u00e4ltigt. Dank seiner nat\u00fcrlichen Ergonomie, Micarta-Eins\u00e4tzen und pr\u00e4ziser Mechanik liegt es immer angenehm in der Hand.  <\/strong><\/p>\n<p><strong>Kostenloser Versand.<\/strong><\/p>\n","protected":false},"featured_media":412162,"comment_status":"open","ping_status":"closed","template":"","meta":[],"pwb-brand":[4050],"product_brand":[],"product_cat":[3285,3303],"product_tag":[],"class_list":{"0":"post-412211","1":"product","2":"type-product","3":"status-publish","4":"has-post-thumbnail","6":"pwb-brand-chris-reeve-messer","7":"product_cat-messer","8":"product_cat-schliesmesser","10":"first","11":"instock","12":"taxable","13":"shipping-taxable","14":"purchasable","15":"product-type-simple"},"brands":[{"id":4050,"name":"Chris Reeve Messer","slug":"chris-reeve-messer"}],"_links":{"self":[{"href":"https:\/\/www.moskito.cz\/de\/wp-json\/wp\/v2\/product\/412211","targetHints":{"allow":["GET"]}}],"collection":[{"href":"https:\/\/www.moskito.cz\/de\/wp-json\/wp\/v2\/product"}],"about":[{"href":"https:\/\/www.moskito.cz\/de\/wp-json\/wp\/v2\/types\/product"}],"replies":[{"embeddable":true,"href":"https:\/\/www.moskito.cz\/de\/wp-json\/wp\/v2\/comments?post=412211"}],"wp:featuredmedia":[{"embeddable":true,"href":"https:\/\/www.moskito.cz\/de\/wp-json\/wp\/v2\/media\/412162"}],"wp:attachment":[{"href":"https:\/\/www.moskito.cz\/de\/wp-json\/wp\/v2\/media?parent=412211"}],"wp:term":[{"taxonomy":"pwb-brand","embeddable":true,"href":"https:\/\/www.moskito.cz\/de\/wp-json\/wp\/v2\/pwb-brand?post=412211"},{"taxonomy":"product_brand","embeddable":true,"href":"https:\/\/www.moskito.cz\/de\/wp-json\/wp\/v2\/product_brand?post=412211"},{"taxonomy":"product_cat","embeddable":true,"href":"https:\/\/www.moskito.cz\/de\/wp-json\/wp\/v2\/product_cat?post=412211"},{"taxonomy":"product_tag","embeddable":true,"href":"https:\/\/www.moskito.cz\/de\/wp-json\/wp\/v2\/product_tag?post=412211"}],"curies":[{"name":"wp","href":"https:\/\/api.w.org\/{rel}","templated":true}]}}