{"id":412224,"date":"2025-06-28T08:06:09","date_gmt":"2025-06-28T16:09:26","guid":{"rendered":"https:\/\/www.moskito.cz\/produkt\/chris-reeve-grosses-inkosi-klappmesser-lin-1134\/"},"modified":"2025-06-28T17:09:26","modified_gmt":"2025-06-28T16:09:26","slug":"chris-reeve-grosses-inkosi-klappmesser-lin-1134","status":"publish","type":"product","link":"https:\/\/www.moskito.cz\/de\/produkt\/chris-reeve-grosses-inkosi-klappmesser-lin-1134\/","title":{"rendered":"Chris Reeve Gro\u00dfes Inkosi-Klappmesser LIN-1134"},"content":{"rendered":"<h2 data-pm-slice=\"1 1 []\">\ud83d\uddc2\ufe0f Chris Reeve Large Inkosi Tanto \u2013 Micarta Inlay | St\u00e4rke, Stil und Zuverl\u00e4ssigkeit in jedem Detail<\/h2>\n<p>Das <strong>Large Inkosi LIN-1134<\/strong> von <strong>Chris Reeve Knives<\/strong> setzt neue Ma\u00dfst\u00e4be im Klappmesser-Design. \u201eInkosi\u201c bedeutet auf Zulu <strong>\u201eH\u00e4uptling\u201c<\/strong> \u2013 und der Name ist wohlverdient. Es vereint robuste Konstruktion, innovative Details und hochwertige Materialien \u2013 darunter eine <strong>CPM MagnaCut-<\/strong> Superstahlklinge und einen sandgestrahlten Titangriff mit <strong>nat\u00fcrlichen Micarta-<\/strong> Eins\u00e4tzen f\u00fcr besseren Halt.  <\/p>\n<p>Diese Version mit <strong>Tanto-Klinge<\/strong> und <strong>doppelten Silberstiften<\/strong> ist auf maximale Haltbarkeit, Durchschlagskraft und Pr\u00e4zision ausgelegt. Robust und dennoch elegant \u2013 dieses Messer l\u00e4sst Sie auch unter schwierigen Bedingungen nicht im Stich und bewahrt gleichzeitig das minimalistische, funktionale Design, das f\u00fcr die Marke <strong>Chris Reeve<\/strong> typisch ist. <\/p>\n<div>\n<hr>\n<\/div>\n<h3>\ud83d\udcd0 Technische Daten:<\/h3>\n<ul data-spread=\"false\">\n<li><strong>Klingenl\u00e4nge:<\/strong> 91,4 mm (3,6\u2033)<\/li>\n<li><strong>Gesamtl\u00e4nge:<\/strong> 210 mm (8,26\u2033)<\/li>\n<li><strong>Geschlossene Messerl\u00e4nge:<\/strong> ca. 119 mm<\/li>\n<li><strong>Klingenst\u00e4rke:<\/strong> ca. 3,6 mm<\/li>\n<li><strong>Klingenmaterial:<\/strong> CPM MagnaCut \u2013 Edelstahl der neuesten Generation<\/li>\n<li><strong>Klingenh\u00e4rte:<\/strong> 63\u201364 HRC<\/li>\n<li><strong>Klingenform:<\/strong> Tanto \u2013 hervorragend zum Stechen und f\u00fcr pr\u00e4zise Schnitte<\/li>\n<li><strong>Schliff:<\/strong> Kombinierter (R\u00fcckenfase + Hauptkante), \u201eflacher\u201c Stil f\u00fcr hohe Haltbarkeit<\/li>\n<li><strong>Oberfl\u00e4chenbehandlung der Klinge:<\/strong> Stonewash<\/li>\n<li><strong>Griffmaterial:<\/strong> Titan 6Al4V (sandgestrahlt) mit nat\u00fcrlichen Canvas Micarta-Einlagen<\/li>\n<li><strong>Schloss:<\/strong> Reeve Integral Lock (Rahmenschloss) mit Keramikkontakt<\/li>\n<li><strong>Drehpunkt:<\/strong> Phosphorbronze-Unterlegscheiben mit gesch\u00fctztem Schmierkanal<\/li>\n<li><strong>\u00d6ffnung:<\/strong> Doppelte Silberstifte (rechts\/linksh\u00e4ndig)<\/li>\n<li><strong>Taschenclip:<\/strong> Titan, rechtsh\u00e4ndig, Spitze nach oben (typisches Offset-Design)<\/li>\n<li><strong>Gewicht:<\/strong> ca. 125\u2013135 g<\/li>\n<li><strong>Designer:<\/strong> Chris Reeve<\/li>\n<li><strong>Hergestellt in den USA<\/strong><\/li>\n<\/ul>\n<div>\n<hr>\n<\/div>\n<h3>\ud83d\udfe2 Hauptvorteile:<\/h3>\n<p>\u2705  <strong>MagnaCut-Klinge im Tanto-Profil<\/strong> \u2013 perfekte Kombination aus St\u00e4rke und Pr\u00e4zision, hervorragende Haltbarkeit an der Spitze<br \/>\n\u2705  <strong>Micarta-Einlage<\/strong> \u2013 ein nat\u00fcrliches Material, das die Ergonomie verbessert und auch bei N\u00e4sse h\u00e4lt<br \/>\n\u2705  <strong>Reeve Integral Lock mit Keramikkugel<\/strong> \u2013 maximale Sicherheit und lange Lebensdauer<br \/>\n\u2705  <strong>Doppelstift<\/strong> \u2013 f\u00fcr Rechts- und Linksh\u00e4nder gleicherma\u00dfen zug\u00e4nglich<br \/>\n\u2705  <strong>Titankonstruktion<\/strong> \u2013 extrem stark, leicht und langlebig<\/p>\n<div>\n<hr>\n<\/div>\n<h3>\ud83d\udd34 M\u00f6gliche Nachteile:<\/h3>\n<p>\u26a0\ufe0f <strong>Robuste Klinge<\/strong> \u2013 nicht zum feinen Schneiden von Lebensmitteln oder f\u00fcr Detailarbeiten geeignet<br \/>\n\u26a0\ufe0f <strong>H\u00f6herer Preis<\/strong> \u2013 Premium-Materialien und Produktion in den USA<br \/>\n\u26a0\ufe0f <strong>Der Clip kann nicht umgedreht werden<\/strong> \u2013 f\u00fcr Rechtsh\u00e4nder konzipiert <\/p>\n<div>\n<hr>\n<\/div>\n<h3>\ud83d\udee0\ufe0f Wartung und Pflege:<\/h3>\n<ul data-spread=\"false\">\n<li><strong>MagnaCut<\/strong> h\u00e4lt die Schneide perfekt, nur gelegentliches Sch\u00e4rfen mit einem feinen Sch\u00e4rfer gen\u00fcgt.<\/li>\n<li>Einlagen aus nat\u00fcrlichem <strong>Canvas Micarta<\/strong> sind feuchtigkeitsbest\u00e4ndig und erhalten mit der Zeit eine Patina<\/li>\n<li>Der sandgestrahlte Titangriff ist leicht zu reinigen (weiche B\u00fcrste, Wasser, Tuch)<\/li>\n<li>Gelegentliches Schmieren des Stifts und Festziehen der Schrauben wird empfohlen (im Lieferumfang des CRK-Werkzeugs enthalten)<\/li>\n<\/ul>\n<div>\n<hr>\n<\/div>\n<h3>\u2764\ufe0f Warum magst du ihn?<\/h3>\n<p><strong>Inkosi<\/strong> ist ein Messer f\u00fcr alle, die <strong>maximale Leistung in jedem Zentimeter<\/strong> suchen. Die robuste Tanto-Klinge, das nat\u00fcrliche Micarta, der ikonische Verschluss und die einwandfreie Mechanik machen es zu einem erstklassigen Werkzeug f\u00fcr den Alltag, das Gel\u00e4nde und Ihre Sammlung. Es ist ein Messer, dem Sie Tag f\u00fcr Tag vertrauen k\u00f6nnen.  <\/p>\n<div>\n<hr>\n<\/div>\n<h3>\u2705 Endg\u00fcltige Bewertung<\/h3>\n<p><strong>Das Chris Reeve Large Inkosi LIN-1134<\/strong> ist ein Klappmesser, das <strong>funktionale Brutalit\u00e4t<\/strong> mit <strong>eleganter Pr\u00e4zision<\/strong> verbindet. Geeignet f\u00fcr anspruchsvolle Anwender, die Zuverl\u00e4ssigkeit, Langlebigkeit und ein au\u00dfergew\u00f6hnliches Aussehen verlangen. Egal ob auf dem Land, in der Werkstatt oder bei einem Meeting \u2013 das Inkosi ist immer bereit.  <\/p>\n<div>\n<hr>\n<\/div>\n<p>&nbsp;<\/p>\n","protected":false},"excerpt":{"rendered":"<p><strong>Inkosi ist ein Messer f\u00fcr alle, die maximale Leistung in jedem Zentimeter suchen. Die robuste Tanto-Klinge, das nat\u00fcrliche Micarta, der ikonische Verschluss und die einwandfreie Mechanik machen es zu einem erstklassigen Werkzeug f\u00fcr den Alltag, das Gel\u00e4nde und Ihre Sammlung. Es ist ein Messer, dem Sie Tag f\u00fcr Tag vertrauen k\u00f6nnen.  <\/strong><\/p>\n<p><strong>Kostenloser Versand.<\/strong><\/p>\n","protected":false},"featured_media":412039,"comment_status":"open","ping_status":"closed","template":"","meta":[],"pwb-brand":[4050],"product_brand":[],"product_cat":[3285,3303],"product_tag":[],"class_list":{"0":"post-412224","1":"product","2":"type-product","3":"status-publish","4":"has-post-thumbnail","6":"pwb-brand-chris-reeve-messer","7":"product_cat-messer","8":"product_cat-schliesmesser","10":"first","11":"instock","12":"taxable","13":"shipping-taxable","14":"purchasable","15":"product-type-simple"},"brands":[{"id":4050,"name":"Chris Reeve Messer","slug":"chris-reeve-messer"}],"_links":{"self":[{"href":"https:\/\/www.moskito.cz\/de\/wp-json\/wp\/v2\/product\/412224","targetHints":{"allow":["GET"]}}],"collection":[{"href":"https:\/\/www.moskito.cz\/de\/wp-json\/wp\/v2\/product"}],"about":[{"href":"https:\/\/www.moskito.cz\/de\/wp-json\/wp\/v2\/types\/product"}],"replies":[{"embeddable":true,"href":"https:\/\/www.moskito.cz\/de\/wp-json\/wp\/v2\/comments?post=412224"}],"wp:featuredmedia":[{"embeddable":true,"href":"https:\/\/www.moskito.cz\/de\/wp-json\/wp\/v2\/media\/412039"}],"wp:attachment":[{"href":"https:\/\/www.moskito.cz\/de\/wp-json\/wp\/v2\/media?parent=412224"}],"wp:term":[{"taxonomy":"pwb-brand","embeddable":true,"href":"https:\/\/www.moskito.cz\/de\/wp-json\/wp\/v2\/pwb-brand?post=412224"},{"taxonomy":"product_brand","embeddable":true,"href":"https:\/\/www.moskito.cz\/de\/wp-json\/wp\/v2\/product_brand?post=412224"},{"taxonomy":"product_cat","embeddable":true,"href":"https:\/\/www.moskito.cz\/de\/wp-json\/wp\/v2\/product_cat?post=412224"},{"taxonomy":"product_tag","embeddable":true,"href":"https:\/\/www.moskito.cz\/de\/wp-json\/wp\/v2\/product_tag?post=412224"}],"curies":[{"name":"wp","href":"https:\/\/api.w.org\/{rel}","templated":true}]}}