{"id":412280,"date":"2025-05-22T13:03:06","date_gmt":"2025-06-29T07:42:20","guid":{"rendered":"https:\/\/www.moskito.cz\/produkt\/crkt-mcglaun-du-hoc-deadbolt-2635-klappmesser-karambit\/"},"modified":"2025-06-29T08:42:20","modified_gmt":"2025-06-29T07:42:20","slug":"crkt-mcglaun-du-hoc-deadbolt-2635-klappmesser-karambit","status":"publish","type":"product","link":"https:\/\/www.moskito.cz\/de\/produkt\/crkt-mcglaun-du-hoc-deadbolt-2635-klappmesser-karambit\/","title":{"rendered":"CRKT McGlaun Du Hoc Deadbolt 2635 Klappmesser Karambit"},"content":{"rendered":"<p data-pm-slice=\"1 1 []\"><strong>Das CRKT Du Hoc Deadbolt 2635<\/strong> Klappmesser ist ein einzigartiges Karambit, entworfen von Austin McGlaun. Es ist Teil des <em>Forged by War-<\/em> Programms, das Soldaten wie McGlauns Onkel w\u00fcrdigt, die an der Landung in der Normandie teilnahmen. Dieses Messer kombiniert die traditionelle Karambit-Form mit modernen Technologien und Materialien.  <\/p>\n<div>\n<hr>\n<\/div>\n<h3>\ud83d\udd27 Schl\u00fcsselparameter<\/h3>\n<ul data-spread=\"false\">\n<li><strong>Gesamtl\u00e4nge (offen)<\/strong> : 24,2 cm<\/li>\n<li><strong>Klingenl\u00e4nge<\/strong> : 9,2 cm<\/li>\n<li><strong>Klingenst\u00e4rke<\/strong> : 4 mm<\/li>\n<li><strong>Klingenmaterial<\/strong> : D2 (Werkzeugstahl)<\/li>\n<li><strong>Klingenh\u00e4rte<\/strong> : 58\u201360 HRC<\/li>\n<li><strong>Klingenform<\/strong> : Modifizierter Hawkbill<\/li>\n<li><strong>Klingenoberfl\u00e4che<\/strong> : Schwarze Pulverbeschichtung<\/li>\n<li><strong>Griffmaterial<\/strong> : G10 (strukturierter Verbundwerkstoff)<\/li>\n<li><strong>Gewicht<\/strong> : 238 g<\/li>\n<li><strong>Schlie\u00dfmechanismus<\/strong> : Riegelschloss<\/li>\n<li><strong>\u00d6ffnungssystem<\/strong> : Unterst\u00fctztes \u00d6ffnen mit Flipper oder Daumenstift<\/li>\n<li><strong>G\u00fcrtelclip<\/strong> : Ja, Kippposition f\u00fcr Rechtsh\u00e4nder<\/li>\n<li><strong>Herkunftsland<\/strong> : China<\/li>\n<li><strong>Designer<\/strong> : Austin McGlaun<\/li>\n<\/ul>\n<div>\n<hr>\n<\/div>\n<h3>\u2705 Vorteile<\/h3>\n<ul data-spread=\"false\">\n<li><strong>Starker Verriegelungsmechanismus<\/strong> : Das Riegelschloss bietet hervorragenden Widerstand gegen axiale Kr\u00e4fte und gew\u00e4hrleistet so eine sichere Verwendung auch bei schwerer Belastung.<\/li>\n<li><strong>Schnelles und einfaches \u00d6ffnen<\/strong> : Das unterst\u00fctzte \u00d6ffnen mit einem Flipper oder Daumenstift erm\u00f6glicht ein schnelles Entfalten des Messers.<\/li>\n<li><strong>Ergonomisches Design<\/strong> : Der G10-Griff mit strukturierter Oberfl\u00e4che sorgt f\u00fcr einen festen und bequemen Halt, auch in Stresssituationen oder beim Tragen von Handschuhen.<\/li>\n<li><strong>Langlebige Materialien<\/strong> : D2-Stahl mit einer H\u00e4rte von 58\u201360 HRC bietet hervorragende Schneideigenschaften und Verschlei\u00dffestigkeit.<\/li>\n<li><strong>Unterst\u00fctzung f\u00fcr wohlt\u00e4tige Zwecke<\/strong> : Ein Teil des Erl\u00f6ses aus dem Verkauf dieses Messers geht an die Organisation Idaho Backcountry Veterans.<\/li>\n<\/ul>\n<div>\n<hr>\n<\/div>\n<h3>\u274c Nachteile<\/h3>\n<ul data-spread=\"false\">\n<li><strong>Spezifische Klingenform<\/strong> : Die Form eines Karambits ist f\u00fcr einige Aufgaben, bei denen ein gerader Schnitt erforderlich ist, m\u00f6glicherweise weniger vielseitig.<\/li>\n<li><strong>H\u00f6heres Gewicht<\/strong> : Das Gewicht von 238 g ist f\u00fcr manche Benutzer m\u00f6glicherweise zu schwer, um es t\u00e4glich mit sich herumzutragen.<\/li>\n<li><strong>Eingeschr\u00e4nkte Tragem\u00f6glichkeiten<\/strong> : Der Clip ist nur f\u00fcr Rechtsh\u00e4nder konzipiert und bietet nur eine Kippposition.<\/li>\n<\/ul>\n<div>\n<hr>\n<\/div>\n<h3>\ud83d\udee0\ufe0f Wartung und Pflege<\/h3>\n<ul data-spread=\"false\">\n<li><strong>Sch\u00e4rfen<\/strong> : D2-Stahl ist verschlei\u00dffest, kann aber anf\u00e4lliger f\u00fcr Rost sein. Es wird empfohlen, die Klinge regelm\u00e4\u00dfig zu pflegen und das Messer vor Feuchtigkeit zu sch\u00fctzen. <\/li>\n<li><strong>Griffpflege<\/strong> : Der G10-Griff ist langlebig und leicht zu reinigen. Um sein Aussehen und seine Funktionalit\u00e4t zu erhalten, wird empfohlen, Schmutz und Fett regelm\u00e4\u00dfig zu entfernen. <\/li>\n<\/ul>\n<div>\n<hr>\n<\/div>\n<h3>\u2764\ufe0f Emotionale Anziehungskraft<\/h3>\n<p><strong>Das CRKT Du Hoc Deadbolt 2635<\/strong> ist mehr als nur ein Werkzeug \u2013 es ist eine Hommage an den Heldenmut und Mut der Soldaten, die an der Landung in der Normandie teilnahmen. Sein Design und seine Funktionalit\u00e4t spiegeln die Entschlossenheit und St\u00e4rke wider, die zum \u00dcberleben und Erfolg unter rauen Bedingungen erforderlich sind. Dieses Messer ist der ideale Begleiter f\u00fcr alle, die ein zuverl\u00e4ssiges und leistungsstarkes Werkzeug mit tiefer historischer Bedeutung suchen.  <\/p>\n<div>\n<hr>\n<\/div>\n<h3>\ud83d\udd04 Vergleich mit anderen Modellen<\/h3>\n<table>\n<tbody>\n<tr>\n<th>Modell<\/th>\n<th>CRKT Du Hoc Deadbolt 2635<\/th>\n<th>CRKT McGlaun Du Hoc Fixed<\/th>\n<th>CRKT McGlaun Du Hoc Mini<\/th>\n<\/tr>\n<tr>\n<td><strong>Messertyp<\/strong><\/td>\n<td>Klappbares Karambit<\/td>\n<td>Massives Karambit<\/td>\n<td>Massives Karambit<\/td>\n<\/tr>\n<tr>\n<td><strong>Klingenl\u00e4nge<\/strong><\/td>\n<td>9,2 cm<\/td>\n<td>15,2 cm<\/td>\n<td>7,6 cm<\/td>\n<\/tr>\n<tr>\n<td><strong>Klingenmaterial<\/strong><\/td>\n<td>D2<\/td>\n<td>D2<\/td>\n<td>D2<\/td>\n<\/tr>\n<tr>\n<td><strong>Griffmaterial<\/strong><\/td>\n<td>G10<\/td>\n<td>G10<\/td>\n<td>G10<\/td>\n<\/tr>\n<tr>\n<td><strong>Verriegelungsmechanismus<\/strong><\/td>\n<td>Riegelschloss<\/td>\n<td>Es gibt keine<\/td>\n<td>Es gibt keine<\/td>\n<\/tr>\n<tr>\n<td><strong>Gewicht<\/strong><\/td>\n<td>238 g<\/td>\n<td>283 g<\/td>\n<td>142 g<\/td>\n<\/tr>\n<tr>\n<td><strong>Preis<\/strong><\/td>\n<td>Medium<\/td>\n<td>Hoch<\/td>\n<td>Niedrig<\/td>\n<\/tr>\n<\/tbody>\n<\/table>\n<p><strong>Fazit<\/strong> : \u2026F\u00fcr diejenigen, die eine feststehende Klinge oder eine kompaktere Option bevorzugen, sind <strong data-start=\"83\" data-end=\"112\">das CRKT McGlaun Du Hoc Fixed<\/strong> f\u00fcr maximale Robustheit oder <strong data-start=\"144\" data-end=\"159\">das Du Hoc Mini<\/strong> als leichtere Alternative zum diskreten Tragen m\u00f6glicherweise besser geeignet.<\/p>\n","protected":false},"excerpt":{"rendered":"<p><strong>Wer eine feststehende Klinge oder eine kompaktere Variante bevorzugt, f\u00fcr den sind das CRKT McGlaun Du Hoc Fixed f\u00fcr maximale Robustheit oder das Du Hoc Mini als leichtere Alternative zum diskreten Tragen m\u00f6glicherweise besser geeignet.<\/strong><\/p>\n<p><strong>Kostenloser Versand.<\/strong><\/p>\n","protected":false},"featured_media":403727,"comment_status":"open","ping_status":"closed","template":"","meta":[],"pwb-brand":[3457],"product_brand":[],"product_cat":[3303,3363,3285],"product_tag":[],"class_list":{"0":"post-412280","1":"product","2":"type-product","3":"status-publish","4":"has-post-thumbnail","6":"pwb-brand-crkt-de","7":"product_cat-schliesmesser","8":"product_cat-karambits-de","9":"product_cat-messer","11":"first","12":"instock","13":"sale","14":"taxable","15":"shipping-taxable","16":"purchasable","17":"product-type-simple"},"brands":[{"id":3457,"name":"CRKT","slug":"crkt-de"}],"_links":{"self":[{"href":"https:\/\/www.moskito.cz\/de\/wp-json\/wp\/v2\/product\/412280","targetHints":{"allow":["GET"]}}],"collection":[{"href":"https:\/\/www.moskito.cz\/de\/wp-json\/wp\/v2\/product"}],"about":[{"href":"https:\/\/www.moskito.cz\/de\/wp-json\/wp\/v2\/types\/product"}],"replies":[{"embeddable":true,"href":"https:\/\/www.moskito.cz\/de\/wp-json\/wp\/v2\/comments?post=412280"}],"wp:featuredmedia":[{"embeddable":true,"href":"https:\/\/www.moskito.cz\/de\/wp-json\/wp\/v2\/media\/403727"}],"wp:attachment":[{"href":"https:\/\/www.moskito.cz\/de\/wp-json\/wp\/v2\/media?parent=412280"}],"wp:term":[{"taxonomy":"pwb-brand","embeddable":true,"href":"https:\/\/www.moskito.cz\/de\/wp-json\/wp\/v2\/pwb-brand?post=412280"},{"taxonomy":"product_brand","embeddable":true,"href":"https:\/\/www.moskito.cz\/de\/wp-json\/wp\/v2\/product_brand?post=412280"},{"taxonomy":"product_cat","embeddable":true,"href":"https:\/\/www.moskito.cz\/de\/wp-json\/wp\/v2\/product_cat?post=412280"},{"taxonomy":"product_tag","embeddable":true,"href":"https:\/\/www.moskito.cz\/de\/wp-json\/wp\/v2\/product_tag?post=412280"}],"curies":[{"name":"wp","href":"https:\/\/api.w.org\/{rel}","templated":true}]}}