{"id":417468,"date":"2025-07-12T17:08:06","date_gmt":"2025-07-12T16:08:06","guid":{"rendered":"https:\/\/www.moskito.cz\/?post_type=product&#038;p=417468"},"modified":"2025-09-12T16:58:33","modified_gmt":"2025-09-12T15:58:33","slug":"zaviraci-nuz-poikilo-futuristic-series-al-khem-standard-01","status":"publish","type":"product","link":"https:\/\/www.moskito.cz\/de\/produkt\/zaviraci-nuz-poikilo-futuristic-series-al-khem-standard-01\/","title":{"rendered":"Zav\u00edrac\u00ed N\u016f\u017e Poikilo Futuristic Series Al Khem Standard 01"},"content":{"rendered":"<h3 data-start=\"40\" data-end=\"165\">Zav\u00edrac\u00ed n\u016f\u017e Poikilo Futuristic Series Al Khem \u2013 Standard 01 \u2013 Revolu\u010dn\u00ed design, \u0161pi\u010dkov\u00e9 materi\u00e1ly a precizn\u00ed zpracov\u00e1n\u00ed<\/h3>\n<p data-start=\"167\" data-end=\"522\"><strong data-start=\"167\" data-end=\"218\">Poikilo Futuristic Series Al Khem \u2013 Standard 01<\/strong> p\u0159edstavuje unik\u00e1tn\u00ed zav\u00edrac\u00ed n\u016f\u017e, kter\u00fd kombinuje futuristick\u00fd design s inovativn\u00ed konstrukc\u00ed a vysoce kvalitn\u00edmi materi\u00e1ly. Tento model je ur\u010den p\u0159edev\u0161\u00edm pro sb\u011bratele a nad\u0161ence, kte\u0159\u00ed cht\u011bj\u00ed m\u00edt ve sv\u00e9 sb\u00edrce kousek, kter\u00fd zaujme nejen funk\u010dnost\u00ed, ale i estetick\u00fdm pojet\u00edm a technickou dokonalost\u00ed.<\/p>\n<hr data-start=\"524\" data-end=\"527\" \/>\n<h3 data-start=\"529\" data-end=\"550\">O v\u00fdrobci Poikilo<\/h3>\n<p data-start=\"552\" data-end=\"942\">Poikilo je zna\u010dka zam\u011b\u0159en\u00e1 na tvorbu exkluzivn\u00edch no\u017e\u016f s futuristick\u00fdm n\u00e1dechem, \u010dasto vyu\u017e\u00edvaj\u00edc\u00edch inovativn\u00ed mechanismy a pr\u00e9miov\u00e9 materi\u00e1ly. Zna\u010dka se rychle prosazuje mezi sb\u011brateli a milovn\u00edky origin\u00e1ln\u00edch kousk\u016f, proto\u017ee ka\u017ed\u00fd model nab\u00edz\u00ed nejen funk\u010dnost, ale tak\u00e9 v\u00fdrazn\u00fd um\u011bleck\u00fd a technick\u00fd prvek. V\u00fdroba prob\u00edh\u00e1 s d\u016frazem na preciznost a kvalitu, co\u017e se odr\u00e1\u017e\u00ed v ka\u017ed\u00e9m detailu.<\/p>\n<hr data-start=\"944\" data-end=\"947\" \/>\n<h3 data-start=\"949\" data-end=\"977\">\ud83d\udcd0 Technick\u00e9 specifikace<\/h3>\n<ul data-start=\"979\" data-end=\"1510\">\n<li data-start=\"979\" data-end=\"1041\">\n<p data-start=\"981\" data-end=\"1041\"><strong data-start=\"981\" data-end=\"991\">Model:<\/strong> Poikilo Futuristic Series Al Khem \u2013 Standard 01<\/p>\n<\/li>\n<li data-start=\"1042\" data-end=\"1071\">\n<p data-start=\"1044\" data-end=\"1071\"><strong data-start=\"1044\" data-end=\"1062\">Celkov\u00e1 d\u00e9lka:<\/strong> 253 mm<\/p>\n<\/li>\n<li data-start=\"1072\" data-end=\"1108\">\n<p data-start=\"1074\" data-end=\"1108\"><strong data-start=\"1074\" data-end=\"1099\">D\u00e9lka zav\u0159en\u00e9ho no\u017ee:<\/strong> 138 mm<\/p>\n<\/li>\n<li data-start=\"1109\" data-end=\"1137\">\n<p data-start=\"1111\" data-end=\"1137\"><strong data-start=\"1111\" data-end=\"1128\">D\u00e9lka \u010depele:<\/strong> 115 mm<\/p>\n<\/li>\n<li data-start=\"1138\" data-end=\"1188\">\n<p data-start=\"1140\" data-end=\"1188\"><strong data-start=\"1140\" data-end=\"1160\">Materi\u00e1l \u010depele:<\/strong> B\u00f6hler M390 nerezov\u00e1 ocel<\/p>\n<\/li>\n<li data-start=\"1189\" data-end=\"1243\">\n<p data-start=\"1191\" data-end=\"1243\"><strong data-start=\"1191\" data-end=\"1219\">Povrchov\u00e1 \u00faprava \u010depele:<\/strong> Pearlescent Stonewash<\/p>\n<\/li>\n<li data-start=\"1244\" data-end=\"1275\">\n<p data-start=\"1246\" data-end=\"1275\"><strong data-start=\"1246\" data-end=\"1266\">Tlou\u0161\u0165ka \u010depele:<\/strong> 7,5 mm<\/p>\n<\/li>\n<li data-start=\"1276\" data-end=\"1312\">\n<p data-start=\"1278\" data-end=\"1312\"><strong data-start=\"1278\" data-end=\"1294\">Tvar \u010depele:<\/strong> D\u00fdkov\u00fd (Dagger)<\/p>\n<\/li>\n<li data-start=\"1313\" data-end=\"1357\">\n<p data-start=\"1315\" data-end=\"1357\"><strong data-start=\"1315\" data-end=\"1337\">Materi\u00e1l rukojeti:<\/strong> Titan (Ti-6Al-4V)<\/p>\n<\/li>\n<li data-start=\"1358\" data-end=\"1414\">\n<p data-start=\"1360\" data-end=\"1414\"><strong data-start=\"1360\" data-end=\"1390\">Povrchov\u00e1 \u00faprava rukojeti:<\/strong> Pearlescent Stonewash<\/p>\n<\/li>\n<li data-start=\"1415\" data-end=\"1461\">\n<p data-start=\"1417\" data-end=\"1461\"><strong data-start=\"1417\" data-end=\"1427\">Z\u00e1mek:<\/strong> Gravity lock s oto\u010dn\u00fdmi krou\u017eky<\/p>\n<\/li>\n<li data-start=\"1462\" data-end=\"1485\">\n<p data-start=\"1464\" data-end=\"1485\"><strong data-start=\"1464\" data-end=\"1477\">Hmotnost:<\/strong> 396 g<\/p>\n<\/li>\n<li data-start=\"1486\" data-end=\"1510\">\n<p data-start=\"1488\" data-end=\"1510\"><strong data-start=\"1488\" data-end=\"1500\">V\u00fdrobce:<\/strong> Poikilo<\/p>\n<\/li>\n<\/ul>\n<hr data-start=\"1512\" data-end=\"1515\" \/>\n<h3 data-start=\"1517\" data-end=\"1537\">\ud83d\udfe2 Hlavn\u00ed v\u00fdhody<\/h3>\n<p data-start=\"1539\" data-end=\"1752\">\u2705 <strong data-start=\"1541\" data-end=\"1563\">Inovativn\u00ed design:<\/strong> Model Al Khem se m\u016f\u017ee pochlubit origin\u00e1ln\u00edm d\u00fdkov\u00fdm tvarem \u010depele a unik\u00e1tn\u00edm otev\u00edrac\u00edm mechanismem pomoc\u00ed oto\u010dn\u00fdch krou\u017ek\u016f, co\u017e zaji\u0161\u0165uje nejen efektivitu, ale i zaj\u00edmav\u00fd vizu\u00e1ln\u00ed dojem.<\/p>\n<p data-start=\"1754\" data-end=\"1968\">\u2705 <strong data-start=\"1756\" data-end=\"1779\">Pr\u00e9miov\u00e9 materi\u00e1ly:<\/strong> \u010cepel z B\u00f6hler M390 je zn\u00e1m\u00e1 svou v\u00fdjime\u010dnou tvrdost\u00ed, odolnost\u00ed v\u016f\u010di opot\u0159eben\u00ed a korozi, co\u017e ji \u010din\u00ed vhodnou i pro n\u00e1ro\u010dn\u00e9 \u00fakoly. Titanov\u00e1 rukoje\u0165 dod\u00e1v\u00e1 no\u017ei lehkost a vysokou odolnost.<\/p>\n<p data-start=\"1970\" data-end=\"2126\">\u2705 <strong data-start=\"1972\" data-end=\"1996\">Precizn\u00ed zpracov\u00e1n\u00ed:<\/strong> Povrchov\u00e1 \u00faprava stonewash s perle\u0165ov\u00fdm n\u00e1dechem podtrhuje exkluzivitu no\u017ee, zat\u00edmco konstrukce zaji\u0161\u0165uje pevnost a spolehlivost.<\/p>\n<p data-start=\"2128\" data-end=\"2259\">\u2705 <strong data-start=\"2130\" data-end=\"2145\">Bezpe\u010dnost:<\/strong> Gravity lock mechanismus s oto\u010dn\u00fdmi krou\u017eky bezpe\u010dn\u011b uzamyk\u00e1 \u010depel a z\u00e1rove\u0148 umo\u017e\u0148uje rychl\u00e9 a plynul\u00e9 otev\u00edr\u00e1n\u00ed.<\/p>\n<hr data-start=\"2261\" data-end=\"2264\" \/>\n<h3 data-start=\"2266\" data-end=\"2287\">\ud83d\udd34 Mo\u017en\u00e9 nev\u00fdhody<\/h3>\n<p data-start=\"2289\" data-end=\"2404\">\u26a0\ufe0f <strong data-start=\"2292\" data-end=\"2311\">Vy\u0161\u0161\u00ed hmotnost:<\/strong> V\u00e1ha 396 gram\u016f m\u016f\u017ee b\u00fdt pro n\u011bkter\u00e9 u\u017eivatele p\u0159\u00edli\u0161n\u00e1, zejm\u00e9na pokud hledaj\u00ed lehk\u00fd EDC n\u016f\u017e.<\/p>\n<p data-start=\"2406\" data-end=\"2527\">\u26a0\ufe0f <strong data-start=\"2409\" data-end=\"2431\">Netradi\u010dn\u00ed design:<\/strong> Futuristick\u00fd styl a konstrukce nemus\u00ed vyhovovat v\u0161em, zejm\u00e9na pokud preferujete klasick\u00e9 tvary.<\/p>\n<p data-start=\"2529\" data-end=\"2648\">\u26a0\ufe0f <strong data-start=\"2532\" data-end=\"2559\">Vy\u0161\u0161\u00ed n\u00e1roky na \u00fadr\u017ebu:<\/strong> Komplexn\u00ed mechanismus a pou\u017eit\u00ed pr\u00e9miov\u00fdch materi\u00e1l\u016f vy\u017eaduj\u00ed pravidelnou p\u00e9\u010di a \u00fadr\u017ebu.<\/p>\n<hr data-start=\"2650\" data-end=\"2653\" \/>\n<h3 data-start=\"2655\" data-end=\"2680\">\ud83d\udee0\ufe0f \u00dadr\u017eba a brou\u0161en\u00ed<\/h3>\n<p data-start=\"2682\" data-end=\"2868\">Pro zachov\u00e1n\u00ed perfektn\u00ed funk\u010dnosti no\u017ee Poikilo Al Khem doporu\u010dujeme pravideln\u011b \u010distit \u010depel a rukoje\u0165, mazat mechanismus kvalitn\u00edm olejem a skladovat n\u016f\u017e v suchu, aby nedo\u0161lo ke korozi.<\/p>\n<p data-start=\"2870\" data-end=\"2954\">Na brou\u0161en\u00ed \u010depele z oceli B\u00f6hler M390 je vhodn\u00e9 pou\u017e\u00edt kvalitn\u00ed brousky, nap\u0159\u00edklad:<\/p>\n<p data-start=\"2956\" data-end=\"3156\">\ud83d\udd27 <strong data-start=\"2959\" data-end=\"3058\"><a class=\"cursor-pointer\" target=\"_new\" rel=\"noopener\" data-start=\"2961\" data-end=\"3056\">Spyderco Tri-Angle Sharpmaker (204MF)<\/a><\/strong> \u2013 velmi obl\u00edben\u00fd brousek, kter\u00fd umo\u017e\u0148uje snadn\u00e9 a p\u0159esn\u00e9 brou\u0161en\u00ed i pro u\u017eivatele bez zku\u0161enost\u00ed, zakoup\u00edte na na\u0161ich str\u00e1nk\u00e1ch <strong>Moskito.cz<\/strong><\/p>\n<p data-start=\"3158\" data-end=\"3319\">D\u00edky tvrdosti \u010depele (typicky kolem 60\u201362 HRC) je d\u016fle\u017eit\u00e9 pou\u017e\u00edvat brousky, kter\u00e9 zvl\u00e1dnou tvrd\u00e9 oceli, abyste zachovali dlouhodobou ostrost a \u017eivotnost \u010depele.<\/p>\n<hr data-start=\"3321\" data-end=\"3324\" \/>\n<h3 data-start=\"3326\" data-end=\"3400\">\u2764\ufe0f Pro koho je Poikilo Futuristic Series Al Khem \u2013 Standard 01 vhodn\u00fd?<\/h3>\n<p data-start=\"3402\" data-end=\"3657\">Tento n\u016f\u017e je skv\u011blou volbou pro sb\u011bratele, kte\u0159\u00ed ocen\u00ed unik\u00e1tn\u00ed design a technologick\u00e9 \u0159e\u0161en\u00ed, stejn\u011b jako pro u\u017eivatele, kte\u0159\u00ed cht\u011bj\u00ed m\u00edt v ruce opravdu pr\u00e9miov\u00fd a origin\u00e1ln\u00ed n\u00e1stroj. Hod\u00ed se i pro ty, kte\u0159\u00ed si r\u00e1di dop\u0159ej\u00ed n\u011bco v\u00fdjime\u010dn\u00e9ho a nev\u0161edn\u00edho.<\/p>\n<hr data-start=\"3659\" data-end=\"3662\" \/>\n<h3 data-start=\"3664\" data-end=\"3689\">\u2705 Z\u00e1v\u011bre\u010dn\u00e9 hodnocen\u00ed<\/h3>\n<p data-start=\"3691\" data-end=\"4052\">Poikilo Futuristic Series Al Khem \u2013 Standard 01 je revolu\u010dn\u00ed zav\u00edrac\u00ed n\u016f\u017e, kter\u00fd spojuje \u0161pi\u010dkov\u00e9 materi\u00e1ly s inovativn\u00edm designem a promy\u0161lenou konstrukc\u00ed. Pokud hled\u00e1\u0161 n\u016f\u017e, kter\u00fd vynik\u00e1 nejen funk\u010dnost\u00ed, ale i vizu\u00e1ln\u00edm a technick\u00fdm proveden\u00edm, je tento model skv\u011blou volbou. Doporu\u010dujeme jej v\u0161em, kte\u0159\u00ed si potrp\u00ed na kvalitu, originalitu a dlouhou \u017eivotnost.<\/p>\n<h3 data-start=\"4059\" data-end=\"4077\"><\/h3>\n","protected":false},"excerpt":{"rendered":"<p><strong>Tento n\u016f\u017e je skv\u011blou volbou pro sb\u011bratele, kte\u0159\u00ed ocen\u00ed unik\u00e1tn\u00ed design a technologick\u00e9 \u0159e\u0161en\u00ed, stejn\u011b jako pro u\u017eivatele, kte\u0159\u00ed cht\u011bj\u00ed m\u00edt v ruce opravdu pr\u00e9miov\u00fd a origin\u00e1ln\u00ed n\u00e1stroj. Hod\u00ed se i pro ty, kte\u0159\u00ed si r\u00e1di dop\u0159ej\u00ed n\u011bco v\u00fdjime\u010dn\u00e9ho a nev\u0161edn\u00edho.<\/strong><\/p>\n<p><strong>Doprava zdarma.<\/strong><\/p>\n","protected":false},"featured_media":417469,"comment_status":"open","ping_status":"closed","template":"","meta":[],"pwb-brand":[4052],"product_brand":[],"product_cat":[17,22],"product_tag":[],"class_list":{"0":"post-417468","1":"product","2":"type-product","3":"status-publish","4":"has-post-thumbnail","6":"pwb-brand-poikilo","7":"product_cat-noze","8":"product_cat-zaviraci-noze","10":"first","11":"instock","12":"taxable","13":"shipping-taxable","14":"purchasable","15":"product-type-simple"},"brands":[{"id":4052,"name":"Poikilo","slug":"poikilo"}],"_links":{"self":[{"href":"https:\/\/www.moskito.cz\/de\/wp-json\/wp\/v2\/product\/417468","targetHints":{"allow":["GET"]}}],"collection":[{"href":"https:\/\/www.moskito.cz\/de\/wp-json\/wp\/v2\/product"}],"about":[{"href":"https:\/\/www.moskito.cz\/de\/wp-json\/wp\/v2\/types\/product"}],"replies":[{"embeddable":true,"href":"https:\/\/www.moskito.cz\/de\/wp-json\/wp\/v2\/comments?post=417468"}],"wp:featuredmedia":[{"embeddable":true,"href":"https:\/\/www.moskito.cz\/de\/wp-json\/wp\/v2\/media\/417469"}],"wp:attachment":[{"href":"https:\/\/www.moskito.cz\/de\/wp-json\/wp\/v2\/media?parent=417468"}],"wp:term":[{"taxonomy":"pwb-brand","embeddable":true,"href":"https:\/\/www.moskito.cz\/de\/wp-json\/wp\/v2\/pwb-brand?post=417468"},{"taxonomy":"product_brand","embeddable":true,"href":"https:\/\/www.moskito.cz\/de\/wp-json\/wp\/v2\/product_brand?post=417468"},{"taxonomy":"product_cat","embeddable":true,"href":"https:\/\/www.moskito.cz\/de\/wp-json\/wp\/v2\/product_cat?post=417468"},{"taxonomy":"product_tag","embeddable":true,"href":"https:\/\/www.moskito.cz\/de\/wp-json\/wp\/v2\/product_tag?post=417468"}],"curies":[{"name":"wp","href":"https:\/\/api.w.org\/{rel}","templated":true}]}}