{"id":419991,"date":"2025-08-09T07:33:55","date_gmt":"2025-08-09T06:33:55","guid":{"rendered":"https:\/\/www.moskito.cz\/?post_type=product&#038;p=419991"},"modified":"2025-08-09T07:33:56","modified_gmt":"2025-08-09T06:33:56","slug":"pevny-nuz-benchmade-dacian-203bt-03","status":"publish","type":"product","link":"https:\/\/www.moskito.cz\/de\/produkt\/pevny-nuz-benchmade-dacian-203bt-03\/","title":{"rendered":"Pevn\u00fd N\u016f\u017e Benchmade Dacian 203BT-03"},"content":{"rendered":"<h2 data-pm-slice=\"1 1 []\">Kdy\u017e se funkce potk\u00e1 s tradic\u00ed<\/h2>\n<p><strong>Benchmade Dacian 203BT-03<\/strong> je n\u016f\u017e, kter\u00fd spojuje klasick\u00fd bushcraftov\u00fd styl s nejmodern\u011bj\u0161\u00edmi materi\u00e1ly a perfektn\u00ed ergonomi\u00ed. Navr\u017een\u00fd jako spolehliv\u00fd par\u0165\u00e1k pro p\u0159\u00edrodu, ka\u017edodenn\u00ed no\u0161en\u00ed i seri\u00f3zn\u00ed pr\u00e1ci \u2013 pevn\u00fd, ostr\u00fd a stylov\u00fd.<\/p>\n<p><strong>\u010cepel z revolu\u010dn\u00ed oceli CPM MagnaCut<\/strong> s profilem kop\u00ed, vysok\u00fdm ploch\u00fdm v\u00fdbrusem a povrchovou \u00fapravou <strong>Blue Cerakote<\/strong>. D\u00edky n\u00ed nejen skv\u011ble \u0159e\u017ee, ale tak\u00e9 dlouho odol\u00e1v\u00e1 opot\u0159eben\u00ed a korozi. <strong>Rukoje\u0165 z hn\u011bd\u00e9 pl\u00e1t\u011bn\u00e9 Micarty<\/strong> s hlubok\u00fdmi prstov\u00fdmi v\u00fd\u0159ezy padne do ruky jako ulit\u00e1, a\u0165 u\u017e \u0159e\u017ee\u0161 v jak\u00e9koli pozici.<br \/>\nV\u0161e je dopln\u011bno <strong>hn\u011bd\u00fdm ko\u017een\u00fdm pouzdrem se skautsk\u00fdm no\u0161en\u00edm<\/strong> a tvarovanou vlo\u017ekou Boltaron pro bezpe\u010dn\u00e9 uchycen\u00ed. V\u00fdsledek? No\u017e\u00edk, kter\u00fd zvl\u00e1dne v\u00edc, ne\u017e vypad\u00e1 \u2013 a bude t\u011b doprov\u00e1zet kamkoliv.<\/p>\n<div>\n<hr \/>\n<\/div>\n<p>\ud83d\udd27 <strong>Pro fanou\u0161ky ka\u017edodenn\u00edho no\u0161en\u00ed<\/strong>, kte\u0159\u00ed d\u00e1vaj\u00ed p\u0159ednost univerz\u00e1ln\u00edmu no\u017ei s pevnou \u010depel\u00ed p\u0159ed zav\u00edrac\u00edm, je n\u016f\u017e <strong>203BT-03 Dacian<\/strong> navr\u017een tak, aby se stal tv\u00fdm perfektn\u00edm spole\u010dn\u00edkem pro v\u0161eobecn\u00e9 pou\u017eit\u00ed, outdoorovou rekreaci nebo EDC.<br \/>\nJe vyroben ze super odoln\u00e9, korozivzdorn\u00e9 oceli MagnaCut s profilem kop\u00ed a vysok\u00fdm brou\u0161en\u00edm pro maxim\u00e1ln\u00ed kr\u00e1jetelnost a s povrchovou \u00fapravou Blue Cerakote. Odoln\u00e1 rukoje\u0165 z hn\u011bd\u00e9ho pl\u00e1tna Micarta s hlubok\u00fdmi dr\u00e1\u017ekami pro prsty pro extr\u00e9mn\u011b pohodln\u00fd \u00fachop v r\u016fzn\u00fdch poloh\u00e1ch.<br \/>\nDopln\u011bn\u00fd hn\u011bd\u00fdm ko\u017een\u00fdm pouzdrem ur\u010den\u00fdm pro skautsk\u00e9 no\u0161en\u00ed s tvarovanou vlo\u017ekou Boltaron pro lep\u0161\u00ed uchycen\u00ed, Dacian nic neudr\u017e\u00ed \u2013 <strong>snadno se p\u0159en\u00e1\u0161\u00ed, kr\u00e1j\u00ed jako sen a je ide\u00e1ln\u00ed pro tv\u00e9 dal\u0161\u00ed dobrodru\u017estv\u00ed.<\/strong><\/p>\n<div>\n<hr \/>\n<\/div>\n<p>\ud83d\udcd0 <strong>Technick\u00e9 specifikace<\/strong><\/p>\n<table>\n<tbody>\n<tr>\n<th>Parametr<\/th>\n<th>Hodnota<\/th>\n<\/tr>\n<tr>\n<td>Model<\/td>\n<td>Benchmade 203BT-03 Dacian<\/td>\n<\/tr>\n<tr>\n<td>Typ no\u017ee<\/td>\n<td>Pevn\u00fd \/ Outdoor \/ EDC<\/td>\n<\/tr>\n<tr>\n<td>D\u00e9lka \u010depele<\/td>\n<td>90 mm (3.54\u2033)<\/td>\n<\/tr>\n<tr>\n<td>D\u00e9lka rukojeti<\/td>\n<td>107 mm<\/td>\n<\/tr>\n<tr>\n<td>Celkov\u00e1 d\u00e9lka<\/td>\n<td>192 mm (7.57\u2033)<\/td>\n<\/tr>\n<tr>\n<td>Tlou\u0161\u0165ka \u010depele<\/td>\n<td>3,05 mm (0.120\u2033)<\/td>\n<\/tr>\n<tr>\n<td>Ocel \u010depele<\/td>\n<td>CPM MagnaCut (60\u201362 HRC)<\/td>\n<\/tr>\n<tr>\n<td>Tvar \u010depele<\/td>\n<td>Kop\u00ed (Spear Point)<\/td>\n<\/tr>\n<tr>\n<td>Brou\u0161en\u00ed<\/td>\n<td>Vysok\u00fd ploch\u00fd v\u00fdbrus<\/td>\n<\/tr>\n<tr>\n<td>Povrchov\u00e1 \u00faprava<\/td>\n<td>Blue Cerakote<\/td>\n<\/tr>\n<tr>\n<td>Materi\u00e1l rukojeti<\/td>\n<td>Hn\u011bd\u00e1 pl\u00e1t\u011bn\u00e1 Micarta<\/td>\n<\/tr>\n<tr>\n<td>Pouzdro<\/td>\n<td>K\u016f\u017ee + vlo\u017eka Boltaron (pro bezpe\u010dn\u00e9 uchycen\u00ed)<\/td>\n<\/tr>\n<tr>\n<td>Hmotnost<\/td>\n<td>cca 95 g (3.37 oz.)<\/td>\n<\/tr>\n<tr>\n<td>V\u00fdrobce<\/td>\n<td>Benchmade Knife Co., USA<\/td>\n<\/tr>\n<\/tbody>\n<\/table>\n<div>\n<hr \/>\n<\/div>\n<p>\ud83d\udfe2 <strong>Hlavn\u00ed v\u00fdhody<\/strong><\/p>\n<p>\u2705 <strong>Ocel MagnaCut<\/strong> \u2013 \u0161pi\u010dkov\u00e1 kombinace tvrdosti, hou\u017eevnatosti a extr\u00e9mn\u00ed odolnosti proti korozi.<br \/>\n\u2705 <strong>Drop Point s vysok\u00fdm v\u00fdbrusem<\/strong> \u2013 skv\u011bl\u00fd na kr\u00e1jen\u00ed, t\u00e1bornick\u00e9 pr\u00e1ce i ka\u017edodenn\u00ed pou\u017eit\u00ed.<br \/>\n\u2705 <strong>Blue Cerakote \u00faprava<\/strong> \u2013 nejen estetika, ale i extra ochrana \u010depele.<br \/>\n\u2705 <strong>Micarta s ergonomick\u00fdmi v\u00fd\u0159ezy<\/strong> \u2013 pohodln\u00fd a jist\u00fd \u00fachop i v rukavic\u00edch nebo za mokra.<br \/>\n\u2705 <strong>Pr\u00e9miov\u00e9 pouzdro<\/strong> \u2013 k\u016f\u017ee s Boltaron vlo\u017ekou, styl i funk\u010dnost v jednom.<\/p>\n<div>\n<hr \/>\n<\/div>\n<p>\ud83d\udd34 <strong>Mo\u017en\u00e9 nev\u00fdhody<\/strong><\/p>\n<p>\u26a0\ufe0f <strong>Pevn\u00e1 \u010depel<\/strong> \u2013 nenahrad\u00ed kompaktnost zav\u00edrac\u00edho EDC no\u017ee.<br \/>\n\u26a0\ufe0f <strong>Modr\u00e1 Cerakote<\/strong> \u2013 nese zn\u00e1mky pou\u017e\u00edv\u00e1n\u00ed (co\u017e m\u016f\u017ee b\u00fdt plus nebo m\u00ednus).<br \/>\n\u26a0\ufe0f <strong>Micarta<\/strong> \u2013 absorbuje vlhkost a \u010dasem tmavne (pro n\u011bkoho plus, pro jin\u00e9ho ne).<\/p>\n<div>\n<hr \/>\n<\/div>\n<p>\ud83d\udee0\ufe0f <strong>\u00dadr\u017eba<\/strong><\/p>\n<p>MagnaCut vydr\u017e\u00ed ostr\u00fd extr\u00e9mn\u011b dlouho, ale ka\u017ed\u00fd n\u016f\u017e si zaslou\u017e\u00ed p\u00e9\u010di. Doporu\u010dujeme ob\u010dasn\u00e9 p\u0159ebrou\u0161en\u00ed:<\/p>\n<p>\ud83d\udc49 <strong>Spyderco Tri-Angle Sharpmaker Complete Sharpening System 204MF<\/strong><br \/>\nSnadn\u00fd na pou\u017eit\u00ed, ide\u00e1ln\u00ed pro dom\u00e1c\u00ed \u00fadr\u017ebu:<br \/>\n<a>https:\/\/www.moskito.cz\/produkt\/brousek-spyderco-tri-angle-sharpmaker-complete-sharpening-system-204mf\/<\/a><\/p>\n<p>Micartu udr\u017euj suchou a ob\u010das ot\u0159i lehce navlh\u010den\u00fdm had\u0159\u00edkem.<br \/>\nKo\u017een\u00e9 pouzdro \u010dasem patinuje \u2013 o\u0161et\u0159i balz\u00e1mem, pokud chce\u0161 prodlou\u017eit \u017eivotnost.<br \/>\nPo ka\u017ed\u00e9m pou\u017eit\u00ed \u010depel o\u010disti a lehce naolejuj, i kdy\u017e MagnaCut rezne minim\u00e1ln\u011b.<\/p>\n<div>\n<hr \/>\n<\/div>\n<p>\u2764\ufe0f <strong>Pro koho je Benchmade Dacian 203BT-03 ur\u010den?<\/strong><\/p>\n<ul data-spread=\"false\">\n<li>Pro fanou\u0161ky pevn\u00fdch \u010depel\u00ed, kte\u0159\u00ed hledaj\u00ed spolehlivost i styl<\/li>\n<li>Pro milovn\u00edky klasick\u00e9ho vzhledu s modern\u00ed funk\u010dnost\u00ed<\/li>\n<li>Pro ka\u017edodenn\u00ed u\u017eivatele, kte\u0159\u00ed cht\u011bj\u00ed n\u016f\u017e, co nezklame<\/li>\n<li>Pro bushcraftery a outdoorov\u00e9 nad\u0161ence, kte\u0159\u00ed se cht\u011bj\u00ed spolehnout na \u010depel<\/li>\n<li>Pro sb\u011bratele, kte\u0159\u00ed ocen\u00ed materi\u00e1ly jako MagnaCut, Micarta a kvalitn\u00ed k\u016f\u017ee<\/li>\n<\/ul>\n<div>\n<hr \/>\n<\/div>\n<p>\u2705 <strong>Z\u00e1v\u011bre\u010dn\u00e9 hodnocen\u00ed<\/strong><\/p>\n<p><strong>Benchmade Dacian 203BT-03<\/strong> je v\u00fdjime\u010dn\u00fd n\u016f\u017e pro ka\u017edodenn\u00ed dobrodruhy.<br \/>\nSpojuje v\u00fdkon, pohodl\u00ed a design v balen\u00ed, kter\u00e9 p\u016fsob\u00ed tradi\u010dn\u011b \u2013 ale funguje naprosto modern\u011b. Pokud hled\u00e1\u0161 n\u016f\u017e, kter\u00fd se hod\u00ed jak na opasek, tak do ruky, a nezklame t\u011b ani v n\u00e1ro\u010dn\u011bj\u0161\u00ed situaci \u2013 Dacian je p\u0159esn\u011b ten prav\u00fd.<\/p>\n<div><\/div>\n","protected":false},"excerpt":{"rendered":"<p><strong>Benchmade Dacian 203BT-03 je v\u00fdjime\u010dn\u00fd n\u016f\u017e pro ka\u017edodenn\u00ed dobrodruhy.<\/strong><\/p>\n<p><strong>Doprava zdarma.<\/strong><\/p>\n","protected":false},"featured_media":419992,"comment_status":"open","ping_status":"closed","template":"","meta":[],"pwb-brand":[3960],"product_brand":[],"product_cat":[17,23],"product_tag":[],"class_list":{"0":"post-419991","1":"product","2":"type-product","3":"status-publish","4":"has-post-thumbnail","6":"pwb-brand-benchmade","7":"product_cat-noze","8":"product_cat-pevne-noze","10":"first","11":"instock","12":"taxable","13":"shipping-taxable","14":"purchasable","15":"product-type-simple"},"brands":[{"id":3960,"name":"Benchmade","slug":"benchmade"}],"_links":{"self":[{"href":"https:\/\/www.moskito.cz\/de\/wp-json\/wp\/v2\/product\/419991","targetHints":{"allow":["GET"]}}],"collection":[{"href":"https:\/\/www.moskito.cz\/de\/wp-json\/wp\/v2\/product"}],"about":[{"href":"https:\/\/www.moskito.cz\/de\/wp-json\/wp\/v2\/types\/product"}],"replies":[{"embeddable":true,"href":"https:\/\/www.moskito.cz\/de\/wp-json\/wp\/v2\/comments?post=419991"}],"wp:featuredmedia":[{"embeddable":true,"href":"https:\/\/www.moskito.cz\/de\/wp-json\/wp\/v2\/media\/419992"}],"wp:attachment":[{"href":"https:\/\/www.moskito.cz\/de\/wp-json\/wp\/v2\/media?parent=419991"}],"wp:term":[{"taxonomy":"pwb-brand","embeddable":true,"href":"https:\/\/www.moskito.cz\/de\/wp-json\/wp\/v2\/pwb-brand?post=419991"},{"taxonomy":"product_brand","embeddable":true,"href":"https:\/\/www.moskito.cz\/de\/wp-json\/wp\/v2\/product_brand?post=419991"},{"taxonomy":"product_cat","embeddable":true,"href":"https:\/\/www.moskito.cz\/de\/wp-json\/wp\/v2\/product_cat?post=419991"},{"taxonomy":"product_tag","embeddable":true,"href":"https:\/\/www.moskito.cz\/de\/wp-json\/wp\/v2\/product_tag?post=419991"}],"curies":[{"name":"wp","href":"https:\/\/api.w.org\/{rel}","templated":true}]}}