{"id":422096,"date":"2025-08-22T18:08:42","date_gmt":"2025-08-22T17:08:42","guid":{"rendered":"https:\/\/www.moskito.cz\/?post_type=product&#038;p=422096"},"modified":"2025-11-10T12:20:59","modified_gmt":"2025-11-10T11:20:59","slug":"vystrelovaci-nuz-cobratec-large-fs-3-black","status":"publish","type":"product","link":"https:\/\/www.moskito.cz\/de\/produkt\/vystrelovaci-nuz-cobratec-large-fs-3-black\/","title":{"rendered":"Vyst\u0159elovac\u00ed N\u016f\u017e CobraTec Large FS-3 Black"},"content":{"rendered":"<h2 data-start=\"0\" data-end=\"49\"><strong data-start=\"3\" data-end=\"49\">Vyst\u0159elovac\u00ed N\u016f\u017e CobraTec Large FS\u20113 Black<\/strong><\/h2>\n<p data-start=\"51\" data-end=\"447\"><strong data-start=\"51\" data-end=\"80\">CobraTec Large FS\u20113 Black<\/strong> je elegantn\u00ed taktick\u00fd vyst\u0159elovac\u00ed n\u016f\u017e (OTF \u2013 Out The Front), ur\u010den\u00fd pro u\u017eivatele, kte\u0159\u00ed oce\u0148uj\u00ed kombinaci robustn\u00ed konstrukce, rychl\u00e9 akceschopnosti a \u010dist\u00e9ho, nen\u00e1padn\u00e9ho designu. D\u00edky precizn\u00edmu CNC zpracov\u00e1n\u00ed z hlin\u00edku 6061 T6, \u010dern\u00e9mu stonewash povrchu \u010depele a spolehliv\u00e9mu mechanismu p\u0159edstavuje spolehliv\u00e9ho par\u0165\u00e1ka pro n\u00e1ro\u010dn\u00e9 nasazen\u00ed i ka\u017edodenn\u00ed no\u0161en\u00ed.<\/p>\n<hr data-start=\"449\" data-end=\"452\" \/>\n<h3 data-start=\"454\" data-end=\"478\">Konstrukce a funkce<\/h3>\n<ul data-start=\"480\" data-end=\"827\">\n<li data-start=\"480\" data-end=\"564\">\n<p data-start=\"482\" data-end=\"564\"><strong data-start=\"482\" data-end=\"497\">Mechanismus<\/strong>: Double Action OTF \u2013 jednoduch\u00fdm posuvem se \u010depel vysune i zasune.<\/p>\n<\/li>\n<li data-start=\"565\" data-end=\"734\">\n<p data-start=\"567\" data-end=\"734\"><strong data-start=\"567\" data-end=\"580\">Materi\u00e1ly<\/strong>: \u010cepel z odoln\u00e9 <strong data-start=\"597\" data-end=\"620\">D2 n\u00e1strojov\u00e9 oceli<\/strong> s \u010dern\u00fdm stonewash povrchem, kter\u00fd tlum\u00ed odlesky; rukoje\u0165 z lehk\u00e9ho, ale pevn\u00e9ho <strong data-start=\"702\" data-end=\"733\">eloxovan\u00e9ho hlin\u00edku 6061\u2011T6<\/strong>.<\/p>\n<\/li>\n<li data-start=\"735\" data-end=\"827\">\n<p data-start=\"737\" data-end=\"827\"><strong data-start=\"737\" data-end=\"747\">Design<\/strong>: Stylov\u00fd \u010dern\u00fd vzhled \u2013 ide\u00e1ln\u00ed do taktick\u00e9ho prost\u0159ed\u00ed, ale i na b\u011b\u017en\u00e9 no\u0161en\u00ed.<\/p>\n<\/li>\n<\/ul>\n<hr data-start=\"829\" data-end=\"832\" \/>\n<h3 data-start=\"834\" data-end=\"860\">Technick\u00e9 specifikace<\/h3>\n<div class=\"_tableContainer_sk2ct_1\">\n<div class=\"_tableWrapper_sk2ct_13 group flex w-fit flex-col-reverse\" tabindex=\"-1\">\n<table class=\"w-fit min-w-(--thread-content-width)\" data-start=\"862\" data-end=\"1729\">\n<thead data-start=\"862\" data-end=\"940\">\n<tr data-start=\"862\" data-end=\"940\">\n<th data-start=\"862\" data-end=\"887\" data-col-size=\"sm\">Parametr<\/th>\n<th data-start=\"887\" data-end=\"940\" data-col-size=\"md\">Hodnota<\/th>\n<\/tr>\n<\/thead>\n<tbody data-start=\"1021\" data-end=\"1729\">\n<tr data-start=\"1021\" data-end=\"1098\">\n<td data-start=\"1021\" data-end=\"1046\" data-col-size=\"sm\"><strong data-start=\"1023\" data-end=\"1035\">Hmotnost<\/strong><\/td>\n<td data-start=\"1046\" data-end=\"1098\" data-col-size=\"md\">cca 128\u202fg (4,5\u202foz)<\/td>\n<\/tr>\n<tr data-start=\"1099\" data-end=\"1177\">\n<td data-start=\"1099\" data-end=\"1124\" data-col-size=\"sm\"><strong data-start=\"1101\" data-end=\"1110\">\u010cepel<\/strong><\/td>\n<td data-col-size=\"md\" data-start=\"1124\" data-end=\"1177\">3,75\u2033 (cca 95\u202fmm), D2 ocel, stonewash, drop point<\/td>\n<\/tr>\n<tr data-start=\"1178\" data-end=\"1256\">\n<td data-start=\"1178\" data-end=\"1203\" data-col-size=\"sm\"><strong data-start=\"1180\" data-end=\"1191\">Rukoje\u0165<\/strong><\/td>\n<td data-col-size=\"md\" data-start=\"1203\" data-end=\"1256\">cca 5\u2033 (127\u202fmm), eloxovan\u00fd hlin\u00edk 6061\u2011T6<\/td>\n<\/tr>\n<tr data-start=\"1257\" data-end=\"1335\">\n<td data-start=\"1257\" data-end=\"1282\" data-col-size=\"sm\"><strong data-start=\"1259\" data-end=\"1276\">Celkov\u00e1 d\u00e9lka<\/strong><\/td>\n<td data-col-size=\"md\" data-start=\"1282\" data-end=\"1335\">cca 225\u202fmm (8,9\u2033)<\/td>\n<\/tr>\n<tr data-start=\"1336\" data-end=\"1414\">\n<td data-start=\"1336\" data-end=\"1361\" data-col-size=\"sm\"><strong data-start=\"1338\" data-end=\"1350\">Pojistka<\/strong><\/td>\n<td data-start=\"1361\" data-end=\"1414\" data-col-size=\"md\">Mechanick\u00e1, integrovan\u00e1 v OTF mechanismu<\/td>\n<\/tr>\n<tr data-start=\"1415\" data-end=\"1493\">\n<td data-start=\"1415\" data-end=\"1440\" data-col-size=\"sm\"><strong data-start=\"1417\" data-end=\"1425\">Klip<\/strong><\/td>\n<td data-start=\"1440\" data-end=\"1493\" data-col-size=\"md\">Ocelov\u00fd, tip-down, mont\u00e1\u017e mo\u017en\u00e1 na ob\u011b strany<\/td>\n<\/tr>\n<tr data-start=\"1494\" data-end=\"1572\">\n<td data-start=\"1494\" data-end=\"1519\" data-col-size=\"sm\"><strong data-start=\"1496\" data-end=\"1512\">Dal\u0161\u00ed v\u00fdbava<\/strong><\/td>\n<td data-start=\"1519\" data-end=\"1572\" data-col-size=\"md\">Nylonov\u00e9 pouzdro, vestav\u011bn\u00fd rozb\u00edje\u010d skla<\/td>\n<\/tr>\n<tr data-start=\"1573\" data-end=\"1650\">\n<td data-start=\"1573\" data-end=\"1598\" data-col-size=\"sm\"><strong data-start=\"1575\" data-end=\"1585\">Z\u00e1ruka<\/strong><\/td>\n<td data-col-size=\"md\" data-start=\"1598\" data-end=\"1650\">Do\u017eivotn\u00ed garantovan\u00e1 v\u00fdrobcem<\/td>\n<\/tr>\n<tr data-start=\"1651\" data-end=\"1729\">\n<td data-start=\"1651\" data-end=\"1676\" data-col-size=\"sm\"><strong data-start=\"1653\" data-end=\"1668\">Zem\u011b v\u00fdroby<\/strong><\/td>\n<td data-start=\"1676\" data-end=\"1729\" data-col-size=\"md\">USA (s pou\u017eit\u00edm CNC komponent\u016f)<\/td>\n<\/tr>\n<\/tbody>\n<\/table>\n<\/div>\n<\/div>\n<hr data-start=\"1731\" data-end=\"1734\" \/>\n<h3 data-start=\"1736\" data-end=\"1755\">Kl\u00ed\u010dov\u00e9 v\u00fdhody<\/h3>\n<ul data-start=\"1757\" data-end=\"2345\">\n<li data-start=\"1757\" data-end=\"1844\">\n<p data-start=\"1759\" data-end=\"1844\"><strong data-start=\"1759\" data-end=\"1789\">Spolehliv\u00fd OTF mechanismus<\/strong>: Rychl\u00fd p\u0159\u00edstup k \u010depeli jednou rukou v ka\u017ed\u00e9 situaci.<\/p>\n<\/li>\n<li data-start=\"1845\" data-end=\"1971\">\n<p data-start=\"1847\" data-end=\"1971\"><strong data-start=\"1847\" data-end=\"1867\">Pr\u00e9miov\u00e1 D2 ocel<\/strong>: Vynikaj\u00edc\u00ed ostrost, tvrdost a retence. Stonewash \u00faprava p\u0159id\u00e1v\u00e1 odolnost v\u016f\u010di od\u011bru a optick\u00e9 tlumen\u00ed.<\/p>\n<\/li>\n<li data-start=\"1972\" data-end=\"2053\">\n<p data-start=\"1974\" data-end=\"2053\"><strong data-start=\"1974\" data-end=\"1998\">Lehk\u00fd, ale pevn\u00fd r\u00e1m<\/strong>: Hlin\u00edk 6061\u2011T6 zaru\u010duje odolnost bez nadbyte\u010dn\u00e9 v\u00e1hy.<\/p>\n<\/li>\n<li data-start=\"2054\" data-end=\"2181\">\n<p data-start=\"2056\" data-end=\"2181\"><strong data-start=\"2056\" data-end=\"2079\">U\u017eivatelsk\u00fd komfort<\/strong>: Ocelov\u00fd tip-down klip umo\u017e\u0148uje pohodln\u00e9 no\u0161en\u00ed pro prav\u00e1ky i lev\u00e1ky; pouzdro zvy\u0161uje \u00farove\u0148 ochrany.<\/p>\n<\/li>\n<li data-start=\"2182\" data-end=\"2281\">\n<p data-start=\"2184\" data-end=\"2281\"><strong data-start=\"2184\" data-end=\"2209\">Taktick\u00e1 p\u0159ipravenost<\/strong>: \u010cern\u00fd design a rozb\u00edje\u010d skla zvy\u0161uj\u00ed p\u0159ipravenost pro krizov\u00e9 situace.<\/p>\n<\/li>\n<li data-start=\"2282\" data-end=\"2345\">\n<p data-start=\"2284\" data-end=\"2345\"><strong data-start=\"2284\" data-end=\"2304\">Do\u017eivotn\u00ed z\u00e1ruka<\/strong>: Podtrhuje d\u016fv\u011bru ve kvalitu zpracov\u00e1n\u00ed.<\/p>\n<\/li>\n<\/ul>\n<hr data-start=\"2347\" data-end=\"2350\" \/>\n<h3 data-start=\"2352\" data-end=\"2370\">Mo\u017en\u00e1 omezen\u00ed<\/h3>\n<ul data-start=\"2372\" data-end=\"2652\">\n<li data-start=\"2372\" data-end=\"2462\">\n<p data-start=\"2374\" data-end=\"2462\"><strong data-start=\"2374\" data-end=\"2391\">V\u011bt\u0161\u00ed a t\u011b\u017e\u0161\u00ed<\/strong>: M\u00e9n\u011b vhodn\u00fd pro minimalistick\u00e9 EDC, ale ide\u00e1ln\u00ed pro taktickou v\u00fdbavu.<\/p>\n<\/li>\n<li data-start=\"2463\" data-end=\"2558\">\n<p data-start=\"2465\" data-end=\"2558\"><strong data-start=\"2465\" data-end=\"2492\">D2 ocel vy\u017eaduje \u00fadr\u017ebu<\/strong>: Nen\u00ed zcela nerezov\u00e1 \u2013 je pot\u0159eba \u010depel udr\u017eovat suchou a \u010distou.<\/p>\n<\/li>\n<li data-start=\"2559\" data-end=\"2652\">\n<p data-start=\"2561\" data-end=\"2652\"><strong data-start=\"2561\" data-end=\"2585\">Legislativn\u011b omezen\u00fd<\/strong>: OTF no\u017ee mohou b\u00fdt v n\u011bkter\u00fdch lokalit\u00e1ch regulov\u00e1ny \u010di zak\u00e1z\u00e1ny.<\/p>\n<\/li>\n<\/ul>\n<hr data-start=\"2654\" data-end=\"2657\" \/>\n<h3 data-start=\"2659\" data-end=\"2681\">\u00dadr\u017eba a brou\u0161en\u00ed<\/h3>\n<p data-start=\"2683\" data-end=\"2867\">D2 ocel je vysoce odoln\u00e1, ale vy\u017eaduje z\u00e1kladn\u00ed p\u00e9\u010di proti korozi \u2013 po pou\u017eit\u00ed \u010depel osu\u0161te, \u010dast\u011bji promaz\u00e1vejte. OTF mechanismus udr\u017eujte \u010dist\u00fd \u2013 zbavte ho prachu \u010di vl\u00e1ken z kapsy.<\/p>\n<p data-start=\"2869\" data-end=\"3045\"><strong data-start=\"2869\" data-end=\"2994\">Doporu\u010dujeme pro \u00fadr\u017ebu ost\u0159\u00ed: Spyderco Tri\u2011Angle Sharpmaker Complete Sharpening System\u202f204MF \u2013 vhodn\u00fd i pro rovn\u00e9 ost\u0159\u00ed.<\/strong><br data-start=\"2994\" data-end=\"2997\" \/><em data-start=\"2997\" data-end=\"3045\">\ud83d\uded2 K dispozici na na\u0161ich str\u00e1nk\u00e1ch Moskito.cz.<\/em><\/p>\n<hr data-start=\"3047\" data-end=\"3050\" \/>\n<h3 data-start=\"3052\" data-end=\"3074\">Pro koho je ur\u010den<\/h3>\n<ul data-start=\"3076\" data-end=\"3384\">\n<li data-start=\"3076\" data-end=\"3161\">\n<p data-start=\"3078\" data-end=\"3161\">Pro profesion\u00e1ly a nad\u0161ence, kte\u0159\u00ed hledaj\u00ed <strong data-start=\"3121\" data-end=\"3160\">robustn\u00ed, rychl\u00fd a taktick\u00fd OTF n\u016f\u017e<\/strong>.<\/p>\n<\/li>\n<li data-start=\"3162\" data-end=\"3231\">\n<p data-start=\"3164\" data-end=\"3231\">Pro ka\u017edodenn\u00ed no\u0161en\u00ed v n\u00e1ro\u010dn\u00fdch podm\u00ednk\u00e1ch i pro z\u00e1lo\u017en\u00ed pou\u017eit\u00ed.<\/p>\n<\/li>\n<li data-start=\"3232\" data-end=\"3300\">\n<p data-start=\"3234\" data-end=\"3300\">Ide\u00e1ln\u00ed pro fanou\u0161ky funk\u010dnosti v kombinaci s neok\u00e1zal\u00fdm designem.<\/p>\n<\/li>\n<li data-start=\"3301\" data-end=\"3384\">\n<p data-start=\"3303\" data-end=\"3384\">Pro ty, kdo ocen\u00ed <strong data-start=\"3321\" data-end=\"3383\">americkou kvalitu, precizn\u00ed v\u00fdrobu a technologick\u00fd komfort<\/strong>.<\/p>\n<\/li>\n<\/ul>\n<hr data-start=\"3386\" data-end=\"3389\" \/>\n<h3 data-start=\"3391\" data-end=\"3415\">Z\u00e1v\u011bre\u010dn\u00e9 hodnocen\u00ed<\/h3>\n<p data-start=\"3417\" data-end=\"3747\"><strong data-start=\"3417\" data-end=\"3446\">CobraTec Large FS\u20113 Black<\/strong> je spolehliv\u00fd, precizn\u00ed a takticky vybaven\u00fd OTF n\u016f\u017e. D\u00edky pevn\u00fdm materi\u00e1l\u016fm, ergonomick\u00e9 konstrukci a rychl\u00e9mu mechanismu ide\u00e1ln\u011b slou\u017e\u00ed v roli spolehliv\u00e9ho n\u00e1stroje pro ka\u017edou situaci. Je to v\u00fdkonn\u00fd, ale nen\u00e1padn\u00fd spole\u010dn\u00edk, kter\u00fd se neztrat\u00ed ani v extr\u00e9mn\u00edch podm\u00ednk\u00e1ch, ani p\u0159i ka\u017edodenn\u00edm no\u0161en\u00ed.<\/p>\n<hr data-start=\"3749\" data-end=\"3752\" \/>\n<p data-start=\"3754\" data-end=\"3857\">\n","protected":false},"excerpt":{"rendered":"<p><strong>CobraTec Large FS\u20113 Black je spolehliv\u00fd, precizn\u00ed a takticky vybaven\u00fd OTF n\u016f\u017e. D\u00edky pevn\u00fdm materi\u00e1l\u016fm, ergonomick\u00e9 konstrukci a rychl\u00e9mu mechanismu ide\u00e1ln\u011b slou\u017e\u00ed v roli spolehliv\u00e9ho n\u00e1stroje pro ka\u017edou situaci. <\/strong><\/p>\n<p><strong>Doprava zdarma.<\/strong><\/p>\n","protected":false},"featured_media":422097,"comment_status":"open","ping_status":"closed","template":"","meta":[],"pwb-brand":[3241],"product_brand":[],"product_cat":[17,2019],"product_tag":[],"class_list":{"0":"post-422096","1":"product","2":"type-product","3":"status-publish","4":"has-post-thumbnail","6":"pwb-brand-cobratec-2","7":"product_cat-noze","8":"product_cat-vystrelovaci-noze","10":"first","11":"outofstock","12":"taxable","13":"shipping-taxable","14":"purchasable","15":"product-type-simple"},"brands":[{"id":3241,"name":"CobraTec","slug":"cobratec-2"}],"_links":{"self":[{"href":"https:\/\/www.moskito.cz\/de\/wp-json\/wp\/v2\/product\/422096","targetHints":{"allow":["GET"]}}],"collection":[{"href":"https:\/\/www.moskito.cz\/de\/wp-json\/wp\/v2\/product"}],"about":[{"href":"https:\/\/www.moskito.cz\/de\/wp-json\/wp\/v2\/types\/product"}],"replies":[{"embeddable":true,"href":"https:\/\/www.moskito.cz\/de\/wp-json\/wp\/v2\/comments?post=422096"}],"wp:featuredmedia":[{"embeddable":true,"href":"https:\/\/www.moskito.cz\/de\/wp-json\/wp\/v2\/media\/422097"}],"wp:attachment":[{"href":"https:\/\/www.moskito.cz\/de\/wp-json\/wp\/v2\/media?parent=422096"}],"wp:term":[{"taxonomy":"pwb-brand","embeddable":true,"href":"https:\/\/www.moskito.cz\/de\/wp-json\/wp\/v2\/pwb-brand?post=422096"},{"taxonomy":"product_brand","embeddable":true,"href":"https:\/\/www.moskito.cz\/de\/wp-json\/wp\/v2\/product_brand?post=422096"},{"taxonomy":"product_cat","embeddable":true,"href":"https:\/\/www.moskito.cz\/de\/wp-json\/wp\/v2\/product_cat?post=422096"},{"taxonomy":"product_tag","embeddable":true,"href":"https:\/\/www.moskito.cz\/de\/wp-json\/wp\/v2\/product_tag?post=422096"}],"curies":[{"name":"wp","href":"https:\/\/api.w.org\/{rel}","templated":true}]}}