{"id":422129,"date":"2025-08-22T18:22:45","date_gmt":"2025-08-22T17:22:45","guid":{"rendered":"https:\/\/www.moskito.cz\/?post_type=product&#038;p=422129"},"modified":"2025-11-10T12:20:59","modified_gmt":"2025-11-10T11:20:59","slug":"vystrelovaci-nuz-cobratec-dominator","status":"publish","type":"product","link":"https:\/\/www.moskito.cz\/de\/produkt\/vystrelovaci-nuz-cobratec-dominator\/","title":{"rendered":"Vyst\u0159elovac\u00ed N\u016f\u017e CobraTec Dominator"},"content":{"rendered":"<h2 data-start=\"136\" data-end=\"190\"><strong data-start=\"139\" data-end=\"190\">Vyst\u0159elovac\u00ed N\u016f\u017e CobraTec Dominator (OTF) Large<\/strong><\/h2>\n<p data-start=\"192\" data-end=\"473\"><strong data-start=\"192\" data-end=\"220\">CobraTec Dominator Large<\/strong> je \u0161pi\u010dkov\u00fd vyst\u0159elovac\u00ed n\u016f\u017e s konstrukc\u00ed typu OTF (Out-The-Front), ur\u010den\u00fd pro u\u017eivatele, kte\u0159\u00ed po\u017eaduj\u00ed kombinaci rychlosti, s\u00edly a p\u0159esn\u00e9ho zpracov\u00e1n\u00ed. Vyzna\u010duje se plynul\u00fdm chodem mechanismu, pevnou stavbou a elegantn\u00edm dvoubarevn\u00fdm vzhledem \u010depele.<\/p>\n<p data-start=\"475\" data-end=\"737\">Tento model je ide\u00e1ln\u00ed volbou pro n\u00e1ro\u010dn\u00e9 u\u017eivatele, kte\u0159\u00ed pot\u0159ebuj\u00ed v\u00fdkonn\u00fd n\u00e1stroj pro ka\u017edodenn\u00ed pou\u017eit\u00ed, taktick\u00e9 nasazen\u00ed nebo krizov\u00e9 situace. D\u00edky konstrukci z hlin\u00edku 6061-T6 a \u010depeli z D2 oceli se Dominator \u0159ad\u00ed mezi nejspolehliv\u011bj\u0161\u00ed OTF no\u017ee sv\u00e9 t\u0159\u00eddy.<\/p>\n<hr data-start=\"739\" data-end=\"742\" \/>\n<h3 data-start=\"744\" data-end=\"773\"><strong data-start=\"748\" data-end=\"773\">Technick\u00e9 specifikace<\/strong><\/h3>\n<div class=\"_tableContainer_sk2ct_1\">\n<div class=\"_tableWrapper_sk2ct_13 group flex w-fit flex-col-reverse\" tabindex=\"-1\">\n<table class=\"w-fit min-w-(--thread-content-width)\" data-start=\"775\" data-end=\"1579\">\n<thead data-start=\"775\" data-end=\"835\">\n<tr data-start=\"775\" data-end=\"835\">\n<th data-start=\"775\" data-end=\"797\" data-col-size=\"sm\">Parametr<\/th>\n<th data-start=\"797\" data-end=\"835\" data-col-size=\"sm\">Hodnota<\/th>\n<\/tr>\n<\/thead>\n<tbody data-start=\"898\" data-end=\"1579\">\n<tr data-start=\"898\" data-end=\"959\">\n<td data-start=\"898\" data-end=\"920\" data-col-size=\"sm\">Typ mechanismu<\/td>\n<td data-col-size=\"sm\" data-start=\"920\" data-end=\"959\">Double Action OTF<\/td>\n<\/tr>\n<tr data-start=\"960\" data-end=\"1021\">\n<td data-start=\"960\" data-end=\"982\" data-col-size=\"sm\">D\u00e9lka \u010depele<\/td>\n<td data-col-size=\"sm\" data-start=\"982\" data-end=\"1021\">cca 83 mm (3,25&#8243;)<\/td>\n<\/tr>\n<tr data-start=\"1022\" data-end=\"1083\">\n<td data-start=\"1022\" data-end=\"1044\" data-col-size=\"sm\">Materi\u00e1l \u010depele<\/td>\n<td data-col-size=\"sm\" data-start=\"1044\" data-end=\"1083\">D2 n\u00e1strojov\u00e1 ocel (two-tone finish)<\/td>\n<\/tr>\n<tr data-start=\"1084\" data-end=\"1145\">\n<td data-start=\"1084\" data-end=\"1106\" data-col-size=\"sm\">Tvrdost oceli<\/td>\n<td data-col-size=\"sm\" data-start=\"1106\" data-end=\"1145\">58\u201360 HRC<\/td>\n<\/tr>\n<tr data-start=\"1146\" data-end=\"1207\">\n<td data-start=\"1146\" data-end=\"1168\" data-col-size=\"sm\">Materi\u00e1l rukojeti<\/td>\n<td data-col-size=\"sm\" data-start=\"1168\" data-end=\"1207\">CNC obr\u00e1b\u011bn\u00fd hlin\u00edk 6061\u2011T6<\/td>\n<\/tr>\n<tr data-start=\"1208\" data-end=\"1269\">\n<td data-start=\"1208\" data-end=\"1230\" data-col-size=\"sm\">D\u00e9lka rukojeti<\/td>\n<td data-col-size=\"sm\" data-start=\"1230\" data-end=\"1269\">cca 127 mm (5,0&#8243;)<\/td>\n<\/tr>\n<tr data-start=\"1270\" data-end=\"1331\">\n<td data-start=\"1270\" data-end=\"1292\" data-col-size=\"sm\">Celkov\u00e1 d\u00e9lka<\/td>\n<td data-col-size=\"sm\" data-start=\"1292\" data-end=\"1331\">cca 210 mm (8,25&#8243;)<\/td>\n<\/tr>\n<tr data-start=\"1332\" data-end=\"1393\">\n<td data-start=\"1332\" data-end=\"1354\" data-col-size=\"sm\">Hmotnost<\/td>\n<td data-col-size=\"sm\" data-start=\"1354\" data-end=\"1393\">cca 102 g (3,6 oz)<\/td>\n<\/tr>\n<tr data-start=\"1394\" data-end=\"1455\">\n<td data-start=\"1394\" data-end=\"1416\" data-col-size=\"sm\">Dodate\u010dn\u00e9 prvky<\/td>\n<td data-col-size=\"sm\" data-start=\"1416\" data-end=\"1455\">Rozb\u00edje\u010d skla, kapesn\u00ed klip<\/td>\n<\/tr>\n<tr data-start=\"1456\" data-end=\"1517\">\n<td data-start=\"1456\" data-end=\"1478\" data-col-size=\"sm\">Z\u00e1ruka<\/td>\n<td data-col-size=\"sm\" data-start=\"1478\" data-end=\"1517\">Do\u017eivotn\u00ed<\/td>\n<\/tr>\n<tr data-start=\"1518\" data-end=\"1579\">\n<td data-start=\"1518\" data-end=\"1540\" data-col-size=\"sm\">V\u00fdroba<\/td>\n<td data-col-size=\"sm\" data-start=\"1540\" data-end=\"1579\">USA<\/td>\n<\/tr>\n<\/tbody>\n<\/table>\n<\/div>\n<\/div>\n<hr data-start=\"1581\" data-end=\"1584\" \/>\n<h3 data-start=\"1586\" data-end=\"1608\"><strong data-start=\"1590\" data-end=\"1608\">Kl\u00ed\u010dov\u00e9 v\u00fdhody<\/strong><\/h3>\n<ul data-start=\"1610\" data-end=\"2139\">\n<li data-start=\"1610\" data-end=\"1711\">\n<p data-start=\"1612\" data-end=\"1711\"><strong data-start=\"1612\" data-end=\"1650\">OTF mechanismus s dvojit\u00fdm \u00fa\u010dinkem<\/strong> \u2013 rychl\u00e9 a hladk\u00e9 vysunut\u00ed i zasunut\u00ed \u010depele jedn\u00edm posuvem.<\/p>\n<\/li>\n<li data-start=\"1712\" data-end=\"1807\">\n<p data-start=\"1714\" data-end=\"1807\"><strong data-start=\"1714\" data-end=\"1732\">Odoln\u00e1 D2 ocel<\/strong> \u2013 vynikaj\u00edc\u00ed dr\u017een\u00ed ost\u0159\u00ed a celkov\u00e1 tvrdost vhodn\u00e1 pro intenzivn\u00ed pou\u017eit\u00ed.<\/p>\n<\/li>\n<li data-start=\"1808\" data-end=\"1896\">\n<p data-start=\"1810\" data-end=\"1896\"><strong data-start=\"1810\" data-end=\"1850\">Dvoubarevn\u00fd design \u010depele (two-tone)<\/strong> \u2013 esteticky v\u00fdrazn\u00fd, odoln\u00fd proti opot\u0159eben\u00ed.<\/p>\n<\/li>\n<li data-start=\"1897\" data-end=\"1971\">\n<p data-start=\"1899\" data-end=\"1971\"><strong data-start=\"1899\" data-end=\"1922\">Robustn\u00ed konstrukce<\/strong> \u2013 hlin\u00edkov\u00e1 rukoje\u0165 je pevn\u00e1, ale z\u00e1rove\u0148 lehk\u00e1.<\/p>\n<\/li>\n<li data-start=\"1972\" data-end=\"2052\">\n<p data-start=\"1974\" data-end=\"2052\"><strong data-start=\"1974\" data-end=\"1993\">Praktick\u00e9 prvky<\/strong> \u2013 rozb\u00edje\u010d skla, kapesn\u00ed klip a ergonomick\u00fd tvar rukojeti.<\/p>\n<\/li>\n<li data-start=\"2053\" data-end=\"2139\">\n<p data-start=\"2055\" data-end=\"2139\"><strong data-start=\"2055\" data-end=\"2075\">Do\u017eivotn\u00ed z\u00e1ruka<\/strong> \u2013 zna\u010dka CobraTec garantuje kvalitu i funk\u010dnost bez kompromis\u016f.<\/p>\n<\/li>\n<\/ul>\n<hr data-start=\"2141\" data-end=\"2144\" \/>\n<h3 data-start=\"2146\" data-end=\"2167\"><strong data-start=\"2150\" data-end=\"2167\">Mo\u017en\u00e1 omezen\u00ed<\/strong><\/h3>\n<ul data-start=\"2169\" data-end=\"2430\">\n<li data-start=\"2169\" data-end=\"2259\">\n<p data-start=\"2171\" data-end=\"2259\"><strong data-start=\"2171\" data-end=\"2187\">V\u011bt\u0161\u00ed rozm\u011br<\/strong> \u2013 verze Large nemus\u00ed vyhovovat t\u011bm, kdo hledaj\u00ed minimalistick\u00fd EDC n\u016f\u017e.<\/p>\n<\/li>\n<li data-start=\"2260\" data-end=\"2336\">\n<p data-start=\"2262\" data-end=\"2336\"><strong data-start=\"2262\" data-end=\"2293\">D2 ocel nen\u00ed zcela nerezov\u00e1<\/strong> \u2013 je pot\u0159eba z\u00e1kladn\u00ed \u00fadr\u017eba proti korozi.<\/p>\n<\/li>\n<li data-start=\"2337\" data-end=\"2430\">\n<p data-start=\"2339\" data-end=\"2430\"><strong data-start=\"2339\" data-end=\"2363\">Legislativn\u00ed omezen\u00ed<\/strong> \u2013 OTF no\u017ee jsou v n\u011bkter\u00fdch zem\u00edch a oblastech regulov\u00e1ny z\u00e1konem.<\/p>\n<\/li>\n<\/ul>\n<hr data-start=\"2432\" data-end=\"2435\" \/>\n<h3 data-start=\"2437\" data-end=\"2462\"><strong data-start=\"2441\" data-end=\"2462\">\u00dadr\u017eba a brou\u0161en\u00ed<\/strong><\/h3>\n<p data-start=\"2464\" data-end=\"2627\">\u010cepel z D2 oceli doporu\u010dujeme po ka\u017ed\u00e9m pou\u017eit\u00ed osu\u0161it a pravideln\u011b lehce promazat. Mechanismus OTF \u010dist\u011bte od prachu a vl\u00e1ken, aby nedoch\u00e1zelo ke ztuhnut\u00ed pohybu.<\/p>\n<p data-start=\"2629\" data-end=\"2805\"><strong data-start=\"2629\" data-end=\"2756\">Pro udr\u017een\u00ed ost\u0159\u00ed doporu\u010dujeme Spyderco Tri-Angle Sharpmaker Complete Sharpening System 204MF \u2013 ide\u00e1ln\u00ed i pro hladk\u00e1 ost\u0159\u00ed.<\/strong><br data-start=\"2756\" data-end=\"2759\" \/>\ud83d\uded2 K dispozici na na\u0161ich str\u00e1nk\u00e1ch Moskito.cz.<\/p>\n<hr data-start=\"2807\" data-end=\"2810\" \/>\n<h3 data-start=\"2812\" data-end=\"2837\"><strong data-start=\"2816\" data-end=\"2837\">Pro koho je ur\u010den<\/strong><\/h3>\n<ul data-start=\"2839\" data-end=\"3145\">\n<li data-start=\"2839\" data-end=\"2949\">\n<p data-start=\"2841\" data-end=\"2949\">Pro ty, kte\u0159\u00ed hledaj\u00ed <strong data-start=\"2863\" data-end=\"2904\">robustn\u00ed, rychl\u00fd a spolehliv\u00fd OTF n\u016f\u017e<\/strong> pro ka\u017edodenn\u00ed no\u0161en\u00ed nebo taktickou v\u00fdbavu.<\/p>\n<\/li>\n<li data-start=\"2950\" data-end=\"3028\">\n<p data-start=\"2952\" data-end=\"3028\">Pro u\u017eivatele, kte\u0159\u00ed ocen\u00ed <strong data-start=\"2979\" data-end=\"3027\">kombinaci tvrdosti, spolehlivosti a elegance<\/strong>.<\/p>\n<\/li>\n<li data-start=\"3029\" data-end=\"3145\">\n<p data-start=\"3031\" data-end=\"3145\">Pro profesion\u00e1ly, outdoorov\u00e9 nad\u0161ence a v\u0161echny, kdo cht\u011bj\u00ed m\u00edt <strong data-start=\"3095\" data-end=\"3144\">v kapse n\u00e1stroj, na kter\u00fd se mohou spolehnout<\/strong>.<\/p>\n<\/li>\n<\/ul>\n<hr data-start=\"3147\" data-end=\"3150\" \/>\n<h3 data-start=\"3152\" data-end=\"3179\"><strong data-start=\"3156\" data-end=\"3179\">Z\u00e1v\u011bre\u010dn\u00e9 hodnocen\u00ed<\/strong><\/h3>\n<p data-start=\"3181\" data-end=\"3476\"><strong data-start=\"3181\" data-end=\"3209\">CobraTec Dominator Large<\/strong> je vyst\u0159elovac\u00ed n\u016f\u017e, kter\u00fd spojuje robustn\u00ed americkou v\u00fdrobu s precizn\u00edm technick\u00fdm zpracov\u00e1n\u00edm. Nab\u00edz\u00ed jistotu, rychlost a v\u00fdkon v jednom kompaktn\u00edm balen\u00ed. Pokud hled\u00e1\u0161 OTF n\u016f\u017e, kter\u00fd obstoj\u00ed v jak\u00e9koli situaci a p\u0159itom vypad\u00e1 stylov\u011b, Dominator je ide\u00e1ln\u00ed volbou.<\/p>\n","protected":false},"excerpt":{"rendered":"<p><strong>CobraTec Dominator Large je vyst\u0159elovac\u00ed n\u016f\u017e, kter\u00fd spojuje robustn\u00ed americkou v\u00fdrobu s precizn\u00edm technick\u00fdm zpracov\u00e1n\u00edm. <\/strong><\/p>\n<p><strong>Doprava zdarma.<\/strong><\/p>\n","protected":false},"featured_media":422130,"comment_status":"open","ping_status":"closed","template":"","meta":[],"pwb-brand":[3241],"product_brand":[],"product_cat":[17,2019],"product_tag":[],"class_list":{"0":"post-422129","1":"product","2":"type-product","3":"status-publish","4":"has-post-thumbnail","6":"pwb-brand-cobratec-2","7":"product_cat-noze","8":"product_cat-vystrelovaci-noze","10":"first","11":"outofstock","12":"taxable","13":"shipping-taxable","14":"purchasable","15":"product-type-simple"},"brands":[{"id":3241,"name":"CobraTec","slug":"cobratec-2"}],"_links":{"self":[{"href":"https:\/\/www.moskito.cz\/de\/wp-json\/wp\/v2\/product\/422129","targetHints":{"allow":["GET"]}}],"collection":[{"href":"https:\/\/www.moskito.cz\/de\/wp-json\/wp\/v2\/product"}],"about":[{"href":"https:\/\/www.moskito.cz\/de\/wp-json\/wp\/v2\/types\/product"}],"replies":[{"embeddable":true,"href":"https:\/\/www.moskito.cz\/de\/wp-json\/wp\/v2\/comments?post=422129"}],"wp:featuredmedia":[{"embeddable":true,"href":"https:\/\/www.moskito.cz\/de\/wp-json\/wp\/v2\/media\/422130"}],"wp:attachment":[{"href":"https:\/\/www.moskito.cz\/de\/wp-json\/wp\/v2\/media?parent=422129"}],"wp:term":[{"taxonomy":"pwb-brand","embeddable":true,"href":"https:\/\/www.moskito.cz\/de\/wp-json\/wp\/v2\/pwb-brand?post=422129"},{"taxonomy":"product_brand","embeddable":true,"href":"https:\/\/www.moskito.cz\/de\/wp-json\/wp\/v2\/product_brand?post=422129"},{"taxonomy":"product_cat","embeddable":true,"href":"https:\/\/www.moskito.cz\/de\/wp-json\/wp\/v2\/product_cat?post=422129"},{"taxonomy":"product_tag","embeddable":true,"href":"https:\/\/www.moskito.cz\/de\/wp-json\/wp\/v2\/product_tag?post=422129"}],"curies":[{"name":"wp","href":"https:\/\/api.w.org\/{rel}","templated":true}]}}