{"id":422998,"date":"2025-09-11T15:20:57","date_gmt":"2025-09-11T14:20:57","guid":{"rendered":"https:\/\/www.moskito.cz\/?post_type=product&#038;p=422998"},"modified":"2025-09-11T15:20:58","modified_gmt":"2025-09-11T14:20:58","slug":"zaviraci-nuz-medford-prae-t-tanto-black-mk0124pt-30v-tpcp-bp","status":"publish","type":"product","link":"https:\/\/www.moskito.cz\/de\/produkt\/zaviraci-nuz-medford-prae-t-tanto-black-mk0124pt-30v-tpcp-bp\/","title":{"rendered":"Zav\u00edrac\u00ed N\u016f\u017e Medford Prae T Tanto Black MK0124PT-30V-TPCP-BP"},"content":{"rendered":"<p data-start=\"237\" data-end=\"823\">Kdy\u017e vezme\u0161 do ruky <strong data-start=\"257\" data-end=\"314\">Medford Praetorian T Tanto Black MK0124PT-30V-TPCP-BP<\/strong>, okam\u017eit\u011b v\u00ed\u0161, \u017ee v ruce nedr\u017e\u00ed\u0161 oby\u010dejn\u00fd kapesn\u00ed n\u016f\u017e \u2014 dr\u017e\u00ed\u0161 symbol s\u00edly, precizn\u00edho \u0159emesla a americk\u00e9 odolnosti. \u010cern\u00e1 verze tohoto modelu dod\u00e1v\u00e1 je\u0161t\u011b v\u011bt\u0161\u00ed mystiku a drsnost: matn\u00fd \u010dern\u00fd povrch oceli i titanu, kter\u00fd sni\u017euje odrazivost a \u010din\u00ed z no\u017ee strategick\u00e9ho \u201etich\u00e9ho bojovn\u00edka\u201c. Tanto profil \u0161pi\u010dky je p\u0159ipraven prorazit tam, kde klasick\u00e1 \u0161pi\u010dka sel\u017ee. Tit\u00e1nov\u00e1 konstrukce r\u00e1mu a masivn\u00ed \u010depel spole\u010dn\u011b tvo\u0159\u00ed n\u011bco, co je t\u011b\u017ek\u00e9 ignorovat \u2014 t\u011b\u017ek\u00fd n\u00e1stroj pro ty, kdo se neost\u00fdchaj\u00ed uk\u00e1zat, co maj\u00ed.<\/p>\n<p data-start=\"825\" data-end=\"1105\">Tento Praetorian T Tanto Black nen\u00ed pro ka\u017ed\u00e9ho. Vy\u017eaduje respekt \u2014 a rozhodnut\u00ed, \u017ee chce\u0161 m\u00edt n\u016f\u017e, kter\u00fd nen\u00ed prost\u011b EDC, ale statement. Ale pokud hled\u00e1\u0161 n\u00e1stroj, kter\u00fd zvl\u00e1dne extr\u00e9m, nebude se vzd\u00e1vat a bude vzbuzovat respekt u\u017e sv\u00fdm vzhledem, tento model je p\u0159esn\u011b pro tebe.<\/p>\n<hr data-start=\"1107\" data-end=\"1110\" \/>\n<p data-start=\"1112\" data-end=\"1198\">\ud83d\udd27 <strong data-start=\"1115\" data-end=\"1196\">Technick\u00e9 specifikace (Medford Praetorian T Tanto Black MK0124PT-30V-TPCP-BP)<\/strong><\/p>\n<ul data-start=\"1200\" data-end=\"1841\">\n<li data-start=\"1200\" data-end=\"1252\">\n<p data-start=\"1202\" data-end=\"1252\"><strong data-start=\"1202\" data-end=\"1231\">Celkov\u00e1 d\u00e9lka (otev\u0159en\u00fd):<\/strong> cca 22,9 cm (9,0\u2033)<\/p>\n<\/li>\n<li data-start=\"1253\" data-end=\"1293\">\n<p data-start=\"1255\" data-end=\"1293\"><strong data-start=\"1255\" data-end=\"1272\">D\u00e9lka \u010depele:<\/strong> cca 9,5 cm (3,75\u2033)<\/p>\n<\/li>\n<li data-start=\"1294\" data-end=\"1338\">\n<p data-start=\"1296\" data-end=\"1338\"><strong data-start=\"1296\" data-end=\"1316\">Tlou\u0161\u0165ka \u010depele:<\/strong> cca 4,8 mm (0,190\u2033)<\/p>\n<\/li>\n<li data-start=\"1339\" data-end=\"1425\">\n<p data-start=\"1341\" data-end=\"1425\"><strong data-start=\"1341\" data-end=\"1361\">Materi\u00e1l \u010depele:<\/strong> CPM-S45VN \u2013 \u0161pi\u010dkov\u00e1 nerezov\u00e1 ocel s dlouhou \u017eivotnost\u00ed ost\u0159\u00ed<\/p>\n<\/li>\n<li data-start=\"1426\" data-end=\"1504\">\n<p data-start=\"1428\" data-end=\"1504\"><strong data-start=\"1428\" data-end=\"1443\">Typ \u010depele:<\/strong> tanto \u2013 zes\u00edlen\u00e1 \u0161pi\u010dka pro maxim\u00e1ln\u00ed pr\u016fraznost a pevnost<\/p>\n<\/li>\n<li data-start=\"1505\" data-end=\"1603\">\n<p data-start=\"1507\" data-end=\"1603\"><strong data-start=\"1507\" data-end=\"1525\">Povrch \u010depele:<\/strong> Black Finish \u2013 matn\u00e1 \u010dern\u00e1 \u00faprava pro taktick\u00fd vzhled a sn\u00ed\u017eenou odrazivost<\/p>\n<\/li>\n<li data-start=\"1604\" data-end=\"1676\">\n<p data-start=\"1606\" data-end=\"1676\"><strong data-start=\"1606\" data-end=\"1618\">Rukoje\u0165:<\/strong> titanov\u00fd r\u00e1m (frame lock) \u2013 extr\u00e9mn\u00ed pevnost a odolnost<\/p>\n<\/li>\n<li data-start=\"1677\" data-end=\"1747\">\n<p data-start=\"1679\" data-end=\"1747\"><strong data-start=\"1679\" data-end=\"1689\">Z\u00e1mek:<\/strong> frame lock z titanu \u2013 spolehliv\u00fd a robustn\u00ed mechanismus<\/p>\n<\/li>\n<li data-start=\"1748\" data-end=\"1804\">\n<p data-start=\"1750\" data-end=\"1804\"><strong data-start=\"1750\" data-end=\"1774\">Sklo-rozb\u00edjec\u00ed hrot:<\/strong> ano \u2013 funk\u010dn\u00ed nouzov\u00fd prvek<\/p>\n<\/li>\n<li data-start=\"1805\" data-end=\"1841\">\n<p data-start=\"1807\" data-end=\"1841\"><strong data-start=\"1807\" data-end=\"1820\">Hmotnost:<\/strong> cca 263 g (9,3 oz)<\/p>\n<\/li>\n<\/ul>\n<hr data-start=\"1843\" data-end=\"1846\" \/>\n<p data-start=\"1848\" data-end=\"1869\">\u2705 <strong data-start=\"1850\" data-end=\"1867\">Hlavn\u00ed v\u00fdhody<\/strong><\/p>\n<ul data-start=\"1871\" data-end=\"2251\">\n<li data-start=\"1871\" data-end=\"1941\">\n<p data-start=\"1873\" data-end=\"1941\">Pr\u00e9miov\u00e1 ocel CPM-S45VN \u2013 vysok\u00e1 odolnost, dlouhotrvaj\u00edc\u00ed ostrost.<\/p>\n<\/li>\n<li data-start=\"1942\" data-end=\"2030\">\n<p data-start=\"1944\" data-end=\"2030\">Titanov\u00e1 konstrukce \u2013 pevn\u00e1, odoln\u00e1 a s charakteristick\u00fdm \u201etankov\u00fdm\u201c pocitem v ruce.<\/p>\n<\/li>\n<li data-start=\"2031\" data-end=\"2107\">\n<p data-start=\"2033\" data-end=\"2107\">\u010cern\u00e1 povrchov\u00e1 \u00faprava \u2013 dod\u00e1v\u00e1 taktick\u00fd vzhled a chr\u00e1n\u00ed proti odlesk\u016fm.<\/p>\n<\/li>\n<li data-start=\"2108\" data-end=\"2180\">\n<p data-start=\"2110\" data-end=\"2180\">Masivn\u00ed proveden\u00ed \u2013 \u010depel i r\u00e1m konstruovan\u00e9 do extr\u00e9mn\u00edch podm\u00ednek.<\/p>\n<\/li>\n<li data-start=\"2181\" data-end=\"2251\">\n<p data-start=\"2183\" data-end=\"2251\">Ru\u010dn\u00ed americk\u00e1 v\u00fdroba \u2013 ka\u017ed\u00fd kus je origin\u00e1l s d\u016frazem na detail.<\/p>\n<\/li>\n<\/ul>\n<hr data-start=\"2253\" data-end=\"2256\" \/>\n<p data-start=\"2258\" data-end=\"2280\">\u26a0\ufe0f <strong data-start=\"2261\" data-end=\"2278\">Mo\u017en\u00e1 omezen\u00ed<\/strong><\/p>\n<ul data-start=\"2282\" data-end=\"2538\">\n<li data-start=\"2282\" data-end=\"2346\">\n<p data-start=\"2284\" data-end=\"2346\">Vysok\u00e1 hmotnost \u2013 p\u0159es 260 g je p\u0159i ka\u017edodenn\u00edm no\u0161en\u00ed zn\u00e1t.<\/p>\n<\/li>\n<li data-start=\"2347\" data-end=\"2405\">\n<p data-start=\"2349\" data-end=\"2405\">Rozm\u011brn\u00e9 proveden\u00ed \u2013 n\u016f\u017e je robustn\u00ed a m\u00e9n\u011b diskr\u00e9tn\u00ed.<\/p>\n<\/li>\n<li data-start=\"2406\" data-end=\"2469\">\n<p data-start=\"2408\" data-end=\"2469\">Pr\u00e9miov\u00e1 cena \u2013 odpov\u00edd\u00e1 exkluzivit\u011b a pou\u017eit\u00fdm materi\u00e1l\u016fm.<\/p>\n<\/li>\n<li data-start=\"2470\" data-end=\"2538\">\n<p data-start=\"2472\" data-end=\"2538\">Drsn\u00fd design \u2013 nen\u00ed to decentn\u00ed EDC, ale sp\u00ed\u0161e taktick\u00fd n\u00e1stroj.<\/p>\n<\/li>\n<\/ul>\n<hr data-start=\"2540\" data-end=\"2543\" \/>\n<p data-start=\"2545\" data-end=\"2568\">\ud83d\udee0\ufe0f <strong data-start=\"2549\" data-end=\"2566\">\u00dadr\u017eba a p\u00e9\u010de<\/strong><\/p>\n<ul data-start=\"2570\" data-end=\"3028\">\n<li data-start=\"2570\" data-end=\"2645\">\n<p data-start=\"2572\" data-end=\"2645\">\u010cepel pravideln\u011b ot\u00edrej such\u00fdm had\u0159\u00edkem, aby z\u016fstala \u010dist\u00e1 a bez skvrn.<\/p>\n<\/li>\n<li data-start=\"2646\" data-end=\"2709\">\n<p data-start=\"2648\" data-end=\"2709\">Pohybliv\u00e9 \u010d\u00e1sti (\u010dep, z\u00e1mek) ob\u010das proma\u017e kvalitn\u00edm olejem.<\/p>\n<\/li>\n<li data-start=\"2710\" data-end=\"2803\">\n<p data-start=\"2712\" data-end=\"2803\">Povrchov\u00e1 \u00faprava Black Finish je odoln\u00e1, ale vyplat\u00ed se chr\u00e1nit ji p\u0159ed hrub\u00fdm kontaktem.<\/p>\n<\/li>\n<li data-start=\"2804\" data-end=\"3028\">\n<p data-start=\"2806\" data-end=\"3028\">Pro udr\u017een\u00ed ost\u0159\u00ed doporu\u010dujeme <a class=\"decorated-link cursor-pointer\" target=\"_new\" rel=\"noopener\" data-start=\"2837\" data-end=\"2926\">Spyderco Tri-Angle Sharpmaker Complete Sharpening System 204MF<\/a><\/p>\n<\/li>\n<li data-start=\"2804\" data-end=\"3028\">\n<p data-start=\"3035\" data-end=\"3058\">\ud83c\udfaf <strong data-start=\"3038\" data-end=\"3056\">Doporu\u010deno pro<\/strong><\/p>\n<ul data-start=\"3060\" data-end=\"3329\">\n<li data-start=\"3060\" data-end=\"3115\">\n<p data-start=\"3062\" data-end=\"3115\">Sb\u011bratele, kte\u0159\u00ed cht\u011bj\u00ed ikonick\u00fd a taktick\u00fd kousek.<\/p>\n<\/li>\n<li data-start=\"3116\" data-end=\"3197\">\n<p data-start=\"3118\" data-end=\"3197\">Profesion\u00e1ly a u\u017eivatele v n\u00e1ro\u010dn\u00e9m prost\u0159ed\u00ed, kde je spolehlivost prioritou.<\/p>\n<\/li>\n<li data-start=\"3198\" data-end=\"3248\">\n<p data-start=\"3200\" data-end=\"3248\">Fanou\u0161ky americk\u00e9 v\u00fdroby a robustn\u00edho designu.<\/p>\n<\/li>\n<li data-start=\"3249\" data-end=\"3329\">\n<p data-start=\"3251\" data-end=\"3329\">Ty, kdo hledaj\u00ed n\u016f\u017e, kter\u00fd vynik\u00e1 silou, osobitost\u00ed a sb\u011bratelskou hodnotou.<\/p>\n<\/li>\n<\/ul>\n<hr data-start=\"3331\" data-end=\"3334\" \/>\n<p data-start=\"3336\" data-end=\"3363\">\u2b50 <strong data-start=\"3338\" data-end=\"3361\">Z\u00e1v\u011bre\u010dn\u00e9 hodnocen\u00ed<\/strong><\/p>\n<p data-start=\"3365\" data-end=\"3727\"><strong data-start=\"3365\" data-end=\"3422\">Medford Praetorian T Tanto Black MK0124PT-30V-TPCP-BP<\/strong> je zt\u011blesn\u011bn\u00edm s\u00edly, precizn\u00edho zpracov\u00e1n\u00ed a taktick\u00e9ho ducha. Robustn\u00ed titanov\u00e1 konstrukce, pr\u00e9miov\u00e1 ocel a matn\u00e1 \u010dern\u00e1 \u00faprava d\u011blaj\u00ed z tohoto modelu jeden z nejp\u016fsobiv\u011bj\u0161\u00edch zav\u00edrac\u00edch no\u017e\u016f sou\u010dasnosti. Je t\u011b\u017ek\u00fd, v\u00fdrazn\u00fd a nep\u0159ehl\u00e9dnuteln\u00fd \u2014 dokonal\u00fd pro ty, kdo cht\u011bj\u00ed v\u00edc ne\u017e jen praktick\u00fd n\u00e1stroj.<\/p>\n<\/li>\n<\/ul>\n","protected":false},"excerpt":{"rendered":"<p><strong>Medford Praetorian T Tanto Black MK0124PT-30V-TPCP-BP je zt\u011blesn\u011bn\u00edm s\u00edly, precizn\u00edho zpracov\u00e1n\u00ed a taktick\u00e9ho ducha. Robustn\u00ed titanov\u00e1 konstrukce, pr\u00e9miov\u00e1 ocel a matn\u00e1 \u010dern\u00e1 \u00faprava d\u011blaj\u00ed z tohoto modelu jeden z nejp\u016fsobiv\u011bj\u0161\u00edch zav\u00edrac\u00edch no\u017e\u016f sou\u010dasnosti.<\/strong><\/p>\n<p><strong>Doprava zdarma.<\/strong><\/p>\n","protected":false},"featured_media":422999,"comment_status":"open","ping_status":"closed","template":"","meta":[],"pwb-brand":[358],"product_brand":[],"product_cat":[17,22],"product_tag":[],"class_list":{"0":"post-422998","1":"product","2":"type-product","3":"status-publish","4":"has-post-thumbnail","6":"pwb-brand-medford","7":"product_cat-noze","8":"product_cat-zaviraci-noze","10":"first","11":"instock","12":"taxable","13":"shipping-taxable","14":"purchasable","15":"product-type-simple"},"brands":[{"id":358,"name":"Medford","slug":"medford"}],"_links":{"self":[{"href":"https:\/\/www.moskito.cz\/de\/wp-json\/wp\/v2\/product\/422998","targetHints":{"allow":["GET"]}}],"collection":[{"href":"https:\/\/www.moskito.cz\/de\/wp-json\/wp\/v2\/product"}],"about":[{"href":"https:\/\/www.moskito.cz\/de\/wp-json\/wp\/v2\/types\/product"}],"replies":[{"embeddable":true,"href":"https:\/\/www.moskito.cz\/de\/wp-json\/wp\/v2\/comments?post=422998"}],"wp:featuredmedia":[{"embeddable":true,"href":"https:\/\/www.moskito.cz\/de\/wp-json\/wp\/v2\/media\/422999"}],"wp:attachment":[{"href":"https:\/\/www.moskito.cz\/de\/wp-json\/wp\/v2\/media?parent=422998"}],"wp:term":[{"taxonomy":"pwb-brand","embeddable":true,"href":"https:\/\/www.moskito.cz\/de\/wp-json\/wp\/v2\/pwb-brand?post=422998"},{"taxonomy":"product_brand","embeddable":true,"href":"https:\/\/www.moskito.cz\/de\/wp-json\/wp\/v2\/product_brand?post=422998"},{"taxonomy":"product_cat","embeddable":true,"href":"https:\/\/www.moskito.cz\/de\/wp-json\/wp\/v2\/product_cat?post=422998"},{"taxonomy":"product_tag","embeddable":true,"href":"https:\/\/www.moskito.cz\/de\/wp-json\/wp\/v2\/product_tag?post=422998"}],"curies":[{"name":"wp","href":"https:\/\/api.w.org\/{rel}","templated":true}]}}