{"id":423607,"date":"2025-09-14T15:30:29","date_gmt":"2025-09-14T14:30:29","guid":{"rendered":"https:\/\/www.moskito.cz\/?post_type=product&#038;p=423607"},"modified":"2026-04-27T08:45:50","modified_gmt":"2026-04-27T07:45:50","slug":"multitool-leatherman-rebar-mossy-slate-833315","status":"publish","type":"product","link":"https:\/\/www.moskito.cz\/de\/produkt\/multitool-leatherman-rebar-mossy-slate-833315\/","title":{"rendered":"MultiTool Leatherman Rebar Mossy Slate 833315"},"content":{"rendered":"<p data-start=\"118\" data-end=\"213\"><strong data-start=\"118\" data-end=\"211\">Leatherman Rebar Mossy Slate 833315 \u2013 spolehliv\u00fd multitool pro ka\u017edodenn\u00ed i n\u00e1ro\u010dn\u00e9 \u00fakoly<\/strong><\/p>\n<p data-start=\"215\" data-end=\"646\">Kdy\u017e poprv\u00e9 uchop\u00ed\u0161 <strong data-start=\"235\" data-end=\"274\">Leatherman Rebar Mossy Slate 833315<\/strong>, okam\u017eit\u011b poc\u00edt\u00ed\u0161 robustnost a precizn\u00ed zpracov\u00e1n\u00ed, kter\u00e9 jsou typick\u00e9 pro v\u0161echny produkty Leatherman. Tento multitool nen\u00ed jen praktick\u00fd n\u00e1stroj \u2013 je to spole\u010dn\u00edk, kter\u00fd t\u011b nenech\u00e1 ve \u0161tychu v \u017e\u00e1dn\u00e9 situaci. Od ka\u017edodenn\u00edch oprav doma \u010di v d\u00edln\u011b, p\u0159es drobn\u00e9 \u00fakoly p\u0159i outdoorov\u00fdch aktivit\u00e1ch, a\u017e po \u0159e\u0161en\u00ed ne\u010dekan\u00fdch probl\u00e9m\u016f na cest\u00e1ch \u2013 Rebar je p\u0159ipraven\u00fd na v\u0161e.<\/p>\n<p data-start=\"648\" data-end=\"1055\">Mossy Slate p\u0159in\u00e1\u0161\u00ed nejen odolnost a prakti\u010dnost, ale i elegantn\u00ed a modern\u00ed vzhled. Povrchov\u00e1 \u00faprava Cerakote\u00ae chr\u00e1n\u00ed multitool proti korozi a po\u0161kr\u00e1b\u00e1n\u00ed, zat\u00edmco precizn\u00ed proveden\u00ed ka\u017ed\u00e9ho n\u00e1stroje zaji\u0161\u0165uje pohodln\u00e9 a bezpe\u010dn\u00e9 pou\u017eit\u00ed. I p\u0159es svou kompaktn\u00ed velikost a n\u00edzkou hmotnost je Rebar schopen zvl\u00e1dnout n\u00e1ro\u010dn\u00e9 \u00fakoly \u2013 od \u0159ez\u00e1n\u00ed a \u0161roubov\u00e1n\u00ed, p\u0159es otev\u00edr\u00e1n\u00ed lahv\u00ed, a\u017e po drobn\u00e9 opravy v ter\u00e9nu.<\/p>\n<p data-start=\"1057\" data-end=\"1348\">Ka\u017ed\u00fd n\u00e1stroj v tomto multitoolu se zamyk\u00e1 pro maxim\u00e1ln\u00ed bezpe\u010dnost a je dostupn\u00fd jednou rukou, co\u017e umo\u017e\u0148uje rychl\u00e9 a efektivn\u00ed pou\u017eit\u00ed. Mossy Slate nen\u00ed jen n\u00e1strojem, ale symbolem spolehlivosti a kvality, kter\u00fd ocen\u00ed v\u0161ichni, kdo cht\u011bj\u00ed m\u00edt v\u017edy po ruce praktick\u00e9ho a odoln\u00e9ho pomocn\u00edka.<\/p>\n<hr data-start=\"1350\" data-end=\"1353\" \/>\n<h3 data-start=\"1355\" data-end=\"1423\">\ud83d\udd27 Technick\u00e9 specifikace (Leatherman Rebar Mossy Slate 833315)<\/h3>\n<ul data-start=\"1425\" data-end=\"1910\">\n<li data-start=\"1425\" data-end=\"1451\">\n<p data-start=\"1427\" data-end=\"1451\"><strong data-start=\"1427\" data-end=\"1445\">Po\u010det n\u00e1stroj\u016f<\/strong>: 17<\/p>\n<\/li>\n<li data-start=\"1452\" data-end=\"1496\">\n<p data-start=\"1454\" data-end=\"1496\"><strong data-start=\"1454\" data-end=\"1484\">D\u00e9lka zav\u0159en\u00e9ho multitoolu<\/strong>: 10,16 cm<\/p>\n<\/li>\n<li data-start=\"1497\" data-end=\"1523\">\n<p data-start=\"1499\" data-end=\"1523\"><strong data-start=\"1499\" data-end=\"1511\">Hmotnost<\/strong>: 189,94 g<\/p>\n<\/li>\n<li data-start=\"1524\" data-end=\"1568\">\n<p data-start=\"1526\" data-end=\"1568\"><strong data-start=\"1526\" data-end=\"1545\">Materi\u00e1l \u010depele<\/strong>: nerezov\u00e1 ocel 420HC<\/p>\n<\/li>\n<li data-start=\"1569\" data-end=\"1660\">\n<p data-start=\"1571\" data-end=\"1660\"><strong data-start=\"1571\" data-end=\"1592\">Materi\u00e1l rukojeti<\/strong>: nerezov\u00e1 ocel s povrchovou \u00fapravou Cerakote\u00ae v barv\u011b Mossy Slate<\/p>\n<\/li>\n<li data-start=\"1661\" data-end=\"1721\">\n<p data-start=\"1663\" data-end=\"1721\"><strong data-start=\"1663\" data-end=\"1684\">Zamyk\u00e1n\u00ed n\u00e1stroj\u016f<\/strong>: ano, v\u0161echny n\u00e1stroje se zamykaj\u00ed<\/p>\n<\/li>\n<li data-start=\"1722\" data-end=\"1805\">\n<p data-start=\"1724\" data-end=\"1805\"><strong data-start=\"1724\" data-end=\"1744\">Povrchov\u00e1 \u00faprava<\/strong>: Cerakote\u00ae pro zv\u00fd\u0161en\u00ed odolnosti proti korozi a opot\u0159eben\u00ed<\/p>\n<\/li>\n<li data-start=\"1806\" data-end=\"1842\">\n<p data-start=\"1808\" data-end=\"1842\"><strong data-start=\"1808\" data-end=\"1831\">D\u00e9lka hlavn\u00ed \u010depele<\/strong>: 7,37 cm<\/p>\n<\/li>\n<li data-start=\"1843\" data-end=\"1885\">\n<p data-start=\"1845\" data-end=\"1885\"><strong data-start=\"1845\" data-end=\"1872\">Povrchov\u00e1 \u00faprava \u010depele<\/strong>: Cerakote\u00ae<\/p>\n<\/li>\n<li data-start=\"1886\" data-end=\"1910\">\n<p data-start=\"1888\" data-end=\"1910\"><strong data-start=\"1888\" data-end=\"1903\">Zem\u011b v\u00fdroby<\/strong>: USA<\/p>\n<\/li>\n<\/ul>\n<hr data-start=\"1912\" data-end=\"1915\" \/>\n<h3 data-start=\"1917\" data-end=\"1938\">\u2705 Hlavn\u00ed v\u00fdhody<\/h3>\n<ul data-start=\"1940\" data-end=\"2550\">\n<li data-start=\"1940\" data-end=\"2055\">\n<p data-start=\"1942\" data-end=\"2055\">Vysok\u00e1 kvalita materi\u00e1l\u016f \u2013 nerezov\u00e1 ocel 420HC a Cerakote\u00ae zaji\u0161\u0165uj\u00ed dlouhou \u017eivotnost a odolnost proti korozi.<\/p>\n<\/li>\n<li data-start=\"2056\" data-end=\"2166\">\n<p data-start=\"2058\" data-end=\"2166\">V\u0161estrannost \u2013 17 n\u00e1stroj\u016f pokr\u00fdv\u00e1 \u0161irok\u00e9 spektrum \u00fakol\u016f, od \u0159ez\u00e1n\u00ed po \u0161roubov\u00e1n\u00ed, pilku i otv\u00edr\u00e1n\u00ed lahv\u00ed.<\/p>\n<\/li>\n<li data-start=\"2167\" data-end=\"2275\">\n<p data-start=\"2169\" data-end=\"2275\">Pohodln\u00e9 pou\u017eit\u00ed \u2013 v\u0161echny n\u00e1stroje se zamykaj\u00ed a jsou p\u0159\u00edstupn\u00e9 zven\u010d\u00ed, vhodn\u00e9 pro jednoru\u010dn\u00ed ovl\u00e1d\u00e1n\u00ed.<\/p>\n<\/li>\n<li data-start=\"2276\" data-end=\"2375\">\n<p data-start=\"2278\" data-end=\"2375\">Stylov\u00fd design \u2013 barva Mossy Slate a precizn\u00ed zpracov\u00e1n\u00ed dod\u00e1vaj\u00ed multitoolu atraktivn\u00ed vzhled.<\/p>\n<\/li>\n<li data-start=\"2376\" data-end=\"2451\">\n<p data-start=\"2378\" data-end=\"2451\">Odolnost \u2013 povrchov\u00e1 \u00faprava Cerakote\u00ae chr\u00e1n\u00ed proti po\u0161kr\u00e1b\u00e1n\u00ed a korozi.<\/p>\n<\/li>\n<li data-start=\"2452\" data-end=\"2550\">\n<p data-start=\"2454\" data-end=\"2550\">P\u0159enosnost \u2013 kompaktn\u00ed rozm\u011bry a n\u00edzk\u00e1 hmotnost umo\u017e\u0148uj\u00ed snadn\u00e9 no\u0161en\u00ed v pouzdru \u010di na opasku.<\/p>\n<\/li>\n<\/ul>\n<hr data-start=\"2552\" data-end=\"2555\" \/>\n<h3 data-start=\"2557\" data-end=\"2579\">\u26a0\ufe0f Mo\u017en\u00e1 omezen\u00ed<\/h3>\n<ul data-start=\"2581\" data-end=\"2828\">\n<li data-start=\"2581\" data-end=\"2644\">\n<p data-start=\"2583\" data-end=\"2644\">Cena \u2013 vy\u0161\u0161\u00ed cena m\u016f\u017ee b\u00fdt pro n\u011bkter\u00e9 u\u017eivatele p\u0159ek\u00e1\u017ekou.<\/p>\n<\/li>\n<li data-start=\"2645\" data-end=\"2699\">\n<p data-start=\"2647\" data-end=\"2699\">Hmotnost \u2013 189,94 g je znateln\u00e1 p\u0159i del\u0161\u00edm no\u0161en\u00ed.<\/p>\n<\/li>\n<li data-start=\"2700\" data-end=\"2828\">\n<p data-start=\"2702\" data-end=\"2828\">Specifick\u00e9 n\u00e1stroje \u2013 n\u011bkter\u00e9 n\u00e1stroje, jako pilka \u010di \u0159ez\u00e1k na dr\u00e1ty, mohou b\u00fdt pro p\u0159\u00edle\u017eitostn\u00e9 u\u017eivatele m\u00e9n\u011b vyu\u017eiteln\u00e9.<\/p>\n<\/li>\n<\/ul>\n<hr data-start=\"2830\" data-end=\"2833\" \/>\n<h3 data-start=\"2835\" data-end=\"2858\">\ud83d\udee0\ufe0f \u00dadr\u017eba a p\u00e9\u010de<\/h3>\n<ul data-start=\"2860\" data-end=\"3313\">\n<li data-start=\"2860\" data-end=\"2930\">\n<p data-start=\"2862\" data-end=\"2930\">Po ka\u017ed\u00e9m pou\u017eit\u00ed o\u010disti multitool od ne\u010distot a zbytk\u016f materi\u00e1l\u016f.<\/p>\n<\/li>\n<li data-start=\"2931\" data-end=\"2989\">\n<p data-start=\"2933\" data-end=\"2989\">Pohybliv\u00e9 \u010d\u00e1sti pravideln\u011b ma\u017e olejem pro hladk\u00fd chod.<\/p>\n<\/li>\n<li data-start=\"2990\" data-end=\"3054\">\n<p data-start=\"2992\" data-end=\"3054\">Pou\u017e\u00edvej kvalitn\u00ed brousek pro udr\u017een\u00ed ostrosti no\u017e\u016f a pilky.<\/p>\n<\/li>\n<li data-start=\"3055\" data-end=\"3127\">\n<p data-start=\"3057\" data-end=\"3127\">Povrchovou \u00fapravu Cerakote\u00ae chra\u0148 p\u0159ed tvrd\u00fdm od\u011brem a chemik\u00e1liemi.<\/p>\n<\/li>\n<li data-start=\"3128\" data-end=\"3313\">\n<p data-start=\"3130\" data-end=\"3313\">Pro dlouhodobou p\u00e9\u010di o ost\u0159\u00ed doporu\u010dujeme <strong data-start=\"3172\" data-end=\"3238\">Spyderco Tri-Angle Sharpmaker Complete Sharpening System 204MF<\/strong> \u2013 ide\u00e1ln\u00ed i pro hladk\u00e1 ost\u0159\u00ed. \ud83d\uded2 Koup\u00edte na na\u0161ich str\u00e1nk\u00e1ch Moskito.cz.<\/p>\n<\/li>\n<\/ul>\n<hr data-start=\"3315\" data-end=\"3318\" \/>\n<h3 data-start=\"3320\" data-end=\"3343\">\ud83c\udfaf Doporu\u010deno pro<\/h3>\n<ul data-start=\"3345\" data-end=\"3657\">\n<li data-start=\"3345\" data-end=\"3406\">\n<p data-start=\"3347\" data-end=\"3406\">Dom\u00e1c\u00ed kutily \u2013 ide\u00e1ln\u00ed pro opravy a \u00fadr\u017ebu v dom\u00e1cnosti.<\/p>\n<\/li>\n<li data-start=\"3407\" data-end=\"3477\">\n<p data-start=\"3409\" data-end=\"3477\">Profesion\u00e1ly \u2013 vhodn\u00fd pro techniky, elektrik\u00e1\u0159e a dal\u0161\u00ed odborn\u00edky.<\/p>\n<\/li>\n<li data-start=\"3478\" data-end=\"3572\">\n<p data-start=\"3480\" data-end=\"3572\">Outdoorov\u00e9 nad\u0161ence \u2013 skv\u011bl\u00fd spole\u010dn\u00edk pro kempov\u00e1n\u00ed, turistiku a dal\u0161\u00ed venkovn\u00ed aktivity.<\/p>\n<\/li>\n<li data-start=\"3573\" data-end=\"3657\">\n<p data-start=\"3575\" data-end=\"3657\">Ka\u017edodenn\u00ed pou\u017eit\u00ed \u2013 d\u00edky kompaktn\u00edm rozm\u011br\u016fm a v\u0161estrannosti je vhodn\u00fd pro EDC.<\/p>\n<\/li>\n<\/ul>\n<hr data-start=\"3659\" data-end=\"3662\" \/>\n<h3 data-start=\"3664\" data-end=\"3691\">\u2b50 Z\u00e1v\u011bre\u010dn\u00e9 hodnocen\u00ed<\/h3>\n<p data-start=\"3693\" data-end=\"4096\"><strong data-start=\"3693\" data-end=\"3732\">Leatherman Rebar Mossy Slate 833315<\/strong> je multitool, kter\u00fd spojuje odolnost, v\u0161estrannost a styl. D\u00edky \u0161irok\u00e9mu spektru n\u00e1stroj\u016f, intuitivn\u00edmu ovl\u00e1d\u00e1n\u00ed a kvalitn\u00edmu zpracov\u00e1n\u00ed je ide\u00e1ln\u00ed volbou pro ka\u017ed\u00e9ho, kdo hled\u00e1 spolehliv\u00e9ho par\u0165\u00e1ka pro ka\u017edodenn\u00ed pou\u017eit\u00ed i n\u00e1ro\u010dn\u00e9 \u00fakoly. Tento multitool ti poskytne jistotu, \u017ee bude\u0161 p\u0159ipraven na jakoukoli situaci \u2013 a nav\u00edc v elegantn\u00edm Mossy Slate proveden\u00ed.<\/p>\n<hr data-start=\"4098\" data-end=\"4101\" \/>\n","protected":false},"excerpt":{"rendered":"<p><strong>Leatherman Rebar Mossy Slate 833315 je multitool, kter\u00fd spojuje odolnost, v\u0161estrannost a styl. D\u00edky \u0161irok\u00e9mu spektru n\u00e1stroj\u016f, intuitivn\u00edmu ovl\u00e1d\u00e1n\u00ed a kvalitn\u00edmu zpracov\u00e1n\u00ed je ide\u00e1ln\u00ed volbou pro ka\u017ed\u00e9ho, kdo hled\u00e1 spolehliv\u00e9ho par\u0165\u00e1ka pro ka\u017edodenn\u00ed pou\u017eit\u00ed i n\u00e1ro\u010dn\u00e9 \u00fakoly.<\/strong><\/p>\n","protected":false},"featured_media":423608,"comment_status":"open","ping_status":"closed","template":"","meta":[],"pwb-brand":[404],"product_brand":[],"product_cat":[50],"product_tag":[],"class_list":{"0":"post-423607","1":"product","2":"type-product","3":"status-publish","4":"has-post-thumbnail","6":"pwb-brand-leatherman","7":"product_cat-multi-tool","9":"first","10":"instock","11":"taxable","12":"shipping-taxable","13":"purchasable","14":"product-type-simple"},"brands":[{"id":404,"name":"Leatherman","slug":"leatherman"}],"_links":{"self":[{"href":"https:\/\/www.moskito.cz\/de\/wp-json\/wp\/v2\/product\/423607","targetHints":{"allow":["GET"]}}],"collection":[{"href":"https:\/\/www.moskito.cz\/de\/wp-json\/wp\/v2\/product"}],"about":[{"href":"https:\/\/www.moskito.cz\/de\/wp-json\/wp\/v2\/types\/product"}],"replies":[{"embeddable":true,"href":"https:\/\/www.moskito.cz\/de\/wp-json\/wp\/v2\/comments?post=423607"}],"wp:featuredmedia":[{"embeddable":true,"href":"https:\/\/www.moskito.cz\/de\/wp-json\/wp\/v2\/media\/423608"}],"wp:attachment":[{"href":"https:\/\/www.moskito.cz\/de\/wp-json\/wp\/v2\/media?parent=423607"}],"wp:term":[{"taxonomy":"pwb-brand","embeddable":true,"href":"https:\/\/www.moskito.cz\/de\/wp-json\/wp\/v2\/pwb-brand?post=423607"},{"taxonomy":"product_brand","embeddable":true,"href":"https:\/\/www.moskito.cz\/de\/wp-json\/wp\/v2\/product_brand?post=423607"},{"taxonomy":"product_cat","embeddable":true,"href":"https:\/\/www.moskito.cz\/de\/wp-json\/wp\/v2\/product_cat?post=423607"},{"taxonomy":"product_tag","embeddable":true,"href":"https:\/\/www.moskito.cz\/de\/wp-json\/wp\/v2\/product_tag?post=423607"}],"curies":[{"name":"wp","href":"https:\/\/api.w.org\/{rel}","templated":true}]}}