{"id":424661,"date":"2025-09-26T08:54:01","date_gmt":"2025-09-26T07:54:01","guid":{"rendered":"https:\/\/www.moskito.cz\/produkt\/benchmade-custom-barrage-klappmesser-cu580-ss-154cm\/"},"modified":"2025-09-26T09:03:09","modified_gmt":"2025-09-26T08:03:09","slug":"benchmade-custom-barrage-klappmesser-cu580-ss-154cm","status":"publish","type":"product","link":"https:\/\/www.moskito.cz\/de\/produkt\/benchmade-custom-barrage-klappmesser-cu580-ss-154cm\/","title":{"rendered":"Benchmade Custom Barrage Klappmesser CU580-SS-154CM"},"content":{"rendered":"<h3 data-start=\"0\" data-end=\"45\">Benchmade Custom Barrage CU580-SS-154CM<\/h3>\n<h4 data-start=\"47\" data-end=\"78\">Historisch-poetische Einf\u00fchrung<\/h4>\n<p data-start=\"79\" data-end=\"459\">Als Benchmade das Barrage vorstellte, schrieb es Geschichte als erstes Messer der Marke mit \u00d6ffnungshilfe. Die Kombination aus AXIS\u00ae Lock und Federunterst\u00fctzung war revolution\u00e4r \u2013 ein Messer, das sich schnell, zuverl\u00e4ssig und dennoch sicher \u00f6ffnen lie\u00df. Der legend\u00e4re Designer Mel Pardue gab dem Barrage eine Form, die perfekt in die Handfl\u00e4che passt, und Benchmade f\u00fcgte die Technologie hinzu, die es zu einem Pionier machte.  <\/p>\n<p data-start=\"461\" data-end=\"900\"><strong data-start=\"467\" data-end=\"492\">Die Custom Edition CU580-SS-154CM<\/strong> setzt diese Tradition fort und verleiht ihr gleichzeitig Pers\u00f6nlichkeit und Stil. Die Klinge aus <strong data-start=\"571\" data-end=\"580\">154CM<\/strong> -Stahl \u2013 einem amerikanischen Edelstahlklassiker \u2013 bietet einen hervorragenden Kompromiss zwischen Sch\u00e4rfe, Haltbarkeit und Pflegeleichtigkeit. Das Satin-Finish sieht elegant aus, sorgt aber vor allem f\u00fcr einen glatten Querschnitt des Materials. Der ma\u00dfgefertigte Griff (oft G-10 oder Micarta) verleiht dem Messer ein einzigartiges Aussehen und einen zuverl\u00e4ssigen Griff, der weder Feuchtigkeit noch lange Arbeit scheut.   <\/p>\n<p data-start=\"902\" data-end=\"1052\">Barrage ist nicht nur ein taktischer Begleiter \u2013 es ist ein Messer f\u00fcr alle, die schnelle Reaktion, Ergonomie und durch jahrelangen Gebrauch bew\u00e4hrte Qualit\u00e4t in der Tasche haben m\u00f6chten.<\/p>\n<hr data-start=\"1054\" data-end=\"1057\">\n<h4 data-start=\"1059\" data-end=\"1090\">\ud83d\udd27 Technische Daten<\/h4>\n<ul data-start=\"1091\" data-end=\"1542\">\n<li data-start=\"1091\" data-end=\"1133\">\n<p data-start=\"1093\" data-end=\"1133\"><strong data-start=\"1093\" data-end=\"1122\">Gesamtl\u00e4nge (offen):<\/strong> ~ 210 mm<\/p>\n<\/li>\n<li data-start=\"1134\" data-end=\"1163\">\n<p data-start=\"1136\" data-end=\"1163\"><strong data-start=\"1136\" data-end=\"1153\">Klingenl\u00e4nge:<\/strong> ~ 90 mm<\/p>\n<\/li>\n<li data-start=\"1164\" data-end=\"1197\">\n<p data-start=\"1166\" data-end=\"1197\"><strong data-start=\"1166\" data-end=\"1186\">Klingenst\u00e4rke:<\/strong> ~ 3,2 mm<\/p>\n<\/li>\n<li data-start=\"1198\" data-end=\"1249\">\n<p data-start=\"1200\" data-end=\"1249\"><strong data-start=\"1200\" data-end=\"1220\">Klingenmaterial:<\/strong> 154CM (Edelstahl, USA)<\/p>\n<\/li>\n<li data-start=\"1250\" data-end=\"1288\">\n<p data-start=\"1252\" data-end=\"1288\"><strong data-start=\"1252\" data-end=\"1270\">Klingenoberfl\u00e4che:<\/strong> Satiniert<\/p>\n<\/li>\n<li data-start=\"1289\" data-end=\"1320\">\n<p data-start=\"1291\" data-end=\"1320\"><strong data-start=\"1291\" data-end=\"1307\">Klingenform:<\/strong> Drop-Point<\/p>\n<\/li>\n<li data-start=\"1321\" data-end=\"1380\">\n<p data-start=\"1323\" data-end=\"1380\"><strong data-start=\"1323\" data-end=\"1345\">Griffmaterial:<\/strong> Custom-Variante \u2013 G-10 \/ Micarta<\/p>\n<\/li>\n<li data-start=\"1381\" data-end=\"1438\">\n<p data-start=\"1383\" data-end=\"1438\"><strong data-start=\"1383\" data-end=\"1400\">Verriegelungsart:<\/strong> AXIS\u00ae Assist (unterst\u00fctztes \u00d6ffnen)<\/p>\n<\/li>\n<li data-start=\"1439\" data-end=\"1489\">\n<p data-start=\"1441\" data-end=\"1489\"><strong data-start=\"1441\" data-end=\"1458\">Taschenclip:<\/strong> Stahl, doppelseitig, Tip-Up<\/p>\n<\/li>\n<li data-start=\"1490\" data-end=\"1517\">\n<p data-start=\"1492\" data-end=\"1517\"><strong data-start=\"1492\" data-end=\"1505\">Gewicht:<\/strong> ca. 130 g<\/p>\n<\/li>\n<li data-start=\"1518\" data-end=\"1542\">\n<p data-start=\"1520\" data-end=\"1542\"><strong data-start=\"1520\" data-end=\"1536\">Herstellungsland:<\/strong> USA<\/p>\n<\/li>\n<\/ul>\n<hr data-start=\"1544\" data-end=\"1547\">\n<h4 data-start=\"1549\" data-end=\"1564\">\u2705 Vorteile<\/h4>\n<ul data-start=\"1565\" data-end=\"2020\">\n<li data-start=\"1565\" data-end=\"1621\">\n<p data-start=\"1567\" data-end=\"1621\">Schnelle \u00d6ffnungshilfe \u2013 immer einsatzbereit.<\/p>\n<\/li>\n<li data-start=\"1622\" data-end=\"1729\">\n<p data-start=\"1624\" data-end=\"1729\">154CM-Stahl \u2013 bleibt gut scharf, ist korrosionsbest\u00e4ndig und l\u00e4sst sich leichter sch\u00e4rfen als h\u00e4rtere Werkzeugst\u00e4hle.<\/p>\n<\/li>\n<li data-start=\"1730\" data-end=\"1793\">\n<p data-start=\"1732\" data-end=\"1793\">Satinierte Klinge \u2013 elegant, funktional und blendfrei.<\/p>\n<\/li>\n<li data-start=\"1794\" data-end=\"1875\">\n<p data-start=\"1796\" data-end=\"1875\">Spezialgriffe (G-10, Micarta) \u2013 stark, langlebig, stabil in jeder Umgebung.<\/p>\n<\/li>\n<li data-start=\"1876\" data-end=\"1959\">\n<p data-start=\"1878\" data-end=\"1959\">AXIS\u00ae Lock \u2013 der legend\u00e4re Benchmade-Mechanismus, zuverl\u00e4ssig und einfach zu bedienen.<\/p>\n<\/li>\n<li data-start=\"1960\" data-end=\"2020\">\n<p data-start=\"1962\" data-end=\"2020\">Mel Pardue Ergonomie \u2013 angenehmer Griff auch bei l\u00e4ngerer Arbeit.<\/p>\n<\/li>\n<\/ul>\n<hr data-start=\"2022\" data-end=\"2025\">\n<h4 data-start=\"2027\" data-end=\"2045\">\u26a0\ufe0f Nachteile<\/h4>\n<ul data-start=\"2046\" data-end=\"2333\">\n<li data-start=\"2046\" data-end=\"2113\">\n<p data-start=\"2048\" data-end=\"2113\">Gewicht ca. 130 g \u2013 man merkt in der Hosentasche, dass es kein ultraleichtes EDC ist.<\/p>\n<\/li>\n<li data-start=\"2114\" data-end=\"2179\">\n<p data-start=\"2116\" data-end=\"2179\">Der unterst\u00fctzte Mechanismus erfordert gelegentliche Wartung und Schmierung.<\/p>\n<\/li>\n<li data-start=\"2180\" data-end=\"2260\">\n<p data-start=\"2182\" data-end=\"2260\">Die Sonderanfertigungsoption bedeutet Unterschiede bei den Griffen \u2013 nicht jeder passt zum gleichen Stil.<\/p>\n<\/li>\n<li data-start=\"2261\" data-end=\"2333\">\n<p data-start=\"2263\" data-end=\"2333\">154CM-Stahl ist zwar langlebig, geh\u00f6rt aber heute nicht mehr zum Spitzensegment (S30V, 20CV).<\/p>\n<\/li>\n<\/ul>\n<hr data-start=\"2335\" data-end=\"2338\">\n<h4 data-start=\"2340\" data-end=\"2364\">\ud83d\udee0\ufe0f Wartung und Pflege<\/h4>\n<ul data-start=\"2365\" data-end=\"2688\">\n<li data-start=\"2365\" data-end=\"2462\">\n<p data-start=\"2367\" data-end=\"2462\">Wischen Sie die Klinge nach jedem Gebrauch mit einem trockenen Tuch ab, insbesondere nach Kontakt mit Feuchtigkeit oder Lebensmitteln.<\/p>\n<\/li>\n<li data-start=\"2463\" data-end=\"2545\">\n<p data-start=\"2465\" data-end=\"2545\">Schmieren Sie den AXIS\u00ae Assist-Mechanismus gelegentlich mit einem leichten \u00d6l, damit er reibungslos l\u00e4uft.<\/p>\n<\/li>\n<li data-start=\"2546\" data-end=\"2620\">\n<p data-start=\"2548\" data-end=\"2620\">Reinigen Sie den Griff mit einer weichen B\u00fcrste, um Schmutz aus den Rillen zu entfernen.<\/p>\n<\/li>\n<li data-start=\"2621\" data-end=\"2688\">\n<p data-start=\"2623\" data-end=\"2688\">Sch\u00e4rfen Sie die Klinge mit einem Qualit\u00e4tssystem \u2013 idealerweise mit Keramikst\u00e4ben.<\/p>\n<\/li>\n<\/ul>\n<p data-start=\"2690\" data-end=\"2915\">\ud83d\udc49 Zur Erhaltung der Schneide empfehlen wir <a class=\"decorated-link cursor-pointer\" target=\"_new\" rel=\"noopener\" data-start=\"2724\" data-end=\"2813\">das Spyderco Tri-Angle Sharpmaker Complete Sharpening System 204MF<\/a><\/p>\n<h4 data-start=\"2922\" data-end=\"2946\">\ud83c\udfaf Empfohlen f\u00fcr<\/h4>\n<ul data-start=\"2947\" data-end=\"3213\">\n<li data-start=\"2947\" data-end=\"3006\">\n<p data-start=\"2949\" data-end=\"3006\">EDC-Enthusiasten, die einen schnellen und zuverl\u00e4ssigen Schlie\u00dfer wollen.<\/p>\n<\/li>\n<li data-start=\"3007\" data-end=\"3068\">\n<p data-start=\"3009\" data-end=\"3068\">Outdoor und Wandern \u2013 ein Messer, das auch rauerer Behandlung standh\u00e4lt.<\/p>\n<\/li>\n<li data-start=\"3069\" data-end=\"3151\">\n<p data-start=\"3071\" data-end=\"3151\">Profis, die die Kombination aus schnellem Zugriff und Sicherheit des AXIS\u00ae Lock sch\u00e4tzen.<\/p>\n<\/li>\n<li data-start=\"3152\" data-end=\"3213\">\n<p data-start=\"3154\" data-end=\"3213\">Benchmade-Fans, die die originale Custom-Edition haben m\u00f6chten.<\/p>\n<\/li>\n<\/ul>\n<hr data-start=\"3215\" data-end=\"3218\">\n<h4 data-start=\"3220\" data-end=\"3248\">\u2b50 Endg\u00fcltige Bewertung<\/h4>\n<p data-start=\"3249\" data-end=\"3723\"><strong data-start=\"3249\" data-end=\"3292\">Das Benchmade Custom Barrage CU580-SS-154CM<\/strong> ist ein moderner Klassiker mit dem Mehrwert eines Custom-Designs. Der 154CM-Stahl bietet die ideale Balance zwischen Haltbarkeit und Pflege, die unterst\u00fctzte \u00d6ffnung sorgt f\u00fcr Dynamik und die Ergonomie f\u00fcr Komfort bei jedem Griff. Es ist nicht das leichteste oder exotischste Messer, aber seine Zuverl\u00e4ssigkeit und Qualit\u00e4t machen es zu einem bew\u00e4hrten EDC-Klassiker. Wenn Sie ein Messer suchen, das Benchmade-Tradition, Innovation und Custom-Stil vereint, ist das Barrage CU580 die richtige Wahl.   <\/p>\n","protected":false},"excerpt":{"rendered":"<div class=\"elementor-element elementor-element-bbb542b elementor-widget elementor-widget-woocommerce-product-short-description\" data-id=\"bbb542b\" data-element_type=\"widget\" data-widget_type=\"woocommerce-product-short-description.default\">\n<div class=\"elementor-widget-container\">\n<div class=\"woocommerce-product-details__short-description\">\n<div class=\"elementor-element elementor-element-bbb542b elementor-widget elementor-widget-woocommerce-product-short-description\" data-id=\"bbb542b\" data-element_type=\"widget\" data-widget_type=\"woocommerce-product-short-description.default\">\n<div class=\"elementor-widget-container\">\n<div class=\"woocommerce-product-details__short-description\">\n<div class=\"elementor-element elementor-element-bbb542b elementor-widget elementor-widget-woocommerce-product-short-description\" data-id=\"bbb542b\" data-element_type=\"widget\" data-widget_type=\"woocommerce-product-short-description.default\">\n<div class=\"elementor-widget-container\">\n<div class=\"woocommerce-product-details__short-description\">\n<div class=\"elementor-element elementor-element-bbb542b elementor-widget elementor-widget-woocommerce-product-short-description\" data-id=\"bbb542b\" data-element_type=\"widget\" data-widget_type=\"woocommerce-product-short-description.default\">\n<div class=\"elementor-widget-container\">\n<div class=\"woocommerce-product-details__short-description\">\n<p><strong>Das Benchmade Custom Barrage CU580-SS-154CM ist ein moderner Klassiker mit dem Mehrwert eines Custom-Designs. Der 154CM-Stahl bietet die ideale Balance zwischen Haltbarkeit und Wartung, die unterst\u00fctzte \u00d6ffnung sorgt f\u00fcr Dynamik und die Ergonomie sorgt f\u00fcr Komfort bei jedem Griff. <\/strong><\/p>\n<p><strong>Kostenloser Versand.<\/strong><\/p>\n<\/div>\n<\/div>\n<\/div>\n<\/div>\n<\/div>\n<\/div>\n<\/div>\n<\/div>\n<\/div>\n<\/div>\n<\/div>\n<\/div>\n","protected":false},"featured_media":424639,"comment_status":"open","ping_status":"closed","template":"","meta":[],"pwb-brand":[3977],"product_brand":[],"product_cat":[3303,3285],"product_tag":[],"class_list":{"0":"post-424661","1":"product","2":"type-product","3":"status-publish","4":"has-post-thumbnail","6":"pwb-brand-benchmade-de","7":"product_cat-schliesmesser","8":"product_cat-messer","10":"first","11":"instock","12":"taxable","13":"shipping-taxable","14":"purchasable","15":"product-type-simple"},"brands":[{"id":3977,"name":"Benchmade","slug":"benchmade-de"}],"_links":{"self":[{"href":"https:\/\/www.moskito.cz\/de\/wp-json\/wp\/v2\/product\/424661","targetHints":{"allow":["GET"]}}],"collection":[{"href":"https:\/\/www.moskito.cz\/de\/wp-json\/wp\/v2\/product"}],"about":[{"href":"https:\/\/www.moskito.cz\/de\/wp-json\/wp\/v2\/types\/product"}],"replies":[{"embeddable":true,"href":"https:\/\/www.moskito.cz\/de\/wp-json\/wp\/v2\/comments?post=424661"}],"wp:featuredmedia":[{"embeddable":true,"href":"https:\/\/www.moskito.cz\/de\/wp-json\/wp\/v2\/media\/424639"}],"wp:attachment":[{"href":"https:\/\/www.moskito.cz\/de\/wp-json\/wp\/v2\/media?parent=424661"}],"wp:term":[{"taxonomy":"pwb-brand","embeddable":true,"href":"https:\/\/www.moskito.cz\/de\/wp-json\/wp\/v2\/pwb-brand?post=424661"},{"taxonomy":"product_brand","embeddable":true,"href":"https:\/\/www.moskito.cz\/de\/wp-json\/wp\/v2\/product_brand?post=424661"},{"taxonomy":"product_cat","embeddable":true,"href":"https:\/\/www.moskito.cz\/de\/wp-json\/wp\/v2\/product_cat?post=424661"},{"taxonomy":"product_tag","embeddable":true,"href":"https:\/\/www.moskito.cz\/de\/wp-json\/wp\/v2\/product_tag?post=424661"}],"curies":[{"name":"wp","href":"https:\/\/api.w.org\/{rel}","templated":true}]}}