{"id":424817,"date":"2025-09-26T10:28:21","date_gmt":"2025-09-26T09:28:21","guid":{"rendered":"https:\/\/www.moskito.cz\/produkt\/benchmade-custom-mini-barrage-klappmesser-cu585-ss-154cm-2\/"},"modified":"2025-09-26T10:48:36","modified_gmt":"2025-09-26T09:48:36","slug":"benchmade-custom-mini-barrage-klappmesser-cu585-ss-154cm-2","status":"publish","type":"product","link":"https:\/\/www.moskito.cz\/de\/produkt\/benchmade-custom-mini-barrage-klappmesser-cu585-ss-154cm-2\/","title":{"rendered":"Benchmade Custom Mini-Barrage Klappmesser CU585-SS-154CM"},"content":{"rendered":"<h3 data-start=\"0\" data-end=\"48\">Benchmade Custom Mini-Barrage CU585-SS-154CM<\/h3>\n<h4 data-start=\"50\" data-end=\"79\">Historisch-poetische Einf\u00fchrung<\/h4>\n<p data-start=\"81\" data-end=\"425\">Als Benchmade 2009 das Barrage vorstellte, revolutionierte es das Design von Klappmessern. Die Kombination aus dem legend\u00e4ren <strong data-start=\"232\" data-end=\"246\">AXIS\u00ae Lock<\/strong> -Mechanismus und einer \u00d6ffnungshilfe vereinte Geschwindigkeit, Zuverl\u00e4ssigkeit und Sicherheit in einem. Designer <strong data-start=\"343\" data-end=\"361\">Warren Osborne<\/strong> schuf ein Messer, das zum Synonym f\u00fcr hochwertige EDC-Werkzeuge geworden ist.  <\/p>\n<p data-start=\"427\" data-end=\"817\">Das Modell <strong data-start=\"433\" data-end=\"449\">Mini-Barrage<\/strong> bringt eine kompakte Version dieses Erfolgs. Mit einer Klingenl\u00e4nge von 2,91 Zoll (ca. 74 mm) eignet es sich ideal f\u00fcr den t\u00e4glichen Gebrauch, ohne den Geldbeutel unn\u00f6tig zu belasten. Die Custom Edition <strong data-start=\"619\" data-end=\"637\">CU585-SS-154CM<\/strong> \u00fcberzeugt nicht nur durch ihre Leistung, sondern auch durch ihre \u00c4sthetik \u2013 die 154CM-Klinge aus rostfreiem Stahl mit Satin-Finish und ein Griff aus G-10 oder Micarta verleihen dem Messer eine einzigartige Optik und Haptik.  <\/p>\n<hr data-start=\"819\" data-end=\"822\">\n<h4 data-start=\"824\" data-end=\"853\">\ud83d\udd27 Technische Daten<\/h4>\n<ul data-start=\"855\" data-end=\"1283\">\n<li data-start=\"855\" data-end=\"895\">\n<p data-start=\"857\" data-end=\"895\"><strong data-start=\"857\" data-end=\"886\">Gesamtl\u00e4nge (offen):<\/strong> ~ 175 mm<\/p>\n<\/li>\n<li data-start=\"896\" data-end=\"923\">\n<p data-start=\"898\" data-end=\"923\"><strong data-start=\"898\" data-end=\"915\">Klingenl\u00e4nge:<\/strong> ~ 74 mm<\/p>\n<\/li>\n<li data-start=\"924\" data-end=\"955\">\n<p data-start=\"926\" data-end=\"955\"><strong data-start=\"926\" data-end=\"946\">Klingenst\u00e4rke:<\/strong> ~ 2,5 mm<\/p>\n<\/li>\n<li data-start=\"956\" data-end=\"1005\">\n<p data-start=\"958\" data-end=\"1005\"><strong data-start=\"958\" data-end=\"978\">Klingenmaterial:<\/strong> 154CM (Edelstahl, USA)<\/p>\n<\/li>\n<li data-start=\"1006\" data-end=\"1042\">\n<p data-start=\"1008\" data-end=\"1042\"><strong data-start=\"1008\" data-end=\"1026\">Klingenoberfl\u00e4che:<\/strong> Satiniert<\/p>\n<\/li>\n<li data-start=\"1043\" data-end=\"1072\">\n<p data-start=\"1045\" data-end=\"1072\"><strong data-start=\"1045\" data-end=\"1061\">Klingenform:<\/strong> Drop-Point<\/p>\n<\/li>\n<li data-start=\"1073\" data-end=\"1130\">\n<p data-start=\"1075\" data-end=\"1130\"><strong data-start=\"1075\" data-end=\"1097\">Griffmaterial:<\/strong> Custom-Variante \u2013 G-10 \/ Micarta<\/p>\n<\/li>\n<li data-start=\"1131\" data-end=\"1186\">\n<p data-start=\"1133\" data-end=\"1186\"><strong data-start=\"1133\" data-end=\"1150\">Verriegelungsart:<\/strong> AXIS\u00ae Assist (unterst\u00fctztes \u00d6ffnen)<\/p>\n<\/li>\n<li data-start=\"1187\" data-end=\"1235\">\n<p data-start=\"1189\" data-end=\"1235\"><strong data-start=\"1189\" data-end=\"1206\">Taschenclip:<\/strong> Stahl, doppelseitig, Tip-Up<\/p>\n<\/li>\n<li data-start=\"1236\" data-end=\"1260\">\n<p data-start=\"1238\" data-end=\"1260\"><strong data-start=\"1238\" data-end=\"1251\">Gewicht:<\/strong> ca. 85 g<\/p>\n<\/li>\n<li data-start=\"1261\" data-end=\"1283\">\n<p data-start=\"1263\" data-end=\"1283\"><strong data-start=\"1263\" data-end=\"1279\">Herstellungsland:<\/strong> USA<\/p>\n<\/li>\n<\/ul>\n<hr data-start=\"1285\" data-end=\"1288\">\n<h4 data-start=\"1290\" data-end=\"1303\">\u2705 Vorteile<\/h4>\n<ul data-start=\"1305\" data-end=\"1744\">\n<li data-start=\"1305\" data-end=\"1384\">\n<p data-start=\"1307\" data-end=\"1384\"><strong data-start=\"1307\" data-end=\"1329\">Kompakte Abmessungen:<\/strong> Ideal f\u00fcr den Alltag ohne unn\u00f6tige Belastung.<\/p>\n<\/li>\n<li data-start=\"1385\" data-end=\"1469\">\n<p data-start=\"1387\" data-end=\"1469\"><strong data-start=\"1387\" data-end=\"1402\">154CM-Stahl:<\/strong> Gute Korrosionsbest\u00e4ndigkeit, einfache Wartung und hervorragende Schnitthaltigkeit.<\/p>\n<\/li>\n<li data-start=\"1470\" data-end=\"1531\">\n<p data-start=\"1472\" data-end=\"1531\"><strong data-start=\"1472\" data-end=\"1491\">Satinierte Klinge:<\/strong> Elegantes Erscheinungsbild mit minimaler Blendung.<\/p>\n<\/li>\n<li data-start=\"1532\" data-end=\"1611\">\n<p data-start=\"1534\" data-end=\"1611\"><strong data-start=\"1534\" data-end=\"1553\">Benutzerdefinierter Griff:<\/strong> Auswahl aus G-10 und Micarta nach pers\u00f6nlichen Vorlieben.<\/p>\n<\/li>\n<li data-start=\"1612\" data-end=\"1688\">\n<p data-start=\"1614\" data-end=\"1688\"><strong data-start=\"1614\" data-end=\"1629\">AXIS\u00ae Lock:<\/strong> Zuverl\u00e4ssiger und schneller Mechanismus zum beidseitigen \u00d6ffnen.<\/p>\n<\/li>\n<li data-start=\"1689\" data-end=\"1744\">\n<p data-start=\"1691\" data-end=\"1744\"><strong data-start=\"1691\" data-end=\"1705\">Ergonomie:<\/strong> Angenehmer Griff auch bei l\u00e4ngerem Gebrauch.<\/p>\n<\/li>\n<\/ul>\n<hr data-start=\"1746\" data-end=\"1749\">\n<h4 data-start=\"1751\" data-end=\"1767\">\u26a0\ufe0f Nachteile<\/h4>\n<ul data-start=\"1769\" data-end=\"2062\">\n<li data-start=\"1769\" data-end=\"1884\">\n<p data-start=\"1771\" data-end=\"1884\"><strong data-start=\"1771\" data-end=\"1784\">Gewicht:<\/strong> Obwohl es leichter als das Standard-Barrage ist, kann es f\u00fcr manche Benutzer dennoch als schwerer empfunden werden.<\/p>\n<\/li>\n<li data-start=\"1885\" data-end=\"1992\">\n<p data-start=\"1887\" data-end=\"1992\"><strong data-start=\"1887\" data-end=\"1909\">Wartung des Mechanismus:<\/strong> F\u00fcr eine optimale Funktion erfordert die \u00d6ffnungshilfe regelm\u00e4\u00dfige Wartung und Schmierung.<\/p>\n<\/li>\n<li data-start=\"1993\" data-end=\"2062\">\n<p data-start=\"1995\" data-end=\"2062\"><strong data-start=\"1995\" data-end=\"2004\">Preis:<\/strong> Sondereditionen k\u00f6nnen teurer sein als Standardmodelle.<\/p>\n<\/li>\n<\/ul>\n<hr data-start=\"2064\" data-end=\"2067\">\n<h4 data-start=\"2069\" data-end=\"2091\">\ud83d\udee0\ufe0f Wartung und Pflege<\/h4>\n<ul data-start=\"2093\" data-end=\"2432\">\n<li data-start=\"2093\" data-end=\"2201\">\n<p data-start=\"2095\" data-end=\"2201\"><strong data-start=\"2095\" data-end=\"2107\">Sauberkeit:<\/strong> Wischen Sie die Klinge nach jedem Gebrauch mit einem trockenen Tuch ab, insbesondere nach Kontakt mit Feuchtigkeit oder Lebensmitteln.<\/p>\n<\/li>\n<li data-start=\"2202\" data-end=\"2274\">\n<p data-start=\"2204\" data-end=\"2274\"><strong data-start=\"2204\" data-end=\"2220\">Mechanismus:<\/strong> Gelegentlich mit einem leichten \u00d6l schmieren, damit er reibungslos l\u00e4uft.<\/p>\n<\/li>\n<li data-start=\"2275\" data-end=\"2352\">\n<p data-start=\"2277\" data-end=\"2352\"><strong data-start=\"2277\" data-end=\"2289\">Griff:<\/strong> Mit einer weichen B\u00fcrste reinigen, um Schmutz aus den Rillen zu entfernen.<\/p>\n<\/li>\n<li data-start=\"2353\" data-end=\"2432\">\n<p data-start=\"2355\" data-end=\"2432\"><strong data-start=\"2355\" data-end=\"2368\">Sch\u00e4rfen:<\/strong> Sch\u00e4rfen Sie die Klinge mit einem Qualit\u00e4tssystem \u2013 idealerweise mit Keramikst\u00e4ben.<\/p>\n<\/li>\n<\/ul>\n<p data-start=\"2434\" data-end=\"2530\">\ud83d\udc49 Zur Erhaltung der Schneide empfehlen wir das Spyderco Tri-Angle Sharpmaker Complete Sharpening System 204MF<\/p>\n<hr data-start=\"2532\" data-end=\"2535\">\n<h4 data-start=\"2537\" data-end=\"2559\">\ud83c\udfaf Empfohlen f\u00fcr<\/h4>\n<ul data-start=\"2561\" data-end=\"2900\">\n<li data-start=\"2561\" data-end=\"2645\">\n<p data-start=\"2563\" data-end=\"2645\"><strong data-start=\"2563\" data-end=\"2580\">EDC-Enthusiasten:<\/strong> Die ein kompaktes und dennoch leistungsstarkes Messer f\u00fcr den t\u00e4glichen Gebrauch suchen.<\/p>\n<\/li>\n<li data-start=\"2646\" data-end=\"2731\">\n<p data-start=\"2648\" data-end=\"2731\"><strong data-start=\"2648\" data-end=\"2672\">Outdoor und Wandern:<\/strong> Ein Messer, das auch rauer Behandlung standh\u00e4lt und nicht viel Platz einnimmt.<\/p>\n<\/li>\n<li data-start=\"2732\" data-end=\"2816\">\n<p data-start=\"2734\" data-end=\"2816\"><strong data-start=\"2734\" data-end=\"2751\">Profis:<\/strong> Die die Kombination aus schnellem Zugriff und Sicherheit des AXIS\u00ae Lock sch\u00e4tzen.<\/p>\n<\/li>\n<li data-start=\"2817\" data-end=\"2900\">\n<p data-start=\"2819\" data-end=\"2900\"><strong data-start=\"2819\" data-end=\"2842\">Benchmade-Fans:<\/strong> Die eine originale Custom-Edition mit unverwechselbarem Look wollen.<\/p>\n<\/li>\n<\/ul>\n<hr data-start=\"2902\" data-end=\"2905\">\n<h4 data-start=\"2907\" data-end=\"2933\">\u2b50 Endg\u00fcltige Bewertung<\/h4>\n<p data-start=\"2935\" data-end=\"3256\"><strong data-start=\"2935\" data-end=\"2983\">Das Benchmade Custom Mini-Barrage CU585-SS-154CM<\/strong> ist die perfekte Wahl f\u00fcr alle, die ein hochwertiges Messer mit kompakten Abmessungen und hoher Leistung suchen. Es vereint die Tradition der Marke Benchmade, innovative Technologie und die \u00c4sthetik eines individuellen Designs. Wenn Sie ein Messer suchen, das Sie in keiner Situation im Stich l\u00e4sst, ist das Mini-Barrage die richtige Wahl.  <\/p>\n","protected":false},"excerpt":{"rendered":"<div class=\"elementor-element elementor-element-bbb542b elementor-widget elementor-widget-woocommerce-product-short-description\" data-id=\"bbb542b\" data-element_type=\"widget\" data-widget_type=\"woocommerce-product-short-description.default\">\n<div class=\"elementor-widget-container\">\n<div class=\"woocommerce-product-details__short-description\">\n<p><strong>Das Benchmade Custom Mini-Barrage CU585-SS-154CM ist die perfekte Wahl f\u00fcr alle, die ein hochwertiges Messer mit kompakten Abmessungen und hoher Leistung suchen. Es vereint die Tradition der Marke Benchmade, innovative Technologie und die \u00c4sthetik eines individuellen Designs. Wenn Sie ein Messer suchen, das Sie in keiner Situation im Stich l\u00e4sst, ist das Mini-Barrage die richtige Wahl.  <\/strong><\/p>\n<p><strong>Kostenloser Versand.<\/strong><\/p>\n<\/div>\n<\/div>\n<\/div>\n","protected":false},"featured_media":424772,"comment_status":"open","ping_status":"closed","template":"","meta":[],"pwb-brand":[3977],"product_brand":[],"product_cat":[3303,3285],"product_tag":[],"class_list":{"0":"post-424817","1":"product","2":"type-product","3":"status-publish","4":"has-post-thumbnail","6":"pwb-brand-benchmade-de","7":"product_cat-schliesmesser","8":"product_cat-messer","10":"first","11":"instock","12":"taxable","13":"shipping-taxable","14":"purchasable","15":"product-type-simple"},"brands":[{"id":3977,"name":"Benchmade","slug":"benchmade-de"}],"_links":{"self":[{"href":"https:\/\/www.moskito.cz\/de\/wp-json\/wp\/v2\/product\/424817","targetHints":{"allow":["GET"]}}],"collection":[{"href":"https:\/\/www.moskito.cz\/de\/wp-json\/wp\/v2\/product"}],"about":[{"href":"https:\/\/www.moskito.cz\/de\/wp-json\/wp\/v2\/types\/product"}],"replies":[{"embeddable":true,"href":"https:\/\/www.moskito.cz\/de\/wp-json\/wp\/v2\/comments?post=424817"}],"wp:featuredmedia":[{"embeddable":true,"href":"https:\/\/www.moskito.cz\/de\/wp-json\/wp\/v2\/media\/424772"}],"wp:attachment":[{"href":"https:\/\/www.moskito.cz\/de\/wp-json\/wp\/v2\/media?parent=424817"}],"wp:term":[{"taxonomy":"pwb-brand","embeddable":true,"href":"https:\/\/www.moskito.cz\/de\/wp-json\/wp\/v2\/pwb-brand?post=424817"},{"taxonomy":"product_brand","embeddable":true,"href":"https:\/\/www.moskito.cz\/de\/wp-json\/wp\/v2\/product_brand?post=424817"},{"taxonomy":"product_cat","embeddable":true,"href":"https:\/\/www.moskito.cz\/de\/wp-json\/wp\/v2\/product_cat?post=424817"},{"taxonomy":"product_tag","embeddable":true,"href":"https:\/\/www.moskito.cz\/de\/wp-json\/wp\/v2\/product_tag?post=424817"}],"curies":[{"name":"wp","href":"https:\/\/api.w.org\/{rel}","templated":true}]}}