{"id":425061,"date":"2024-09-26T12:57:27","date_gmt":"2024-09-26T11:57:27","guid":{"rendered":"https:\/\/www.moskito.cz\/produkt\/fliege-boeker-plus-balisong-tactical-small-06ex004\/"},"modified":"2025-09-29T10:18:23","modified_gmt":"2025-09-29T09:18:23","slug":"fliege-boeker-plus-balisong-tactical-small-06ex004","status":"publish","type":"product","link":"https:\/\/www.moskito.cz\/de\/produkt\/fliege-boeker-plus-balisong-tactical-small-06ex004\/","title":{"rendered":"Fliege B\u00f6ker Plus Balisong Tactical Small 06EX004"},"content":{"rendered":"<p>Fliege <strong>B\u00f6ker Plus<\/strong> Balisong Tactical Small 06EX004.<\/p>\n<p>Das kompakte B\u00f6ker Plus Balisong Tactical Small ist mit einem strukturierten G10-Griff ausgestattet. Die Klinge besteht aus 440C und verf\u00fcgt \u00fcber einen aufwendigen Compound-Schliff. Im geschlossenen Zustand wird sie vollst\u00e4ndig von beiden Griffteilen umschlossen. Zum \u00d6ffnen gen\u00fcgt eine Handbewegung.   <\/p>\n<p>Gesamtl\u00e4nge: 19,60 cm<br \/>\n Klingenl\u00e4nge: 8,80 cm<br \/>\n Klingenst\u00e4rke: 2,50 mm<br \/>\n Gewicht: 87,00 g<br \/>\n Klingenmaterial: 440C<br \/>\n Griffmaterial: G10<br \/>\n \u00d6ffnung: Manuell<br \/>\n Schlosstyp: Balisong<br \/>\n Farbe: Schwarz<br \/>\n Artikelnummer: 06EX004<\/p>\n<p>&nbsp;<\/p>\n","protected":false},"excerpt":{"rendered":"<p><strong>Klassische Fliege.<\/strong><\/p>\n","protected":false},"featured_media":364529,"comment_status":"closed","ping_status":"closed","template":"","meta":[],"pwb-brand":[3422],"product_brand":[],"product_cat":[3545,3285],"product_tag":[],"class_list":{"0":"post-425061","1":"product","2":"type-product","3":"status-publish","4":"has-post-thumbnail","6":"pwb-brand-boker-de","7":"product_cat-fliegen-de","8":"product_cat-messer","10":"first","11":"outofstock","12":"taxable","13":"shipping-taxable","14":"purchasable","15":"product-type-simple"},"brands":[{"id":3422,"name":"B\u00f6ker","slug":"boker-de"}],"_links":{"self":[{"href":"https:\/\/www.moskito.cz\/de\/wp-json\/wp\/v2\/product\/425061","targetHints":{"allow":["GET"]}}],"collection":[{"href":"https:\/\/www.moskito.cz\/de\/wp-json\/wp\/v2\/product"}],"about":[{"href":"https:\/\/www.moskito.cz\/de\/wp-json\/wp\/v2\/types\/product"}],"replies":[{"embeddable":true,"href":"https:\/\/www.moskito.cz\/de\/wp-json\/wp\/v2\/comments?post=425061"}],"wp:featuredmedia":[{"embeddable":true,"href":"https:\/\/www.moskito.cz\/de\/wp-json\/wp\/v2\/media\/364529"}],"wp:attachment":[{"href":"https:\/\/www.moskito.cz\/de\/wp-json\/wp\/v2\/media?parent=425061"}],"wp:term":[{"taxonomy":"pwb-brand","embeddable":true,"href":"https:\/\/www.moskito.cz\/de\/wp-json\/wp\/v2\/pwb-brand?post=425061"},{"taxonomy":"product_brand","embeddable":true,"href":"https:\/\/www.moskito.cz\/de\/wp-json\/wp\/v2\/product_brand?post=425061"},{"taxonomy":"product_cat","embeddable":true,"href":"https:\/\/www.moskito.cz\/de\/wp-json\/wp\/v2\/product_cat?post=425061"},{"taxonomy":"product_tag","embeddable":true,"href":"https:\/\/www.moskito.cz\/de\/wp-json\/wp\/v2\/product_tag?post=425061"}],"curies":[{"name":"wp","href":"https:\/\/api.w.org\/{rel}","templated":true}]}}