{"id":425111,"date":"2025-09-29T14:17:42","date_gmt":"2025-09-29T13:17:42","guid":{"rendered":"https:\/\/www.moskito.cz\/produkt\/medford-swift-mk206spt-42ab-tpcp-q4-klappmesser\/"},"modified":"2025-09-29T15:01:57","modified_gmt":"2025-09-29T14:01:57","slug":"medford-swift-mk206spt-42ab-tpcp-q4-klappmesser","status":"publish","type":"product","link":"https:\/\/www.moskito.cz\/de\/produkt\/medford-swift-mk206spt-42ab-tpcp-q4-klappmesser\/","title":{"rendered":"Medford Swift MK206SPT-42AB-TPCP-Q4 Klappmesser"},"content":{"rendered":"<p data-start=\"127\" data-end=\"518\">Wenn Sie das Medford Swift in die Hand nehmen, haben Sie sofort das Gef\u00fchl, mehr als nur ein Taschenmesser in der Hand zu halten. Das Swift MK206SPT-42AB-TPCP-Q4 ist der Inbegriff amerikanischer Handwerkskunst \u2013 ein Titangriff, eine hochwertige S35VN-Klinge und ein Design, das aggressive Eleganz mit extremer Haltbarkeit verbindet. Dieses schwarze Modell mit Tanto-Klinge ist wie ein kleines, aber t\u00f6dliches Juwel f\u00fcr den t\u00e4glichen und anspruchsvollen Einsatz.  <\/p>\n<p data-start=\"520\" data-end=\"787\">Der Medford Swift wurde f\u00fcr Geschwindigkeit, Pr\u00e4zision und Zuverl\u00e4ssigkeit entwickelt. Jedes Detail \u2013 von der grob bearbeiteten Klinge bis zum robusten Titanrahmen \u2013 ist sorgf\u00e4ltig durchdacht. Er vermittelt Sicherheit und Stil und ist damit nicht nur ein Werkzeug, sondern auch eine unverwechselbare Erg\u00e4nzung Ihrer Sammlung.  <\/p>\n<p data-start=\"789\" data-end=\"929\">Dieses Messer ist nicht jedermanns Sache. Es erfordert Respekt und eine ruhige Hand, belohnt Sie aber mit Zuverl\u00e4ssigkeit und purer Funktionalit\u00e4t, die anderswo schwer zu finden ist. <\/p>\n<hr data-start=\"931\" data-end=\"934\">\n<p data-start=\"936\" data-end=\"964\">\ud83d\udd27 <strong data-start=\"939\" data-end=\"964\">Technische Daten<\/strong><\/p>\n<div class=\"_tableContainer_1rjym_1\">\n<div class=\"group _tableWrapper_1rjym_13 flex w-fit flex-col-reverse\" tabindex=\"-1\">\n<table class=\"w-fit min-w-(--thread-content-width)\" data-start=\"966\" data-end=\"1513\">\n<thead data-start=\"966\" data-end=\"988\">\n<tr data-start=\"966\" data-end=\"988\">\n<th data-start=\"966\" data-end=\"977\" data-col-size=\"sm\">Parameter<\/th>\n<th data-start=\"977\" data-end=\"988\" data-col-size=\"md\">Wert<\/th>\n<\/tr>\n<\/thead>\n<tbody data-start=\"1012\" data-end=\"1513\">\n<tr data-start=\"1012\" data-end=\"1061\">\n<td data-start=\"1012\" data-end=\"1039\" data-col-size=\"sm\">Gesamtl\u00e4nge (offen)<\/td>\n<td data-start=\"1039\" data-end=\"1061\" data-col-size=\"md\">ca. 21 cm (8,5 Zoll)<\/td>\n<\/tr>\n<tr data-start=\"1062\" data-end=\"1099\">\n<td data-start=\"1062\" data-end=\"1077\" data-col-size=\"sm\">Klingenl\u00e4nge<\/td>\n<td data-start=\"1077\" data-end=\"1099\" data-col-size=\"md\">ca. 9 cm<\/td>\n<\/tr>\n<tr data-start=\"1100\" data-end=\"1141\">\n<td data-start=\"1100\" data-end=\"1118\" data-col-size=\"sm\">Klingenst\u00e4rke<\/td>\n<td data-start=\"1118\" data-end=\"1141\" data-col-size=\"md\">ca. 0,18\u2033 (~4,6 mm)<\/td>\n<\/tr>\n<tr data-start=\"1142\" data-end=\"1239\">\n<td data-start=\"1142\" data-end=\"1160\" data-col-size=\"sm\">Klingenmaterial<\/td>\n<td data-start=\"1160\" data-end=\"1239\" data-col-size=\"md\">CPM-S35VN \u2013 hochwertiger Edelstahl, hervorragende Haltbarkeit und langlebige Schneide<\/td>\n<\/tr>\n<tr data-start=\"1240\" data-end=\"1290\">\n<td data-start=\"1240\" data-end=\"1253\" data-col-size=\"sm\">Klingentyp<\/td>\n<td data-start=\"1253\" data-end=\"1290\" data-col-size=\"md\">Tanto \u2013 aggressive und langlebige Spitze<\/td>\n<\/tr>\n<tr data-start=\"1291\" data-end=\"1356\">\n<td data-start=\"1291\" data-end=\"1307\" data-col-size=\"sm\">Klingenoberfl\u00e4che<\/td>\n<td data-start=\"1307\" data-end=\"1356\" data-col-size=\"md\">Getrommelte Oberfl\u00e4che \u2013 robust und \u00e4sthetisch ansprechend<\/td>\n<\/tr>\n<tr data-start=\"1357\" data-end=\"1422\">\n<td data-start=\"1357\" data-end=\"1367\" data-col-size=\"sm\">Handhaben<\/td>\n<td data-start=\"1367\" data-end=\"1422\" data-col-size=\"md\">Titanrahmen (Framelock) \u2013 Festigkeit, geringes Gewicht<\/td>\n<\/tr>\n<tr data-start=\"1423\" data-end=\"1477\">\n<td data-start=\"1423\" data-end=\"1431\" data-col-size=\"sm\">Sperren<\/td>\n<td data-start=\"1431\" data-end=\"1477\" data-col-size=\"md\">Titan-Framelock \u2013 zuverl\u00e4ssig und robust<\/td>\n<\/tr>\n<tr data-start=\"1478\" data-end=\"1513\">\n<td data-start=\"1478\" data-end=\"1489\" data-col-size=\"sm\">Gewicht<\/td>\n<td data-start=\"1489\" data-end=\"1513\" data-col-size=\"md\">ca. 8,5 oz (\u2248 241 g)<\/td>\n<\/tr>\n<\/tbody>\n<\/table>\n<\/div>\n<\/div>\n<div class=\"group _tableWrapper_1rjym_13 flex w-fit flex-col-reverse\" tabindex=\"-1\"><\/div>\n<div tabindex=\"-1\">\n<p data-start=\"1520\" data-end=\"1539\">\u2705 <strong data-start=\"1522\" data-end=\"1539\">Hauptvorteile<\/strong><\/p>\n<ul data-start=\"1541\" data-end=\"1960\">\n<li data-start=\"1541\" data-end=\"1629\">\n<p data-start=\"1543\" data-end=\"1629\">Hochwertiger S35VN-Stahl: verschlei\u00dffest, lang anhaltende Sch\u00e4rfe und einfache Pflege.<\/p>\n<\/li>\n<li data-start=\"1630\" data-end=\"1715\">\n<p data-start=\"1632\" data-end=\"1715\">Titankonstruktion: leicht, aber extrem stark \u2013 ein Qualit\u00e4tsgef\u00fchl bei jedem Griff.<\/p>\n<\/li>\n<li data-start=\"1716\" data-end=\"1793\">\n<p data-start=\"1718\" data-end=\"1793\">Tanto-Klinge: ideal zum Stechen und f\u00fcr schwere Schnitte, verformungsbest\u00e4ndig.<\/p>\n<\/li>\n<li data-start=\"1794\" data-end=\"1889\">\n<p data-start=\"1796\" data-end=\"1889\">Pr\u00e4zise amerikanische Fertigung: Jedes St\u00fcck wird in Arizona von Hand gefertigt, ein Design mit Seele und Charakter.<\/p>\n<\/li>\n<li data-start=\"1890\" data-end=\"1960\">\n<p data-start=\"1892\" data-end=\"1960\">Getrommelte Oberfl\u00e4che: \u00e4sthetisch ansprechend und gleichzeitig abriebfest.<\/p>\n<\/li>\n<\/ul>\n<p data-start=\"1962\" data-end=\"1982\">\u26a0\ufe0f <strong data-start=\"1965\" data-end=\"1982\">M\u00f6gliche Einschr\u00e4nkungen<\/strong><\/p>\n<ul data-start=\"1984\" data-end=\"2202\">\n<li data-start=\"1984\" data-end=\"2073\">\n<p data-start=\"1986\" data-end=\"2073\">Gewicht: \u00fcber 240 g sind sp\u00fcrbar \u2013 eher f\u00fcr Heavy Duty oder EDC geeignet, was das Gewicht angeht.<\/p>\n<\/li>\n<li data-start=\"2074\" data-end=\"2131\">\n<p data-start=\"2076\" data-end=\"2131\">Preis: Hochwertiges Material und Verarbeitung spiegeln sich im Preis wider.<\/p>\n<\/li>\n<li data-start=\"2132\" data-end=\"2202\">\n<p data-start=\"2134\" data-end=\"2202\">Design: aggressiv und technisch \u2013 eher ein Werkzeug als ein elegantes Geschenk.<\/p>\n<\/li>\n<\/ul>\n<hr data-start=\"2204\" data-end=\"2207\">\n<p data-start=\"2209\" data-end=\"2230\">\ud83d\udee0\ufe0f <strong data-start=\"2213\" data-end=\"2230\">Wartung und Pflege<\/strong><\/p>\n<ul data-start=\"2232\" data-end=\"2616\">\n<li data-start=\"2232\" data-end=\"2305\">\n<p data-start=\"2234\" data-end=\"2305\">Wischen Sie die Klinge regelm\u00e4\u00dfig mit einem trockenen Tuch ab, um die Oberfl\u00e4che und die Schneide zu pflegen.<\/p>\n<\/li>\n<li data-start=\"2306\" data-end=\"2375\">\n<p data-start=\"2308\" data-end=\"2375\">Wichtige bewegliche Teile (Schloss, Stift) mit Qualit\u00e4ts\u00f6l schmieren.<\/p>\n<\/li>\n<li data-start=\"2376\" data-end=\"2444\">\n<p data-start=\"2378\" data-end=\"2444\">Der Titangriff ist langlebig, sch\u00fctzt die Oberfl\u00e4che jedoch vor starker Reibung.<\/p>\n<\/li>\n<li data-start=\"2445\" data-end=\"2616\">\n<p data-start=\"2447\" data-end=\"2616\">Zur Klingenpflege empfehlen wir <strong data-start=\"2477\" data-end=\"2543\">das Spyderco Tri-Angle Sharpmaker Complete Sharpening System 204MF<\/strong> \u2013 ideal auch f\u00fcr harte moderne St\u00e4hle. \ud83d\uded2 Kaufen Sie bequem bei Moskito.cz. <\/p>\n<\/li>\n<\/ul>\n<hr data-start=\"2618\" data-end=\"2621\">\n<p data-start=\"2623\" data-end=\"2644\">\ud83c\udfaf <strong data-start=\"2626\" data-end=\"2644\">Empfohlen f\u00fcr<\/strong><\/p>\n<ul data-start=\"2646\" data-end=\"2902\">\n<li data-start=\"2646\" data-end=\"2697\">\n<p data-start=\"2648\" data-end=\"2697\">Fans von in Amerika hergestellten und robusten EDC-Messern.<\/p>\n<\/li>\n<li data-start=\"2698\" data-end=\"2765\">\n<p data-start=\"2700\" data-end=\"2765\">Benutzer, die ein schnelles, pr\u00e4zises und langlebiges Messer mit einer Tanto-Klinge suchen.<\/p>\n<\/li>\n<li data-start=\"2766\" data-end=\"2842\">\n<p data-start=\"2768\" data-end=\"2842\">Sammler, die ein unverwechselbares und dennoch funktionales St\u00fcck f\u00fcr ihre Sammlung suchen.<\/p>\n<\/li>\n<li data-start=\"2843\" data-end=\"2902\">\n<p data-start=\"2845\" data-end=\"2902\">Liebhaber technischer Designs mit aggressivem Charakter.<\/p>\n<\/li>\n<\/ul>\n<hr data-start=\"2904\" data-end=\"2907\">\n<p data-start=\"2909\" data-end=\"2934\">\u2b50 <strong data-start=\"2911\" data-end=\"2934\">Endg\u00fcltige Bewertung<\/strong><\/p>\n<p data-start=\"2936\" data-end=\"3187\">Das Medford Swift MK206SPT-42AB-TPCP-Q4 ist eine elegante und \u00fcberzeugende Kombination aus Design und Leistung. Dieses Messer meistert allt\u00e4gliche Aufgaben, schwierige Situationen und Krisenmomente. Wenn Sie amerikanische Pr\u00e4zision, Langlebigkeit und optische St\u00e4rke in einem suchen, ist das Swift die klare Wahl.  <\/p>\n<hr data-start=\"3189\" data-end=\"3192\">\n<\/div>\n","protected":false},"excerpt":{"rendered":"<p><strong>Das Medford Swift MK206SPT-42AB-TPCP-Q4 ist eine elegante und \u00fcberzeugende Kombination aus Design und Leistung. Dieses Messer meistert allt\u00e4gliche Aufgaben, schwierige Situationen und Krisenmomente. Wenn Sie amerikanische Pr\u00e4zision, Langlebigkeit und optische St\u00e4rke in einem suchen, ist das Swift die klare Wahl.  <\/strong><\/p>\n<p><strong>Kostenloser Versand.<\/strong><\/p>\n","protected":false},"featured_media":425069,"comment_status":"open","ping_status":"closed","template":"","meta":[],"pwb-brand":[4018],"product_brand":[],"product_cat":[3303,3285],"product_tag":[],"class_list":{"0":"post-425111","1":"product","2":"type-product","3":"status-publish","4":"has-post-thumbnail","6":"pwb-brand-medford-de","7":"product_cat-schliesmesser","8":"product_cat-messer","10":"first","11":"outofstock","12":"taxable","13":"shipping-taxable","14":"purchasable","15":"product-type-simple"},"brands":[{"id":4018,"name":"Medford","slug":"medford-de"}],"_links":{"self":[{"href":"https:\/\/www.moskito.cz\/de\/wp-json\/wp\/v2\/product\/425111","targetHints":{"allow":["GET"]}}],"collection":[{"href":"https:\/\/www.moskito.cz\/de\/wp-json\/wp\/v2\/product"}],"about":[{"href":"https:\/\/www.moskito.cz\/de\/wp-json\/wp\/v2\/types\/product"}],"replies":[{"embeddable":true,"href":"https:\/\/www.moskito.cz\/de\/wp-json\/wp\/v2\/comments?post=425111"}],"wp:featuredmedia":[{"embeddable":true,"href":"https:\/\/www.moskito.cz\/de\/wp-json\/wp\/v2\/media\/425069"}],"wp:attachment":[{"href":"https:\/\/www.moskito.cz\/de\/wp-json\/wp\/v2\/media?parent=425111"}],"wp:term":[{"taxonomy":"pwb-brand","embeddable":true,"href":"https:\/\/www.moskito.cz\/de\/wp-json\/wp\/v2\/pwb-brand?post=425111"},{"taxonomy":"product_brand","embeddable":true,"href":"https:\/\/www.moskito.cz\/de\/wp-json\/wp\/v2\/product_brand?post=425111"},{"taxonomy":"product_cat","embeddable":true,"href":"https:\/\/www.moskito.cz\/de\/wp-json\/wp\/v2\/product_cat?post=425111"},{"taxonomy":"product_tag","embeddable":true,"href":"https:\/\/www.moskito.cz\/de\/wp-json\/wp\/v2\/product_tag?post=425111"}],"curies":[{"name":"wp","href":"https:\/\/api.w.org\/{rel}","templated":true}]}}