{"id":425324,"date":"2025-10-01T09:06:24","date_gmt":"2025-10-01T08:06:24","guid":{"rendered":"https:\/\/www.moskito.cz\/produkt\/klappmesser-medford-slim-midi-mk201spt-30pv-t1c1-bn\/"},"modified":"2025-10-01T09:35:22","modified_gmt":"2025-10-01T08:35:22","slug":"klappmesser-medford-slim-midi-mk201spt-30pv-t1c1-bn","status":"publish","type":"product","link":"https:\/\/www.moskito.cz\/de\/produkt\/klappmesser-medford-slim-midi-mk201spt-30pv-t1c1-bn\/","title":{"rendered":"Klappmesser Medford Slim Midi MK201SPT-30PV-T1C1-BN"},"content":{"rendered":"<p>Medford Slim Midi MK201SPT-30PV-T1C1-BN \u2013 Eleganz im schlanken Profil mit voller Leistung<\/p>\n<p>Das Medford Slim Midi MK201SPT-30PV-T1C1-BN ist ein Beispiel daf\u00fcr, wie ein Klappmesser sowohl dezent als auch kompromisslos robust sein kann. Dieses Modell kombiniert das ikonische Medford-Design mit einem schlankeren Profil, sodass es sich bequem im Alltag tragen l\u00e4sst, ohne seine legend\u00e4re Robustheit einzub\u00fc\u00dfen. <\/p>\n<p>Die Klinge besteht aus hochwertigem amerikanischem CPM-S35VN-Edelstahl mit PVD-Beschichtung f\u00fcr au\u00dfergew\u00f6hnliche Verschlei\u00dffestigkeit und hervorragende Schnitthaltigkeit. Der bronzefarbene Titangriff mit PVD-Beschl\u00e4gen und Fingerschutz verleiht dem Messer optische St\u00e4rke und perfekte Ergonomie. Die Tanto-Klingenform unterstreicht den taktischen Charakter und bietet maximale Durchschlagskraft auch unter rauen Bedingungen.  <\/p>\n<p>Das Slim Midi ist ein Messer f\u00fcr alle, die ein echtes St\u00fcck amerikanischer Messermacherpr\u00e4zision in der Tasche tragen m\u00f6chten \u2013 leichter, schlanker, aber dennoch unerbittlich stark.<\/p>\n<p>\ud83d\udd27 Technische Daten<br \/>\n Parameterwert<br \/>\n Gesamtl\u00e4nge (offen) ca. 21,6 cm (8,5\u2033)<br \/>\n Klingenl\u00e4nge ca. 9,5 cm (3,75\u2033)<br \/>\n Klingenst\u00e4rke ca. 0,125\u2033 (~3,2 mm)<br \/>\n Klingenmaterial CPM-S35VN \u2013 hochwertiger Edelstahl, eine gro\u00dfartige Kombination aus Robustheit und Haltbarkeit<br \/>\n Tanto-Klingentyp \u2013 maximale Durchdringung, Spitzenst\u00e4rke<br \/>\n PVD-Klingenoberfl\u00e4che \u2013 elegante, langlebige und dezente Optik<br \/>\n Titangriff \u2013 Bronze-Finish, leicht und extrem robust<br \/>\n PVD-Hardware \u2013 widerstandsf\u00e4hig gegen Besch\u00e4digungen, verst\u00e4rkt den Premium-Look<br \/>\n Framelock Titanschloss \u2013 robust und zuverl\u00e4ssig<br \/>\n Gewicht ca. 136 g (4,8 oz)<\/p>\n<h2 data-start=\"1725\" data-end=\"1743\">\u2705 Hauptvorteile<\/h2>\n<ul data-start=\"1745\" data-end=\"2199\">\n<li data-start=\"1745\" data-end=\"1853\">\n<p data-start=\"1747\" data-end=\"1853\"><strong data-start=\"1747\" data-end=\"1774\">Hochwertiger CPM-S35VN-Stahl<\/strong> \u2013 hervorragende Schnitthaltigkeit, Z\u00e4higkeit und einfacheres Sch\u00e4rfen als S90V\/S110V.<\/p>\n<\/li>\n<li data-start=\"1854\" data-end=\"1933\">\n<p data-start=\"1856\" data-end=\"1933\"><strong data-start=\"1856\" data-end=\"1894\">Titangriff in Bronze-Optik<\/strong> \u2013 elegant, leicht, extrem langlebig.<\/p>\n<\/li>\n<li data-start=\"1934\" data-end=\"2026\">\n<p data-start=\"1936\" data-end=\"2026\"><strong data-start=\"1936\" data-end=\"1967\">PVD-Hardware und Fingerschutz<\/strong> \u2013 funktional, optisch ansprechend und erh\u00f6ht die Lebensdauer des Messers.<\/p>\n<\/li>\n<li data-start=\"2027\" data-end=\"2106\">\n<p data-start=\"2029\" data-end=\"2106\"><strong data-start=\"2029\" data-end=\"2044\">Tanto-Klinge<\/strong> \u2013 ideal f\u00fcr durchdringende und anspruchsvolle Aufgaben taktischer Natur.<\/p>\n<\/li>\n<li data-start=\"2107\" data-end=\"2199\">\n<p data-start=\"2109\" data-end=\"2199\"><strong data-start=\"2109\" data-end=\"2129\">Schlankeres Profil<\/strong> \u2013 passt besser in Ihre Tasche, beh\u00e4lt aber die Robustheit von Medford.<\/p>\n<\/li>\n<\/ul>\n<hr data-start=\"2201\" data-end=\"2204\">\n<h2 data-start=\"2206\" data-end=\"2225\">\u26a0\ufe0f M\u00f6gliche Einschr\u00e4nkungen<\/h2>\n<ul data-start=\"2227\" data-end=\"2485\">\n<li data-start=\"2227\" data-end=\"2301\">\n<p data-start=\"2229\" data-end=\"2301\"><strong data-start=\"2229\" data-end=\"2243\">H\u00f6herer Preis<\/strong> \u2013 entspricht der handgefertigten amerikanischen Produktion und den verwendeten Materialien.<\/p>\n<\/li>\n<li data-start=\"2302\" data-end=\"2403\">\n<p data-start=\"2304\" data-end=\"2403\"><strong data-start=\"2304\" data-end=\"2319\">Tanto-Klinge<\/strong> \u2013 ideal zum Stechen und f\u00fcr taktische Zwecke, weniger geeignet f\u00fcr die K\u00fcche und feine Schnitte.<\/p>\n<\/li>\n<li data-start=\"2404\" data-end=\"2485\">\n<p data-start=\"2406\" data-end=\"2485\"><strong data-start=\"2406\" data-end=\"2426\">Titangriff<\/strong> \u2013 langlebig, kann aber leichter verkratzen und erfordert Pflege.<\/p>\n<\/li>\n<\/ul>\n<hr data-start=\"2487\" data-end=\"2490\">\n<h2 data-start=\"2492\" data-end=\"2512\">\ud83d\udee0\ufe0f Wartung und Pflege<\/h2>\n<ul data-start=\"2514\" data-end=\"2932\">\n<li data-start=\"2514\" data-end=\"2577\">\n<p data-start=\"2516\" data-end=\"2577\">Wischen Sie die Klinge nach Gebrauch mit einem trockenen Tuch ab und halten Sie sie sauber.<\/p>\n<\/li>\n<li data-start=\"2578\" data-end=\"2636\">\n<p data-start=\"2580\" data-end=\"2636\">Schmieren Sie Messergelenk und Schloss regelm\u00e4\u00dfig mit hochwertigem \u00d6l.<\/p>\n<\/li>\n<li data-start=\"2637\" data-end=\"2707\">\n<p data-start=\"2639\" data-end=\"2707\">Reinigen Sie den Titangriff mit einem weichen Tuch und sch\u00fctzen Sie ihn vor starker Reibung.<\/p>\n<\/li>\n<li data-start=\"2708\" data-end=\"2932\">\n<p data-start=\"2710\" data-end=\"2932\">Zur Erhaltung der Schneide empfehlen wir <strong data-start=\"2741\" data-end=\"2834\"><br \/>\n  <a class=\"decorated-link\" href=\"https:\/\/www.moskito.cz\/de\/\" target=\"_new\" rel=\"noopener\" data-start=\"2743\" data-end=\"2832\">das Spyderco Tri-Angle Sharpmaker Complete Sharpening System 204MF<\/a><br \/>\n<\/strong><\/p>\n<\/li>\n<li data-start=\"2708\" data-end=\"2932\">\n<h2 data-start=\"2939\" data-end=\"2959\">\ud83c\udfaf Empfohlen f\u00fcr<\/h2>\n<ul data-start=\"2961\" data-end=\"3216\">\n<li data-start=\"2961\" data-end=\"3027\">\n<p data-start=\"2963\" data-end=\"3027\">Benutzer, die einen schlankeren, aber dennoch robusten Schlie\u00dfer w\u00fcnschen.<\/p>\n<\/li>\n<li data-start=\"3028\" data-end=\"3093\">\n<p data-start=\"3030\" data-end=\"3093\">Fans modernen taktischen Designs mit starker Ausstrahlung.<\/p>\n<\/li>\n<li data-start=\"3094\" data-end=\"3153\">\n<p data-start=\"3096\" data-end=\"3153\">Sammler auf der Suche nach einem Premiummodell mit amerikanischem Ursprung.<\/p>\n<\/li>\n<li data-start=\"3154\" data-end=\"3216\">\n<p data-start=\"3156\" data-end=\"3216\">Alltagskleidung mit Schwerpunkt auf Leistung, Haltbarkeit und Eleganz.<\/p>\n<\/li>\n<\/ul>\n<hr data-start=\"3218\" data-end=\"3221\">\n<h2 data-start=\"3223\" data-end=\"3247\">\u2b50 Endg\u00fcltige Bewertung<\/h2>\n<p data-start=\"3249\" data-end=\"3518\"><strong data-start=\"3249\" data-end=\"3292\">Das Medford Slim Midi MK201SPT-30PV-T1C1-BN<\/strong> verk\u00f6rpert die Essenz dessen, wof\u00fcr die Marke Medford steht: Amerikanische St\u00e4rke, Pr\u00e4zision und Langlebigkeit \u2013 diesmal in einem schlankeren und praktischeren Design. Dank seines schlankeren Profils ist es angenehm zu tragen und bietet Ihnen bei der Arbeit kompromisslose Leistung. <\/p>\n<p data-start=\"3520\" data-end=\"3700\">Wenn Sie nach einem Messer suchen, das <strong data-start=\"3558\" data-end=\"3658\">den taktischen Charakter einer Tanto-Klinge, die Eleganz eines Titangriffs und die Zuverl\u00e4ssigkeit handgefertigter amerikanischer Fertigung<\/strong> vereint, ist das Slim Midi eine Wahl, die Sie nicht entt\u00e4uschen wird.<\/p>\n<\/li>\n<\/ul>\n<div class=\"_tableContainer_1rjym_1\">\n<div class=\"group _tableWrapper_1rjym_13 flex w-fit flex-col-reverse\" tabindex=\"-1\"><\/div>\n<\/div>\n","protected":false},"excerpt":{"rendered":"<p><strong>Wenn Sie nach einem Messer suchen, das den taktischen Charakter einer Tanto-Klinge, die Eleganz eines Titangriffs und die Zuverl\u00e4ssigkeit handgefertigter amerikanischer Fertigung vereint, ist das Slim Midi eine Wahl, die Sie nicht entt\u00e4uschen wird.<\/strong><\/p>\n<p> <strong>Kostenloser Versand.<\/strong><\/p>\n","protected":false},"featured_media":425281,"comment_status":"open","ping_status":"closed","template":"","meta":[],"pwb-brand":[4018],"product_brand":[],"product_cat":[3303,3285],"product_tag":[],"class_list":{"0":"post-425324","1":"product","2":"type-product","3":"status-publish","4":"has-post-thumbnail","6":"pwb-brand-medford-de","7":"product_cat-schliesmesser","8":"product_cat-messer","10":"first","11":"instock","12":"taxable","13":"shipping-taxable","14":"purchasable","15":"product-type-simple"},"brands":[{"id":4018,"name":"Medford","slug":"medford-de"}],"_links":{"self":[{"href":"https:\/\/www.moskito.cz\/de\/wp-json\/wp\/v2\/product\/425324","targetHints":{"allow":["GET"]}}],"collection":[{"href":"https:\/\/www.moskito.cz\/de\/wp-json\/wp\/v2\/product"}],"about":[{"href":"https:\/\/www.moskito.cz\/de\/wp-json\/wp\/v2\/types\/product"}],"replies":[{"embeddable":true,"href":"https:\/\/www.moskito.cz\/de\/wp-json\/wp\/v2\/comments?post=425324"}],"wp:featuredmedia":[{"embeddable":true,"href":"https:\/\/www.moskito.cz\/de\/wp-json\/wp\/v2\/media\/425281"}],"wp:attachment":[{"href":"https:\/\/www.moskito.cz\/de\/wp-json\/wp\/v2\/media?parent=425324"}],"wp:term":[{"taxonomy":"pwb-brand","embeddable":true,"href":"https:\/\/www.moskito.cz\/de\/wp-json\/wp\/v2\/pwb-brand?post=425324"},{"taxonomy":"product_brand","embeddable":true,"href":"https:\/\/www.moskito.cz\/de\/wp-json\/wp\/v2\/product_brand?post=425324"},{"taxonomy":"product_cat","embeddable":true,"href":"https:\/\/www.moskito.cz\/de\/wp-json\/wp\/v2\/product_cat?post=425324"},{"taxonomy":"product_tag","embeddable":true,"href":"https:\/\/www.moskito.cz\/de\/wp-json\/wp\/v2\/product_tag?post=425324"}],"curies":[{"name":"wp","href":"https:\/\/api.w.org\/{rel}","templated":true}]}}