{"id":425444,"date":"2021-05-27T21:38:38","date_gmt":"2021-05-27T20:38:38","guid":{"rendered":"https:\/\/www.moskito.cz\/produkt\/samuraischwert-boeker-magnum-bejuno-katana-05sc638\/"},"modified":"2025-10-01T14:48:06","modified_gmt":"2025-10-01T13:48:06","slug":"samuraischwert-boeker-magnum-bejuno-katana-05sc638","status":"publish","type":"product","link":"https:\/\/www.moskito.cz\/de\/produkt\/samuraischwert-boeker-magnum-bejuno-katana-05sc638\/","title":{"rendered":"Samuraischwert B\u00f6ker Magnum BEJUNO KATANA 05SC638"},"content":{"rendered":"<p>Samuraischwert B\u00f6ker Magnum BEJUNO KATANA 05SC638.<\/p>\n<p>Das Magnum Bejuno ist ein hochwertiges Katana, das durch seine harmonische und reiche Verzierung fasziniert. Tsuka-Ito und Sageo, die Abdeckungen an Griff und Scheide, sind in einem sanften Beigeton gehalten. Die Tsuba ist in Schwarz, Gold und Silber gef\u00e4rbt. Der goldene Dekorlack auf der schwarzen Scheide setzt zus\u00e4tzlich einen attraktiven Akzent. Die geschmiedete und scharf geschliffene Klinge aus rostbest\u00e4ndigem 1060 Kohlenstoffstahl garantiert die n\u00f6tige Schlag- und Bruchelastizit\u00e4t. Sie ist mit einer traditionellen Hohlkehle und einer angedeuteten H\u00e4rtelinie, dem sogenannten Hamon, ausgestattet.      <\/p>\n<p>&nbsp;<\/p>\n<p>Gesamtl\u00e4nge: 100 cm<br \/>\n Klingenl\u00e4nge: 72 cm<br \/>\n Klingenst\u00e4rke: 7,08 mm<br \/>\n Gewicht: 1003 g<br \/>\n Klingenmaterial: Kohlenstoffstahl<br \/>\n Griffmaterial: Holz<br \/>\n Farbe: braun<br \/>\n Klingenfarbe: Unbeschichtet<\/p>\n","protected":false},"excerpt":{"rendered":"<p><strong>Das Magnum Bejuno ist ein hochwertiges Katana, das durch seine harmonische und reiche Verzierung fasziniert.<\/strong><\/p>\n","protected":false},"featured_media":425445,"comment_status":"open","ping_status":"closed","template":"","meta":[],"pwb-brand":[3422],"product_brand":[],"product_cat":[3403,3407],"product_tag":[],"class_list":{"0":"post-425444","1":"product","2":"type-product","3":"status-publish","4":"has-post-thumbnail","6":"pwb-brand-boker-de","7":"product_cat-katanas-und-schwerter","8":"product_cat-schwerter-dolche-repliken","10":"first","11":"outofstock","12":"taxable","13":"shipping-taxable","14":"purchasable","15":"product-type-simple"},"brands":[{"id":3422,"name":"B\u00f6ker","slug":"boker-de"}],"_links":{"self":[{"href":"https:\/\/www.moskito.cz\/de\/wp-json\/wp\/v2\/product\/425444","targetHints":{"allow":["GET"]}}],"collection":[{"href":"https:\/\/www.moskito.cz\/de\/wp-json\/wp\/v2\/product"}],"about":[{"href":"https:\/\/www.moskito.cz\/de\/wp-json\/wp\/v2\/types\/product"}],"replies":[{"embeddable":true,"href":"https:\/\/www.moskito.cz\/de\/wp-json\/wp\/v2\/comments?post=425444"}],"wp:featuredmedia":[{"embeddable":true,"href":"https:\/\/www.moskito.cz\/de\/wp-json\/wp\/v2\/media\/425445"}],"wp:attachment":[{"href":"https:\/\/www.moskito.cz\/de\/wp-json\/wp\/v2\/media?parent=425444"}],"wp:term":[{"taxonomy":"pwb-brand","embeddable":true,"href":"https:\/\/www.moskito.cz\/de\/wp-json\/wp\/v2\/pwb-brand?post=425444"},{"taxonomy":"product_brand","embeddable":true,"href":"https:\/\/www.moskito.cz\/de\/wp-json\/wp\/v2\/product_brand?post=425444"},{"taxonomy":"product_cat","embeddable":true,"href":"https:\/\/www.moskito.cz\/de\/wp-json\/wp\/v2\/product_cat?post=425444"},{"taxonomy":"product_tag","embeddable":true,"href":"https:\/\/www.moskito.cz\/de\/wp-json\/wp\/v2\/product_tag?post=425444"}],"curies":[{"name":"wp","href":"https:\/\/api.w.org\/{rel}","templated":true}]}}