{"id":425634,"date":"2023-03-26T20:03:46","date_gmt":"2023-03-26T19:03:46","guid":{"rendered":"https:\/\/www.moskito.cz\/produkt\/klappmesser-cold-steel-verdict-spear-point-aus10a-schwarz\/"},"modified":"2025-10-02T15:04:16","modified_gmt":"2025-10-02T14:04:16","slug":"klappmesser-cold-steel-verdict-spear-point-aus10a-schwarz","status":"publish","type":"product","link":"https:\/\/www.moskito.cz\/de\/produkt\/klappmesser-cold-steel-verdict-spear-point-aus10a-schwarz\/","title":{"rendered":"Klappmesser Cold Steel VERDICT SPEAR POINT (AUS10A) SCHWARZ"},"content":{"rendered":"<p>Klappmesser <strong>Cold Steel<\/strong> VERDICT SPEAR POINT (AUS10A) SCHWARZ<\/p>\n<p>Diese Klinge besteht aus 3 Zoll starkem japanischem AUS-10-Edelstahl, der robust, leicht zu sch\u00e4rfen und au\u00dfergew\u00f6hnlich schnitthaltig ist. Sie verf\u00fcgt \u00fcber Cold Steels bew\u00e4hrte Tri-Ad\u00ae-Verriegelung. Der leichte G10-Griff ist ergonomisch geformt und bietet maximalen Komfort. Mit zwei Klingenformen (Speerspitze und Tanto) und zwei Grifffarben ist das Verdict das ultimative EDC-Statement.  <\/p>\n<p>Verdict-Serie: Das Verdict verf\u00fcgt \u00fcber die bew\u00e4hrte und zuverl\u00e4ssige Tri-Ad\u00ae-Verriegelung und ist in zwei Stahl- und zwei Griffmaterialien sowie einer Reihe von Klingenformen erh\u00e4ltlich.<\/p>\n<p>Klingenmaterial: AUS-10A<br \/>\n Griffmaterial: G-10<br \/>\n Sicherung: Tri-Ad-Schloss<br \/>\n Klingenl\u00e4nge: 7,9 cm<br \/>\n Gesamtl\u00e4nge: 18,4 cm<br \/>\n L\u00e4nge des gefalteten Messers: 10,5 cm<br \/>\n Klingenst\u00e4rke: 2,9 mm<br \/>\n Gewicht: 71 g<br \/>\n Klingentyp: Drop Point<\/p>\n<p><iframe title=\"COLD STEEL VERDICT LINE OF KNIVES\" width=\"800\" height=\"450\" src=\"https:\/\/www.youtube.com\/embed\/6vn_iWyLzhQ?feature=oembed\" frameborder=\"0\" allow=\"accelerometer; autoplay; clipboard-write; encrypted-media; gyroscope; picture-in-picture; web-share\" referrerpolicy=\"strict-origin-when-cross-origin\" allowfullscreen><\/iframe><\/p>\n<p>&nbsp;<\/p>\n","protected":false},"excerpt":{"rendered":"<p><strong>Verdict-Serie: Das Verdict verf\u00fcgt \u00fcber die bew\u00e4hrte und zuverl\u00e4ssige Tri-Ad\u00ae-Verriegelung und ist in zwei Stahl- und zwei Griffmaterialien sowie einer Reihe von Klingenformen erh\u00e4ltlich.<\/strong><\/p>\n","protected":false},"featured_media":425635,"comment_status":"open","ping_status":"closed","template":"","meta":[],"pwb-brand":[3602],"product_brand":[],"product_cat":[3303,3285],"product_tag":[3669],"class_list":{"0":"post-425634","1":"product","2":"type-product","3":"status-publish","4":"has-post-thumbnail","6":"pwb-brand-kalter-stahl","7":"product_cat-schliesmesser","8":"product_cat-messer","9":"product_tag-b2b-de","11":"first","12":"instock","13":"taxable","14":"shipping-taxable","15":"purchasable","16":"product-type-simple"},"brands":[{"id":3602,"name":"Kalter Stahl","slug":"kalter-stahl"}],"_links":{"self":[{"href":"https:\/\/www.moskito.cz\/de\/wp-json\/wp\/v2\/product\/425634","targetHints":{"allow":["GET"]}}],"collection":[{"href":"https:\/\/www.moskito.cz\/de\/wp-json\/wp\/v2\/product"}],"about":[{"href":"https:\/\/www.moskito.cz\/de\/wp-json\/wp\/v2\/types\/product"}],"replies":[{"embeddable":true,"href":"https:\/\/www.moskito.cz\/de\/wp-json\/wp\/v2\/comments?post=425634"}],"wp:featuredmedia":[{"embeddable":true,"href":"https:\/\/www.moskito.cz\/de\/wp-json\/wp\/v2\/media\/425635"}],"wp:attachment":[{"href":"https:\/\/www.moskito.cz\/de\/wp-json\/wp\/v2\/media?parent=425634"}],"wp:term":[{"taxonomy":"pwb-brand","embeddable":true,"href":"https:\/\/www.moskito.cz\/de\/wp-json\/wp\/v2\/pwb-brand?post=425634"},{"taxonomy":"product_brand","embeddable":true,"href":"https:\/\/www.moskito.cz\/de\/wp-json\/wp\/v2\/product_brand?post=425634"},{"taxonomy":"product_cat","embeddable":true,"href":"https:\/\/www.moskito.cz\/de\/wp-json\/wp\/v2\/product_cat?post=425634"},{"taxonomy":"product_tag","embeddable":true,"href":"https:\/\/www.moskito.cz\/de\/wp-json\/wp\/v2\/product_tag?post=425634"}],"curies":[{"name":"wp","href":"https:\/\/api.w.org\/{rel}","templated":true}]}}