{"id":425659,"date":"2025-04-01T10:36:17","date_gmt":"2025-04-01T09:36:17","guid":{"rendered":"https:\/\/www.moskito.cz\/produkt\/medford-midi-marauder-klappmesser\/"},"modified":"2025-10-03T07:37:58","modified_gmt":"2025-10-03T06:37:58","slug":"medford-midi-marauder-klappmesser","status":"publish","type":"product","link":"https:\/\/www.moskito.cz\/de\/produkt\/medford-midi-marauder-klappmesser\/","title":{"rendered":"Medford Midi Marauder Klappmesser"},"content":{"rendered":"<h3 data-pm-slice=\"1 1 []\"><strong>Klappmesser Medford Midi Marauder \u2013 Kompakte Kraft und unschlagbare Haltbarkeit!<\/strong><\/h3>\n<h4><strong>Gesamtbeschreibung:<\/strong><\/h4>\n<p>Das Medford Midi Marauder ist <strong>eine kompakte Version des legend\u00e4ren Marauder-Modells<\/strong> und bietet die gleiche Robustheit, jedoch in einer praktischeren Gr\u00f6\u00dfe f\u00fcr den t\u00e4glichen Gebrauch. Dieses Messer vereint <strong>extreme St\u00e4rke, einen Titangriff und eine hochwertige CPM S35VN-Stahlklinge<\/strong> und ist damit <strong>das perfekte Arbeitswerkzeug und Sammlerst\u00fcck<\/strong> . <strong>Hergestellt in den USA \ud83c\uddfa\ud83c\uddf8<\/strong> , wo jedes St\u00fcck manuell bearbeitet und einer pr\u00e4zisen Qualit\u00e4tskontrolle unterzogen wird. <\/p>\n<p>\ud83d\udd39 <strong>Hochwertiger CPM S35VN-Stahl<\/strong> \u2013 hervorragende Verschlei\u00df- und Korrosionsbest\u00e4ndigkeit.<br \/>\n \ud83d\udd39 <strong>Titangriff<\/strong> \u2013 maximale St\u00e4rke und bequemer Halt.<br \/>\n \ud83d\udd39 <strong>Robustes Framelock-Sicherheitsschloss<\/strong> \u2013 extreme Sicherheit bei der Arbeit.<br \/>\n \ud83d\udd39 <strong>Sanfter \u00d6ffnungsmechanismus<\/strong> \u2013 pr\u00e4zise Bewegung f\u00fcr schnelles \u00d6ffnen mit einer Hand.<br \/>\n \ud83d\udd39 <strong>Exklusives Modell mit begrenzter Verf\u00fcgbarkeit<\/strong> \u2013 ein sehr schwer zu findendes Messer.<\/p>\n<div>\n<hr>\n<\/div>\n<h3>\u2705 <strong>Spezifikationen:<\/strong><\/h3>\n<ul data-spread=\"false\">\n<li><strong>Gesamtl\u00e4nge:<\/strong> 20 cm<\/li>\n<li><strong>Klingenl\u00e4nge:<\/strong> 8,9 cm<\/li>\n<li><strong>Klingenst\u00e4rke:<\/strong> 0,47 cm \u2013 extrem stark<\/li>\n<li><strong>Klingenstahl:<\/strong> <strong>CPM S35VN<\/strong> \u2013 die perfekte Balance aus H\u00e4rte und Haltbarkeit<\/li>\n<li><strong>Klingenform:<\/strong> <strong>Drop Point<\/strong> \u2013 universell einsetzbar f\u00fcr alle Situationen<\/li>\n<li><strong>Oberfl\u00e4chenbehandlung:<\/strong> <strong>PVD \/ Stonewashed \/ Tumbled<\/strong> \u2013 kratzfest<\/li>\n<li><strong>Griff:<\/strong> Titan, ergonomisch geformt f\u00fcr einen angenehmen Griff<\/li>\n<li><strong>\u00d6ffnungsmechanismus:<\/strong> Daumenknopf \u2013 einfache Einhandbedienung<\/li>\n<li><strong>Sicherung:<\/strong> <strong>Framelock<\/strong> \u2013 das h\u00f6chste Ma\u00df an Sicherheit<\/li>\n<li><strong>Gewicht:<\/strong> 204 g \u2013 ausgewogenes, aber langlebiges Messer<\/li>\n<li><strong>Clip:<\/strong> Titan, tief ausgeschnitten f\u00fcr diskretes Tragen<\/li>\n<\/ul>\n<div>\n<hr>\n<\/div>\n<h3>\ud83d\udd25 <strong>Warum sollten Sie sich f\u00fcr Medford Midi Marauder entscheiden?<\/strong><\/h3>\n<p>\u2714 <strong>Titankonstruktion<\/strong> \u2013 leicht, aber unglaublich stark.<br \/>\n\u2714 <strong>Extreme Robustheit<\/strong> \u2013 geeignet f\u00fcr den Alltag und extreme Bedingungen.<br \/>\n\u2714 <strong>Framelock-Sicherheitsschloss f\u00fcr maximale Sicherheit w\u00e4hrend der Anwendung<\/strong> .<br \/>\n\u2714 <strong>Premiumklinge aus CPM S35VN-Stahl \u2013 lange Klingenlebensdauer, hohe Haltbarkeit<\/strong> .<br \/>\n\u2714 <strong>Hergestellt in den USA \ud83c\uddfa\ud83c\uddf8 \u2013 ein Garant f\u00fcr pr\u00e4zise Verarbeitung und h\u00f6chste Qualit\u00e4t<\/strong> .<br \/>\n\u2714 <strong>Exklusives Modell mit begrenzter Verf\u00fcgbarkeit<\/strong> .<\/p>\n<div>\n<hr>\n<\/div>\n<h3>\ud83d\udde1 <strong>Drop Point-Klingenform \u2013 Ideale Wahl f\u00fcr den vielseitigen Einsatz<\/strong><\/h3>\n<p>\u2714 <strong>Starke und langlebige Spitze<\/strong> \u2013 geeignet f\u00fcr pr\u00e4zise Schnitte und anspruchsvolle Aufgaben.<br \/>\n\u2714 <strong>Sanfte Klingenkr\u00fcmmung<\/strong> \u2013 hervorragende Schneidf\u00e4higkeit und einfache Kontrolle \u00fcber das Messer.<br \/>\n\u2714 <strong>Perfekt f\u00fcr den t\u00e4glichen Gebrauch (EDC), den Outdoor- und taktischen Einsatz<\/strong> .<\/p>\n<div>\n<hr>\n<\/div>\n<h3>\u2694 <strong>Vergleich mit Wettbewerbern:<\/strong><\/h3>\n<table>\n<tbody>\n<tr>\n<th>Modell<\/th>\n<th>Klingenstahl<\/th>\n<th>Mechanismus<\/th>\n<th>Oberfl\u00e4chenbehandlung<\/th>\n<th>Vorteile<\/th>\n<\/tr>\n<tr>\n<td>\n  <strong>Medford Midi Marauder<\/strong>\n<\/td>\n<td>CPM S35VN<\/td>\n<td>Daumenknopf + Framelock<\/td>\n<td>PVD\/Stonewashed<\/td>\n<td>Extreme St\u00e4rke, Titankonstruktion, kompakte Gr\u00f6\u00dfe<\/td>\n<\/tr>\n<tr>\n<td>\n  <strong>Chris Reeve Inkosi<\/strong>\n<\/td>\n<td>CPM S45VN<\/td>\n<td>Daumenknopf + Framelock<\/td>\n<td>Steingewaschen<\/td>\n<td>Elegant, weniger robust als Medford<\/td>\n<\/tr>\n<tr>\n<td>\n  <strong>Hinderer XM-18 3,5 Zoll<\/strong>\n<\/td>\n<td>CPM 20CV<\/td>\n<td>Flipper + Linerlock<\/td>\n<td>Steingewaschen<\/td>\n<td>Hervorragender Stahl, aber leichtere Konstruktion als der Midi Marauder<\/td>\n<\/tr>\n<\/tbody>\n<\/table>\n<div>\n<hr>\n<\/div>\n<h3>\u2705 <strong>Vor- und Nachteile<\/strong><\/h3>\n<p>\u2714 <strong>Robuste, langlebige Konstruktion \u2013 ideal f\u00fcr raue Bedingungen<\/strong> .<br \/>\n\u2714 <strong>Titangriff \u2013 au\u00dfergew\u00f6hnliche St\u00e4rke bei geringem Gewicht<\/strong> .<br \/>\n\u2714 <strong>Sanfter \u00d6ffnungsmechanismus \u2013 schnelles \u00d6ffnen mit einer Hand<\/strong> .<br \/>\n\u2714 <strong>Hochwertiger CPM S35VN-Stahl \u2013 hervorragende Klingenhaltbarkeit und Korrosionsbest\u00e4ndigkeit<\/strong> .<br \/>\n\u2714 <strong>Exklusives Modell \u2013 schwer zu finden, Sammlerst\u00fcck<\/strong> .<br \/>\n\u274c <strong>H\u00f6herer Preis entsprechend hochwertiger Materialien und handwerklicher Verarbeitung<\/strong> .<br \/>\n\u274c <strong>Die kompakten Abmessungen sind m\u00f6glicherweise nicht f\u00fcr diejenigen geeignet, die ein gr\u00f6\u00dferes Messer suchen<\/strong> .<\/p>\n<div>\n<hr>\n<\/div>\n<h3>\ud83c\udf81 <strong>Gr\u00fcnde, jetzt zu kaufen<\/strong><\/h3>\n<p>\u2705 <strong>Kostenloser Versand<\/strong> \u2013 keine versteckten Geb\u00fchren!<br \/>\n\u2705 <strong>Garantierte Originalit\u00e4t<\/strong> \u2013 100 % authentisches Medford aus offiziellem Vertrieb.<br \/>\n\u2705 <strong>Schneller Versand<\/strong> \u2013 Bestellungen, die vor 14:00 Uhr eingehen, werden noch heute versendet!<br \/>\n\u2705 <strong>Geschenk zur Bestellung<\/strong> \u2013 eine exklusive \u00dcberraschung zu jedem Messer.<\/p>\n<div>\n<hr>\n<\/div>\n<h3>\ud83d\udea8 <strong>Exklusive Verf\u00fcgbarkeit \u2013 Holen Sie sich dieses Modell, bevor es ausverkauft ist!<\/strong><\/h3>\n<p>Das Medford Midi Marauder ist aufgrund seiner <strong>extremen Haltbarkeit, kompakten Abmessungen und hochwertigen Materialien<\/strong> <strong>eines der begehrtesten Klappmesser<\/strong> . Dieses Modell <strong>ist nicht \u00fcberall erh\u00e4ltlich<\/strong> und wird <strong>von Sammlern und Profis sehr gesch\u00e4tzt<\/strong> . <\/p>\n<p>\ud83d\udd2a <strong>Bestellen Sie noch heute Ihren Medford Midi Marauder und werden Sie Besitzer eines einzigartigen Messerkunstwerks!<\/strong><\/p>\n","protected":false},"excerpt":{"rendered":"<p><strong>Das Medford Midi Marauder ist aufgrund seiner extremen Haltbarkeit, kompakten Abmessungen und hochwertigen Materialien eines der begehrtesten Klappmesser. Dieses Modell ist nicht \u00fcberall erh\u00e4ltlich und erfreut sich bei Sammlern und Profis gro\u00dfer Beliebtheit.<\/strong><\/p>\n<p> <strong>\ud83d\udd2a Bestellen Sie noch heute Ihren Medford Midi Marauder und werden Sie Besitzer eines einzigartigen Messerkunstwerks!<\/strong><\/p>\n<p> <strong>\ud83d\udce6 Jetzt bestellen und versandkostenfrei erhalten \ud83d\ude9a<\/strong><\/p>\n","protected":false},"featured_media":398371,"comment_status":"open","ping_status":"closed","template":"","meta":[],"pwb-brand":[4018],"product_brand":[],"product_cat":[3303],"product_tag":[],"class_list":{"0":"post-425659","1":"product","2":"type-product","3":"status-publish","4":"has-post-thumbnail","6":"pwb-brand-medford-de","7":"product_cat-schliesmesser","9":"first","10":"outofstock","11":"taxable","12":"shipping-taxable","13":"purchasable","14":"product-type-simple"},"brands":[{"id":4018,"name":"Medford","slug":"medford-de"}],"_links":{"self":[{"href":"https:\/\/www.moskito.cz\/de\/wp-json\/wp\/v2\/product\/425659","targetHints":{"allow":["GET"]}}],"collection":[{"href":"https:\/\/www.moskito.cz\/de\/wp-json\/wp\/v2\/product"}],"about":[{"href":"https:\/\/www.moskito.cz\/de\/wp-json\/wp\/v2\/types\/product"}],"replies":[{"embeddable":true,"href":"https:\/\/www.moskito.cz\/de\/wp-json\/wp\/v2\/comments?post=425659"}],"wp:featuredmedia":[{"embeddable":true,"href":"https:\/\/www.moskito.cz\/de\/wp-json\/wp\/v2\/media\/398371"}],"wp:attachment":[{"href":"https:\/\/www.moskito.cz\/de\/wp-json\/wp\/v2\/media?parent=425659"}],"wp:term":[{"taxonomy":"pwb-brand","embeddable":true,"href":"https:\/\/www.moskito.cz\/de\/wp-json\/wp\/v2\/pwb-brand?post=425659"},{"taxonomy":"product_brand","embeddable":true,"href":"https:\/\/www.moskito.cz\/de\/wp-json\/wp\/v2\/product_brand?post=425659"},{"taxonomy":"product_cat","embeddable":true,"href":"https:\/\/www.moskito.cz\/de\/wp-json\/wp\/v2\/product_cat?post=425659"},{"taxonomy":"product_tag","embeddable":true,"href":"https:\/\/www.moskito.cz\/de\/wp-json\/wp\/v2\/product_tag?post=425659"}],"curies":[{"name":"wp","href":"https:\/\/api.w.org\/{rel}","templated":true}]}}