{"id":426762,"date":"2024-09-25T20:32:32","date_gmt":"2024-09-25T19:32:32","guid":{"rendered":"https:\/\/www.moskito.cz\/produkt\/klappmesser-microtech-msi-stonewashed-210t-10pmbk\/"},"modified":"2025-11-24T09:50:44","modified_gmt":"2025-11-24T08:50:44","slug":"klappmesser-microtech-msi-stonewashed-210t-10pmbk","status":"publish","type":"product","link":"https:\/\/www.moskito.cz\/de\/produkt\/klappmesser-microtech-msi-stonewashed-210t-10pmbk\/","title":{"rendered":"Klappmesser Microtech MSI Stonewashed 210T-10PMBK"},"content":{"rendered":"<p>&nbsp;<\/p>\n<h1 data-start=\"126\" data-end=\"184\"><strong data-start=\"128\" data-end=\"182\">Klappmesser Microtech MSI Stonewashed 210T-10PMBK<\/strong><\/h1>\n<p data-start=\"186\" data-end=\"628\">Das Microtech MSI Stonewashed 210T-10PMBK ist ein erstklassiges Klappmesser von Microtech, das hochwertige Materialien, innovative Technologie und pr\u00e4zise Verarbeitung vereint. Dieses Modell ist mit einem <strong data-start=\"412\" data-end=\"426\">Atlas-Lock<\/strong> -Verriegelungsmechanismus ausgestattet, der extreme Stabilit\u00e4t und Zuverl\u00e4ssigkeit im Gebrauch gew\u00e4hrleistet. Die Klinge aus M39\/ <strong data-start=\"502\" data-end=\"510\">M390<\/strong> , einem der besten St\u00e4hle auf dem Markt, zeichnet sich durch hervorragende Verschlei\u00dffestigkeit und langanhaltende Sch\u00e4rfe aus.  <\/p>\n<p data-start=\"630\" data-end=\"770\">Es handelt sich hierbei um ein exklusives Modell, das <strong data-start=\"665\" data-end=\"687\">nicht allgemein erh\u00e4ltlich ist<\/strong> und daher nicht nur ein praktisches Werkzeug, sondern auch ein begehrtes Sammlerst\u00fcck darstellt.<\/p>\n<hr data-start=\"772\" data-end=\"775\">\n<h2 data-start=\"777\" data-end=\"807\"><strong data-start=\"780\" data-end=\"805\">\ud83d\udd39 Hauptmerkmale<\/strong><\/h2>\n<p data-start=\"809\" data-end=\"1086\">\ud83d\udd2a <strong data-start=\"812\" data-end=\"822\">Klinge:<\/strong><br data-start=\"822\" data-end=\"825\"> Hergestellt aus <strong data-start=\"836\" data-end=\"844\">M390<\/strong> , <strong data-start=\"853\" data-end=\"879\">einem pulverbeschichteten Edelstahl,<\/strong> der f\u00fcr seine <strong data-start=\"891\" data-end=\"924\">extreme H\u00e4rte (60\u201362 HRC)<\/strong> , Korrosionsbest\u00e4ndigkeit und au\u00dfergew\u00f6hnliche Schnitthaltigkeit bekannt ist. Diese Eigenschaften machen ihn ideal f\u00fcr den intensiven Einsatz und eine lange Lebensdauer ohne h\u00e4ufiges Nachsch\u00e4rfen. <\/p>\n<p data-start=\"1088\" data-end=\"1216\">\ud83d\udccf <strong data-start=\"1091\" data-end=\"1108\">Klingenl\u00e4nge:<\/strong><br data-start=\"1108\" data-end=\"1111\"> <strong data-start=\"1111\" data-end=\"1121\">9,2 cm<\/strong> \u2013 eine universelle Gr\u00f6\u00dfe, die ein hervorragendes Gleichgewicht zwischen Kompaktheit und Funktionalit\u00e4t bietet.<\/p>\n<p data-start=\"1218\" data-end=\"1325\">\ud83d\udccf <strong data-start=\"1221\" data-end=\"1239\">Gesamtl\u00e4nge:<\/strong><br data-start=\"1239\" data-end=\"1242\"> <strong data-start=\"1242\" data-end=\"1253\">22,8 cm<\/strong> \u2013 ausreichende L\u00e4nge f\u00fcr einen festen und sicheren Halt in jeder Anwendung.<\/p>\n<p data-start=\"1327\" data-end=\"1438\">\ud83d\udcaa <strong data-start=\"1330\" data-end=\"1350\">Klingenst\u00e4rke:<\/strong><br data-start=\"1350\" data-end=\"1353\"> <strong data-start=\"1353\" data-end=\"1361\">4 mm<\/strong> \u2013 robuste Konstruktion, die hohe Festigkeit und Langlebigkeit im Betrieb gew\u00e4hrleistet.<\/p>\n<p data-start=\"1440\" data-end=\"1610\">\u2699\ufe0f <strong data-start=\"1443\" data-end=\"1471\">Klingenfinish:<\/strong><br data-start=\"1471\" data-end=\"1474\"> <strong data-start=\"1474\" data-end=\"1489\">Stonewashed<\/strong> \u2013 die strapazierf\u00e4hige Oberfl\u00e4che <strong data-start=\"1535\" data-end=\"1573\">minimiert die Sichtbarkeit von Kratzern<\/strong> und erh\u00f6ht den \u00e4sthetischen Wert des Messers.<\/p>\n<p data-start=\"1612\" data-end=\"1772\">\ud83c\udfa8 <strong data-start=\"1615\" data-end=\"1627\">Handle:<\/strong><br data-start=\"1627\" data-end=\"1630\"> Hergestellt aus <strong data-start=\"1641\" data-end=\"1685\">robustem und leichtem Polymermaterial<\/strong> mit <strong data-start=\"1688\" data-end=\"1715\">rutschfester Oberfl\u00e4che<\/strong> , das einen festen Halt gew\u00e4hrleistet.<\/p>\n<p data-start=\"1774\" data-end=\"1863\">\u2696\ufe0f <strong data-start=\"1777\" data-end=\"1790\">Gewicht:<\/strong><br data-start=\"1790\" data-end=\"1793\"> <strong data-start=\"1793\" data-end=\"1802\">130 g<\/strong> \u2013 optimale Balance zwischen Robustheit und Tragekomfort.<\/p>\n<p data-start=\"1865\" data-end=\"2025\">\ud83d\udee1 <strong data-start=\"1868\" data-end=\"1884\">Mechanismus:<\/strong><br data-start=\"1884\" data-end=\"1887\"> <strong data-start=\"1887\" data-end=\"1901\">Atlas Lock<\/strong> \u2013 ein innovatives Verriegelungssystem, das <strong data-start=\"1938\" data-end=\"1977\">ein versehentliches Schlie\u00dfen der Klinge verhindert<\/strong> und gleichzeitig eine reibungslose und einfache Steuerung erm\u00f6glicht.<\/p>\n<p data-start=\"2027\" data-end=\"2140\">\ud83d\udd17 <strong data-start=\"2030\" data-end=\"2044\">Er\u00f6ffnung:<\/strong><br data-start=\"2044\" data-end=\"2047\"> Einhand\u00f6ffnung durch <strong data-start=\"2074\" data-end=\"2096\">einen doppelseitigen Stift<\/strong> an der Klinge \u2013 ideal f\u00fcr Rechts- und Linksh\u00e4nder.<\/p>\n<p data-start=\"2142\" data-end=\"2198\">\ud83d\udce6 <strong data-start=\"2145\" data-end=\"2157\">Fall:<\/strong><br data-start=\"2157\" data-end=\"2160\"> Dieses Modell wird nicht in einem Geh\u00e4use aufbewahrt.<\/p>\n<p data-start=\"2200\" data-end=\"2311\">\ud83d\udccc <strong data-start=\"2203\" data-end=\"2222\">Trageclip:<\/strong><br data-start=\"2222\" data-end=\"2225\"> Ja \u2013 <strong data-start=\"2231\" data-end=\"2267\">ein doppelseitiger, tiefer Taschenclip<\/strong> , der ein verdecktes und bequemes Tragen erm\u00f6glicht.<\/p>\n<p data-start=\"2313\" data-end=\"2449\">\ud83c\uddfa\ud83c\uddf8 <strong data-start=\"2318\" data-end=\"2337\">Hergestellt in den USA:<\/strong><br data-start=\"2337\" data-end=\"2340\"> S\u00e4mtliche Komponenten und die Montage erfolgen ausschlie\u00dflich in <strong data-start=\"2387\" data-end=\"2394\">den USA<\/strong> , was erstklassige Qualit\u00e4t und pr\u00e4zise Fertigung garantiert.<\/p>\n<hr data-start=\"2451\" data-end=\"2454\">\n<h2 data-start=\"2456\" data-end=\"2475\"><strong data-start=\"2459\" data-end=\"2473\">\ud83c\udfaf Verwenden<\/strong><\/h2>\n<p data-start=\"2477\" data-end=\"2669\">\u2705 <strong data-start=\"2479\" data-end=\"2499\">Taktisch<\/strong><br data-start=\"2499\" data-end=\"2502\"> Schnelles \u00d6ffnen, <strong data-start=\"2507\" data-end=\"2567\">robuste Konstruktion und sicheres Schloss<\/strong> machen dieses Modell ideal f\u00fcr den professionellen Einsatz, einschlie\u00dflich <strong data-start=\"2626\" data-end=\"2666\">Polizei, Milit\u00e4r und Rettungsdienste<\/strong> .<\/p>\n<p data-start=\"2671\" data-end=\"2840\">\u2705 <strong data-start=\"2673\" data-end=\"2695\">Sammlerst\u00fcck<\/strong><br data-start=\"2695\" data-end=\"2698\"> Die exklusive Fertigung und die begrenzte Verf\u00fcgbarkeit machen es zu einem begehrten Sammlerst\u00fcck. <strong data-start=\"2785\" data-end=\"2837\">Es ist nicht allgemein erh\u00e4ltlich, was seinen Wert zus\u00e4tzlich steigert<\/strong> .<\/p>\n<p data-start=\"2842\" data-end=\"3002\">\u2705 <strong data-start=\"2844\" data-end=\"2871\">Alltagstauglichkeit (EDC)<\/strong><br data-start=\"2871\" data-end=\"2874\"> Kompakte Abmessungen, geringes Gewicht und Verschlei\u00dffestigkeit machen dieses Messer <strong data-start=\"2957\" data-end=\"2999\">zur perfekten Wahl f\u00fcr den t\u00e4glichen Gebrauch<\/strong> .<\/p>\n<p data-start=\"3004\" data-end=\"3152\">\u2705 <strong data-start=\"3006\" data-end=\"3029\">Outdoor und Camping<\/strong><br data-start=\"3029\" data-end=\"3032\"> Die solide Konstruktion und die hohe Haltbarkeit der Materialien erm\u00f6glichen den Einsatz bei <strong data-start=\"3098\" data-end=\"3149\">Outdoor-Aktivit\u00e4ten, Bushcraft und Camping<\/strong> .<\/p>\n<hr data-start=\"3154\" data-end=\"3157\">\n<h2 data-start=\"3159\" data-end=\"3188\"><strong data-start=\"3162\" data-end=\"3186\">\ud83d\udee0 Wartung und Schleifen<\/strong><\/h2>\n<p data-start=\"3190\" data-end=\"3449\">\ud83e\uddfc <strong data-start=\"3193\" data-end=\"3204\">Wartung:<\/strong><br data-start=\"3204\" data-end=\"3207\"> \u2714\ufe0f Wischen Sie die Klinge nach jedem Gebrauch mit einem trockenen oder leicht feuchten Tuch ab.<br data-start=\"3275\" data-end=\"3278\"> \u2714\ufe0f Tragen Sie eine d\u00fcnne \u00d6lschicht auf, um vor Korrosion zu sch\u00fctzen.<br data-start=\"3334\" data-end=\"3337\"> \u2714\ufe0f An einem trockenen Ort und vor extremer Luftfeuchtigkeit gesch\u00fctzt lagern.<br data-start=\"3389\" data-end=\"3392\"> \u2714\ufe0f Schmieren Sie den Mechanismus regelm\u00e4\u00dfig, um einen reibungslosen Betrieb zu gew\u00e4hrleisten.<\/p>\n<p data-start=\"3451\" data-end=\"3657\">\ud83d\udd2a <strong data-start=\"3454\" data-end=\"3467\">Schleifen:<\/strong><br data-start=\"3467\" data-end=\"3470\"> \u2714\ufe0f Verwenden Sie Diamant- oder Keramiksch\u00e4rfer f\u00fcr die beste Schneide.<br data-start=\"3537\" data-end=\"3540\"> \u2714\ufe0f Empfohlener Schleifwinkel: <strong data-start=\"3569\" data-end=\"3580\">20\u00b0\u201325\u00b0<\/strong> f\u00fcr maximale Schneidleistung.<br data-start=\"3607\" data-end=\"3610\"> \u2714\ufe0f Sch\u00e4rfe durch regelm\u00e4\u00dfiges Wechseln erhalten.<\/p>\n<hr data-start=\"3659\" data-end=\"3662\">\n<h2 data-start=\"3664\" data-end=\"3693\"><strong data-start=\"3667\" data-end=\"3691\">\ud83d\udc4d Vor- und Nachteile<\/strong><\/h2>\n<p data-start=\"3695\" data-end=\"4095\">\u2705 <strong data-start=\"3697\" data-end=\"3730\">Langlebiger Atlas-Schlie\u00dfmechanismus<\/strong> \u2013 ein extrem sicheres und zuverl\u00e4ssiges Schlie\u00dfsystem.<br data-start=\"3777\" data-end=\"3780\"> \u2705 <strong data-start=\"3782\" data-end=\"3811\">Hochwertiger M390-Stahl<\/strong> \u2013 langanhaltende Sch\u00e4rfe und extreme Festigkeit.<br data-start=\"3856\" data-end=\"3859\"> \u2705 <strong data-start=\"3861\" data-end=\"3884\">Ergonomischer Griff<\/strong> \u2013 liegt angenehm in der Hand und ist leicht.<br data-start=\"3920\" data-end=\"3923\"> \u2705 <strong data-start=\"3925\" data-end=\"3940\">Exklusivit\u00e4t<\/strong> \u2013 dieses Modell <strong data-start=\"3955\" data-end=\"3978\">ist nicht allgemein erh\u00e4ltlich<\/strong> , was seinen Wert erh\u00f6ht.<br data-start=\"4005\" data-end=\"4008\"> \u2705 <strong data-start=\"4010\" data-end=\"4039\">Schnelles und einfaches \u00d6ffnen<\/strong> \u2013 Einhandbedienung dank des praktischen Stifts an der Klinge.<\/p>\n<p data-start=\"4097\" data-end=\"4240\">\u274c <strong data-start=\"4099\" data-end=\"4113\">H\u00f6herer Preis<\/strong> \u2013 entspricht der Qualit\u00e4t der verwendeten Materialien und der pr\u00e4zisen Verarbeitung.<br data-start=\"4177\" data-end=\"4180\"> \u274c <strong data-start=\"4182\" data-end=\"4197\">Ohne Scheide<\/strong> \u2013 das Messer ist nicht in der Schutzh\u00fclle enthalten.<\/p>\n<hr data-start=\"4242\" data-end=\"4245\">\n<h2 data-start=\"4247\" data-end=\"4264\"><strong data-start=\"4250\" data-end=\"4262\">\ud83d\udd1a Fazit<\/strong><\/h2>\n<p data-start=\"4266\" data-end=\"4556\"><strong data-start=\"4266\" data-end=\"4307\">Das Microtech MSI Stonewashed 210T-10PMBK<\/strong> ist ein au\u00dfergew\u00f6hnliches Klappmesser, das sich durch pr\u00e4zise Verarbeitung, hochwertige Materialien und einen sicheren Mechanismus auszeichnet. Dank seiner <strong data-start=\"4432\" data-end=\"4489\">universellen Gr\u00f6\u00dfe, hohen Langlebigkeit und Exklusivit\u00e4t<\/strong> ist es eine hervorragende Wahl f\u00fcr Sammler, Profis und den t\u00e4glichen Gebrauch. <\/p>\n<p data-start=\"4558\" data-end=\"4692\">Dieses Modell <strong data-start=\"4570\" data-end=\"4592\">ist nicht allgemein erh\u00e4ltlich<\/strong> , was es zu <strong data-start=\"4609\" data-end=\"4628\">einem einzigartigen St\u00fcck<\/strong> f\u00fcr alle macht, die nicht nur ein praktisches, sondern auch ein exklusives Messer suchen.<\/p>\n<p data-start=\"4694\" data-end=\"4844\">\ud83d\udd12 <strong data-start=\"4697\" data-end=\"4717\">Lebenslange Garantie<\/strong> &#8211; Beweis f\u00fcr Qualit\u00e4t und Langlebigkeit.<br data-start=\"4746\" data-end=\"4749\"> \ud83d\ude9a <strong data-start=\"4752\" data-end=\"4770\">Kostenloser Versand<\/strong> \u2013 jetzt bestellen und dieses einzigartige Modell ohne Umschweife sichern!<\/p>\n<p data-start=\"4846\" data-end=\"4920\">\ud83d\uded2 <strong data-start=\"4849\" data-end=\"4918\">Bestellen Sie jetzt und erweitern Sie Ihre Sammlung um dieses exklusive Messer!<\/strong><\/p>\n<p><iframe title=\"Microtech Combat Troodon Torture Test\" width=\"800\" height=\"450\" src=\"https:\/\/www.youtube.com\/embed\/xE9TeOFYEjg?feature=oembed\" frameborder=\"0\" allow=\"accelerometer; autoplay; clipboard-write; encrypted-media; gyroscope; picture-in-picture; web-share\" referrerpolicy=\"strict-origin-when-cross-origin\" allowfullscreen><\/iframe><\/p>\n<p>&nbsp;<\/p>\n","protected":false},"excerpt":{"rendered":"<p><strong>Das Microtech MSI Stonewashed 210T-10PMBK ist ein au\u00dfergew\u00f6hnliches Klappmesser, das sich durch pr\u00e4zise Verarbeitung, hochwertige Materialien und einen sicheren Mechanismus auszeichnet. Dank seiner universellen Gr\u00f6\u00dfe, hohen Langlebigkeit und Exklusivit\u00e4t ist es eine hervorragende Wahl f\u00fcr Sammler, Profis und den t\u00e4glichen Gebrauch. <\/strong><\/p>\n<p><strong>\ud83d\udce6 Jetzt bestellen und versandkostenfrei erhalten \ud83d\ude9a<\/strong><\/p>\n","protected":false},"featured_media":359923,"comment_status":"open","ping_status":"closed","template":"","meta":[],"pwb-brand":[3278],"product_brand":[],"product_cat":[3303,3285],"product_tag":[],"class_list":{"0":"post-426762","1":"product","2":"type-product","3":"status-publish","4":"has-post-thumbnail","6":"pwb-brand-microtech-de","7":"product_cat-schliesmesser","8":"product_cat-messer","10":"first","11":"outofstock","12":"taxable","13":"shipping-taxable","14":"purchasable","15":"product-type-simple"},"brands":[{"id":3278,"name":"Microtech","slug":"microtech-de"}],"_links":{"self":[{"href":"https:\/\/www.moskito.cz\/de\/wp-json\/wp\/v2\/product\/426762","targetHints":{"allow":["GET"]}}],"collection":[{"href":"https:\/\/www.moskito.cz\/de\/wp-json\/wp\/v2\/product"}],"about":[{"href":"https:\/\/www.moskito.cz\/de\/wp-json\/wp\/v2\/types\/product"}],"replies":[{"embeddable":true,"href":"https:\/\/www.moskito.cz\/de\/wp-json\/wp\/v2\/comments?post=426762"}],"wp:featuredmedia":[{"embeddable":true,"href":"https:\/\/www.moskito.cz\/de\/wp-json\/wp\/v2\/media\/359923"}],"wp:attachment":[{"href":"https:\/\/www.moskito.cz\/de\/wp-json\/wp\/v2\/media?parent=426762"}],"wp:term":[{"taxonomy":"pwb-brand","embeddable":true,"href":"https:\/\/www.moskito.cz\/de\/wp-json\/wp\/v2\/pwb-brand?post=426762"},{"taxonomy":"product_brand","embeddable":true,"href":"https:\/\/www.moskito.cz\/de\/wp-json\/wp\/v2\/product_brand?post=426762"},{"taxonomy":"product_cat","embeddable":true,"href":"https:\/\/www.moskito.cz\/de\/wp-json\/wp\/v2\/product_cat?post=426762"},{"taxonomy":"product_tag","embeddable":true,"href":"https:\/\/www.moskito.cz\/de\/wp-json\/wp\/v2\/product_tag?post=426762"}],"curies":[{"name":"wp","href":"https:\/\/api.w.org\/{rel}","templated":true}]}}