{"id":428895,"date":"2022-12-15T22:22:26","date_gmt":"2022-12-15T21:22:26","guid":{"rendered":"https:\/\/www.moskito.cz\/produkt\/cobratec-medium-yellow-graphite-black-ctk-1-drop-throwing-knife\/"},"modified":"2025-11-25T09:32:21","modified_gmt":"2025-11-25T08:32:21","slug":"cobratec-medium-yellow-graphite-black-ctk-1-drop-throwing-knife","status":"publish","type":"product","link":"https:\/\/www.moskito.cz\/de\/produkt\/cobratec-medium-yellow-graphite-black-ctk-1-drop-throwing-knife\/","title":{"rendered":"CobraTec Medium Yellow Graphite Black CTK-1 Drop Throwing Knife"},"content":{"rendered":"<p><strong>CobraTec<\/strong> Medium Yellow Graphite Black CTK-1 Drop.<\/p>\n<p>Unser mittelgro\u00dfes CTK-1 Cerakote\u00ae Yellow mit Graphitschwarz verf\u00fcgt \u00fcber einen hochwertigen Griff aus Aluminiumlegierung und eine Klinge aus D2-Stahl. Die Cerakote-Keramikbeschichtung erh\u00f6ht die Abrieb-, Verschlei\u00df-, Korrosions- und Chemikalienbest\u00e4ndigkeit des Griffs. <\/p>\n<p>Alle Messer sind Double-Action-Messer (das Ausfahren und Einfahren der Klinge wird durch Dr\u00fccken oder Ziehen desselben Steuerschalters gesteuert).<\/p>\n<p>Dieses Messer verf\u00fcgt \u00fcber einen Taschenclip, einen Notfall-Glasbrecher und wird mit einer Nylonscheide geliefert. Alle CobraTec-Messer sind durch unsere lebenslange Garantie abgedeckt. <\/p>\n<p>Marke: CobraTec<br \/>\n Gesamtl\u00e4nge: 20,30 cm<br \/>\n Klingenl\u00e4nge: 7,00 cm<br \/>\n Gewicht: 191,00 g<br \/>\n Klingenmaterial: D2<br \/>\n Griffmaterial: Aluminium<br \/>\n \u00d6ffnen: Dr\u00fccken Sie den Knopf<br \/>\n \u00d6ffnung: Automatisch<br \/>\n Verriegelungstyp: OTF<br \/>\n Farbe: Schwarz<br \/>\n Klingenfarbe: Unbeschichtet<\/p>\n<p><iframe title=\"CobraTec Medium CTK 1\" width=\"800\" height=\"450\" src=\"https:\/\/www.youtube.com\/embed\/fl-Lz9Hgy7o?feature=oembed\" frameborder=\"0\" allow=\"accelerometer; autoplay; clipboard-write; encrypted-media; gyroscope; picture-in-picture; web-share\" referrerpolicy=\"strict-origin-when-cross-origin\" allowfullscreen><\/iframe><\/p>\n<p>&nbsp;<\/p>\n","protected":false},"excerpt":{"rendered":"<p>F\u00fcr jedes Messer <strong>von CobraTec\u00ae<\/strong> gilt eine lebenslange Garantie.<\/p>\n<p> <strong>Kostenloser Versand.<\/strong><\/p>\n","protected":false},"featured_media":428897,"comment_status":"open","ping_status":"closed","template":"","meta":[],"pwb-brand":[3937],"product_brand":[],"product_cat":[3343,3285],"product_tag":[],"class_list":{"0":"post-428895","1":"product","2":"type-product","3":"status-publish","4":"has-post-thumbnail","6":"pwb-brand-cobratec","7":"product_cat-schiesmesser","8":"product_cat-messer","10":"first","11":"outofstock","12":"taxable","13":"shipping-taxable","14":"purchasable","15":"product-type-simple"},"brands":[{"id":3937,"name":"CobraTec","slug":"cobratec"}],"_links":{"self":[{"href":"https:\/\/www.moskito.cz\/de\/wp-json\/wp\/v2\/product\/428895","targetHints":{"allow":["GET"]}}],"collection":[{"href":"https:\/\/www.moskito.cz\/de\/wp-json\/wp\/v2\/product"}],"about":[{"href":"https:\/\/www.moskito.cz\/de\/wp-json\/wp\/v2\/types\/product"}],"replies":[{"embeddable":true,"href":"https:\/\/www.moskito.cz\/de\/wp-json\/wp\/v2\/comments?post=428895"}],"wp:featuredmedia":[{"embeddable":true,"href":"https:\/\/www.moskito.cz\/de\/wp-json\/wp\/v2\/media\/428897"}],"wp:attachment":[{"href":"https:\/\/www.moskito.cz\/de\/wp-json\/wp\/v2\/media?parent=428895"}],"wp:term":[{"taxonomy":"pwb-brand","embeddable":true,"href":"https:\/\/www.moskito.cz\/de\/wp-json\/wp\/v2\/pwb-brand?post=428895"},{"taxonomy":"product_brand","embeddable":true,"href":"https:\/\/www.moskito.cz\/de\/wp-json\/wp\/v2\/product_brand?post=428895"},{"taxonomy":"product_cat","embeddable":true,"href":"https:\/\/www.moskito.cz\/de\/wp-json\/wp\/v2\/product_cat?post=428895"},{"taxonomy":"product_tag","embeddable":true,"href":"https:\/\/www.moskito.cz\/de\/wp-json\/wp\/v2\/product_tag?post=428895"}],"curies":[{"name":"wp","href":"https:\/\/api.w.org\/{rel}","templated":true}]}}