{"id":428923,"date":"2024-07-19T14:15:00","date_gmt":"2024-07-19T13:15:00","guid":{"rendered":"https:\/\/www.moskito.cz\/produkt\/feststehendes-messer-muela-albar-18h\/"},"modified":"2025-11-25T13:58:17","modified_gmt":"2025-11-25T12:58:17","slug":"feststehendes-messer-muela-albar-18h","status":"publish","type":"product","link":"https:\/\/www.moskito.cz\/de\/produkt\/feststehendes-messer-muela-albar-18h\/","title":{"rendered":"Feststehendes Messer Muela ALBAR-18H"},"content":{"rendered":"<p>Feststehendes Messer <strong>Muela<\/strong> ALBAR-18H.<\/p>\n<p>Das Muela Albar-18H Sportmesser ist ein Messer aus der Grillmesser-Linie, das vor allem f\u00fcr Messerliebhaber konzipiert wurde, die Messer mit hochwertigen Materialien wie beispielsweise Hirschgeweih im Griff sch\u00e4tzen.<\/p>\n<p>Mehr als nur ein Werkzeug zum Fleischschneiden: Ein gutes Grillmesser ist unerl\u00e4sslich f\u00fcr pr\u00e4zise Schnitte, die die Textur und Zartheit des Fleisches beeinflussen. Viele Faktoren, wie das Material von Klinge und Griff, wirken sich auf die Schneidleistung aus. Das Muela Albar-18H mit einer Klingenl\u00e4nge von 180 mm und einer Griffl\u00e4nge von 125 mm eignet sich hervorragend f\u00fcr die Zubereitung verschiedenster Fleischsorten.  <\/p>\n<p>Der Griff des Sportmessers Muela Albar-18H besteht aus Hirschgeweih, einem unglaublich detailreichen und gleichzeitig robusten Material. Da das Geweih im Winter abf\u00e4llt und im Fr\u00fchjahr nachw\u00e4chst, ist die Verwendung dieses Materials, das seit Langem f\u00fcr die Herstellung von Handmessern eingesetzt wird, v\u00f6llig tierfreundlich. <\/p>\n<p>Seine Klinge besteht aus X50CrMoV15 \u201eMOVA\u201c (1.4116), einem klassischen Muela-Messermaterial, das eine hervorragende Kombination aus Molybd\u00e4n und Vanadium darstellt und einen Stahl mit ausgezeichneter H\u00e4rte und Korrosionsbest\u00e4ndigkeit bildet. Die Klinge hat eine Fehlsch\u00e4rfe, eine abgerundete Schneide und einen doppelten Handschutz. Sie wird mit einer Lederscheide geliefert. <\/p>\n<p>Messer geeignet f\u00fcr: J\u00e4ger, J\u00e4gerinnen<\/p>\n<p>Messerkonstruktion: feststehende Klinge<\/p>\n<p>Klingenform: Bowie<\/p>\n<p>Klingenfarbe: klassisches Silber<\/p>\n<p>Griff: Geweih<\/p>\n<p>Klingenl\u00e4nge: 18 cm<\/p>\n<p>Griffl\u00e4nge (cm): 12,5 cm<\/p>\n<p>Gesamtl\u00e4nge (cm): 30,5<\/p>\n<p>Messergewicht (g): 250<\/p>\n<p>Stahlh\u00e4rte:<\/p>\n<p>58 &#8211; 60 HRC<\/p>\n<p>&nbsp;<\/p>\n<p>&nbsp;<\/p>\n<p>&nbsp;<\/p>\n","protected":false},"excerpt":{"rendered":"<p><strong>Das Muela Albar-18H Sportmesser ist ein Messer aus der Grillmesser-Linie, das vor allem f\u00fcr Messerliebhaber konzipiert wurde, die Messer mit hochwertigen Materialien wie beispielsweise Hirschgeweih im Griff sch\u00e4tzen.<\/strong><\/p>\n","protected":false},"featured_media":353794,"comment_status":"open","ping_status":"closed","template":"","meta":[],"pwb-brand":[3914],"product_brand":[],"product_cat":[3287,3285],"product_tag":[],"class_list":{"0":"post-428923","1":"product","2":"type-product","3":"status-publish","4":"has-post-thumbnail","6":"pwb-brand-sie-musste","7":"product_cat-solide-messer","8":"product_cat-messer","10":"first","11":"outofstock","12":"taxable","13":"shipping-taxable","14":"purchasable","15":"product-type-simple"},"brands":[{"id":3914,"name":"Sie musste","slug":"sie-musste"}],"_links":{"self":[{"href":"https:\/\/www.moskito.cz\/de\/wp-json\/wp\/v2\/product\/428923","targetHints":{"allow":["GET"]}}],"collection":[{"href":"https:\/\/www.moskito.cz\/de\/wp-json\/wp\/v2\/product"}],"about":[{"href":"https:\/\/www.moskito.cz\/de\/wp-json\/wp\/v2\/types\/product"}],"replies":[{"embeddable":true,"href":"https:\/\/www.moskito.cz\/de\/wp-json\/wp\/v2\/comments?post=428923"}],"wp:featuredmedia":[{"embeddable":true,"href":"https:\/\/www.moskito.cz\/de\/wp-json\/wp\/v2\/media\/353794"}],"wp:attachment":[{"href":"https:\/\/www.moskito.cz\/de\/wp-json\/wp\/v2\/media?parent=428923"}],"wp:term":[{"taxonomy":"pwb-brand","embeddable":true,"href":"https:\/\/www.moskito.cz\/de\/wp-json\/wp\/v2\/pwb-brand?post=428923"},{"taxonomy":"product_brand","embeddable":true,"href":"https:\/\/www.moskito.cz\/de\/wp-json\/wp\/v2\/product_brand?post=428923"},{"taxonomy":"product_cat","embeddable":true,"href":"https:\/\/www.moskito.cz\/de\/wp-json\/wp\/v2\/product_cat?post=428923"},{"taxonomy":"product_tag","embeddable":true,"href":"https:\/\/www.moskito.cz\/de\/wp-json\/wp\/v2\/product_tag?post=428923"}],"curies":[{"name":"wp","href":"https:\/\/api.w.org\/{rel}","templated":true}]}}