{"id":429010,"date":"2022-02-23T21:22:21","date_gmt":"2022-02-23T20:22:21","guid":{"rendered":"https:\/\/www.moskito.cz\/produkt\/klappmesser-giantmouse-ace-sonoma-ti-satin\/"},"modified":"2025-11-26T11:41:17","modified_gmt":"2025-11-26T10:41:17","slug":"klappmesser-giantmouse-ace-sonoma-ti-satin","status":"publish","type":"product","link":"https:\/\/www.moskito.cz\/de\/produkt\/klappmesser-giantmouse-ace-sonoma-ti-satin\/","title":{"rendered":"Klappmesser GiantMouse ACE SONOMA &#8211; TI SATIN"},"content":{"rendered":"<p>Klappmesser <strong>GiantMouse<\/strong> ACE SONOMA &#8211; TI SATIN.<\/p>\n<p>DIE RICHTIGEN MESSER.\u00ae<\/p>\n<p>&#8220; <strong>Sonoma&#8220;<\/strong> ist das neueste Design unserer ACE-Messerlinie mit unbegrenzter Produktionsmenge. Wenn Sie Sonoma-Fotos auf Instagram oder Facebook gesehen haben, ist es nicht verwunderlich, dass wir uns zu diesem Modell gr\u00f6\u00dftenteils von der GiantMouse GM3 inspirieren lie\u00dfen, einem eleganten Herren-Faltmesser, das 2017 bei unseren Kunden sehr gut ankam.<\/p>\n<p>Obwohl das Sonoma Teil unserer ACE-Linie ist, haben wir uns entschieden, bei dieser ersten Version unseres neuesten Herstellers, Reate Knives, alles zu geben. Wir haben es mit einer skelettierten Schlie\u00dfe aus gefr\u00e4stem Titan anstelle der Standard-Drahtschlie\u00dfe der ACE-Serie sowie mit eloxierten Titan-Drehh\u00fclsen und einem Backspacer entworfen, \u00e4hnlich wie bei den limitierten Messern der GM-Serie. Zur Markteinf\u00fchrung werden zwei Versionen des Sonoma erh\u00e4ltlich sein \u2013 eine aus Steintitan mit satiniertem Finish und eine aus PVD-Titan mit einer feinen Steinklinge.<\/p>\n<p>Im Mai 2021 haben wir den Deep Pocket Carry Clip f\u00fcr das Titanium Sonoma auf den Markt gebracht. Ab sofort wird jeder verkaufte Titanium Sonoma Clip diesen Clip als Zubeh\u00f6r enthalten, sodass Sie den gefr\u00e4sten Titanclip bei Bedarf gegen einen Deep Pocket Clip austauschen k\u00f6nnen.<\/p>\n<p>Unsere Entscheidung, diesen Ordner zu benennen, ist eine Anspielung auf Sonoma County, das n\u00f6rdlich des urspr\u00fcnglichen Hauptsitzes von GiantMouse in Marin County, Kalifornien, liegt. Sonoma ist f\u00fcr seine landschaftliche Sch\u00f6nheit bekannt \u2013 sanfte H\u00fcgel und T\u00e4ler, Hektar um Hektar Weinberge und mehr als 250 Weing\u00fcter. Mit einer verf\u00fchrerischen Landschaft sowie fantastischem Essen und Wein, die nie enden, ist Sonoma der perfekte Ort f\u00fcr das GiantMouse-Team, um seiner Kreativit\u00e4t freien Lauf zu lassen.<\/p>\n<p>SPEZIFIKATIONEN<\/p>\n<p>Materialien:<br \/>\n Klingenstahl: B\u00f6hler M390 MICROCLEAN Edelstahl. Satinierte Oberfl\u00e4che.<br \/>\n Griff: Titan &#8211; Stonewashed.<br \/>\n Clip: Gefr\u00e4stes Titan.<br \/>\n Drehmechanismus: Kugellager.<br \/>\n Verriegelungsmechanismus: Rahmenverriegelung. <\/p>\n<p>Abmessungen:<br \/>\n Klingenl\u00e4nge: 3,4 Zoll (87,3 mm) \u2013 gemessen von der Spitze bis zur Vorderseite des Rahmens<br \/>\n Klingenst\u00e4rke: 0,138&#8243; (3,5 mm)<br \/>\n Griffl\u00e4nge: 4,5 Zoll (114,3 mm)<br \/>\n Gesamtl\u00e4nge: 8 Zoll (203,2 mm)<br \/>\n Gewicht: 3,7 oz (105 g)<\/p>\n","protected":false},"excerpt":{"rendered":"<p>Die Idee zu <strong>GiantMouse<\/strong> entstand eines Abends bei einem Drink auf der American Knife Show 2015. Die d\u00e4nischen Designer\/Messer Jens Ans\u00f8 und Jesper Voxnaes (Vox) beschlossen gemeinsam mit ihrem amerikanischen Unternehmerfreund Jim Wirth, dass sie eine bessere Mausefalle bauen k\u00f6nnten. sprechen. Eine Messermarke, die es schafft, erstaunliche Messerdesigns mit h\u00f6chstm\u00f6glicher Verarbeitungsqualit\u00e4t zu einem fairen Preis anzubieten und dabei eng mit ihrer Kundengemeinschaft verbunden zu bleiben.<\/p>\n<p><strong>Kostenloser Versand.<\/strong><\/p>\n","protected":false},"featured_media":429011,"comment_status":"open","ping_status":"closed","template":"","meta":[],"pwb-brand":[3803],"product_brand":[],"product_cat":[3303,3285],"product_tag":[],"class_list":{"0":"post-429010","1":"product","2":"type-product","3":"status-publish","4":"has-post-thumbnail","6":"pwb-brand-giantmouse-de","7":"product_cat-schliesmesser","8":"product_cat-messer","10":"first","11":"instock","12":"taxable","13":"shipping-taxable","14":"purchasable","15":"product-type-simple"},"brands":[{"id":3803,"name":"GiantMouse","slug":"giantmouse-de"}],"_links":{"self":[{"href":"https:\/\/www.moskito.cz\/de\/wp-json\/wp\/v2\/product\/429010","targetHints":{"allow":["GET"]}}],"collection":[{"href":"https:\/\/www.moskito.cz\/de\/wp-json\/wp\/v2\/product"}],"about":[{"href":"https:\/\/www.moskito.cz\/de\/wp-json\/wp\/v2\/types\/product"}],"replies":[{"embeddable":true,"href":"https:\/\/www.moskito.cz\/de\/wp-json\/wp\/v2\/comments?post=429010"}],"wp:featuredmedia":[{"embeddable":true,"href":"https:\/\/www.moskito.cz\/de\/wp-json\/wp\/v2\/media\/429011"}],"wp:attachment":[{"href":"https:\/\/www.moskito.cz\/de\/wp-json\/wp\/v2\/media?parent=429010"}],"wp:term":[{"taxonomy":"pwb-brand","embeddable":true,"href":"https:\/\/www.moskito.cz\/de\/wp-json\/wp\/v2\/pwb-brand?post=429010"},{"taxonomy":"product_brand","embeddable":true,"href":"https:\/\/www.moskito.cz\/de\/wp-json\/wp\/v2\/product_brand?post=429010"},{"taxonomy":"product_cat","embeddable":true,"href":"https:\/\/www.moskito.cz\/de\/wp-json\/wp\/v2\/product_cat?post=429010"},{"taxonomy":"product_tag","embeddable":true,"href":"https:\/\/www.moskito.cz\/de\/wp-json\/wp\/v2\/product_tag?post=429010"}],"curies":[{"name":"wp","href":"https:\/\/api.w.org\/{rel}","templated":true}]}}