{"id":429045,"date":"2024-11-18T23:21:42","date_gmt":"2024-11-18T22:21:42","guid":{"rendered":"https:\/\/www.moskito.cz\/produkt\/benchmade-mini-bugout-klappmesser-533bk-2\/"},"modified":"2025-11-26T14:21:51","modified_gmt":"2025-11-26T13:21:51","slug":"benchmade-mini-bugout-klappmesser-533bk-2","status":"publish","type":"product","link":"https:\/\/www.moskito.cz\/de\/produkt\/benchmade-mini-bugout-klappmesser-533bk-2\/","title":{"rendered":"Benchmade Mini Bugout Klappmesser 533BK-2"},"content":{"rendered":"<p><strong>Benchmade<\/strong> Mini Bugout 533BK-2 Klappmesser.<\/p>\n<p>Lassen Sie sich nicht von der Gr\u00f6\u00dfe t\u00e4uschen: Das 533BK-2 Mini Bugout beweist, dass auch kleinere Werkzeuge ordentlich Power haben. Dieses minimalistische Messer besticht durch sein ultraleichtes Design, seine pr\u00e4zise Verarbeitung und die gewohnte Benchmade-Qualit\u00e4t. <\/p>\n<p>Hauptmerkmale:<br \/>\n Leichtigkeit und Tragbarkeit:<\/p>\n<p>Mit einem Gewicht von nur 42,52 g (1,50 oz.) ist sie angenehm jeden Tag zu tragen.<br \/>\n Die kompakten Abmessungen (9,41 cm im geschlossenen Zustand) erleichtern die Aufbewahrung und Handhabung.<br \/>\n Langlebigkeit und Leistung:<\/p>\n<p>Klingenmaterial: CPM-S30V-Edelstahl ist bekannt f\u00fcr seine hervorragende Verschlei\u00df- und Korrosionsbest\u00e4ndigkeit sowie seine ausgezeichnete Sch\u00e4rfeerhaltung.<br \/>\n Oberfl\u00e4chenbehandlung: Schwarzes Cerakote verbessert die Kratzfestigkeit und sorgt f\u00fcr ein mattes Finish.<br \/>\n Design :<\/p>\n<p>Der CF-Elite-Griff bietet eine Kombination aus St\u00e4rke und extrem niedrigem Gewicht.<br \/>\n Die Drop-Point-Klingenform gew\u00e4hrleistet Vielseitigkeit und Effizienz bei verschiedenen Schneidarbeiten.<br \/>\n Anpassungsf\u00e4higkeit:<\/p>\n<p>Der schwarz oxidierte Edelstahl-Taschenclip ist beidseitig verwendbar und hochklappbar, wodurch er sich ideal f\u00fcr Rechts- und Linksh\u00e4nder eignet.<br \/>\nDer AXIS-Verriegelungsmechanismus erm\u00f6glicht eine sichere, schnelle und einfache Einhandbedienung.<br \/>\nTechnische Spezifikationen:<br \/>\nSpezifikationswert<br \/>\nKlingenl\u00e4nge 7,16 cm<br \/>\nKlingenst\u00e4rke 2,286 mm<br \/>\nKlingenmaterial: Edelstahl CPM-S30V<br \/>\nKlingenh\u00e4rte 58-60 HRC<br \/>\nStilvolle Drop-Point-Klinge<br \/>\nGriffst\u00e4rke 10,46 mm<br \/>\nGesamtl\u00e4nge 16,48 cm<br \/>\nGeschlossene Messerl\u00e4nge 9,41 cm<br \/>\nGewicht 42,52 g<br \/>\n Blaue Klasse<br \/>\n Herkunft: Hergestellt in den USA<br \/>\n Zusammenfassung<br \/>\n Das Benchmade 533BK-2 Mini Bugout ist das ideale Messer f\u00fcr alle, die ein leichtes, zuverl\u00e4ssiges und funktionales Werkzeug f\u00fcr den t\u00e4glichen Gebrauch suchen. Seine kompakte Gr\u00f6\u00dfe schr\u00e4nkt seine Leistungsf\u00e4higkeit nicht ein und macht es zur perfekten Wahl f\u00fcr Outdoor-Fans und Alltagsnutzer. Schlichtheit, Eleganz und Praktikabilit\u00e4t \u2013 das ist das Mini Bugout.  <\/p>\n","protected":false},"excerpt":{"rendered":"<p>Das Benchmade 533BK-2 Mini Bugout ist das ideale Messer f\u00fcr alle, die ein leichtes, zuverl\u00e4ssiges und funktionales Werkzeug f\u00fcr den t\u00e4glichen Gebrauch suchen. Seine kompakte Gr\u00f6\u00dfe schr\u00e4nkt seine Leistungsf\u00e4higkeit in keiner Weise ein und macht es zu einer ausgezeichneten Wahl f\u00fcr Outdoor-Fans und Alltagsnutzer gleicherma\u00dfen. <\/p>\n<p>Kostenloser Versand.<\/p>\n","protected":false},"featured_media":373799,"comment_status":"open","ping_status":"closed","template":"","meta":[],"pwb-brand":[3977],"product_brand":[],"product_cat":[3303,3285],"product_tag":[],"class_list":{"0":"post-429045","1":"product","2":"type-product","3":"status-publish","4":"has-post-thumbnail","6":"pwb-brand-benchmade-de","7":"product_cat-schliesmesser","8":"product_cat-messer","10":"first","11":"outofstock","12":"taxable","13":"shipping-taxable","14":"purchasable","15":"product-type-simple"},"brands":[{"id":3977,"name":"Benchmade","slug":"benchmade-de"}],"_links":{"self":[{"href":"https:\/\/www.moskito.cz\/de\/wp-json\/wp\/v2\/product\/429045","targetHints":{"allow":["GET"]}}],"collection":[{"href":"https:\/\/www.moskito.cz\/de\/wp-json\/wp\/v2\/product"}],"about":[{"href":"https:\/\/www.moskito.cz\/de\/wp-json\/wp\/v2\/types\/product"}],"replies":[{"embeddable":true,"href":"https:\/\/www.moskito.cz\/de\/wp-json\/wp\/v2\/comments?post=429045"}],"wp:featuredmedia":[{"embeddable":true,"href":"https:\/\/www.moskito.cz\/de\/wp-json\/wp\/v2\/media\/373799"}],"wp:attachment":[{"href":"https:\/\/www.moskito.cz\/de\/wp-json\/wp\/v2\/media?parent=429045"}],"wp:term":[{"taxonomy":"pwb-brand","embeddable":true,"href":"https:\/\/www.moskito.cz\/de\/wp-json\/wp\/v2\/pwb-brand?post=429045"},{"taxonomy":"product_brand","embeddable":true,"href":"https:\/\/www.moskito.cz\/de\/wp-json\/wp\/v2\/product_brand?post=429045"},{"taxonomy":"product_cat","embeddable":true,"href":"https:\/\/www.moskito.cz\/de\/wp-json\/wp\/v2\/product_cat?post=429045"},{"taxonomy":"product_tag","embeddable":true,"href":"https:\/\/www.moskito.cz\/de\/wp-json\/wp\/v2\/product_tag?post=429045"}],"curies":[{"name":"wp","href":"https:\/\/api.w.org\/{rel}","templated":true}]}}