{"id":429265,"date":"2023-03-27T19:29:50","date_gmt":"2023-03-27T18:29:50","guid":{"rendered":"https:\/\/www.moskito.cz\/produkt\/schliessmesser-cold-steel-xl-voyager-vaquero-serrated-edge-aus10a\/"},"modified":"2025-12-04T10:12:07","modified_gmt":"2025-12-04T09:12:07","slug":"schliessmesser-cold-steel-xl-voyager-vaquero-serrated-edge-aus10a","status":"publish","type":"product","link":"https:\/\/www.moskito.cz\/de\/produkt\/schliessmesser-cold-steel-xl-voyager-vaquero-serrated-edge-aus10a\/","title":{"rendered":"Schlie\u00dfmesser Cold Steel XL VOYAGER VAQUERO SERRATED EDGE (AUS10A)"},"content":{"rendered":"<p>Schlie\u00dfmesser <strong>Cold Steel<\/strong> XL VOYAGER VAQUERO SERRATED EDGE (AUS10A)<\/p>\n<p>Die <strong>Cold Steel Voyager<\/strong> Linie ist ein echtes Messer f\u00fcr jedermann. Leicht, komfortabel, superscharf, robust, zuverl\u00e4ssig und perfekt f\u00fcr die Jagd und das Camping sowie f\u00fcr den t\u00e4glichen Gebrauch und das t\u00e4gliche Schneiden. Voyager eignen sich hervorragend f\u00fcr viele \u00dcberlebens- und Rettungseins\u00e4tze und sind bei Polizei und Milit\u00e4r sehr beliebt, die die Kombination aus Schneidkraft und Sicherheit zu sch\u00e4tzen wissen, die sie bieten. Jedes Messer aus unserer umfangreichen Voyager-Linie wird mit h\u00f6chster Pr\u00e4zision gefertigt und unterliegt unseren h\u00f6chsten Standards. Ausgestattet mit AUS10A-Klingen und unserem Tri-Ad-Verriegelungsmechanismus &#8211; dem wahrscheinlich sichersten und schlagfestesten Verschluss auf dem heutigen Markt! Die ergonomischen Griv-Ex Voyagers Griffe (verst\u00e4rkt mit w\u00e4rmebehandelten 6061 Aluminiumeinlagen) bieten hohen Komfort und sicheren Halt, auch bei l\u00e4ngerem Gebrauch unter anspruchsvollen Bedingungen. <strong>Das Voyager<\/strong> ist in zwei Gr\u00f6\u00dfen und zahlreichen Klingen- und Schneidekonfigurationen erh\u00e4ltlich und bietet f\u00fcr jeden etwas.     <\/p>\n<p>Beschreibung:<\/p>\n<p>Klingenmaterial: AUS-10A<br \/>\nGriffmaterial: Griv-Ex<br \/>\nVerschluss: Tri-Ad-Verschluss<br \/>\nKlingenl\u00e4nge: 14 cm<br \/>\nGesamtl\u00e4nge: 31,1 cm<br \/>\nGriffl\u00e4nge: 17,1 cm<br \/>\nKlingenst\u00e4rke: 4 mm<br \/>\nGewicht: 204 g<br \/>\nVerwendung: Camping, Taktisch, \u00dcberleben, Selbstverteidigung, EDC &#8211; allt\u00e4gliches Tragen<\/p>\n<p><iframe title=\"Cold Steel&#039;s Deadliest Weapons, Voyager Vaquero\" width=\"800\" height=\"450\" src=\"https:\/\/www.youtube.com\/embed\/k4XKffPD4ko?feature=oembed\" frameborder=\"0\" allow=\"accelerometer; autoplay; clipboard-write; encrypted-media; gyroscope; picture-in-picture; web-share\" referrerpolicy=\"strict-origin-when-cross-origin\" allowfullscreen><\/iframe><\/p>\n<p>&nbsp;<\/p>\n<p>&nbsp;<\/p>\n","protected":false},"excerpt":{"rendered":"<p><strong>Das Voyager Vaquero von Cold Steel ist ein Messer mit einer gezackten Klinge. Das Voyager Vaquero ist aufgrund seiner Gr\u00f6\u00dfe und Klingenform f\u00fcr den Kampfeinsatz bestimmt. Es verf\u00fcgt \u00fcber ausgezeichnete Hackeigenschaften.  <\/strong><\/p>\n","protected":false},"featured_media":429266,"comment_status":"open","ping_status":"closed","template":"","meta":[],"pwb-brand":[3602],"product_brand":[],"product_cat":[3303,3285],"product_tag":[3669],"class_list":{"0":"post-429265","1":"product","2":"type-product","3":"status-publish","4":"has-post-thumbnail","6":"pwb-brand-kalter-stahl","7":"product_cat-schliesmesser","8":"product_cat-messer","9":"product_tag-b2b-de","11":"first","12":"outofstock","13":"taxable","14":"shipping-taxable","15":"purchasable","16":"product-type-simple"},"brands":[{"id":3602,"name":"Kalter Stahl","slug":"kalter-stahl"}],"_links":{"self":[{"href":"https:\/\/www.moskito.cz\/de\/wp-json\/wp\/v2\/product\/429265","targetHints":{"allow":["GET"]}}],"collection":[{"href":"https:\/\/www.moskito.cz\/de\/wp-json\/wp\/v2\/product"}],"about":[{"href":"https:\/\/www.moskito.cz\/de\/wp-json\/wp\/v2\/types\/product"}],"replies":[{"embeddable":true,"href":"https:\/\/www.moskito.cz\/de\/wp-json\/wp\/v2\/comments?post=429265"}],"wp:featuredmedia":[{"embeddable":true,"href":"https:\/\/www.moskito.cz\/de\/wp-json\/wp\/v2\/media\/429266"}],"wp:attachment":[{"href":"https:\/\/www.moskito.cz\/de\/wp-json\/wp\/v2\/media?parent=429265"}],"wp:term":[{"taxonomy":"pwb-brand","embeddable":true,"href":"https:\/\/www.moskito.cz\/de\/wp-json\/wp\/v2\/pwb-brand?post=429265"},{"taxonomy":"product_brand","embeddable":true,"href":"https:\/\/www.moskito.cz\/de\/wp-json\/wp\/v2\/product_brand?post=429265"},{"taxonomy":"product_cat","embeddable":true,"href":"https:\/\/www.moskito.cz\/de\/wp-json\/wp\/v2\/product_cat?post=429265"},{"taxonomy":"product_tag","embeddable":true,"href":"https:\/\/www.moskito.cz\/de\/wp-json\/wp\/v2\/product_tag?post=429265"}],"curies":[{"name":"wp","href":"https:\/\/api.w.org\/{rel}","templated":true}]}}