{"id":429273,"date":"2022-04-18T19:43:55","date_gmt":"2022-04-18T18:43:55","guid":{"rendered":"https:\/\/www.moskito.cz\/produkt\/schliessmesser-cold-steel-large-espada-g-10-aus10a\/"},"modified":"2025-12-04T10:12:11","modified_gmt":"2025-12-04T09:12:11","slug":"schliessmesser-cold-steel-large-espada-g-10-aus10a","status":"publish","type":"product","link":"https:\/\/www.moskito.cz\/de\/produkt\/schliessmesser-cold-steel-large-espada-g-10-aus10a\/","title":{"rendered":"Schlie\u00dfmesser Cold Steel LARGE ESPADA G-10 (AUS10A)"},"content":{"rendered":"<p>Schlie\u00dfmesser <strong>Cold Steel<\/strong> LARGE ESPADA G-10 (AUS10A)<\/p>\n<p>Das G-10 Espada Large ist ein Messer f\u00fcr den t\u00e4glichen Gebrauch. Die Espada Produktlinie wurde von dem ber\u00fchmten Messermacher Andrew Demko und Cold Steel Pr\u00e4sident Lynn C. Thompson. Das Espada ist inspiriert von den legend\u00e4ren Espada Eroberungsschwertern. Die Klinge ist aus japanischem AUS 10A Stahl gefertigt.    Dieser martensitische Edelstahl verf\u00fcgt \u00fcber sehr gute Festigkeitseigenschaften und wird haupts\u00e4chlich als Werkstoff f\u00fcr Schneidwerkzeuge verwendet. Im Vergleich zu AUS 8A h\u00e4lt es die Klinge besser und ist abriebfester. Anschlie\u00dfend wurde der Stahl w\u00e4rmebehandelt, um die perfekte Balance zwischen Schnitthaltigkeit und einfachem Nachsch\u00e4rfen zu erreichen. Die DLC (Diamond Like Coating) Oberfl\u00e4chenbehandlung mit schwarzem Finish verhindert leichtes Verkratzen und macht das Messer resistent gegen Rost. Der Griff der Espada\u2122 Messer ist aus G-10 &#8211; Fiberglas gefertigt. Der Griff ist stark gew\u00f6lbt, hat eine grobe Textur und ist mit Fingerrillen versehen, damit Sie das Messer sicher und fest in der Hand halten k\u00f6nnen. Die gesamte Espada Linie verf\u00fcgt \u00fcber das einzigartige Cold Steel\u00ae Tri-Ad Lock\u2122 Patent.    Die Sperre verhindert, dass sich das Messer auch nach nat\u00fcrlicher Abnutzung im Laufe der Zeit automatisch oder unbeabsichtigt schlie\u00dft.<\/p>\n<p>PRODUKTPARAMETER<br \/>\nGesamtgr\u00f6\u00dfe : 311 mm<br \/>\nGriffl\u00e4nge : 171 mm<br \/>\nVerschlusstyp : Tri-Ad Lock<br \/>\nKlingenl\u00e4nge : 139 mm<br \/>\nStahl : Japanese AUS 10A Stainless mit DLC<br \/>\nGewicht : 246.64 g<br \/>\nScheidenmaterial : Stainless Pocket \/ Belt Clip<br \/>\nKlingenst\u00e4rke : 4 mm<\/p>\n<p>Unsere beliebte Espada Serie ist auch in einer schlanken, taktischen &#8222;Blackout&#8220; Edition erh\u00e4ltlich. Mit einer strapazierf\u00e4higen stonewashed Klinge und G-10 Griffschalen in Schwarz, OD Green oder Flat Dark Earth. <\/p>\n<p>Gewicht: 9.2oz Klingenst\u00e4rke: 3.7mm Klingenl\u00e4nge: 5-1\/2&#8243; Klingenstahl: AUS10A Griffl\u00e4nge\/Material: 6-3\/4&#8243; G-10 Gesamtl\u00e4nge: 12-1\/4&#8243; Zus\u00e4tzliche Eigenschaften: Rostfreier Taschen-\/G\u00fcrtelclip Messertyp: Folder Klingenl\u00e4nge: 5+ in Stahlfamilie: AUS Klingenform: Clip Point Verriegelungsmechanik: Tri-Ad Lock Produktfamilie: Espada<\/p>\n","protected":false},"excerpt":{"rendered":"<p>Das beliebte <strong>Espada<\/strong> Large ist auch mit einem mattschwarzen G-10 Griff erh\u00e4ltlich.<\/p>\n","protected":false},"featured_media":429275,"comment_status":"open","ping_status":"closed","template":"","meta":[],"pwb-brand":[3602],"product_brand":[],"product_cat":[3303,3285],"product_tag":[3669],"class_list":{"0":"post-429273","1":"product","2":"type-product","3":"status-publish","4":"has-post-thumbnail","6":"pwb-brand-kalter-stahl","7":"product_cat-schliesmesser","8":"product_cat-messer","9":"product_tag-b2b-de","11":"first","12":"outofstock","13":"taxable","14":"shipping-taxable","15":"purchasable","16":"product-type-simple"},"brands":[{"id":3602,"name":"Kalter Stahl","slug":"kalter-stahl"}],"_links":{"self":[{"href":"https:\/\/www.moskito.cz\/de\/wp-json\/wp\/v2\/product\/429273","targetHints":{"allow":["GET"]}}],"collection":[{"href":"https:\/\/www.moskito.cz\/de\/wp-json\/wp\/v2\/product"}],"about":[{"href":"https:\/\/www.moskito.cz\/de\/wp-json\/wp\/v2\/types\/product"}],"replies":[{"embeddable":true,"href":"https:\/\/www.moskito.cz\/de\/wp-json\/wp\/v2\/comments?post=429273"}],"wp:featuredmedia":[{"embeddable":true,"href":"https:\/\/www.moskito.cz\/de\/wp-json\/wp\/v2\/media\/429275"}],"wp:attachment":[{"href":"https:\/\/www.moskito.cz\/de\/wp-json\/wp\/v2\/media?parent=429273"}],"wp:term":[{"taxonomy":"pwb-brand","embeddable":true,"href":"https:\/\/www.moskito.cz\/de\/wp-json\/wp\/v2\/pwb-brand?post=429273"},{"taxonomy":"product_brand","embeddable":true,"href":"https:\/\/www.moskito.cz\/de\/wp-json\/wp\/v2\/product_brand?post=429273"},{"taxonomy":"product_cat","embeddable":true,"href":"https:\/\/www.moskito.cz\/de\/wp-json\/wp\/v2\/product_cat?post=429273"},{"taxonomy":"product_tag","embeddable":true,"href":"https:\/\/www.moskito.cz\/de\/wp-json\/wp\/v2\/product_tag?post=429273"}],"curies":[{"name":"wp","href":"https:\/\/api.w.org\/{rel}","templated":true}]}}