{"id":429305,"date":"2024-11-18T21:48:03","date_gmt":"2024-11-18T20:48:03","guid":{"rendered":"https:\/\/www.moskito.cz\/produkt\/klappmesser-benchmade-bugout-axis-535\/"},"modified":"2025-12-04T10:29:28","modified_gmt":"2025-12-04T09:29:28","slug":"klappmesser-benchmade-bugout-axis-535","status":"publish","type":"product","link":"https:\/\/www.moskito.cz\/de\/produkt\/klappmesser-benchmade-bugout-axis-535\/","title":{"rendered":"Klappmesser Benchmade Bugout AXIS 535"},"content":{"rendered":"<p>Messer <strong>Benchmade<\/strong> Bugout AXIS 535.<\/p>\n<p>Das Benchmade Bugout BM535 ist eines der leichtesten und vielseitigsten Messer seiner Klasse, entwickelt f\u00fcr den modernen Outdoor-Abenteurer. Seine Kombination aus hochwertigen Materialien, innovativem Design und geringem Gewicht haben es zu einer beliebten Wahl unter Messer-, Wander- und Survival-Enthusiasten gemacht. Nachfolgend finden Sie eine detaillierte Aufschl\u00fcsselung seiner wichtigsten Merkmale:  <\/p>\n<p>Hauptmerkmale<br \/>\nKlinge:<\/p>\n<p>Material: CPM-S30V Premium-Edelstahl, bekannt f\u00fcr seine Korrosionsbest\u00e4ndigkeit und hervorragende Klingenhaltbarkeit.<br \/>\nH\u00e4rte: 58-60 HRC, eine ideale Kombination aus Z\u00e4higkeit und H\u00e4rte.<br \/>\nStil: Drop Point, eine vielseitige Form, die sich zum Schneiden und Stechen eignet.<br \/>\nL\u00e4nge: 8,23 cm (3,24&#8243;)<br \/>\nDicke: 2,29 mm (0,090&#8243;)<br \/>\nGriff:<\/p>\n<p>Material: Grivory (leichtes und haltbares Verbundmaterial) mit eloxierten Aluminium-Abstandshaltern.<br \/>\nDicke: 10,54 mm (0,42&#8243;)<br \/>\nFarbe: Blau.<br \/>\nZus\u00e4tzliche Merkmale: Blau eloxierter Daumenbolzen, gro\u00dfes Schl\u00fcsselbandloch.<br \/>\nVerriegelungsmechanismus:<\/p>\n<p>AXIS-Schloss &#8211; ein \u00e4u\u00dferst zuverl\u00e4ssiger und einfach zu bedienender Mechanismus, der ein reibungsloses \u00d6ffnen und Schlie\u00dfen mit einer Hand erm\u00f6glicht.<br \/>\nTaschenclip:<\/p>\n<p>Aus rostfreiem Stahl, doppelseitig, f\u00fcr tiefes Tragen.<br \/>\nMasse:<\/p>\n<p>52,45 g (1,85 oz.) &#8211; extrem leicht f\u00fcr maximalen Tragekomfort.<br \/>\nMa\u00dfe:<\/p>\n<p>Gesamtl\u00e4nge: 18,95 cm (7,46&#8243;)<br \/>\nGeschlossene L\u00e4nge: 10,72 cm (4,22&#8243;)<br \/>\nVorteile<br \/>\nLeichtgewicht: Mit einem Gewicht von nur 52,45 g ist das Bugout die ideale Wahl f\u00fcr das t\u00e4gliche Tragen (EDC) und lange Wanderungen.<br \/>\nLanglebigkeit: CPM-S30V Klingenmaterial und robustes Griffdesign f\u00fcr eine lange Lebensdauer und Zuverl\u00e4ssigkeit.<br \/>\nKomfort: Ergonomisches Griffdesign und einfache Handhabung dank des AXIS-Verriegelungsmechanismus.<br \/>\nZweck<br \/>\nDieses Messer ist ideal f\u00fcr:<\/p>\n<p>Outdoor-Aktivit\u00e4ten (Camping, Wandern, Survival).<br \/>\nAlltagskleidung (EDC).<br \/>\nF\u00fcr den Einsatz auf dem Land und in der Stadt.<br \/>\nDas Benchmade Bugout BM535 wird in den USA hergestellt und ist ein Symbol f\u00fcr Pr\u00e4zision, Qualit\u00e4t und Leistung, das jeder zu sch\u00e4tzen wei\u00df, der ein zuverl\u00e4ssiges und leichtes Messer sucht.<\/p>\n<p>&nbsp;<\/p>\n<p>&nbsp;<\/p>\n<p>&nbsp;<\/p>\n","protected":false},"excerpt":{"rendered":"<p><strong>Das Benchmade Bugout BM535 ist eines der leichtesten und vielseitigsten Messer seiner Klasse, entwickelt f\u00fcr den modernen Outdoor-Abenteurer. Seine Kombination aus hochwertigen Materialien, innovativem Design und geringem Gewicht haben es zu einer beliebten Wahl unter Messer-, Wander- und Survival-Enthusiasten gemacht. <\/strong><\/p>\n<p><strong>Kostenloser Versand.<\/strong><\/p>\n<p>&nbsp;<\/p>\n","protected":false},"featured_media":373579,"comment_status":"open","ping_status":"closed","template":"","meta":[],"pwb-brand":[3977],"product_brand":[],"product_cat":[3303,3285],"product_tag":[],"class_list":{"0":"post-429305","1":"product","2":"type-product","3":"status-publish","4":"has-post-thumbnail","6":"pwb-brand-benchmade-de","7":"product_cat-schliesmesser","8":"product_cat-messer","10":"first","11":"outofstock","12":"taxable","13":"shipping-taxable","14":"purchasable","15":"product-type-simple"},"brands":[{"id":3977,"name":"Benchmade","slug":"benchmade-de"}],"_links":{"self":[{"href":"https:\/\/www.moskito.cz\/de\/wp-json\/wp\/v2\/product\/429305","targetHints":{"allow":["GET"]}}],"collection":[{"href":"https:\/\/www.moskito.cz\/de\/wp-json\/wp\/v2\/product"}],"about":[{"href":"https:\/\/www.moskito.cz\/de\/wp-json\/wp\/v2\/types\/product"}],"replies":[{"embeddable":true,"href":"https:\/\/www.moskito.cz\/de\/wp-json\/wp\/v2\/comments?post=429305"}],"wp:featuredmedia":[{"embeddable":true,"href":"https:\/\/www.moskito.cz\/de\/wp-json\/wp\/v2\/media\/373579"}],"wp:attachment":[{"href":"https:\/\/www.moskito.cz\/de\/wp-json\/wp\/v2\/media?parent=429305"}],"wp:term":[{"taxonomy":"pwb-brand","embeddable":true,"href":"https:\/\/www.moskito.cz\/de\/wp-json\/wp\/v2\/pwb-brand?post=429305"},{"taxonomy":"product_brand","embeddable":true,"href":"https:\/\/www.moskito.cz\/de\/wp-json\/wp\/v2\/product_brand?post=429305"},{"taxonomy":"product_cat","embeddable":true,"href":"https:\/\/www.moskito.cz\/de\/wp-json\/wp\/v2\/product_cat?post=429305"},{"taxonomy":"product_tag","embeddable":true,"href":"https:\/\/www.moskito.cz\/de\/wp-json\/wp\/v2\/product_tag?post=429305"}],"curies":[{"name":"wp","href":"https:\/\/api.w.org\/{rel}","templated":true}]}}