{"id":429308,"date":"2024-10-10T21:56:59","date_gmt":"2024-10-10T20:56:59","guid":{"rendered":"https:\/\/www.moskito.cz\/produkt\/schliessmesser-emerson-patriot\/"},"modified":"2025-12-04T10:29:30","modified_gmt":"2025-12-04T09:29:30","slug":"schliessmesser-emerson-patriot","status":"publish","type":"product","link":"https:\/\/www.moskito.cz\/de\/produkt\/schliessmesser-emerson-patriot\/","title":{"rendered":"Schlie\u00dfmesser Emerson Patriot"},"content":{"rendered":"<p>Schlie\u00dfmesser <strong>Emerson<\/strong> Patriot.<\/p>\n<p><strong>Das Emerson Patriot<\/strong> verf\u00fcgt \u00fcber eine sch\u00f6ne Klinge mit einer gebogenen Schneide und einer erstklassigen Kerbe. Das Patriot ist wirklich eines unserer einzigartigsten Messerdesigns und wird sowohl in Stein als auch in Schwarz angeboten, mit glatter oder teilweise gezahnter Klinge. <\/p>\n<p>&#8222;Der Patriot ist ein bescheidenes Arbeitermesser, wie das R\u00fcckgrat von Washingtons Milit\u00e4r, M\u00e4nner und Frauen, die in den Krieg zogen, um f\u00fcr ein Ideal zu k\u00e4mpfen, von dem sie wussten, dass es richtig und gerecht ist.&#8220; Und wie George Washington werden sie niemals aufgeben, niemals kapitulieren und immer bereit sein, sich f\u00fcr das einzusetzen, was richtig und gerecht ist. <\/p>\n<p>Griff: G-10<br \/>\nVerschluss: Titan<br \/>\nKlinge: 154 cm<br \/>\nGesamtl\u00e4nge: 22.87 cm<br \/>\nKlingenl\u00e4nge: 9.75 cm<br \/>\nKlingenst\u00e4rke: 0.31 cm<br \/>\nH\u00e4rte 57-59RC<\/p>\n<p>&nbsp;<\/p>\n<p><iframe title=\"Emerson Patriot |  A Closer Look\" width=\"800\" height=\"450\" src=\"https:\/\/www.youtube.com\/embed\/V5luGMj8LCA?feature=oembed\" frameborder=\"0\" allow=\"accelerometer; autoplay; clipboard-write; encrypted-media; gyroscope; picture-in-picture; web-share\" referrerpolicy=\"strict-origin-when-cross-origin\" allowfullscreen><\/iframe><\/p>\n<p>&nbsp;<\/p>\n<p><iframe title=\"The Patriot by Ernest R. Emerson\" width=\"800\" height=\"450\" src=\"https:\/\/www.youtube.com\/embed\/i_a6v-xlyvI?feature=oembed\" frameborder=\"0\" allow=\"accelerometer; autoplay; clipboard-write; encrypted-media; gyroscope; picture-in-picture; web-share\" referrerpolicy=\"strict-origin-when-cross-origin\" allowfullscreen><\/iframe><\/p>\n<p>&nbsp;<\/p>\n<p>&nbsp;<\/p>\n","protected":false},"excerpt":{"rendered":"<p><strong>&#8222;Der Patriot ist ein bescheidenes Messer der Arbeiterklasse, wie das R\u00fcckgrat von Washingtons Milit\u00e4r, M\u00e4nner und Frauen, die in den Krieg zogen, um f\u00fcr ein Ideal zu k\u00e4mpfen, von dem sie wussten, dass es richtig und gerecht war.&#8220;<\/strong><\/p>\n<p><strong>Kostenloser Versand.<\/strong><\/p>\n","protected":false},"featured_media":363003,"comment_status":"open","ping_status":"closed","template":"","meta":[],"pwb-brand":[3787],"product_brand":[],"product_cat":[3303,3285],"product_tag":[],"class_list":{"0":"post-429308","1":"product","2":"type-product","3":"status-publish","4":"has-post-thumbnail","6":"pwb-brand-emerson-de","7":"product_cat-schliesmesser","8":"product_cat-messer","10":"first","11":"outofstock","12":"taxable","13":"shipping-taxable","14":"purchasable","15":"product-type-simple"},"brands":[{"id":3787,"name":"Emerson","slug":"emerson-de"}],"_links":{"self":[{"href":"https:\/\/www.moskito.cz\/de\/wp-json\/wp\/v2\/product\/429308","targetHints":{"allow":["GET"]}}],"collection":[{"href":"https:\/\/www.moskito.cz\/de\/wp-json\/wp\/v2\/product"}],"about":[{"href":"https:\/\/www.moskito.cz\/de\/wp-json\/wp\/v2\/types\/product"}],"replies":[{"embeddable":true,"href":"https:\/\/www.moskito.cz\/de\/wp-json\/wp\/v2\/comments?post=429308"}],"wp:featuredmedia":[{"embeddable":true,"href":"https:\/\/www.moskito.cz\/de\/wp-json\/wp\/v2\/media\/363003"}],"wp:attachment":[{"href":"https:\/\/www.moskito.cz\/de\/wp-json\/wp\/v2\/media?parent=429308"}],"wp:term":[{"taxonomy":"pwb-brand","embeddable":true,"href":"https:\/\/www.moskito.cz\/de\/wp-json\/wp\/v2\/pwb-brand?post=429308"},{"taxonomy":"product_brand","embeddable":true,"href":"https:\/\/www.moskito.cz\/de\/wp-json\/wp\/v2\/product_brand?post=429308"},{"taxonomy":"product_cat","embeddable":true,"href":"https:\/\/www.moskito.cz\/de\/wp-json\/wp\/v2\/product_cat?post=429308"},{"taxonomy":"product_tag","embeddable":true,"href":"https:\/\/www.moskito.cz\/de\/wp-json\/wp\/v2\/product_tag?post=429308"}],"curies":[{"name":"wp","href":"https:\/\/api.w.org\/{rel}","templated":true}]}}