{"id":429337,"date":"2022-04-21T19:56:29","date_gmt":"2022-04-21T18:56:29","guid":{"rendered":"https:\/\/www.moskito.cz\/produkt\/schliessmesser-cold-steel-double-safe-hunter-slock-master\/"},"modified":"2025-12-04T10:29:48","modified_gmt":"2025-12-04T09:29:48","slug":"schliessmesser-cold-steel-double-safe-hunter-slock-master","status":"publish","type":"product","link":"https:\/\/www.moskito.cz\/de\/produkt\/schliessmesser-cold-steel-double-safe-hunter-slock-master\/","title":{"rendered":"Schlie\u00dfmesser Cold Steel DOUBLE SAFE HUNTER SLOCK MASTER"},"content":{"rendered":"<p>Schlie\u00dfmesser <strong>Cold Steel<\/strong> DOUBLE SAFE HUNTER SLOCK MASTER.<\/p>\n<p>Wenn Sie auf der Suche nach einem preiswerten, aber leistungsstarken Klappj\u00e4ger sind, dann ist der Double Safe Hunter genau das Richtige f\u00fcr Sie. Es ist unserem \u00e4u\u00dferst beliebten Voyager der alten Schule nachempfunden. Seine breite Drop-Point-Klinge ist 3,5 Zoll lang und aus 8Cr13MoV-Stahl gefertigt, der auf eine Rockwell-H\u00e4rte von 57-58 geh\u00e4rtet ist. Egal, welche Art von Arbeit Sie verrichten, Sie k\u00f6nnen sicher sein, dass Sie das richtige Messer zur Hand haben. Die Klinge ist klein genug f\u00fcr komplizierte Schnitte, aber gro\u00df genug, um alles zu erlegen, von einer Maus bis zu einem Elch. Der Griff aus glasfaserverst\u00e4rktem Nylon (GFN) ist d\u00fcnn und ergonomisch bequem und verf\u00fcgt \u00fcber einen Taschenclip aus Stahl &#8211; ein Traum f\u00fcr jeden Einsatz. Es ist in drei Griffvarianten erh\u00e4ltlich: orange, OD-gr\u00fcn und eine unverwechselbare Version im Tarnstil. Wie immer hatte Cold Steel\u00ae beim Entwurf des Double Safe Ihre Finger im Blick.<\/p>\n<p>&#8222;Tim Wells ist meiner Meinung nach der angesehenste Bogenj\u00e4ger der Welt und sehr geschickt im Umgang mit dem Speer und anderen primitiven Waffen. Ich hatte das Privileg, viele Jagdabenteuer auf der ganzen Welt mit ihm zu teilen und war immer beeindruckt.&#8220; sein Wissen und sein Talent. Als er sich also in unsere Commercial Series Scalper (indianische Allround-Messer und -Waffen) verliebte, sagte ich, warum machen wir nicht die Slock Master Version neu. Jetzt ist es mit Tims charakteristischem roten Griff und seinem ber\u00fchmten Logo auf der Klinge erh\u00e4ltlich. Es ist auf Lager und sofort versandfertig. Sichern Sie sich Ihr Exemplar noch heute, denn es wird mit Sicherheit ausverkauft sein.&#8220; &#8211; Lynn Thompson<\/p>\n<p>PRODUKTPARAMETER<br \/>\nFarbe : Rot\/Silber<br \/>\nKlingenst\u00e4rke : 3 mm<br \/>\nSchlosstyp : Doublu safe lock<br \/>\nScheidenmaterial : Stahlclip<br \/>\nStahl : 8Cr13MoV Stainless<br \/>\nGriffmaterial : Long GFNHandle<br \/>\nGewicht : 116 g<br \/>\nKlingenl\u00e4nge : 92 mm<br \/>\nGesamtgr\u00f6\u00dfe : 215 mm<br \/>\nGriffl\u00e4nge : 123 mm<\/p>\n<p>Wenn Sie auf der Suche nach einem preisg\u00fcnstigen und dennoch leistungsstarken Klappj\u00e4ger sind, dann ist der Double Safe Hunter genau das Richtige f\u00fcr Sie. Es ist unserem \u00e4u\u00dferst beliebten Voyager\u00ae der alten Schule nachempfunden. Seine breite Drop-Point-Klinge ist 3,5 Zoll lang und besteht aus 8Cr13MoV-Stahl, der auf eine Rockwell-H\u00e4rte von 57-58 geh\u00e4rtet ist.   Ganz gleich, um welche Aufgabe es sich handelt, Sie k\u00f6nnen sicher sein, dass Sie das richtige Messer zur Hand haben, mit einer Klinge, die klein genug f\u00fcr komplizierte Schneidaufgaben und dennoch gro\u00df genug ist, um alles von einer Maus bis zu einem Elch zu h\u00e4uten. Es ist ein Traum, wenn Sie es l\u00e4ngere Zeit benutzen m\u00f6chten. Der Griff aus glasfaserverst\u00e4rktem Nylon (GFN) ist d\u00fcnn und ergonomisch geformt und verf\u00fcgt \u00fcber einen Taschenclip aus Stahl. Es ist mit drei Griffvarianten erh\u00e4ltlich: blaze orange, OD gr\u00fcn und eine unverwechselbare Version im Tarnstil. Wie immer hatte Cold Steel\u00ae bei der Entwicklung des Double Safe Ihre Finger im Blick.   Sein hochmoderner Wippverschluss verf\u00fcgt \u00fcber einen sekund\u00e4ren Sicherheitsmechanismus, der im eingerasteten Zustand enorm sto\u00df- und schlagfest ist.<\/p>\n<p>&#8222;Tim Wells ist meiner Meinung nach der beste Bogenj\u00e4ger der Welt und auch sehr geschickt mit dem Speer und anderen primitiven Waffen. Ich hatte das Privileg, viele Jagdabenteuer auf der ganzen Welt mit ihm zu teilen und war immer beeindruckt von seinem Wissen und Talent. Als er sich in unseren Commercial Series Scalper (ein indianisches Allround-Messer und eine Waffe) verliebte, sagte ich ihm, warum machen wir nicht eine Slock Master Version. Jetzt ist es mit Tims charakteristischem roten Griff und seinem ber\u00fchmten Logo auf der Klinge erh\u00e4ltlich. Es ist auf Lager und bereit zur Auslieferung. Sichern Sie sich Ihr Exemplar noch heute, denn es wird mit Sicherheit ausverkauft sein.&#8220; &#8211; Lynn Thompson<\/p>\n<p>Klingenst\u00e4rke: 3mm Griffl\u00e4nge\/Material: 4 7\/8in Long GFNHandle Klingenstahl: 8Cr13MoV Stainless Steel Klingenl\u00e4nge: 3 1\/2in Gesamtl\u00e4nge: 8 3\/8in Messertyp: Folder Produktfamilie: Double Safe Hunter Klingenl\u00e4nge: 3-5 in Stahlfamilie: MoV Klingenform: Clip Point Verriegelungsmechanismus: Rocker Lock<\/p>\n","protected":false},"excerpt":{"rendered":"<p>Das Double Safe Hunter ist ein Arbeitsmesser f\u00fcr die Jagd, das von Andrew Demko unter Ber\u00fccksichtigung der Tatsache entworfen wurde, dass Arbeitsmesser stark beansprucht werden und oft verloren gehen.<\/p>\n","protected":false},"featured_media":429339,"comment_status":"open","ping_status":"closed","template":"","meta":[],"pwb-brand":[3602],"product_brand":[],"product_cat":[3303,3285],"product_tag":[],"class_list":{"0":"post-429337","1":"product","2":"type-product","3":"status-publish","4":"has-post-thumbnail","6":"pwb-brand-kalter-stahl","7":"product_cat-schliesmesser","8":"product_cat-messer","10":"first","11":"outofstock","12":"taxable","13":"shipping-taxable","14":"purchasable","15":"product-type-simple"},"brands":[{"id":3602,"name":"Kalter Stahl","slug":"kalter-stahl"}],"_links":{"self":[{"href":"https:\/\/www.moskito.cz\/de\/wp-json\/wp\/v2\/product\/429337","targetHints":{"allow":["GET"]}}],"collection":[{"href":"https:\/\/www.moskito.cz\/de\/wp-json\/wp\/v2\/product"}],"about":[{"href":"https:\/\/www.moskito.cz\/de\/wp-json\/wp\/v2\/types\/product"}],"replies":[{"embeddable":true,"href":"https:\/\/www.moskito.cz\/de\/wp-json\/wp\/v2\/comments?post=429337"}],"wp:featuredmedia":[{"embeddable":true,"href":"https:\/\/www.moskito.cz\/de\/wp-json\/wp\/v2\/media\/429339"}],"wp:attachment":[{"href":"https:\/\/www.moskito.cz\/de\/wp-json\/wp\/v2\/media?parent=429337"}],"wp:term":[{"taxonomy":"pwb-brand","embeddable":true,"href":"https:\/\/www.moskito.cz\/de\/wp-json\/wp\/v2\/pwb-brand?post=429337"},{"taxonomy":"product_brand","embeddable":true,"href":"https:\/\/www.moskito.cz\/de\/wp-json\/wp\/v2\/product_brand?post=429337"},{"taxonomy":"product_cat","embeddable":true,"href":"https:\/\/www.moskito.cz\/de\/wp-json\/wp\/v2\/product_cat?post=429337"},{"taxonomy":"product_tag","embeddable":true,"href":"https:\/\/www.moskito.cz\/de\/wp-json\/wp\/v2\/product_tag?post=429337"}],"curies":[{"name":"wp","href":"https:\/\/api.w.org\/{rel}","templated":true}]}}