{"id":429469,"date":"2021-09-14T20:59:29","date_gmt":"2021-09-14T19:59:29","guid":{"rendered":"https:\/\/www.moskito.cz\/produkt\/schliessmesser-sog-kiku-xr-blackout\/"},"modified":"2025-12-10T13:58:36","modified_gmt":"2025-12-10T12:58:36","slug":"schliessmesser-sog-kiku-xr-blackout","status":"publish","type":"product","link":"https:\/\/www.moskito.cz\/de\/produkt\/schliessmesser-sog-kiku-xr-blackout\/","title":{"rendered":"Schlie\u00dfmesser SOG KIKU XR &#8211; BLACKOUT"},"content":{"rendered":"<p>Schlie\u00dfmesser <strong>SOG<\/strong> KIKU XR &#8211; BLACKOUT.<\/p>\n<p>Mit seinem kraftvollen Design, das auf seine japanische DNA zur\u00fcckgeht, setzt das muskul\u00f6se Kiku XR ein subtiles Zeichen der St\u00e4rke, wo immer es auch hingeht. Die \u00e4u\u00dferst praktische modifizierte Tanto-Klinge schneidet in praktisch jeder Situation, und der Leinen-Micarta-Griff bietet einen sicheren und festen Halt. Das Kiku XR kombiniert Form und Funktion und ist eine robuste L\u00f6sung f\u00fcr Situationen, die ein schnell zu \u00f6ffnendes, superscharfes Messer erfordern.  <\/p>\n<p>Klingenl\u00e4nge : 76.96 mm<br \/>\nSCHLIESSMECHANISMUS : XR-Lock<br \/>\nBANDTYP : Reversible Low-Carry<br \/>\nKlingenform : Tanto<br \/>\nGRIFFMATERIAL : Micarta<br \/>\n\u00d6FFNUNGSMECHANISMUS : XR-Lock, Daumenloch<br \/>\nSTAHLGESCH\u00c4FTSTYP : CTS XHP<br \/>\nH\u00d6HE : 61-63<br \/>\nGRIFFELFARBE : Schwarz<\/p>\n<p>Unsere Geschichte beginnt in Vietnam, wo die Mitglieder einer streng geheimen US-Spezialeinheit &#8211; bekannt als MACV-SOG &#8211; bei verdeckten Eins\u00e4tzen ein einzigartiges Geheimmesser in den Dschungel tragen. Jahre sp\u00e4ter, 1986, inspirierte dieses Messer einen jungen Designer namens Spencer Frazer zur Gr\u00fcndung von SOG Specialty Knives. Seine Mission: das originale SOG-Bowiemesser zu reproduzieren und der Spezialeinheit, die es geschaffen hat, Tribut zu zollen. Was als einzelnes Gedenkmodell begann, entwickelte sich bald zu einer ganzen Reihe innovativer Werkzeuge \u2013 bew\u00e4hrt von US-Spezialeinheiten und sogar als Messer der Wahl der Navy SEALs ausgezeichnet. Heute werden SOG-Messer auch in den anspruchsvollsten Situationen selbstbewusst getragen. Aus Tradition geschmiedet, im Feld geh\u00e4rtet, f\u00fcr Sie gefeilt.<\/p>\n<p>Egal, ob Sie andere besch\u00fctzen oder eine epische Jagdexpedition leiten, eine der allt\u00e4glichen Herausforderungen des Lebens meistern oder die bisher extremsten Bedingungen meistern, machen Sie sich mit <strong>SOG<\/strong> auf den Weg.<\/p>\n<p>&nbsp;<\/p>\n","protected":false},"excerpt":{"rendered":"<p>Ob Sie andere besch\u00fctzen oder eine epische Jagdexpedition leiten, ob Sie eine der t\u00e4glichen Herausforderungen des Lebens meistern oder sich mit den extremsten Bedingungen auseinandersetzen &#8211; gehen Sie Ihren Weg mit <strong>SOG<\/strong>.<\/p>\n<p><strong>Wir geben auf alle SOG-Messer eine lebenslange Garantie!<\/strong><\/p>\n","protected":false},"featured_media":429470,"comment_status":"open","ping_status":"closed","template":"","meta":[],"pwb-brand":[3605],"product_brand":[],"product_cat":[3303,3285],"product_tag":[3669],"class_list":{"0":"post-429469","1":"product","2":"type-product","3":"status-publish","4":"has-post-thumbnail","6":"pwb-brand-wie-g","7":"product_cat-schliesmesser","8":"product_cat-messer","9":"product_tag-b2b-de","11":"first","12":"instock","13":"taxable","14":"shipping-taxable","15":"purchasable","16":"product-type-simple"},"brands":[{"id":3605,"name":"WIE G","slug":"wie-g"}],"_links":{"self":[{"href":"https:\/\/www.moskito.cz\/de\/wp-json\/wp\/v2\/product\/429469","targetHints":{"allow":["GET"]}}],"collection":[{"href":"https:\/\/www.moskito.cz\/de\/wp-json\/wp\/v2\/product"}],"about":[{"href":"https:\/\/www.moskito.cz\/de\/wp-json\/wp\/v2\/types\/product"}],"replies":[{"embeddable":true,"href":"https:\/\/www.moskito.cz\/de\/wp-json\/wp\/v2\/comments?post=429469"}],"wp:featuredmedia":[{"embeddable":true,"href":"https:\/\/www.moskito.cz\/de\/wp-json\/wp\/v2\/media\/429470"}],"wp:attachment":[{"href":"https:\/\/www.moskito.cz\/de\/wp-json\/wp\/v2\/media?parent=429469"}],"wp:term":[{"taxonomy":"pwb-brand","embeddable":true,"href":"https:\/\/www.moskito.cz\/de\/wp-json\/wp\/v2\/pwb-brand?post=429469"},{"taxonomy":"product_brand","embeddable":true,"href":"https:\/\/www.moskito.cz\/de\/wp-json\/wp\/v2\/product_brand?post=429469"},{"taxonomy":"product_cat","embeddable":true,"href":"https:\/\/www.moskito.cz\/de\/wp-json\/wp\/v2\/product_cat?post=429469"},{"taxonomy":"product_tag","embeddable":true,"href":"https:\/\/www.moskito.cz\/de\/wp-json\/wp\/v2\/product_tag?post=429469"}],"curies":[{"name":"wp","href":"https:\/\/api.w.org\/{rel}","templated":true}]}}