{"id":429589,"date":"2023-12-20T19:41:46","date_gmt":"2023-12-20T18:41:46","guid":{"rendered":"https:\/\/www.moskito.cz\/produkt\/klappmesser-rockstead-shin-dlc-japanisch\/"},"modified":"2025-12-15T15:53:31","modified_gmt":"2025-12-15T14:53:31","slug":"klappmesser-rockstead-shin-dlc-japanisch","status":"publish","type":"product","link":"https:\/\/www.moskito.cz\/de\/produkt\/klappmesser-rockstead-shin-dlc-japanisch\/","title":{"rendered":"Klappmesser Rockstead SHIN-DLC Japanisch"},"content":{"rendered":"<p>Klappmesser <strong>Rockstead<\/strong> SHIN-DLC Japanisch<\/p>\n<p><strong>Rockstead Knives<\/strong> geh\u00f6ren unserer Meinung nach zu den besten Messern auf dem Markt. Die sorgf\u00e4ltige Handwerkskunst und die einzigartigen Designs von Rockstead machen diese semi-custom Folder den Premium-Preis wert. Das SHIN ist eine gr\u00f6\u00dfere Version des Rockstead KOU und verf\u00fcgt \u00fcber eine 3,5 Zoll gro\u00dfe polierte YXR7 DLC-Klinge und Aluminiumgriffe mit Stachelrocheneins\u00e4tzen. Die \u00d6ffnung ist leichtg\u00e4ngig und die Klinge wird durch einen soliden Verschluss sicher gehalten. Das unglaubliche Hochglanzfinish wird durch die W\u00e4rmebehandlung der Klinge und das anschlie\u00dfende Schleifen von Hand mit Sandpapier der K\u00f6rnungen 400, 600, 800, 1200 und 2000 erreicht. Dies ist sehr intensiv und zeitaufwendig, denn wenn w\u00e4hrend dieses Prozesses Kratzer auftreten, muss die Klinge zur Reparatur in den vorherigen Schritt zur\u00fcckgeschickt werden. ist die Klinge fertig, wird sie f\u00fcr das endg\u00fcltige Finish poliert. Die Mitarbeiter von Rockstead beherrschen diesen Prozess, um dem Messer ein wundersch\u00f6nes Finish und eine scharfe Schneide zu verleihen, die ihresgleichen sucht. Jedes Messer ist einzeln nummeriert und wird mit einem Echtheitszertifikat geliefert.         <\/p>\n<p>&nbsp;<\/p>\n<p>Spezifikationen:<br \/>\nKlingenl\u00e4nge: 8,75 cm<br \/>\nL\u00e4nge im geschlossenen Zustand: 12,17 cm<br \/>\nGesamtl\u00e4nge: 20.62 cm<br \/>\nKlingenmaterial: Kohlenstoffstahl YXR7<br \/>\nKlingenh\u00e4rte: 65 HRC (ungef\u00e4hr)<br \/>\nKlingenstil: Drop Point<br \/>\nKlingenschliff: Konvex<br \/>\nKlingenfinish: DLC (Diamond Like Coating), Schwarz poliert<br \/>\nGriffst\u00e4rke: 0.62&#8243;<br \/>\nGriffmaterial: Hart eloxiertes Aluminium A6063 mit Stingray-Eins\u00e4tzen<br \/>\nVerriegelungsmechanismus: Liner Lock<br \/>\nTaschenclip: Klappbar, rechts tragbar<br \/>\nGewicht: 5.3 oz.<br \/>\nHergestellt in Japan<\/p>\n","protected":false},"excerpt":{"rendered":"<p><strong>Rockstead Knives geh\u00f6ren unserer Meinung nach zu den besten Messern auf dem Markt. Mit der sorgf\u00e4ltigen Handwerkskunst und den einzigartigen Designs von Rockstead ist dieses Semi-Custom Folder den Premium-Preis wert <\/strong><\/p>\n<p><strong>Kostenloser Versand.<\/strong><\/p>\n","protected":false},"featured_media":429590,"comment_status":"open","ping_status":"closed","template":"","meta":[],"pwb-brand":[4074],"product_brand":[],"product_cat":[3303,3285],"product_tag":[],"class_list":{"0":"post-429589","1":"product","2":"type-product","3":"status-publish","4":"has-post-thumbnail","6":"pwb-brand-rockstead-de","7":"product_cat-schliesmesser","8":"product_cat-messer","10":"first","11":"outofstock","12":"sale","13":"taxable","14":"shipping-taxable","15":"purchasable","16":"product-type-simple"},"brands":[{"id":4074,"name":"Rockstead","slug":"rockstead-de"}],"_links":{"self":[{"href":"https:\/\/www.moskito.cz\/de\/wp-json\/wp\/v2\/product\/429589","targetHints":{"allow":["GET"]}}],"collection":[{"href":"https:\/\/www.moskito.cz\/de\/wp-json\/wp\/v2\/product"}],"about":[{"href":"https:\/\/www.moskito.cz\/de\/wp-json\/wp\/v2\/types\/product"}],"replies":[{"embeddable":true,"href":"https:\/\/www.moskito.cz\/de\/wp-json\/wp\/v2\/comments?post=429589"}],"wp:featuredmedia":[{"embeddable":true,"href":"https:\/\/www.moskito.cz\/de\/wp-json\/wp\/v2\/media\/429590"}],"wp:attachment":[{"href":"https:\/\/www.moskito.cz\/de\/wp-json\/wp\/v2\/media?parent=429589"}],"wp:term":[{"taxonomy":"pwb-brand","embeddable":true,"href":"https:\/\/www.moskito.cz\/de\/wp-json\/wp\/v2\/pwb-brand?post=429589"},{"taxonomy":"product_brand","embeddable":true,"href":"https:\/\/www.moskito.cz\/de\/wp-json\/wp\/v2\/product_brand?post=429589"},{"taxonomy":"product_cat","embeddable":true,"href":"https:\/\/www.moskito.cz\/de\/wp-json\/wp\/v2\/product_cat?post=429589"},{"taxonomy":"product_tag","embeddable":true,"href":"https:\/\/www.moskito.cz\/de\/wp-json\/wp\/v2\/product_tag?post=429589"}],"curies":[{"name":"wp","href":"https:\/\/api.w.org\/{rel}","templated":true}]}}