{"id":429650,"date":"2023-03-06T21:18:53","date_gmt":"2023-03-06T20:18:53","guid":{"rendered":"https:\/\/www.moskito.cz\/produkt\/feststehendes-messer-sog-trident-fx-serrated-od\/"},"modified":"2025-12-16T11:55:59","modified_gmt":"2025-12-16T10:55:59","slug":"feststehendes-messer-sog-trident-fx-serrated-od","status":"publish","type":"product","link":"https:\/\/www.moskito.cz\/de\/produkt\/feststehendes-messer-sog-trident-fx-serrated-od\/","title":{"rendered":"Feststehendes Messer SOG TRIDENT FX SERRATED OD"},"content":{"rendered":"<p>Feststehendes Messer <strong>SOG<\/strong> TRIDENT FX SERRATED OD.<\/p>\n<p>Das Trident FX steht in der Tradition der SOG-Messer mit feststehender Klinge f\u00fcr professionelle Anwender und \u00fcberschreitet die Grenzen der Leistungsf\u00e4higkeit, aber nicht des Gewichts. Mit einem Gewicht von etwas mehr als 4 Unzen ist das Trident FX eine ausgewogene Kombination aus Kraft und Agilit\u00e4t, mit der Sie schnell vorankommen, wenn es darauf ankommt. Es wird mit einem verbesserten Holster geliefert, mit dem Sie es tragen k\u00f6nnen, wie und wo Sie es brauchen.  <\/p>\n<p><strong>H\u00d6CHST FLEXIBLES FULL BLADE MESSER<\/strong><br \/>\nDieses robuste und reaktionsschnelle Messer mit einem stabilen GRN-Griff und einer 4,2-Zoll-Klinge aus CRYO 4116 Full-Tang-Stahl wird mit einer speziell entwickelten Scheide geliefert, die mit dem universellen Befestigungssystem von SOG kompatibel ist, das eine individuelle Einstellung, ein zuverl\u00e4ssiges Tragen und ein schnelles Ziehen erm\u00f6glicht.<\/p>\n<p><strong>Das UMS-kompatible<\/strong><br \/>\n<strong>Geh\u00e4use<\/strong> ist beidh\u00e4ndig und bietet mehrere Befestigungsm\u00f6glichkeiten und verf\u00fcgt \u00fcber ein werkzeugloses Spannungseinstellungssystem, das ein perfektes Ziehen erm\u00f6glicht.<\/p>\n<p><strong>CRYO 4116 STEEL<\/strong><br \/>\nDeutscher rostfreier Stahl mit mittlerem Kohlenstoffgehalt, auch bekannt als 1.4116. \u00c4hnlich wie 420HC mit guter Korrosionsbest\u00e4ndigkeit, Z\u00e4higkeit, Sch\u00e4rfe und Kantenfestigkeit. <\/p>\n<p><strong>GRN GRIP<\/strong><br \/>\nDer GRN-Griff verf\u00fcgt \u00fcber eine omnidirektionale Textur, die mit oder ohne Handschuhe und in praktisch allen Klimazonen einen guten Halt bietet.<\/p>\n<p>GESAMTL\u00c4NGE: 24 cm<br \/>\nKLINGENL\u00c4NGE: 11 cm<br \/>\nPRODUKTTYP: Feste Klinge<br \/>\nFINISH: TiNi<br \/>\nSCHAUBE TYP:: Gezahnt<br \/>\nSTAHLKLINGENTYP: CRYO 4116<br \/>\nKLINGENFORM: Tanto<br \/>\nGRIFFMATERIAL: GRN<br \/>\nGRIFFFARBE: OD<br \/>\nGRIFFFARBE: OD<\/p>\n<p>&nbsp;<\/p>\n<p>&nbsp;<\/p>\n<p>&nbsp;<\/p>\n","protected":false},"excerpt":{"rendered":"<p><strong>Trident FX, gebaut in der Tradition der SOG-Messer mit harter Klinge f\u00fcr professionelle Anwender.<\/strong><\/p>\n<p>&nbsp;<\/p>\n","protected":false},"featured_media":429651,"comment_status":"open","ping_status":"closed","template":"","meta":[],"pwb-brand":[3605],"product_brand":[],"product_cat":[3287,3285],"product_tag":[3669],"class_list":{"0":"post-429650","1":"product","2":"type-product","3":"status-publish","4":"has-post-thumbnail","6":"pwb-brand-wie-g","7":"product_cat-solide-messer","8":"product_cat-messer","9":"product_tag-b2b-de","11":"first","12":"instock","13":"taxable","14":"shipping-taxable","15":"purchasable","16":"product-type-simple"},"brands":[{"id":3605,"name":"WIE G","slug":"wie-g"}],"_links":{"self":[{"href":"https:\/\/www.moskito.cz\/de\/wp-json\/wp\/v2\/product\/429650","targetHints":{"allow":["GET"]}}],"collection":[{"href":"https:\/\/www.moskito.cz\/de\/wp-json\/wp\/v2\/product"}],"about":[{"href":"https:\/\/www.moskito.cz\/de\/wp-json\/wp\/v2\/types\/product"}],"replies":[{"embeddable":true,"href":"https:\/\/www.moskito.cz\/de\/wp-json\/wp\/v2\/comments?post=429650"}],"wp:featuredmedia":[{"embeddable":true,"href":"https:\/\/www.moskito.cz\/de\/wp-json\/wp\/v2\/media\/429651"}],"wp:attachment":[{"href":"https:\/\/www.moskito.cz\/de\/wp-json\/wp\/v2\/media?parent=429650"}],"wp:term":[{"taxonomy":"pwb-brand","embeddable":true,"href":"https:\/\/www.moskito.cz\/de\/wp-json\/wp\/v2\/pwb-brand?post=429650"},{"taxonomy":"product_brand","embeddable":true,"href":"https:\/\/www.moskito.cz\/de\/wp-json\/wp\/v2\/product_brand?post=429650"},{"taxonomy":"product_cat","embeddable":true,"href":"https:\/\/www.moskito.cz\/de\/wp-json\/wp\/v2\/product_cat?post=429650"},{"taxonomy":"product_tag","embeddable":true,"href":"https:\/\/www.moskito.cz\/de\/wp-json\/wp\/v2\/product_tag?post=429650"}],"curies":[{"name":"wp","href":"https:\/\/api.w.org\/{rel}","templated":true}]}}