{"id":429664,"date":"2024-09-26T13:02:06","date_gmt":"2024-09-26T12:02:06","guid":{"rendered":"https:\/\/www.moskito.cz\/produkt\/magnum-air-force-rescue-unterstuetzt-klappmesser-01ll473\/"},"modified":"2025-12-16T12:46:27","modified_gmt":"2025-12-16T11:46:27","slug":"magnum-air-force-rescue-unterstuetzt-klappmesser-01ll473","status":"publish","type":"product","link":"https:\/\/www.moskito.cz\/de\/produkt\/magnum-air-force-rescue-unterstuetzt-klappmesser-01ll473\/","title":{"rendered":"Magnum Air Force Rescue unterst\u00fctzt Klappmesser 01LL473"},"content":{"rendered":"<p><strong>Magnum<\/strong> Air Force Rescue Assisted Messer 01LL473.<\/p>\n<div class=\"flex max-w-full flex-col flex-grow\">\n<div class=\"min-h-8 text-message flex w-full flex-col items-end gap-2 whitespace-normal break-words [.text-message+&amp;]:mt-5\" dir=\"auto\" data-message-author-role=\"assistant\" data-message-id=\"3bc9589c-4dd5-4bd0-a504-1083074adfc6\" data-message-model-slug=\"gpt-4o\">\n<div class=\"flex w-full flex-col gap-1 empty:hidden first:pt-[3px]\">\n<div class=\"markdown prose w-full break-words dark:prose-invert light\">\n<p><strong>Das Magnum Air Force Rescue Assisted 01LL473<\/strong> ist ein praktisches Rettungsmesser, das als Hommage an die Sicherheitskr\u00e4fte entworfen wurde, die bei der Rettung und dem Schutz von Leben in Gefahr sind. Es bietet Funktionen, die es f\u00fcr Krisensituationen geeignet machen, w\u00e4hrend es eher f\u00fcr Gelegenheitsnutzer als f\u00fcr den t\u00e4glichen professionellen Einsatz geeignet ist. <\/p>\n<h3>Haupteigenschaften:<\/h3>\n<ol>\n<li><strong>Klinge<\/strong> :\n<ul>\n<li><strong>Material<\/strong>: <strong>440A-Edelstahl<\/strong>, bekannt f\u00fcr seine Korrosionsbest\u00e4ndigkeit und einfache Wartung.<\/li>\n<li><strong>Klingenform<\/strong>: der <strong>Reverse Tanto<\/strong>, der eine solide Spitze bietet, die ideal f\u00fcr das Eindringen und pr\u00e4zise Schneiden ist.<\/li>\n<li><strong>Ausf\u00fchrung<\/strong>: Schwarz beschichtete Klinge f\u00fcr erh\u00f6hten Schutz gegen Abnutzung.<\/li>\n<li><strong>Teilweise gezahnte Klinge<\/strong>: Erleichtert das Schneiden von harten Materialien wie Seilen oder Sicherheitsgurten.<\/li>\n<li><strong>Assisted Opener<\/strong>: Dank der Federunterst\u00fctzung kann das Messer mit dem Flipper schnell und einfach mit einer Hand ge\u00f6ffnet werden.<\/li>\n<\/ul>\n<\/li>\n<li><strong>Handhaben<\/strong> :\n<ul>\n<li><strong>Material<\/strong>: Eloxiertes Aluminium in <strong>K\u00f6nigsblau<\/strong> mit dezentem Luftwaffenemblem.<\/li>\n<li>Ergonomische Form f\u00fcr bequemen Griff.<\/li>\n<\/ul>\n<\/li>\n<li><strong>Rettungsfunktion<\/strong>:\n<ul>\n<li><strong>Ein Dorn zum Einschlagen der Scheibe<\/strong>: F\u00fcr Notsituationen, wenn Sie ein Fenster einschlagen m\u00fcssen.<\/li>\n<li><strong>Sicherheitsgurtschneider<\/strong>: erm\u00f6glicht ein schnelles und sicheres Entfernen der Sicherheitsgurte ohne Verletzungsgefahr.<\/li>\n<li><strong>Taschenclip<\/strong>: zum einfachen Tragen.<\/li>\n<\/ul>\n<\/li>\n<li><strong>Mechanismus und Verschluss<\/strong>:\n<ul>\n<li><strong>Liner Lock<\/strong>: h\u00e4lt die Klinge w\u00e4hrend des Gebrauchs sicher in der offenen Position.<\/li>\n<\/ul>\n<\/li>\n<li><strong>Abmessungen und Gewicht<\/strong>:\n<ul>\n<li><strong>Gesamtl\u00e4nge<\/strong>: 21,90 cm.<\/li>\n<li><strong>L\u00e4nge der Klinge<\/strong>: 8,30 cm.<\/li>\n<li><strong>Dicke der Klinge<\/strong>: 2,80 mm.<\/li>\n<li><strong>Gewicht<\/strong>: 139 g, bietet ein ausgewogenes Verh\u00e4ltnis zwischen Haltbarkeit und Tragbarkeit.<\/li>\n<\/ul>\n<\/li>\n<\/ol>\n<h3>Verwenden:<\/h3>\n<p><strong>Magnum Air Force Rescue<\/strong> ist ideal f\u00fcr:<\/p>\n<ul>\n<li><strong>Notfall<\/strong>: dank spezieller Funktionen wie der Glasspitze und dem Gurtschneider.<\/li>\n<li><strong>Alltagstauglich<\/strong>: F\u00fcr Freizeitnutzer, die funktionelles und attraktives Design sch\u00e4tzen.<\/li>\n<li><strong>Fans von Themenmessern<\/strong>: ein tolles Geschenk f\u00fcr Air Force Fans oder Sammler.<\/li>\n<\/ul>\n<h3>Empfehlung:<\/h3>\n<p>F\u00fcr professionelle Retter, die ein Messer f\u00fcr den intensiven t\u00e4glichen Einsatz ben\u00f6tigen, empfiehlt der Hersteller Modelle aus der <strong>B\u00f6ker Plus Savior<\/strong> Serie <strong>(01BO320, 01BO321, 01BO322<\/strong>), die f\u00fcr eine l\u00e4ngere Haltbarkeit ausgelegt sind.<\/p>\n<h3>Abschluss:<\/h3>\n<p><strong>Das Magnum Air Force Rescue Assisted 01LL473<\/strong> ist ein praktisches, funktionelles und stilvolles Rettungsmesser. Es bietet zuverl\u00e4ssige Funktionen f\u00fcr Notsituationen und ein attraktives Design, das es zu einer idealen Wahl f\u00fcr Gelegenheitsnutzer und Sammler gleicherma\u00dfen macht. <\/p>\n<\/div>\n<\/div>\n<\/div>\n<\/div>\n<div class=\"mb-2 flex gap-3 empty:hidden -ml-2\">\n<div class=\"items-center justify-start rounded-xl p-1 flex\">\n<div class=\"flex items-center\"><\/div>\n<\/div>\n<\/div>\n<p>&nbsp;<\/p>\n","protected":false},"excerpt":{"rendered":"<p><strong>Das Magnum Air Force Rescue Assisted 01LL473 ist ein praktisches, funktionelles und stilvolles Rettungsmesser. Es bietet zuverl\u00e4ssige Funktionen f\u00fcr Notsituationen und ein attraktives Design, das es zu einer idealen Wahl f\u00fcr Gelegenheitsnutzer und Sammler gleicherma\u00dfen macht. <\/strong><\/p>\n","protected":false},"featured_media":365944,"comment_status":"closed","ping_status":"closed","template":"","meta":[],"pwb-brand":[3422],"product_brand":[],"product_cat":[3303,3285],"product_tag":[],"class_list":{"0":"post-429664","1":"product","2":"type-product","3":"status-publish","4":"has-post-thumbnail","6":"pwb-brand-boker-de","7":"product_cat-schliesmesser","8":"product_cat-messer","10":"first","11":"outofstock","12":"taxable","13":"shipping-taxable","14":"purchasable","15":"product-type-simple"},"brands":[{"id":3422,"name":"B\u00f6ker","slug":"boker-de"}],"_links":{"self":[{"href":"https:\/\/www.moskito.cz\/de\/wp-json\/wp\/v2\/product\/429664","targetHints":{"allow":["GET"]}}],"collection":[{"href":"https:\/\/www.moskito.cz\/de\/wp-json\/wp\/v2\/product"}],"about":[{"href":"https:\/\/www.moskito.cz\/de\/wp-json\/wp\/v2\/types\/product"}],"replies":[{"embeddable":true,"href":"https:\/\/www.moskito.cz\/de\/wp-json\/wp\/v2\/comments?post=429664"}],"wp:featuredmedia":[{"embeddable":true,"href":"https:\/\/www.moskito.cz\/de\/wp-json\/wp\/v2\/media\/365944"}],"wp:attachment":[{"href":"https:\/\/www.moskito.cz\/de\/wp-json\/wp\/v2\/media?parent=429664"}],"wp:term":[{"taxonomy":"pwb-brand","embeddable":true,"href":"https:\/\/www.moskito.cz\/de\/wp-json\/wp\/v2\/pwb-brand?post=429664"},{"taxonomy":"product_brand","embeddable":true,"href":"https:\/\/www.moskito.cz\/de\/wp-json\/wp\/v2\/product_brand?post=429664"},{"taxonomy":"product_cat","embeddable":true,"href":"https:\/\/www.moskito.cz\/de\/wp-json\/wp\/v2\/product_cat?post=429664"},{"taxonomy":"product_tag","embeddable":true,"href":"https:\/\/www.moskito.cz\/de\/wp-json\/wp\/v2\/product_tag?post=429664"}],"curies":[{"name":"wp","href":"https:\/\/api.w.org\/{rel}","templated":true}]}}