{"id":429688,"date":"2023-03-29T21:21:25","date_gmt":"2023-03-29T20:21:25","guid":{"rendered":"https:\/\/www.moskito.cz\/produkt\/schliessmesser-cold-steel-verdict-spear-point-black\/"},"modified":"2025-12-16T16:32:25","modified_gmt":"2025-12-16T15:32:25","slug":"schliessmesser-cold-steel-verdict-spear-point-black","status":"publish","type":"product","link":"https:\/\/www.moskito.cz\/de\/produkt\/schliessmesser-cold-steel-verdict-spear-point-black\/","title":{"rendered":"Schlie\u00dfmesser Cold Steel VERDICT SPEAR POINT BLACK"},"content":{"rendered":"<p>Schlie\u00dfmesser <strong>Cold Steel<\/strong> VERDICT SPEAR POINT BLACK<\/p>\n<p>Das Verdict ist leicht, einfach zu \u00f6ffnen und mit dem sicheren Tri-Ad\u00ae-Verschluss von Cold Steel ausgestattet. Die 3-Zoll-Klinge aus geschliffenem rostfreiem Stahl 4116 l\u00e4sst sich leicht einrasten und h\u00e4lt die Schneide. Der robuste GFN-Griff ist so konzipiert, dass er jahrelangem hartem Gebrauch standh\u00e4lt. Dieses wendbare Klappmesser ist in einer Kombination aus Klingenformen (Clip Point und Spear Point) und Grifffarben erh\u00e4ltlich.  <\/p>\n<p>Urteil zur Serie:<\/p>\n<p>Ein Urteil ist eine Entscheidung, und die Klappmesser der Verdict-Serie von Cold Steel bieten Benutzern eine entscheidende Alltagstragem\u00f6glichkeit wie einen Stein. Ausgestattet mit dem bew\u00e4hrten und bew\u00e4hrten Tri-Ad\u00ae-Schloss, ist das Verdict mit zwei Stahl- und zwei Griffmaterialien sowie verschiedenen Klingenformen erh\u00e4ltlich.<\/p>\n<p>Beschreibung:<br \/>\nKlingenmaterial: 4116<br \/>\nGriffmaterial: GFN<br \/>\nVerschluss: Tri-Ad-Verschluss<br \/>\nKlingenl\u00e4nge: 7,6 cm<br \/>\nKlingentyp: Speerspitze<br \/>\nVerwendung: EDC &#8211; everyday carry<\/p>\n<p><iframe title=\"COLD STEEL VERDICT LINE OF KNIVES\" width=\"800\" height=\"450\" src=\"https:\/\/www.youtube.com\/embed\/6vn_iWyLzhQ?feature=oembed\" frameborder=\"0\" allow=\"accelerometer; autoplay; clipboard-write; encrypted-media; gyroscope; picture-in-picture; web-share\" referrerpolicy=\"strict-origin-when-cross-origin\" allowfullscreen><\/iframe><\/p>\n<p>&nbsp;<\/p>\n<p>&nbsp;<\/p>\n","protected":false},"excerpt":{"rendered":"<p><strong>Das Urteil ist eine \u201eEntscheidung\u201c! Auch Sie werden entschlossen sein, das neue Verdict-Messer zu tragen, wenn Sie es zum ersten Mal in die Hand nehmen.<\/strong><\/p>\n","protected":false},"featured_media":429689,"comment_status":"open","ping_status":"closed","template":"","meta":[],"pwb-brand":[3602],"product_brand":[],"product_cat":[3303,3285],"product_tag":[3669],"class_list":{"0":"post-429688","1":"product","2":"type-product","3":"status-publish","4":"has-post-thumbnail","6":"pwb-brand-kalter-stahl","7":"product_cat-schliesmesser","8":"product_cat-messer","9":"product_tag-b2b-de","11":"first","12":"instock","13":"taxable","14":"shipping-taxable","15":"purchasable","16":"product-type-simple"},"brands":[{"id":3602,"name":"Kalter Stahl","slug":"kalter-stahl"}],"_links":{"self":[{"href":"https:\/\/www.moskito.cz\/de\/wp-json\/wp\/v2\/product\/429688","targetHints":{"allow":["GET"]}}],"collection":[{"href":"https:\/\/www.moskito.cz\/de\/wp-json\/wp\/v2\/product"}],"about":[{"href":"https:\/\/www.moskito.cz\/de\/wp-json\/wp\/v2\/types\/product"}],"replies":[{"embeddable":true,"href":"https:\/\/www.moskito.cz\/de\/wp-json\/wp\/v2\/comments?post=429688"}],"wp:featuredmedia":[{"embeddable":true,"href":"https:\/\/www.moskito.cz\/de\/wp-json\/wp\/v2\/media\/429689"}],"wp:attachment":[{"href":"https:\/\/www.moskito.cz\/de\/wp-json\/wp\/v2\/media?parent=429688"}],"wp:term":[{"taxonomy":"pwb-brand","embeddable":true,"href":"https:\/\/www.moskito.cz\/de\/wp-json\/wp\/v2\/pwb-brand?post=429688"},{"taxonomy":"product_brand","embeddable":true,"href":"https:\/\/www.moskito.cz\/de\/wp-json\/wp\/v2\/product_brand?post=429688"},{"taxonomy":"product_cat","embeddable":true,"href":"https:\/\/www.moskito.cz\/de\/wp-json\/wp\/v2\/product_cat?post=429688"},{"taxonomy":"product_tag","embeddable":true,"href":"https:\/\/www.moskito.cz\/de\/wp-json\/wp\/v2\/product_tag?post=429688"}],"curies":[{"name":"wp","href":"https:\/\/api.w.org\/{rel}","templated":true}]}}