{"id":429692,"date":"2024-09-26T13:01:37","date_gmt":"2024-09-26T12:01:37","guid":{"rendered":"https:\/\/www.moskito.cz\/produkt\/taschenmesser-boeker-plus-kal-14\/"},"modified":"2025-12-16T16:32:30","modified_gmt":"2025-12-16T15:32:30","slug":"taschenmesser-boeker-plus-kal-14","status":"publish","type":"product","link":"https:\/\/www.moskito.cz\/de\/produkt\/taschenmesser-boeker-plus-kal-14\/","title":{"rendered":"Taschenmesser B\u00f6ker Plus KAL-14"},"content":{"rendered":"<p>Taschenmesser<strong> B\u00f6ker Plus<\/strong> KAL-14.<\/p>\n<div class=\"flex max-w-full flex-col flex-grow\">\n<div class=\"min-h-8 text-message flex w-full flex-col items-end gap-2 whitespace-normal break-words [.text-message+&amp;]:mt-5\" dir=\"auto\" data-message-author-role=\"assistant\" data-message-id=\"d7d8fd1e-846a-4da0-818b-dfa3b382aa15\" data-message-model-slug=\"gpt-4o-mini\">\n<div class=\"flex w-full flex-col gap-1 empty:hidden first:pt-[3px]\">\n<div class=\"markdown prose w-full break-words dark:prose-invert light\">\n<p>Das <strong>B\u00f6ker Plus KAL-14<\/strong> Taschenmesser ist Teil der beliebten <strong>Kalaschnikow-Serie<\/strong>, die f\u00fcr ihr langlebiges Design und ihre hervorragende Funktionalit\u00e4t bekannt ist. Dieses Modell bringt nicht nur gro\u00dfartige technische Eigenschaften mit, sondern auch optisch attraktive Elemente dank der Holzeinlagen im Aluminiumgriff. <\/p>\n<hr>\n<h3><strong>Haupteigenschaften:<\/strong><\/h3>\n<ol>\n<li><strong>Klinge<\/strong> :\n<ul>\n<li><strong>Material<\/strong>: <strong>440C<\/strong> &#8211; hochwertiger rostfreier Stahl, bekannt f\u00fcr seine Verschlei\u00dffestigkeit und hervorragende Sch\u00e4rfeeigenschaften.<\/li>\n<li><strong>\u00d6ffnung<\/strong>: Die Klinge l\u00e4sst sich entweder mit einem <strong>Flipper<\/strong> oder einem <strong>Daumenrad<\/strong> \u00f6ffnen und bietet so Flexibilit\u00e4t bei der Verwendung.<\/li>\n<li><strong>Klingenl\u00e4nge<\/strong>: 9,30 cm &#8211; ideale Gr\u00f6\u00dfe f\u00fcr das t\u00e4gliche Tragen und verschiedene Aufgaben.<\/li>\n<li><strong>Klingenst\u00e4rke<\/strong>: 3,00 mm &#8211; bietet ausreichend St\u00e4rke f\u00fcr anspruchsvollere Aufgaben.<\/li>\n<\/ul>\n<\/li>\n<li><strong>Handhaben<\/strong> :\n<ul>\n<li><strong>Material<\/strong>: <strong>Aluminium mit Holzeins\u00e4tzen<\/strong> &#8211; der Aluminiumgriff bietet Leichtigkeit und Haltbarkeit, w\u00e4hrend die Holzeins\u00e4tze f\u00fcr optische Eleganz und einen angenehmen Kontrast sorgen.<\/li>\n<li><strong>Sicherer Griff<\/strong>: Das Griffdesign ist ergonomisch und sorgt f\u00fcr einen sicheren und komfortablen Halt des Messers.<\/li>\n<\/ul>\n<\/li>\n<li><strong>Merkmale<\/strong>:\n<ul>\n<li><strong>Linerlock<\/strong> &#8211; sichert die Klinge in der ge\u00f6ffneten Position und gew\u00e4hrleistet eine sichere Verwendung.<\/li>\n<li><strong>Zus\u00e4tzliche Tools<\/strong>:\n<ul>\n<li><strong>Glasbrecher<\/strong> &#8211; f\u00fcr Notsituationen, in denen Sie schnell und effizient Glas brechen m\u00fcssen.<\/li>\n<li><strong>Gurtschneider<\/strong> &#8211; ein praktisches Werkzeug zum Durchtrennen von Sicherheitsgurten im Notfall.<\/li>\n<\/ul>\n<\/li>\n<\/ul>\n<\/li>\n<li><strong>Der Fall<\/strong>:\n<ul>\n<li><strong>Nylonholster<\/strong> &#8211; enth\u00e4lt eine praktische Tasche zum Tragen am G\u00fcrtel.<\/li>\n<li><strong>Geschenkbox<\/strong> &#8211; Das Messer wird in einer eleganten Geschenkbox geliefert, die es zu einem gro\u00dfartigen Geschenk f\u00fcr Sammler oder Liebhaber macht.<\/li>\n<\/ul>\n<\/li>\n<\/ol>\n<hr>\n<h3><strong>Technische Spezifikationen<\/strong> :<\/h3>\n<ul>\n<li><strong>Gesamtl\u00e4nge<\/strong>: 22,00 cm<\/li>\n<li><strong>L\u00e4nge der Klinge<\/strong>: 9,30 cm<\/li>\n<li><strong>Dicke der Klinge<\/strong>: 3,00 mm<\/li>\n<li><strong>Gewicht<\/strong>: 205,00 g<\/li>\n<li><strong>Material der Klinge<\/strong>: 440C<\/li>\n<li><strong>Material des Griffs<\/strong>: Aluminium mit Holzeinlagen<\/li>\n<li><strong>\u00d6ffnungsmechanismus<\/strong>: manuell (Flipper\/Zollstift)<\/li>\n<li><strong>Verschluss<\/strong>: <strong>Linerlock<\/strong><\/li>\n<li><strong>Artikel Nummer<\/strong>: 01CAL14<\/li>\n<\/ul>\n<hr>\n<h3><strong>Nutzen und Anwendungsm\u00f6glichkeiten<\/strong> :<\/h3>\n<ul>\n<li><strong>Vielseitigkeit<\/strong>: Das Taschenmesser mit einer hochwertigen <strong>440C-Klinge<\/strong> und Zusatzfunktionen (Glasbrecher, G\u00fcrtelschneider) ist ideal f\u00fcr das t\u00e4gliche Tragen, aber auch f\u00fcr den Einsatz in Krisensituationen.<\/li>\n<li><strong>Elegantes Design<\/strong>: Die Kombination aus <strong>Aluminiumgriff<\/strong> und <strong>Holzeinlagen<\/strong> macht dieses Messer nicht nur funktional, sondern auch attraktiv.<\/li>\n<li><strong>Sicherheit und Komfort<\/strong>: Der <strong>Linerlock-Mechanismus<\/strong> und der ergonomische Griff sorgen daf\u00fcr, dass das Messer auch bei l\u00e4ngerem Gebrauch sicher und komfortabel ist.<\/li>\n<li><strong>Praktische Scheide<\/strong>: Die mitgelieferte Nylonscheide erleichtert das Tragen und den Zugriff auf das Messer.<\/li>\n<\/ul>\n<hr>\n<h3><strong>Abschluss<\/strong> :<\/h3>\n<p><strong>Das B\u00f6ker Plus KAL-14<\/strong> ist ein hochwertiges Taschenmesser, das Robustheit und Funktionalit\u00e4t mit einem eleganten Design verbindet. Dieses Modell eignet sich sowohl f\u00fcr den Alltag als auch f\u00fcr Krisensituationen und ist ideal f\u00fcr Benutzer, die ein zuverl\u00e4ssiges und attraktives Werkzeug mit einem breiten Einsatzspektrum suchen. <\/p>\n<\/div>\n<\/div>\n<\/div>\n<\/div>\n<div class=\"mb-2 flex gap-3 empty:hidden -ml-2\">\n<div class=\"items-center justify-start rounded-xl p-1 flex\">\n<div class=\"flex items-center\"><\/div>\n<\/div>\n<\/div>\n<p>&nbsp;<\/p>\n","protected":false},"excerpt":{"rendered":"<div class=\"flex max-w-full flex-col flex-grow\">\n<div class=\"min-h-8 text-message flex w-full flex-col items-end gap-2 whitespace-normal break-words [.text-message+&amp;]:mt-5\" dir=\"auto\" data-message-author-role=\"assistant\" data-message-id=\"d7d8fd1e-846a-4da0-818b-dfa3b382aa15\" data-message-model-slug=\"gpt-4o-mini\">\n<div class=\"flex w-full flex-col gap-1 empty:hidden first:pt-[3px]\">\n<div class=\"markdown prose w-full break-words dark:prose-invert light\">\n<p><strong>Das B\u00f6ker Plus KAL-14 ist ein hochwertiges Taschenmesser, das Robustheit und Funktionalit\u00e4t mit einem eleganten Design verbindet. Dieses Modell eignet sich sowohl f\u00fcr den Alltag als auch f\u00fcr Krisensituationen und ist ideal f\u00fcr Benutzer, die ein zuverl\u00e4ssiges und attraktives Werkzeug mit einem breiten Einsatzspektrum suchen. <\/strong><\/p>\n<\/div>\n<\/div>\n<\/div>\n<\/div>\n<div class=\"mb-2 flex gap-3 empty:hidden -ml-2\">\n<div class=\"items-center justify-start rounded-xl p-1 flex\">\n<div class=\"flex items-center\"><\/div>\n<\/div>\n<\/div>\n","protected":false},"featured_media":361265,"comment_status":"closed","ping_status":"closed","template":"","meta":[],"pwb-brand":[3422],"product_brand":[],"product_cat":[3303,3285],"product_tag":[],"class_list":{"0":"post-429692","1":"product","2":"type-product","3":"status-publish","4":"has-post-thumbnail","6":"pwb-brand-boker-de","7":"product_cat-schliesmesser","8":"product_cat-messer","10":"first","11":"outofstock","12":"taxable","13":"shipping-taxable","14":"purchasable","15":"product-type-simple"},"brands":[{"id":3422,"name":"B\u00f6ker","slug":"boker-de"}],"_links":{"self":[{"href":"https:\/\/www.moskito.cz\/de\/wp-json\/wp\/v2\/product\/429692","targetHints":{"allow":["GET"]}}],"collection":[{"href":"https:\/\/www.moskito.cz\/de\/wp-json\/wp\/v2\/product"}],"about":[{"href":"https:\/\/www.moskito.cz\/de\/wp-json\/wp\/v2\/types\/product"}],"replies":[{"embeddable":true,"href":"https:\/\/www.moskito.cz\/de\/wp-json\/wp\/v2\/comments?post=429692"}],"wp:featuredmedia":[{"embeddable":true,"href":"https:\/\/www.moskito.cz\/de\/wp-json\/wp\/v2\/media\/361265"}],"wp:attachment":[{"href":"https:\/\/www.moskito.cz\/de\/wp-json\/wp\/v2\/media?parent=429692"}],"wp:term":[{"taxonomy":"pwb-brand","embeddable":true,"href":"https:\/\/www.moskito.cz\/de\/wp-json\/wp\/v2\/pwb-brand?post=429692"},{"taxonomy":"product_brand","embeddable":true,"href":"https:\/\/www.moskito.cz\/de\/wp-json\/wp\/v2\/product_brand?post=429692"},{"taxonomy":"product_cat","embeddable":true,"href":"https:\/\/www.moskito.cz\/de\/wp-json\/wp\/v2\/product_cat?post=429692"},{"taxonomy":"product_tag","embeddable":true,"href":"https:\/\/www.moskito.cz\/de\/wp-json\/wp\/v2\/product_tag?post=429692"}],"curies":[{"name":"wp","href":"https:\/\/api.w.org\/{rel}","templated":true}]}}