{"id":429748,"date":"2023-02-15T22:24:42","date_gmt":"2023-02-15T21:24:42","guid":{"rendered":"https:\/\/www.moskito.cz\/produkt\/auswurfmesser-a-g-a-campolin-akc-f-16-otf\/"},"modified":"2025-12-18T10:48:31","modified_gmt":"2025-12-18T09:48:31","slug":"auswurfmesser-a-g-a-campolin-akc-f-16-otf","status":"publish","type":"product","link":"https:\/\/www.moskito.cz\/de\/produkt\/auswurfmesser-a-g-a-campolin-akc-f-16-otf\/","title":{"rendered":"Auswurfmesser A.G.A. CAMPOLIN AKC F-16 OTF"},"content":{"rendered":"<p>Auswurfmesser <strong>A.G.A. CAMPOLIN<\/strong> AKC F-16 OTF<\/p>\n<p>Das AKC OTF &#8222;F16&#8220; ist ein beeindruckendes Automatikmesser, das Funktionalit\u00e4t mit einem attraktiven Design verbindet. Hier ist ein \u00dcberblick \u00fcber seine wichtigsten Funktionen und was es zu einem au\u00dfergew\u00f6hnlichen Werkzeug macht:<br \/>\nKey Features: <\/p>\n<p>Klingenmechanismus:<br \/>\nDer Doppelfedermechanismus sorgt f\u00fcr ein schnelles und zuverl\u00e4ssiges Ausfahren der Klinge.<br \/>\nEinfache Bedienung per Knopfdruck sowohl beim Ausfahren als auch beim Einfahren der Klinge.<br \/>\nMinimaler Klingenabstand sorgt f\u00fcr sichere und pr\u00e4zise Kontrolle.<\/p>\n<p>Design und Konstruktion:<br \/>\nKlinge: Satinpolierte Dolchklinge, inspiriert vom klassischen italienischen Stiletto, bietet eine scharfe und symmetrische Form.<br \/>\nGriff: Leichte Aluminiumkonstruktion mit milit\u00e4rgr\u00fcnem Finish. Die schwarze Sandpapiereinlage verbessert die Griffsicherheit, auch unter schwierigen Bedingungen.<br \/>\nTaschenclip: Schwarzer Clip f\u00fcr sicheres Tragen. <\/p>\n<p>Abmessungen:<br \/>\nGesamtl\u00e4nge: 20 cm<br \/>\nKlingenl\u00e4nge: 8,5 cm<br \/>\nKlingenst\u00e4rke: 3 mm<br \/>\nGewicht: 90 g<\/p>\n<p>Materialien:<br \/>\nKlingenmaterial: 440A rostfreier Stahl, bekannt f\u00fcr seine Korrosionsbest\u00e4ndigkeit und leichte Sch\u00e4rfbarkeit.<br \/>\nGriffmaterial: Aluminium f\u00fcr Haltbarkeit und Leichtigkeit.<br \/>\nLiner-Material: Sandpapier f\u00fcr einen festen und ergonomischen Griff.<\/p>\n<p>Anwendbarkeit:<\/p>\n<p>Die F16 ist ein kompaktes und einfach zu bedienendes Werkzeug f\u00fcr den t\u00e4glichen Gebrauch (EDC). Dank der schnellen Aktion und der robusten Konstruktion eignet sie sich sowohl f\u00fcr Gebrauchs- als auch f\u00fcr Verteidigungszwecke.<br \/>\n\u00c4sthetik: <\/p>\n<p>Inspiriert von dem Kampfflugzeug F-16 Fighting Falcon, spiegelt sein schlankes und funktionelles Design Pr\u00e4zisionstechnik und milit\u00e4rische Haltbarkeit wider. Das von italienischen Stilettos inspirierte Styling verleiht ihm ein klassisches Gef\u00fchl mit moderner Handwerkskunst. <\/p>\n<p>Mit seiner Kombination aus Schnelligkeit, Haltbarkeit und ergonomischem Design ist dieses Messer eine wertvolle Erg\u00e4nzung f\u00fcr jede Sammlung oder ein zuverl\u00e4ssiges Werkzeug f\u00fcr den t\u00e4glichen Gebrauch.<\/p>\n<p><iframe title=\"AKC F16 Automatic OTF F16B CF\" width=\"800\" height=\"450\" src=\"https:\/\/www.youtube.com\/embed\/yyAzUKCJ_AQ?feature=oembed\" frameborder=\"0\" allow=\"accelerometer; autoplay; clipboard-write; encrypted-media; gyroscope; picture-in-picture; web-share\" referrerpolicy=\"strict-origin-when-cross-origin\" allowfullscreen><\/iframe><\/p>\n<p>&nbsp;<\/p>\n","protected":false},"excerpt":{"rendered":"<p><strong>Mit seiner Kombination aus Schnelligkeit, Haltbarkeit und ergonomischem Design ist dieses Messer eine wertvolle Erg\u00e4nzung f\u00fcr jede Sammlung oder ein zuverl\u00e4ssiges Werkzeug f\u00fcr den t\u00e4glichen Gebrauch.<\/strong><\/p>\n","protected":false},"featured_media":429750,"comment_status":"open","ping_status":"closed","template":"","meta":[],"pwb-brand":[4016],"product_brand":[],"product_cat":[3343,3285],"product_tag":[],"class_list":{"0":"post-429748","1":"product","2":"type-product","3":"status-publish","4":"has-post-thumbnail","6":"pwb-brand-aga-campolin-de","7":"product_cat-schiesmesser","8":"product_cat-messer","10":"first","11":"instock","12":"taxable","13":"shipping-taxable","14":"purchasable","15":"product-type-simple"},"brands":[{"id":4016,"name":"AGA CAMPOLIN","slug":"aga-campolin-de"}],"_links":{"self":[{"href":"https:\/\/www.moskito.cz\/de\/wp-json\/wp\/v2\/product\/429748","targetHints":{"allow":["GET"]}}],"collection":[{"href":"https:\/\/www.moskito.cz\/de\/wp-json\/wp\/v2\/product"}],"about":[{"href":"https:\/\/www.moskito.cz\/de\/wp-json\/wp\/v2\/types\/product"}],"replies":[{"embeddable":true,"href":"https:\/\/www.moskito.cz\/de\/wp-json\/wp\/v2\/comments?post=429748"}],"wp:featuredmedia":[{"embeddable":true,"href":"https:\/\/www.moskito.cz\/de\/wp-json\/wp\/v2\/media\/429750"}],"wp:attachment":[{"href":"https:\/\/www.moskito.cz\/de\/wp-json\/wp\/v2\/media?parent=429748"}],"wp:term":[{"taxonomy":"pwb-brand","embeddable":true,"href":"https:\/\/www.moskito.cz\/de\/wp-json\/wp\/v2\/pwb-brand?post=429748"},{"taxonomy":"product_brand","embeddable":true,"href":"https:\/\/www.moskito.cz\/de\/wp-json\/wp\/v2\/product_brand?post=429748"},{"taxonomy":"product_cat","embeddable":true,"href":"https:\/\/www.moskito.cz\/de\/wp-json\/wp\/v2\/product_cat?post=429748"},{"taxonomy":"product_tag","embeddable":true,"href":"https:\/\/www.moskito.cz\/de\/wp-json\/wp\/v2\/product_tag?post=429748"}],"curies":[{"name":"wp","href":"https:\/\/api.w.org\/{rel}","templated":true}]}}