{"id":429752,"date":"2025-09-13T09:29:46","date_gmt":"2025-09-13T08:29:46","guid":{"rendered":"https:\/\/www.moskito.cz\/produkt\/leatherman-skeletool-kb-833165\/"},"modified":"2025-12-18T10:48:34","modified_gmt":"2025-12-18T09:48:34","slug":"leatherman-skeletool-kb-833165","status":"publish","type":"product","link":"https:\/\/www.moskito.cz\/de\/produkt\/leatherman-skeletool-kb-833165\/","title":{"rendered":"Leatherman SkeleTool KB 833165"},"content":{"rendered":"<p data-start=\"133\" data-end=\"625\">Wenn Sie das <strong data-start=\"153\" data-end=\"192\">Leatherman Skeletool KB Onyx 833165<\/strong> in die Hand nehmen, wissen Sie sofort, dass es ein minimalistisches Werkzeug f\u00fcr den Alltag ist. Das schwarze Finish des Onyx sieht elegant und unaufdringlich aus und bietet eine zuverl\u00e4ssige Klinge aus rostfreiem <strong data-start=\"375\" data-end=\"384\">420HC-Stahl<\/strong>, die f\u00fcr alle g\u00e4ngigen Aufgaben geeignet ist. Beim Skeletool KB geht es nicht um eine Vielzahl von Funktionen, sondern um Einfachheit, Leichtigkeit und schnelle Einsatzbereitschaft. Mit einem cleveren Taschenclip, der gleichzeitig als Flaschen\u00f6ffner dient, haben Sie immer genau das zur Hand, was Sie brauchen.   <\/p>\n<hr data-start=\"627\" data-end=\"630\">\n<p data-start=\"632\" data-end=\"700\">\ud83d\udd27 <strong data-start=\"635\" data-end=\"698\">Technische Daten (Leatherman Skeletool KB Onyx 833165)<\/strong><\/p>\n<ul data-start=\"702\" data-end=\"1087\">\n<li data-start=\"702\" data-end=\"738\">\n<p data-start=\"704\" data-end=\"738\"><strong data-start=\"704\" data-end=\"729\">L\u00e4nge der geschlossenen Klinge:<\/strong> 8,7 cm<\/p>\n<\/li>\n<li data-start=\"739\" data-end=\"777\">\n<p data-start=\"741\" data-end=\"777\"><strong data-start=\"741\" data-end=\"767\">L\u00e4nge der offenen Klinge:<\/strong> 14,9 cm<\/p>\n<\/li>\n<li data-start=\"778\" data-end=\"806\">\n<p data-start=\"780\" data-end=\"806\"><strong data-start=\"780\" data-end=\"797\">L\u00e4nge der Klinge:<\/strong> 6,6 cm<\/p>\n<\/li>\n<li data-start=\"807\" data-end=\"831\">\n<p data-start=\"809\" data-end=\"831\"><strong data-start=\"809\" data-end=\"822\">Gewicht:<\/strong> 36,8 g<\/p>\n<\/li>\n<li data-start=\"832\" data-end=\"876\">\n<p data-start=\"834\" data-end=\"876\"><strong data-start=\"834\" data-end=\"854\">Klingenmaterial:<\/strong> rostfreier Stahl 420HC<\/p>\n<\/li>\n<li data-start=\"877\" data-end=\"927\">\n<p data-start=\"879\" data-end=\"927\"><strong data-start=\"879\" data-end=\"900\">Oberfl\u00e4chenbehandlung:<\/strong> schwarzer Onyx (Black Oxide)<\/p>\n<\/li>\n<li data-start=\"928\" data-end=\"988\">\n<p data-start=\"930\" data-end=\"988\"><strong data-start=\"930\" data-end=\"952\">Material des Griffs:<\/strong> Edelstahl mit Aluminiumelementen<\/p>\n<\/li>\n<li data-start=\"989\" data-end=\"1024\">\n<p data-start=\"991\" data-end=\"1024\"><strong data-start=\"991\" data-end=\"1011\">Klingenverriegelung:<\/strong> Liner-Lock<\/p>\n<\/li>\n<li data-start=\"1025\" data-end=\"1087\">\n<p data-start=\"1027\" data-end=\"1087\"><strong data-start=\"1027\" data-end=\"1044\">Anzahl der Funktionen:<\/strong> 2 (Klinge, Flaschen\u00f6ffner\/Taschenclip)<\/p>\n<\/li>\n<\/ul>\n<hr data-start=\"1089\" data-end=\"1092\">\n<p data-start=\"1094\" data-end=\"1115\">\u2705 <strong data-start=\"1096\" data-end=\"1113\">Hauptvorteile<\/strong><\/p>\n<ul data-start=\"1117\" data-end=\"1478\">\n<li data-start=\"1117\" data-end=\"1168\">\n<p data-start=\"1119\" data-end=\"1168\">\u00c4u\u00dferst leicht &#8211; nur 37 g, ideal f\u00fcr EDC.<\/p>\n<\/li>\n<li data-start=\"1169\" data-end=\"1233\">\n<p data-start=\"1171\" data-end=\"1233\">Elegantes schwarzes Onyx-Finish mit langlebiger Oberfl\u00e4che.<\/p>\n<\/li>\n<li data-start=\"1234\" data-end=\"1308\">\n<p data-start=\"1236\" data-end=\"1308\">Klinge aus 420HC &#8211; leicht zu sch\u00e4rfen und h\u00e4lt die Klinge gut f\u00fcr den normalen Gebrauch.<\/p>\n<\/li>\n<li data-start=\"1309\" data-end=\"1351\">\n<p data-start=\"1311\" data-end=\"1351\">Sichere Klingenverriegelung (Liner-Lock).<\/p>\n<\/li>\n<li data-start=\"1352\" data-end=\"1418\">\n<p data-start=\"1354\" data-end=\"1418\">Praktischer Taschenclip, der auch als Flaschen\u00f6ffner funktioniert.<\/p>\n<\/li>\n<li data-start=\"1419\" data-end=\"1478\">\n<p data-start=\"1421\" data-end=\"1478\">Kompakte Gr\u00f6\u00dfe &#8211; nimmt fast keinen Platz in Ihrer Tasche ein.<\/p>\n<\/li>\n<\/ul>\n<hr data-start=\"1480\" data-end=\"1483\">\n<p data-start=\"1485\" data-end=\"1507\">\u26a0\ufe0f <strong data-start=\"1488\" data-end=\"1505\">M\u00f6gliche Einschr\u00e4nkungen<\/strong><\/p>\n<ul data-start=\"1509\" data-end=\"1733\">\n<li data-start=\"1509\" data-end=\"1576\">\n<p data-start=\"1511\" data-end=\"1576\">Nur 2 Funktionen &#8211; Messer und \u00d6ffner, ersetzt nicht ein vollwertiges Multitool.<\/p>\n<\/li>\n<li data-start=\"1577\" data-end=\"1656\">\n<p data-start=\"1579\" data-end=\"1656\">420HC-Stahl ist nicht hochwertig &#8211; er muss h\u00e4ufiger geschliffen werden als teurere Materialien.<\/p>\n<\/li>\n<li data-start=\"1657\" data-end=\"1733\">\n<p data-start=\"1659\" data-end=\"1733\">Kleinere Klinge &#8211; geeignet f\u00fcr kleinere Arbeiten, nicht f\u00fcr anspruchsvolle Aufgaben im Freien.<\/p>\n<\/li>\n<\/ul>\n<hr data-start=\"1735\" data-end=\"1738\">\n<p data-start=\"1740\" data-end=\"1763\">\ud83d\udee0\ufe0f <strong data-start=\"1744\" data-end=\"1761\">Wartung und Pflege<\/strong><\/p>\n<ul data-start=\"1765\" data-end=\"2146\">\n<li data-start=\"1765\" data-end=\"1807\">\n<p data-start=\"1767\" data-end=\"1807\">Wischen Sie das Messer nach Gebrauch ab und bewahren Sie es an einem trockenen Ort auf.<\/p>\n<\/li>\n<li data-start=\"1808\" data-end=\"1862\">\n<p data-start=\"1810\" data-end=\"1862\">Schmieren Sie das Gelenk und die beweglichen Teile von Zeit zu Zeit mit einem Tropfen \u00d6l.<\/p>\n<\/li>\n<li data-start=\"1863\" data-end=\"1917\">\n<p data-start=\"1865\" data-end=\"1917\">Sch\u00fctzt die Onyx-Oberfl\u00e4che vor grobem Abrieb.<\/p>\n<\/li>\n<li data-start=\"1918\" data-end=\"2146\">\n<p data-start=\"1920\" data-end=\"2146\"><strong data-start=\"1920\" data-end=\"2144\">Zur Erhaltung der Schneide empfehlen wir <a class=\"decorated-link cursor-pointer\" target=\"_new\" rel=\"noopener\" data-start=\"1953\" data-end=\"2042\">das Spyderco Tri-Angle Sharpmaker Complete Sharpening System 204MF<\/a><\/strong><\/p>\n<\/li>\n<li data-start=\"1918\" data-end=\"2146\">\n<p data-start=\"2153\" data-end=\"2176\">\ud83c\udfaf <strong data-start=\"2156\" data-end=\"2174\">Empfohlen f\u00fcr<\/strong><\/p>\n<ul data-start=\"2178\" data-end=\"2418\">\n<li data-start=\"2178\" data-end=\"2240\">\n<p data-start=\"2180\" data-end=\"2240\">Allt\u00e4gliches Tragen (EDC), wenn Sie Leichtigkeit und Kompaktheit sch\u00e4tzen.<\/p>\n<\/li>\n<li data-start=\"2241\" data-end=\"2300\">\n<p data-start=\"2243\" data-end=\"2300\">Minimalisten, die nur eine scharfe Klinge wollen und sonst nichts.<\/p>\n<\/li>\n<li data-start=\"2301\" data-end=\"2362\">\n<p data-start=\"2303\" data-end=\"2362\">St\u00e4dtische Umgebung, Ausfl\u00fcge im Freien und kleine Aufgaben zu Hause.<\/p>\n<\/li>\n<li data-start=\"2363\" data-end=\"2418\">\n<p data-start=\"2365\" data-end=\"2418\">Fans von modernem Design in schwarzem Onyx.<\/p>\n<\/li>\n<\/ul>\n<hr data-start=\"2420\" data-end=\"2423\">\n<p data-start=\"2425\" data-end=\"2452\">\u2b50 <strong data-start=\"2427\" data-end=\"2450\">Endg\u00fcltige Bewertung<\/strong><\/p>\n<p data-start=\"2454\" data-end=\"2772\"><strong data-start=\"2454\" data-end=\"2493\">Das Leatherman Skeletool KB Onyx 833165<\/strong> ist das Messer f\u00fcr alle, die nach ultimativer Einfachheit und Stil in einem suchen. Es ist federleicht, kompakt und, dank des Onyx-Designs, schlank. Wenn Sie kein vollwertiges Multitool brauchen, sondern ein zuverl\u00e4ssiges Messer, das in Ihrer Tasche nicht st\u00f6rt und immer griffbereit ist, ist das KB Onyx die richtige Wahl.  <\/p>\n<\/li>\n<\/ul>\n","protected":false},"excerpt":{"rendered":"<p><strong>Das Leatherman Skeletool KB Onyx 833165 ist das Messer f\u00fcr alle, die nach ultimativer Einfachheit und Stil in einem suchen.<\/strong><\/p>\n","protected":false},"featured_media":423194,"comment_status":"open","ping_status":"closed","template":"","meta":[],"pwb-brand":[3482],"product_brand":[],"product_cat":[3303,3285,3340],"product_tag":[],"class_list":{"0":"post-429752","1":"product","2":"type-product","3":"status-publish","4":"has-post-thumbnail","6":"pwb-brand-ledermann","7":"product_cat-schliesmesser","8":"product_cat-messer","9":"product_cat-multi-tool-de","11":"first","12":"outofstock","13":"taxable","14":"shipping-taxable","15":"purchasable","16":"product-type-simple"},"brands":[{"id":3482,"name":"Ledermann","slug":"ledermann"}],"_links":{"self":[{"href":"https:\/\/www.moskito.cz\/de\/wp-json\/wp\/v2\/product\/429752","targetHints":{"allow":["GET"]}}],"collection":[{"href":"https:\/\/www.moskito.cz\/de\/wp-json\/wp\/v2\/product"}],"about":[{"href":"https:\/\/www.moskito.cz\/de\/wp-json\/wp\/v2\/types\/product"}],"replies":[{"embeddable":true,"href":"https:\/\/www.moskito.cz\/de\/wp-json\/wp\/v2\/comments?post=429752"}],"wp:featuredmedia":[{"embeddable":true,"href":"https:\/\/www.moskito.cz\/de\/wp-json\/wp\/v2\/media\/423194"}],"wp:attachment":[{"href":"https:\/\/www.moskito.cz\/de\/wp-json\/wp\/v2\/media?parent=429752"}],"wp:term":[{"taxonomy":"pwb-brand","embeddable":true,"href":"https:\/\/www.moskito.cz\/de\/wp-json\/wp\/v2\/pwb-brand?post=429752"},{"taxonomy":"product_brand","embeddable":true,"href":"https:\/\/www.moskito.cz\/de\/wp-json\/wp\/v2\/product_brand?post=429752"},{"taxonomy":"product_cat","embeddable":true,"href":"https:\/\/www.moskito.cz\/de\/wp-json\/wp\/v2\/product_cat?post=429752"},{"taxonomy":"product_tag","embeddable":true,"href":"https:\/\/www.moskito.cz\/de\/wp-json\/wp\/v2\/product_tag?post=429752"}],"curies":[{"name":"wp","href":"https:\/\/api.w.org\/{rel}","templated":true}]}}