{"id":429826,"date":"2021-05-27T21:00:52","date_gmt":"2021-05-27T20:00:52","guid":{"rendered":"https:\/\/www.moskito.cz\/produkt\/auswurfmesser-boeker-plus-strike-coyote-spearpoint\/"},"modified":"2025-12-22T13:56:41","modified_gmt":"2025-12-22T12:56:41","slug":"auswurfmesser-boeker-plus-strike-coyote-spearpoint","status":"publish","type":"product","link":"https:\/\/www.moskito.cz\/de\/produkt\/auswurfmesser-boeker-plus-strike-coyote-spearpoint\/","title":{"rendered":"Auswurfmesser B\u00f6ker Plus STRIKE COYOTE SPEARPOINT"},"content":{"rendered":"<p>Auswurfmesser <strong>B\u00f6ker<\/strong> Plus STRIKE COYOTE SPEARPOINT.<\/p>\n<p>Das B\u00f6ker Plus ist ideal f\u00fcr jeden Job. Die Klinge ist aus rostfreiem AUS-8 Stahl gefertigt. Der Aluminiumgriff garantiert ein geringes Gewicht. Das Messer hat einen Clip zum Befestigen des Messers. Wird in einer Geschenkbox geliefert.    <\/p>\n<p>Gesamtl\u00e4nge:20,1 cm<\/p>\n<p>L\u00e4nge der Klinge:8,5 cm<\/p>\n<p>Dicke der Klinge:3,0 mm<\/p>\n<p>Gewicht:137.0 g<\/p>\n<p>Material der Klinge:AUS-8<\/p>\n<p>Material des Griffs:Aluminium<\/p>\n<p>Verschluss:Knopf<\/p>\n<p>Unterst\u00fctzung \u00f6ffnen:Schaltfl\u00e4che<\/p>\n<p>\u00d6ffnung:automatisch<\/p>\n<p>Das B\u00f6ker Plus Strike ist ein robustes Automatikmesser f\u00fcr den t\u00e4glichen oder taktischen Gebrauch, das unsere gro\u00dfe Auswahl an Springmessern abrundet. Der schlanke, ergonomisch geformte Griff basiert auf massiven Stahl-Linern, die mit leichten, griffig gefr\u00e4sten Coyote-Aluminium-Schalen ausgestattet sind. Das vergleichsweise weiche und z\u00e4he Metall ist zudem sehr stark und langlebig. Tiefe Jimpings in der gut ausgepr\u00e4gten Daumenmulde unterst\u00fctzen die sichere Handhabung. Ein sauber einrastender Sicherheitsschieber gegen versehentliches Ausl\u00f6sen dient als zus\u00e4tzliche Sicherheit, wenn das Messer geschlossen ist. Die Droppoint-Klinge ist aus dem in Japan entwickelten AUS-8 gefertigt und mit einem dunklen Stonewash-Finish versehen. Mit einem umkehrbaren Clip (Tip-up \/ Tip-down) und einem hochwertigen Nylonetui zur Aufbewahrung.      <\/p>\n","protected":false},"excerpt":{"rendered":"<p>Im Laufe der Zeit hat sich die Messerfabrik <strong>B\u00f6ker<\/strong> zum weltweiten Innovationsf\u00fchrer und zum gr\u00f6\u00dften Hersteller von Sportmessern, Einsatzmessern und Sammlermessern in Europa entwickelt.<\/p>\n","protected":false},"featured_media":429827,"comment_status":"open","ping_status":"closed","template":"","meta":[],"pwb-brand":[3422],"product_brand":[],"product_cat":[3343,3285],"product_tag":[],"class_list":{"0":"post-429826","1":"product","2":"type-product","3":"status-publish","4":"has-post-thumbnail","6":"pwb-brand-boker-de","7":"product_cat-schiesmesser","8":"product_cat-messer","10":"first","11":"outofstock","12":"taxable","13":"shipping-taxable","14":"purchasable","15":"product-type-simple"},"brands":[{"id":3422,"name":"B\u00f6ker","slug":"boker-de"}],"_links":{"self":[{"href":"https:\/\/www.moskito.cz\/de\/wp-json\/wp\/v2\/product\/429826","targetHints":{"allow":["GET"]}}],"collection":[{"href":"https:\/\/www.moskito.cz\/de\/wp-json\/wp\/v2\/product"}],"about":[{"href":"https:\/\/www.moskito.cz\/de\/wp-json\/wp\/v2\/types\/product"}],"replies":[{"embeddable":true,"href":"https:\/\/www.moskito.cz\/de\/wp-json\/wp\/v2\/comments?post=429826"}],"wp:featuredmedia":[{"embeddable":true,"href":"https:\/\/www.moskito.cz\/de\/wp-json\/wp\/v2\/media\/429827"}],"wp:attachment":[{"href":"https:\/\/www.moskito.cz\/de\/wp-json\/wp\/v2\/media?parent=429826"}],"wp:term":[{"taxonomy":"pwb-brand","embeddable":true,"href":"https:\/\/www.moskito.cz\/de\/wp-json\/wp\/v2\/pwb-brand?post=429826"},{"taxonomy":"product_brand","embeddable":true,"href":"https:\/\/www.moskito.cz\/de\/wp-json\/wp\/v2\/product_brand?post=429826"},{"taxonomy":"product_cat","embeddable":true,"href":"https:\/\/www.moskito.cz\/de\/wp-json\/wp\/v2\/product_cat?post=429826"},{"taxonomy":"product_tag","embeddable":true,"href":"https:\/\/www.moskito.cz\/de\/wp-json\/wp\/v2\/product_tag?post=429826"}],"curies":[{"name":"wp","href":"https:\/\/api.w.org\/{rel}","templated":true}]}}