{"id":429845,"date":"2023-12-04T22:28:22","date_gmt":"2023-12-04T21:28:22","guid":{"rendered":"https:\/\/www.moskito.cz\/produkt\/spyderco-uptern-c261p-schliessmesser\/"},"modified":"2025-12-22T13:56:47","modified_gmt":"2025-12-22T12:56:47","slug":"spyderco-uptern-c261p-schliessmesser","status":"publish","type":"product","link":"https:\/\/www.moskito.cz\/de\/produkt\/spyderco-uptern-c261p-schliessmesser\/","title":{"rendered":"Spyderco UpTern C261P Schlie\u00dfmesser"},"content":{"rendered":"<h3 data-pm-slice=\"1 1 []\"><strong>Spyderco UpTern C261P &#8211; Elegantes Retro-Lockback aus der Value Serie<\/strong><\/h3>\n<p>Das Spyderco UpTern ist eine moderne Hommage an den Klassiker von Sal Glesser &#8211; basierend auf dem legend\u00e4ren Non-Lock Byrd-Tern, aber erg\u00e4nzt durch den robusten <strong>Back-Lock<\/strong>. Diese Version des <strong>C261P<\/strong> verf\u00fcgt \u00fcber eine <strong>72mm<\/strong> <strong>flache, satinierte Klinge<\/strong> aus rostfreiem <strong>8Cr13MoV-Stahl<\/strong> mit einem Full-Flat-Cut und dem traditionellen SpyderHole f\u00fcr bequemes einh\u00e4ndiges \u00d6ffnen. <\/p>\n<p>Ganzmetallgriff aus rostfreiem Stahl mit einer ausgepr\u00e4gten leichten Biegung f\u00fcr bessere Ergonomie und einem Vier-Positionen-Verschluss &#8211; das Tragen mit der rechten oder linken Hand ist einfach und diskret. Die detaillierte Ausfr\u00e4sung der Daumenrampe und des Choils sowie die geriffelte Oberfl\u00e4che der Daumenauflage verbessern die Kontrolle beim Schneiden. <\/p>\n<div>\n<hr>\n<\/div>\n<p>\ud83d\udcd0 <strong>Technische Parameter<\/strong><\/p>\n<ul data-spread=\"false\">\n<li><strong>Klingenl\u00e4nge:<\/strong> 72 mm (2.82\u2033)<\/li>\n<li><strong>Schnittl\u00e4nge:<\/strong> 57 mm (2,25\u2033)<\/li>\n<li><strong>Gesamtl\u00e4nge:<\/strong> 167 mm (6.57\u2033)<\/li>\n<li><strong>L\u00e4nge der geschlossenen Klinge:<\/strong> 97 mm (3.80\u2033)<\/li>\n<li><strong>Dicke der Klinge:<\/strong> 2,5 mm (0,098\u2033)<\/li>\n<li><strong>Klingenmaterial:<\/strong> 8Cr13MoV &#8211; preiswerter und leicht zu sch\u00e4rfender rostfreier Stahl<\/li>\n<li><strong>Ausschnitt:<\/strong> Ganz flach<\/li>\n<li><strong>Oberfl\u00e4che der Klinge:<\/strong> satiniert<\/li>\n<li><strong>Klinge:<\/strong> Glatte Schneide<\/li>\n<li><strong>Griff:<\/strong> Komplett aus Edelstahl, leicht konturiert f\u00fcr mehr Komfort<\/li>\n<li><strong>Schloss:<\/strong> Lock-Back &#8211; stark und zuverl\u00e4ssig<\/li>\n<li><strong>\u00d6ffnung:<\/strong> SpyderHole &#8211; einh\u00e4ndig, beidh\u00e4ndig<\/li>\n<li><strong>Schnalle:<\/strong> Vierfache Position &#8211; anspruchsvolle Passform<\/li>\n<li><strong>Gewicht:<\/strong> ca. 100 g (3,6 Unzen)<\/li>\n<li><strong>Herstellung:<\/strong> China (PRC)<\/li>\n<li><strong>Entworfen von<\/strong> Sal Glesser<\/li>\n<\/ul>\n<div>\n<hr>\n<\/div>\n<p>\ud83d\udfe2 <strong>Vorteile<\/strong><\/p>\n<ul data-spread=\"false\">\n<li><strong>Retro-Feeling und Robustheit:<\/strong> Die Vollstahlkonstruktion mit klassischem Lock-Back erinnert an die fr\u00fchen Tage von Spyderco<\/li>\n<li><strong>Hervorragende Ergonomie: Der<\/strong> fein geformte Griff, die Daumenrampe und der Choil sorgen f\u00fcr eine komfortable Handhabung auch bei kleinen Schneidarbeiten.<\/li>\n<li><strong>Beidh\u00e4ndiges Tragen:<\/strong> Dank der Schnalle und dem Daumenloch kann der UpTern mit beiden H\u00e4nden getragen werden<\/li>\n<li><strong>Gro\u00dfe Leistung zum kleinen Preis:<\/strong> 8Cr13MoV-Stahl mit satinierter Oberfl\u00e4che und vollem Flachschnitt &#8211; perfektes Preis-\/Leistungsverh\u00e4ltnis<\/li>\n<li><strong>Starker Verschluss:<\/strong> Back-Lock sorgt f\u00fcr Sicherheit bei der Benutzung<\/li>\n<\/ul>\n<div>\n<hr>\n<\/div>\n<p>\ud83d\udd34 <strong>Benachteiligungen<\/strong><\/p>\n<ul data-spread=\"false\">\n<li><strong>H\u00f6heres Gewicht als FRN\/G-10-Modelle: die<\/strong> Ganzstahlkonstruktion ist haltbar, bietet aber etwa 30-40 g mehr<\/li>\n<li><strong>8Cr13MoV &#8211; geringere Haltbarkeit:<\/strong> der Stahl h\u00e4lt die Klinge weniger lange als S30V oder BD1N, kann aber leicht gesch\u00e4rft werden<\/li>\n<li><strong>Leicht scharfer Jimping\/Schwamm:<\/strong> Neu kann sich an Taschen verfangen &#8211; Empfehlung, \u00f6fter ohne Clip zu tragen oder ihn anzupassen<\/li>\n<\/ul>\n<div>\n<hr>\n<\/div>\n<p>\ud83d\udee0\ufe0f <strong>Wartung und Pflege<\/strong><\/p>\n<ul data-spread=\"false\">\n<li>Nach dem Gebrauch abwischen, gelegentlich Isopropyl f\u00fcr die Zapfen und das Schloss verwenden &#8211; sorgt f\u00fcr Geschmeidigkeit<\/li>\n<li>Ich habe die Empfehlung gesehen, die raue Riffelung am Clip etwas zu sch\u00e4rfen &#8211; das verbessert den Komfort beim Einf\u00fchren in die Taschen<\/li>\n<li>8Cr13MoV ist leicht zu schleifen &#8211; ideal f\u00fcr g\u00e4ngige Schleifer wie Sharpmaker oder Keramiksteine<\/li>\n<\/ul>\n<div>\n<hr>\n<\/div>\n<p><strong>\ud83d\udcac Meinungen der Gemeinschaft<\/strong><\/p>\n<blockquote><p>&#8222;Das UpTern ist ein kr\u00e4ftiges, kleines Edelstahlmesser mit sehr solider Verriegelung und wunderbarer Ergonomie.&#8220;<br \/>\n&#8222;Ich mag die D\u00fcnnheit und das rostfreie Material hat einen Retro-Look&#8230; bombensicher.&#8220;<\/p><\/blockquote>\n<div>\n<hr>\n<\/div>\n<p>\u2764\ufe0f <strong>Emotionale Anziehungskraft<\/strong><\/p>\n<p>Das UpTern ist eine Zeitmaschine &#8211; wenn Sie es in die Hand nehmen, sp\u00fcren Sie das Erbe der funktionalen und einfachen Messer, die Spyderco definiert haben. Unaufdringlich, aber mit Seele &#8211; robust, langlebig und praktisch, bereit f\u00fcr allt\u00e4gliche Situationen ohne das Bed\u00fcrfnis, schick zu sein. <\/p>\n<div>\n<hr>\n<\/div>\n<p>\u2705 <strong>Fazit<\/strong><\/p>\n<p>F\u00fcr alle, die ein <strong>solides, einfaches und funktionelles Lockback<\/strong> mit der traditionellen Spyderco Seele suchen, ist das <strong>UpTern C261P<\/strong> eine gute Wahl. Sein klassisches Design, die wartungsfreie Konstruktion und das schwerere Gef\u00fchl in der Tasche machen es zu einem zuverl\u00e4ssigen Werkzeug, das sowohl im B\u00fcro als auch bei leichten Outdoor-Aktivit\u00e4ten eingesetzt werden kann. <\/p>\n","protected":false},"excerpt":{"rendered":"<p><strong>Das UpTern ist eine Zeitmaschine &#8211; wenn Sie es in die Hand nehmen, sp\u00fcren Sie das Erbe der funktionalen und einfachen Messer, die Spyderco definiert haben. Unaufdringlich, aber mit Seele &#8211; robust, langlebig und praktisch, bereit f\u00fcr allt\u00e4gliche Situationen ohne das Bed\u00fcrfnis, schick zu sein. <\/strong><\/p>\n","protected":false},"featured_media":429846,"comment_status":"open","ping_status":"closed","template":"","meta":[],"pwb-brand":[3427],"product_brand":[],"product_cat":[3303,3285],"product_tag":[3669],"class_list":{"0":"post-429845","1":"product","2":"type-product","3":"status-publish","4":"has-post-thumbnail","6":"pwb-brand-spyderco-de","7":"product_cat-schliesmesser","8":"product_cat-messer","9":"product_tag-b2b-de","11":"first","12":"outofstock","13":"taxable","14":"shipping-taxable","15":"purchasable","16":"product-type-simple"},"brands":[{"id":3427,"name":"Spyderco","slug":"spyderco-de"}],"_links":{"self":[{"href":"https:\/\/www.moskito.cz\/de\/wp-json\/wp\/v2\/product\/429845","targetHints":{"allow":["GET"]}}],"collection":[{"href":"https:\/\/www.moskito.cz\/de\/wp-json\/wp\/v2\/product"}],"about":[{"href":"https:\/\/www.moskito.cz\/de\/wp-json\/wp\/v2\/types\/product"}],"replies":[{"embeddable":true,"href":"https:\/\/www.moskito.cz\/de\/wp-json\/wp\/v2\/comments?post=429845"}],"wp:featuredmedia":[{"embeddable":true,"href":"https:\/\/www.moskito.cz\/de\/wp-json\/wp\/v2\/media\/429846"}],"wp:attachment":[{"href":"https:\/\/www.moskito.cz\/de\/wp-json\/wp\/v2\/media?parent=429845"}],"wp:term":[{"taxonomy":"pwb-brand","embeddable":true,"href":"https:\/\/www.moskito.cz\/de\/wp-json\/wp\/v2\/pwb-brand?post=429845"},{"taxonomy":"product_brand","embeddable":true,"href":"https:\/\/www.moskito.cz\/de\/wp-json\/wp\/v2\/product_brand?post=429845"},{"taxonomy":"product_cat","embeddable":true,"href":"https:\/\/www.moskito.cz\/de\/wp-json\/wp\/v2\/product_cat?post=429845"},{"taxonomy":"product_tag","embeddable":true,"href":"https:\/\/www.moskito.cz\/de\/wp-json\/wp\/v2\/product_tag?post=429845"}],"curies":[{"name":"wp","href":"https:\/\/api.w.org\/{rel}","templated":true}]}}