{"id":429871,"date":"2024-11-20T15:43:51","date_gmt":"2024-11-20T14:43:51","guid":{"rendered":"https:\/\/www.moskito.cz\/produkt\/schliessmesser-extrema-ratio-caimano-nero-n-a-satin-04-1000-0166-sat-blk\/"},"modified":"2025-12-22T16:01:46","modified_gmt":"2025-12-22T15:01:46","slug":"schliessmesser-extrema-ratio-caimano-nero-n-a-satin-04-1000-0166-sat-blk","status":"publish","type":"product","link":"https:\/\/www.moskito.cz\/de\/produkt\/schliessmesser-extrema-ratio-caimano-nero-n-a-satin-04-1000-0166-sat-blk\/","title":{"rendered":"Schlie\u00dfmesser EXTREMA RATIO CAIMANO NERO N.A. SATIN 04.1000.0166\/SAT\/BLK"},"content":{"rendered":"<p>Schlie\u00dfmesser <strong>EXTREMA RATIO<\/strong> CAIMANO NERO N.A. SATIN 04.1000.0166\/SAT\/BLK.<\/p>\n<p>Das Caimano Nero N.A. von Extrema Ratio ist ein hochwertiges taktisches Klappmesser, das f\u00fcr den professionellen Einsatz konzipiert wurde, insbesondere f\u00fcr die Bed\u00fcrfnisse der italienischen Marine-Spezialeinheit G.O.I. (Gruppo Operativo Incursori). Es ist eine nicht-automatische Variante, die praktische Eigenschaften und robustes Design mit taktischer Funktionalit\u00e4t kombiniert.<br \/>\nHauptmerkmale: <\/p>\n<p>Klinge:<br \/>\nKlingenst\u00e4rke: 0,4 cm, Klingenl\u00e4nge: 9,3 cm.<\/p>\n<p>Asymmetrische Speerspitze, die eine hohe Durchschlagskraft und Vielseitigkeit bietet.<br \/>\nGezahnter Klingenabschnitt, ideal zum Schneiden von harten Materialien wie Kabeln und Stoffen ohne schnellen Verschlei\u00df.<\/p>\n<p>Griff:<br \/>\nEntwickelt f\u00fcr Ergonomie und schnelles Herausnehmen aus der Tasche.<br \/>\nUnterer Teil optimiert f\u00fcr einen festen Griff auch unter schwierigen Bedingungen.<br \/>\nIntegrierter Hartmetall-Glasbrecher am Ende des Griffs.<\/p>\n<p>Clip:<br \/>\nTitan-Clip mit DLC-Beschichtung (Diamond-Like Carbon) f\u00fcr hohe Widerstandsf\u00e4higkeit.<br \/>\nErm\u00f6glicht die Befestigung in drei verschiedenen Winkeln auf beiden Seiten des Griffs.<br \/>\nEntwickelt f\u00fcr maximale Diskretion beim Tragen (das Messer bleibt in der Tasche verborgen).<\/p>\n<p>Die Gesamtl\u00e4nge des Messers betr\u00e4gt 23,1 cm<\/p>\n<p>Zusammenfassung:<\/p>\n<p>Das Caimano Nero N.A. ist ein hochwertiges Werkzeug, das sich ideal f\u00fcr Profis, Soldaten oder Liebhaber taktischer Ausr\u00fcstung eignet. Seine Konstruktion ist robust und zuverl\u00e4ssig und bietet gleichzeitig einen hohen Nutzwert und innovative Funktionen. Der Preis entspricht der Qualit\u00e4t der Materialien und der handwerklichen Pr\u00e4zision, die f\u00fcr die Produkte von Extrema Ratio typisch sind.  <\/p>\n<p>Wenn Sie an einem kompakten und funktionellen taktischen Messer interessiert sind, ist das Caimano Nero N.A. definitiv eine \u00dcberlegung wert. Wenn Sie mehr Informationen ben\u00f6tigen, helfe ich Ihnen gerne weiter! <\/p>\n","protected":false},"excerpt":{"rendered":"<p><strong>Das Caimano Nero N.A. von Extrema Ratio ist ein hochwertiges taktisches Klappmesser, das f\u00fcr den professionellen Einsatz konzipiert wurde, insbesondere f\u00fcr die Bed\u00fcrfnisse der italienischen Marine-Spezialeinheit G.O.I. (Gruppo Operativo Incursori). Es ist eine nicht-automatische Variante, die praktische Eigenschaften und robustes Design mit taktischer Funktionalit\u00e4t kombiniert. <\/strong><\/p>\n<p><strong>Kostenloser Versand.<\/strong><\/p>\n","protected":false},"featured_media":374935,"comment_status":"open","ping_status":"closed","template":"","meta":[],"pwb-brand":[3539],"product_brand":[],"product_cat":[3303,3285],"product_tag":[],"class_list":{"0":"post-429871","1":"product","2":"type-product","3":"status-publish","4":"has-post-thumbnail","6":"pwb-brand-extrema-verhaltnis","7":"product_cat-schliesmesser","8":"product_cat-messer","10":"first","11":"instock","12":"taxable","13":"shipping-taxable","14":"purchasable","15":"product-type-simple"},"brands":[{"id":3539,"name":"Extrema-Verh\u00e4ltnis","slug":"extrema-verhaltnis"}],"_links":{"self":[{"href":"https:\/\/www.moskito.cz\/de\/wp-json\/wp\/v2\/product\/429871","targetHints":{"allow":["GET"]}}],"collection":[{"href":"https:\/\/www.moskito.cz\/de\/wp-json\/wp\/v2\/product"}],"about":[{"href":"https:\/\/www.moskito.cz\/de\/wp-json\/wp\/v2\/types\/product"}],"replies":[{"embeddable":true,"href":"https:\/\/www.moskito.cz\/de\/wp-json\/wp\/v2\/comments?post=429871"}],"wp:featuredmedia":[{"embeddable":true,"href":"https:\/\/www.moskito.cz\/de\/wp-json\/wp\/v2\/media\/374935"}],"wp:attachment":[{"href":"https:\/\/www.moskito.cz\/de\/wp-json\/wp\/v2\/media?parent=429871"}],"wp:term":[{"taxonomy":"pwb-brand","embeddable":true,"href":"https:\/\/www.moskito.cz\/de\/wp-json\/wp\/v2\/pwb-brand?post=429871"},{"taxonomy":"product_brand","embeddable":true,"href":"https:\/\/www.moskito.cz\/de\/wp-json\/wp\/v2\/product_brand?post=429871"},{"taxonomy":"product_cat","embeddable":true,"href":"https:\/\/www.moskito.cz\/de\/wp-json\/wp\/v2\/product_cat?post=429871"},{"taxonomy":"product_tag","embeddable":true,"href":"https:\/\/www.moskito.cz\/de\/wp-json\/wp\/v2\/product_tag?post=429871"}],"curies":[{"name":"wp","href":"https:\/\/api.w.org\/{rel}","templated":true}]}}