{"id":430216,"date":"2026-01-01T09:58:34","date_gmt":"2026-01-01T08:58:34","guid":{"rendered":"https:\/\/www.moskito.cz\/?post_type=product&#038;p=430216"},"modified":"2026-01-01T09:59:18","modified_gmt":"2026-01-01T08:59:18","slug":"zaviraci-nuz-spyderco-uk-c94pyl","status":"publish","type":"product","link":"https:\/\/www.moskito.cz\/de\/produkt\/zaviraci-nuz-spyderco-uk-c94pyl\/","title":{"rendered":"Zav\u00edrac\u00ed N\u016f\u017e Spyderco UK C94PYL"},"content":{"rendered":"<h2 data-start=\"201\" data-end=\"265\">\ud83d\udde1\ufe0f Zav\u00edrac\u00ed n\u016f\u017e <strong data-start=\"221\" data-end=\"265\">Spyderco UK Salt MagnaCut C94PYL (\u017elut\u00fd)<\/strong><\/h2>\n<h3 data-start=\"267\" data-end=\"322\">P\u0159ipraven na slanou realitu \u2013 v\u00fdkon bez kompromis\u016f.<\/h3>\n<p data-start=\"324\" data-end=\"706\">Spyderco UK Salt MagnaCut je speci\u00e1ln\u011b navr\u017een\u00fd zav\u00edrac\u00ed n\u016f\u017e pro <strong data-start=\"389\" data-end=\"423\">extr\u00e9mn\u00ed odolnost proti korozi<\/strong>, kter\u00fd kombinuje <strong data-start=\"441\" data-end=\"473\">vysokov\u00fdkonnou ocel MagnaCut<\/strong> se \u017elutou FRN rukojet\u00ed pro v\u00fdbornou viditelnost.<br data-start=\"522\" data-end=\"525\" \/>Tento model pat\u0159\u00ed do \u0159ady <strong data-start=\"551\" data-end=\"566\">Salt Series<\/strong> \u2013 \u0159ady n\u00e1stroj\u016f optimalizovan\u00fdch pro pou\u017eit\u00ed v such\u00fdch i extr\u00e9mn\u011b vlhk\u00fdch, slan\u00fdch \u010di jinak n\u00e1ro\u010dn\u00fdch podm\u00ednk\u00e1ch, kde b\u011b\u017en\u00e9 no\u017ee selh\u00e1vaj\u00ed.<\/p>\n<p data-start=\"708\" data-end=\"936\">Otev\u0159i \u010depel charakteristick\u00fdm kruhov\u00fdm otvorem Spyderco a okam\u017eit\u011b poc\u00edt\u00ed\u0161 <strong data-start=\"784\" data-end=\"817\">plynulost, kontrolu a jistotu<\/strong>, kter\u00e1 d\u011bl\u00e1 z UK Salt MagnaCut jeden z nejspolehliv\u011bj\u0161\u00edch EDC no\u017e\u016f v podm\u00ednk\u00e1ch, kde odolnost nen\u00ed volba, ale nutnost.<\/p>\n<hr data-start=\"938\" data-end=\"941\" \/>\n<h3 data-start=\"943\" data-end=\"968\">Charakter a filozofie<\/h3>\n<p data-start=\"970\" data-end=\"1410\">UK Salt MagnaCut je navr\u017een pro ty, kte\u0159\u00ed se <strong data-start=\"1015\" data-end=\"1065\">neboj\u00ed v\u00fdzev a pot\u0159ebuj\u00ed n\u00e1stroj, kter\u00fd vydr\u017e\u00ed<\/strong> \u2013 a\u0165 u\u017e jde o pob\u0159e\u017en\u00ed v\u00fdpravy, vodn\u00ed sporty, jachting, ryba\u0159en\u00ed nebo ka\u017edodenn\u00ed pou\u017eit\u00ed ve vlhk\u00e9m prost\u0159ed\u00ed.<br data-start=\"1175\" data-end=\"1178\" \/>Pr\u00e9miov\u00e1 ocel <strong data-start=\"1192\" data-end=\"1204\">MagnaCut<\/strong> je jednou z nejnov\u011bj\u0161\u00edch generac\u00ed no\u017e\u00ed\u0159sk\u00fdch ocel\u00ed, kter\u00e1 vynik\u00e1 <strong data-start=\"1270\" data-end=\"1360\">rovnov\u00e1hou mezi odolnost\u00ed v\u016f\u010di opot\u0159eben\u00ed, hou\u017eevnatost\u00ed a korozivzdorn\u00fdmi vlastnostmi<\/strong>, co\u017e z n\u00ed \u010din\u00ed ide\u00e1ln\u00ed volbu pro n\u00e1ro\u010dn\u00e9 pou\u017eit\u00ed.<\/p>\n<p data-start=\"1412\" data-end=\"1568\">\u017dlut\u00e1 rukoje\u0165 nejen dob\u0159e vypad\u00e1 \u2013 <strong data-start=\"1447\" data-end=\"1515\">zvy\u0161uje viditelnost no\u017ee ve st\u00ednech i p\u0159i outdoorov\u00fdch v\u00fdprav\u00e1ch<\/strong>, tak\u017ee jej snadno najde\u0161, kdy\u017e to nejv\u00edc pot\u0159ebuje\u0161.<\/p>\n<hr data-start=\"1570\" data-end=\"1573\" \/>\n<h2 data-start=\"1575\" data-end=\"1590\">\ud83c\udfed O v\u00fdrobci<\/h2>\n<p data-start=\"1592\" data-end=\"1946\">Spyderco je zna\u010dka, kter\u00e1 dlouhodob\u011b stanovuje standardy modern\u00edho no\u017e\u00ed\u0159stv\u00ed.<br data-start=\"1669\" data-end=\"1672\" \/>Je zn\u00e1m\u00e1 svou kombinac\u00ed <strong data-start=\"1696\" data-end=\"1740\">ergonomie, inovac\u00ed a praktick\u00e9ho designu<\/strong>, kter\u00fd je navr\u017een tak, aby fungoval v re\u00e1ln\u00e9m nasazen\u00ed \u2013 ne jen na pap\u00ed\u0159e.<br data-start=\"1815\" data-end=\"1818\" \/>UK Salt MagnaCut je jasn\u00fdm p\u0159\u00edkladem tohoto p\u0159\u00edstupu: <strong data-start=\"1872\" data-end=\"1946\">pr\u00e9miov\u00e9 materi\u00e1ly, pe\u010dliv\u00e9 zpracov\u00e1n\u00ed a funk\u010dnost, kter\u00e9 m\u016f\u017ee\u0161 v\u011b\u0159it.<\/strong><\/p>\n<hr data-start=\"1948\" data-end=\"1951\" \/>\n<h2 data-start=\"1953\" data-end=\"1980\">\u2699\ufe0f Technick\u00e9 specifikace<\/h2>\n<div class=\"TyagGW_tableContainer\">\n<div class=\"group TyagGW_tableWrapper flex w-fit flex-col-reverse\" tabindex=\"-1\">\n<table class=\"w-fit min-w-(--thread-content-width)\" data-start=\"1982\" data-end=\"2492\">\n<thead data-start=\"1982\" data-end=\"2004\">\n<tr data-start=\"1982\" data-end=\"2004\">\n<th data-start=\"1982\" data-end=\"1993\" data-col-size=\"sm\">Parametr<\/th>\n<th data-start=\"1993\" data-end=\"2004\" data-col-size=\"sm\">Hodnota<\/th>\n<\/tr>\n<\/thead>\n<tbody data-start=\"2028\" data-end=\"2492\">\n<tr data-start=\"2028\" data-end=\"2059\">\n<td data-start=\"2028\" data-end=\"2044\" data-col-size=\"sm\">Celkov\u00e1 d\u00e9lka<\/td>\n<td data-start=\"2044\" data-end=\"2059\" data-col-size=\"sm\">cca 22,0 cm<\/td>\n<\/tr>\n<tr data-start=\"2060\" data-end=\"2089\">\n<td data-start=\"2060\" data-end=\"2075\" data-col-size=\"sm\">D\u00e9lka \u010depele<\/td>\n<td data-start=\"2075\" data-end=\"2089\" data-col-size=\"sm\">cca 9,1 cm<\/td>\n<\/tr>\n<tr data-start=\"2090\" data-end=\"2122\">\n<td data-start=\"2090\" data-end=\"2108\" data-col-size=\"sm\">Tlou\u0161\u0165ka \u010depele<\/td>\n<td data-col-size=\"sm\" data-start=\"2108\" data-end=\"2122\">cca 3,3 mm<\/td>\n<\/tr>\n<tr data-start=\"2123\" data-end=\"2184\">\n<td data-start=\"2123\" data-end=\"2141\" data-col-size=\"sm\">Materi\u00e1l \u010depele<\/td>\n<td data-start=\"2141\" data-end=\"2184\" data-col-size=\"sm\">MagnaCut \u2013 vysoce v\u00fdkonn\u00e1 nerezov\u00e1 ocel<\/td>\n<\/tr>\n<tr data-start=\"2185\" data-end=\"2241\">\n<td data-start=\"2185\" data-end=\"2201\" data-col-size=\"sm\">Tvrdost oceli<\/td>\n<td data-col-size=\"sm\" data-start=\"2201\" data-end=\"2241\">vysok\u00e1 reten\u010dn\u00ed schopnost a odolnost<\/td>\n<\/tr>\n<tr data-start=\"2242\" data-end=\"2270\">\n<td data-start=\"2242\" data-end=\"2256\" data-col-size=\"sm\">Tvar \u010depele<\/td>\n<td data-start=\"2256\" data-end=\"2270\" data-col-size=\"sm\">Drop-point<\/td>\n<\/tr>\n<tr data-start=\"2271\" data-end=\"2296\">\n<td data-start=\"2271\" data-end=\"2287\" data-col-size=\"sm\">Povrch \u010depele<\/td>\n<td data-col-size=\"sm\" data-start=\"2287\" data-end=\"2296\">Satin<\/td>\n<\/tr>\n<tr data-start=\"2297\" data-end=\"2335\">\n<td data-start=\"2297\" data-end=\"2307\" data-col-size=\"sm\">Rukoje\u0165<\/td>\n<td data-start=\"2307\" data-end=\"2335\" data-col-size=\"sm\">FRN (\u017elut\u00e1, texturovan\u00e1)<\/td>\n<\/tr>\n<tr data-start=\"2336\" data-end=\"2388\">\n<td data-start=\"2336\" data-end=\"2344\" data-col-size=\"sm\">Z\u00e1mek<\/td>\n<td data-start=\"2344\" data-end=\"2388\" data-col-size=\"sm\">Back Lock \u2013 robustn\u00ed a spolehliv\u00fd syst\u00e9m<\/td>\n<\/tr>\n<tr data-start=\"2389\" data-end=\"2427\">\n<td data-start=\"2389\" data-end=\"2401\" data-col-size=\"sm\">Otev\u00edr\u00e1n\u00ed<\/td>\n<td data-col-size=\"sm\" data-start=\"2401\" data-end=\"2427\">Kruhov\u00fd otvor Spyderco<\/td>\n<\/tr>\n<tr data-start=\"2428\" data-end=\"2451\">\n<td data-start=\"2428\" data-end=\"2435\" data-col-size=\"sm\">Klip<\/td>\n<td data-start=\"2435\" data-end=\"2451\" data-col-size=\"sm\">\u010cty\u0159polohov\u00fd<\/td>\n<\/tr>\n<tr data-start=\"2452\" data-end=\"2475\">\n<td data-start=\"2452\" data-end=\"2463\" data-col-size=\"sm\">Hmotnost<\/td>\n<td data-col-size=\"sm\" data-start=\"2463\" data-end=\"2475\">cca 95 g<\/td>\n<\/tr>\n<tr data-start=\"2476\" data-end=\"2492\">\n<td data-start=\"2476\" data-end=\"2485\" data-col-size=\"sm\">V\u00fdroba<\/td>\n<td data-start=\"2485\" data-end=\"2492\" data-col-size=\"sm\">USA<\/td>\n<\/tr>\n<\/tbody>\n<\/table>\n<\/div>\n<\/div>\n<hr data-start=\"2494\" data-end=\"2497\" \/>\n<h2 data-start=\"2499\" data-end=\"2517\">\u2705 Hlavn\u00ed v\u00fdhody<\/h2>\n<ul data-start=\"2519\" data-end=\"2903\">\n<li data-start=\"2519\" data-end=\"2590\">\n<p data-start=\"2521\" data-end=\"2590\">Pr\u00e9miov\u00e1 ocel <strong data-start=\"2535\" data-end=\"2547\">MagnaCut<\/strong> \u2013 excelentn\u00ed ostrost, retence a odolnost<\/p>\n<\/li>\n<li data-start=\"2591\" data-end=\"2679\">\n<p data-start=\"2593\" data-end=\"2679\">Optimalizovan\u00e1 pro <strong data-start=\"2612\" data-end=\"2637\">odolnost proti korozi<\/strong> \u2013 ide\u00e1ln\u00ed do vlhk\u00fdch i slan\u00fdch podm\u00ednek<\/p>\n<\/li>\n<li data-start=\"2680\" data-end=\"2727\">\n<p data-start=\"2682\" data-end=\"2727\"><strong data-start=\"2682\" data-end=\"2695\">Back Lock<\/strong> \u2013 bezpe\u010dn\u00fd a intuitivn\u00ed z\u00e1mek<\/p>\n<\/li>\n<li data-start=\"2728\" data-end=\"2801\">\n<p data-start=\"2730\" data-end=\"2801\">Ergonomick\u00e1 FRN rukoje\u0165 s v\u00fdraznou \u017elutou barvou \u2013 vysok\u00e1 viditelnost<\/p>\n<\/li>\n<li data-start=\"2802\" data-end=\"2848\">\n<p data-start=\"2804\" data-end=\"2848\">Kompaktn\u00ed a lehk\u00fd design \u2013 pohodln\u00e9 no\u0161en\u00ed<\/p>\n<\/li>\n<li data-start=\"2849\" data-end=\"2903\">\n<p data-start=\"2851\" data-end=\"2903\">Kruhov\u00fd otvor Spyderco \u2013 rychl\u00e9 a p\u0159irozen\u00e9 otev\u0159en\u00ed<\/p>\n<\/li>\n<\/ul>\n<hr data-start=\"2905\" data-end=\"2908\" \/>\n<h2 data-start=\"2910\" data-end=\"2929\">\u26a0\ufe0f Mo\u017en\u00e1 omezen\u00ed<\/h2>\n<ul data-start=\"2931\" data-end=\"3089\">\n<li data-start=\"2931\" data-end=\"2987\">\n<p data-start=\"2933\" data-end=\"2987\">Vy\u0161\u0161\u00ed cena odpov\u00edd\u00e1 pr\u00e9miov\u00fdm materi\u00e1l\u016fm a odolnosti<\/p>\n<\/li>\n<li data-start=\"2988\" data-end=\"3046\">\n<p data-start=\"2990\" data-end=\"3046\">FRN rukoje\u0165 je \u010dist\u011b funk\u010dn\u00ed \u2013 bez dekorativn\u00edch prvk\u016f<\/p>\n<\/li>\n<li data-start=\"3047\" data-end=\"3089\">\n<p data-start=\"3049\" data-end=\"3089\">Design je sp\u00ed\u0161e utilit\u00e1rn\u00ed ne\u017e elegantn\u00ed<\/p>\n<\/li>\n<\/ul>\n<hr data-start=\"3091\" data-end=\"3094\" \/>\n<h2 data-start=\"3096\" data-end=\"3116\">\ud83d\udee0\ufe0f \u00dadr\u017eba a p\u00e9\u010de<\/h2>\n<ul data-start=\"3118\" data-end=\"3358\">\n<li data-start=\"3118\" data-end=\"3162\">\n<p data-start=\"3120\" data-end=\"3162\">Po pou\u017eit\u00ed \u010depel d\u016fkladn\u011b o\u010disti a osu\u0161\u00ed<\/p>\n<\/li>\n<li data-start=\"3163\" data-end=\"3222\">\n<p data-start=\"3165\" data-end=\"3222\">Vyh\u00fdbej se abrazivn\u00edm a agresivn\u00edm \u010distic\u00edm prost\u0159edk\u016fm<\/p>\n<\/li>\n<li data-start=\"3223\" data-end=\"3260\">\n<p data-start=\"3225\" data-end=\"3260\">Rukoje\u0165 FRN \u010dist\u011b jemn\u00fdm had\u0159\u00edkem<\/p>\n<\/li>\n<li data-start=\"3261\" data-end=\"3316\">\n<p data-start=\"3263\" data-end=\"3316\">Pravideln\u011b proma\u017e pivot a Back Lock vhodn\u00fdm mazivem<\/p>\n<\/li>\n<li data-start=\"3317\" data-end=\"3358\">\n<p data-start=\"3319\" data-end=\"3358\">Skladuj v such\u00e9m prost\u0159ed\u00ed mimo vlhkost<\/p>\n<\/li>\n<\/ul>\n<hr data-start=\"3360\" data-end=\"3363\" \/>\n<h2 data-start=\"3365\" data-end=\"3401\">\ud83d\udd2a Pro udr\u017een\u00ed ost\u0159\u00ed doporu\u010dujeme<\/h2>\n<p data-start=\"3403\" data-end=\"3528\">Pro zachov\u00e1n\u00ed maxim\u00e1ln\u00ed ostrosti \u010depele z <strong data-start=\"3445\" data-end=\"3457\">MagnaCut<\/strong> doporu\u010dujeme kvalitn\u00ed syst\u00e9m brou\u0161en\u00ed ur\u010den\u00fd pro tvrd\u00e1 a odoln\u00e1 ost\u0159\u00ed.<\/p>\n<p data-start=\"3530\" data-end=\"3631\">Ide\u00e1ln\u00ed volbou je <strong data-start=\"3548\" data-end=\"3614\">Spyderco Tri-Angle Sharpmaker Complete Sharpening System 204MF<\/strong>, kter\u00fd umo\u017e\u0148uje:<\/p>\n<ul data-start=\"3632\" data-end=\"3769\">\n<li data-start=\"3632\" data-end=\"3671\">\n<p data-start=\"3634\" data-end=\"3671\">p\u0159esn\u00e9 a konzistentn\u00ed \u00fahly brou\u0161en\u00ed<\/p>\n<\/li>\n<li data-start=\"3672\" data-end=\"3721\">\n<p data-start=\"3674\" data-end=\"3721\">\u0161etrnou \u00fadr\u017ebu bez nadm\u011brn\u00e9ho \u00fab\u011bru materi\u00e1lu<\/p>\n<\/li>\n<li data-start=\"3722\" data-end=\"3769\">\n<p data-start=\"3724\" data-end=\"3769\">bezpe\u010dn\u00e9 pou\u017eit\u00ed i bez p\u0159edchoz\u00edch zku\u0161enost\u00ed<\/p>\n<\/li>\n<\/ul>\n<p data-start=\"3771\" data-end=\"3816\">\ud83d\uded2 <strong data-start=\"3774\" data-end=\"3816\">Zakoup\u00edte na na\u0161ich str\u00e1nk\u00e1ch Moskito.<\/strong><\/p>\n<hr data-start=\"3818\" data-end=\"3821\" \/>\n<h2 data-start=\"3823\" data-end=\"3843\">\ud83c\udfaf Doporu\u010deno pro<\/h2>\n<ul data-start=\"3845\" data-end=\"4037\">\n<li data-start=\"3845\" data-end=\"3895\">\n<p data-start=\"3847\" data-end=\"3895\">Outdoorov\u00e9 nad\u0161ence a milovn\u00edky vodn\u00edch sport\u016f<\/p>\n<\/li>\n<li data-start=\"3896\" data-end=\"3937\">\n<p data-start=\"3898\" data-end=\"3937\">Pr\u00e1ci ve vlhk\u00fdch a slan\u00fdch podm\u00ednk\u00e1ch<\/p>\n<\/li>\n<li data-start=\"3938\" data-end=\"3975\">\n<p data-start=\"3940\" data-end=\"3975\">Ka\u017edodenn\u00ed no\u0161en\u00ed i ter\u00e9nn\u00ed \u00fakoly<\/p>\n<\/li>\n<li data-start=\"3976\" data-end=\"4037\">\n<p data-start=\"3978\" data-end=\"4037\">U\u017eivatel\u00e9, kte\u0159\u00ed cht\u011bj\u00ed <strong data-start=\"4002\" data-end=\"4037\">maxim\u00e1ln\u00ed odolnost proti korozi<\/strong><\/p>\n<\/li>\n<\/ul>\n<hr data-start=\"4039\" data-end=\"4042\" \/>\n<h2 data-start=\"4044\" data-end=\"4068\">\u2b50 Z\u00e1v\u011bre\u010dn\u00e9 hodnocen\u00ed<\/h2>\n<p data-start=\"4070\" data-end=\"4307\">Spyderco UK Salt MagnaCut C94PYL je <strong data-start=\"4106\" data-end=\"4150\">robustn\u00ed, precizn\u00ed a extr\u00e9mn\u011b odoln\u00fd n\u016f\u017e<\/strong>, kter\u00fd ti poskytne jistotu a v\u00fdkon i tam, kde jin\u00e9 no\u017ee selh\u00e1vaj\u00ed.<br data-start=\"4217\" data-end=\"4220\" \/>Lehk\u00fd, spolehliv\u00fd a precizn\u00ed \u2013 s d\u016frazem na <strong data-start=\"4264\" data-end=\"4306\">odolnost a dlouhou \u017eivotnost materi\u00e1l\u016f<\/strong>.<\/p>\n<p data-start=\"4309\" data-end=\"4380\"><strong data-start=\"4309\" data-end=\"4380\">UK Salt MagnaCut \u2013 s\u00edla, odolnost a p\u0159ipravenost ve v\u0161em, co d\u011bl\u00e1\u0161.<\/strong><\/p>\n","protected":false},"excerpt":{"rendered":"<p data-start=\"4070\" data-end=\"4307\"><strong>Spyderco UK Salt MagnaCut C94PYL je robustn\u00ed, precizn\u00ed a extr\u00e9mn\u011b odoln\u00fd n\u016f\u017e, kter\u00fd ti poskytne jistotu a v\u00fdkon i tam, kde jin\u00e9 no\u017ee selh\u00e1vaj\u00ed.<\/strong><br data-start=\"4217\" data-end=\"4220\" \/><strong>Lehk\u00fd, spolehliv\u00fd a precizn\u00ed \u2013 s d\u016frazem na odolnost a dlouhou \u017eivotnost materi\u00e1l\u016f.<\/strong><\/p>\n<p data-start=\"4309\" data-end=\"4380\"><strong data-start=\"4309\" data-end=\"4380\">UK Salt MagnaCut \u2013 s\u00edla, odolnost a p\u0159ipravenost ve v\u0161em, co d\u011bl\u00e1\u0161.<\/strong><\/p>\n","protected":false},"featured_media":430217,"comment_status":"open","ping_status":"closed","template":"","meta":[],"pwb-brand":[567],"product_brand":[],"product_cat":[22,17],"product_tag":[],"class_list":{"0":"post-430216","1":"product","2":"type-product","3":"status-publish","4":"has-post-thumbnail","6":"pwb-brand-spyderco","7":"product_cat-zaviraci-noze","8":"product_cat-noze","10":"first","11":"instock","12":"taxable","13":"shipping-taxable","14":"purchasable","15":"product-type-simple"},"brands":[{"id":567,"name":"Spyderco","slug":"spyderco"}],"_links":{"self":[{"href":"https:\/\/www.moskito.cz\/de\/wp-json\/wp\/v2\/product\/430216","targetHints":{"allow":["GET"]}}],"collection":[{"href":"https:\/\/www.moskito.cz\/de\/wp-json\/wp\/v2\/product"}],"about":[{"href":"https:\/\/www.moskito.cz\/de\/wp-json\/wp\/v2\/types\/product"}],"replies":[{"embeddable":true,"href":"https:\/\/www.moskito.cz\/de\/wp-json\/wp\/v2\/comments?post=430216"}],"wp:featuredmedia":[{"embeddable":true,"href":"https:\/\/www.moskito.cz\/de\/wp-json\/wp\/v2\/media\/430217"}],"wp:attachment":[{"href":"https:\/\/www.moskito.cz\/de\/wp-json\/wp\/v2\/media?parent=430216"}],"wp:term":[{"taxonomy":"pwb-brand","embeddable":true,"href":"https:\/\/www.moskito.cz\/de\/wp-json\/wp\/v2\/pwb-brand?post=430216"},{"taxonomy":"product_brand","embeddable":true,"href":"https:\/\/www.moskito.cz\/de\/wp-json\/wp\/v2\/product_brand?post=430216"},{"taxonomy":"product_cat","embeddable":true,"href":"https:\/\/www.moskito.cz\/de\/wp-json\/wp\/v2\/product_cat?post=430216"},{"taxonomy":"product_tag","embeddable":true,"href":"https:\/\/www.moskito.cz\/de\/wp-json\/wp\/v2\/product_tag?post=430216"}],"curies":[{"name":"wp","href":"https:\/\/api.w.org\/{rel}","templated":true}]}}